{"id":10,"date":"2023-01-31T22:03:05","date_gmt":"2023-01-31T19:03:05","guid":{"rendered":"https:\/\/www.woodyport.com\/?page_id=10"},"modified":"2025-05-15T14:56:51","modified_gmt":"2025-05-15T11:56:51","slug":"kisisel-verilerin-korunmasi","status":"publish","type":"page","link":"https:\/\/www.inntech.com.tr\/de\/kisisel-verilerin-korunmasi\/","title":{"rendered":"Schutz personenbezogener Daten"},"content":{"rendered":"<section class=\"l-section wpb_row height_medium\"><div class=\"l-section-h i-cf\"><div class=\"g-cols vc_row via_flex valign_top type_default stacking_default\"><div class=\"vc_col-sm-12 wpb_column vc_column_container\"><div class=\"vc_column-inner\"><div class=\"wpb_wrapper\"><div class=\"wpb_text_column\"><div class=\"wpb_wrapper\"><div class=\"wpb_text_column\">\n<div class=\"wpb_wrapper\">\n<h3><strong>SCHUTZ PERSONENBEZOGENER DATEN<\/strong><\/h3>\n<\/div>\n<\/div>\n<div class=\"w-separator size_small\"><\/div>\n<div class=\"wpb_text_column\">\n<div class=\"wpb_wrapper\">\n<p>Lieber Gast,<\/p>\n<p>Wir respektieren und achten die Privatsph\u00e4re Ihres Privatlebens.<\/p>\n<p>Daher m\u00f6chten wir Sie \u00fcber Ihre Rechte hinsichtlich der Verwendung und des Schutzes Ihrer personenbezogenen Daten gem\u00e4\u00df dem Gesetz zum Schutz personenbezogener Daten Nr. 6698 (Gesetz) informieren, das zum Schutz Ihrer Grundrechte und -freiheiten in Kraft ist.<\/p>\n<h4><strong>GELTUNGSBEREICH DES ALLGEMEINEN RECHTS<\/strong><\/h4>\n<p>Im Gesetz wird unser Unternehmen als \u201eVerantwortlicher\u201c bezeichnet. Im Rahmen des Gesetzes bezieht sich \u201eDatenverarbeitung\u201c auf alle Vorg\u00e4nge, die mit personenbezogenen Daten durchgef\u00fchrt werden, einschlie\u00dflich der Erhebung, Aufzeichnung, Speicherung, Aktualisierung, Klassifizierung, Weitergabe oder \u00dcbermittlung personenbezogener Daten an Dritte, ganz oder teilweise, mit automatischen Mitteln oder, sofern es Teil eines Datenaufzeichnungssystems ist, mit nicht automatischen Mitteln.<\/p>\n<p>&nbsp;<\/p>\n<h4><strong>RECHTLICHE GR\u00dcNDE F\u00dcR DIE VERARBEITUNG PERSONENBEZOGENER DATEN<\/strong><\/h4>\n<p>Im Rahmen der Beziehung, die wir in Bezug auf die Produkte und Dienstleistungen aufbauen, die Sie von unserem Unternehmen erhalten, verarbeiten wir Ihre personenbezogenen Daten aus den in Artikel 5 des Gesetzes genannten rechtlichen Gr\u00fcnden:<\/p>\n<ul>\n<li>Es ist in den in Artikel 5\/2 (a) geregelten Gesetzen klar vorgesehen,<\/li>\n<li>Die Verarbeitung personenbezogener Daten der Vertragsparteien ist erforderlich, sofern sie in unmittelbarem Zusammenhang mit dem von Ihnen mit unserem Unternehmen geschlossenen Vertrag oder der Erf\u00fcllung dieses Vertrages steht, wie in Artikel 5\/2 (c) festgelegt.<\/li>\n<li>Unser Unternehmen ist verpflichtet, seinen gesetzlichen Verpflichtungen nachzukommen, die in Artikel 5\/2 (\u00e7) geregelt sind.<\/li>\n<li>Die Datenverarbeitung ist f\u00fcr die Begr\u00fcndung, Aus\u00fcbung oder den Schutz eines in Artikel 5\/2 Buchstabe e geregelten Rechts erforderlich,<\/li>\n<li>Die Datenverarbeitung ist zur Wahrung der berechtigten Interessen unseres Unternehmens erforderlich, sofern dadurch nicht Ihre Grundrechte und Grundfreiheiten gem\u00e4\u00df Artikel 5 Absatz 2 Buchstabe f beeintr\u00e4chtigt werden.<\/li>\n<li>F\u00fcr Ihre besonderen personenbezogenen Daten ben\u00f6tigen Sie Ihre ausdr\u00fcckliche Zustimmung gem\u00e4\u00df Artikel 6\/2 des Gesetzes.<\/li>\n<\/ul>\n<h4><strong>WARUM UND WOZU VERWENDEN WIR IHRE PERSONENBEZOGENEN DATEN? ZWECKE DER VERARBEITUNG PERSONENBEZOGENER DATEN*<\/strong><\/h4>\n<ul>\n<li>Um Ihre Identit\u00e4t, Adresse und andere notwendige Informationen aufzuzeichnen, um Ihre Daten bei Ihren Transaktionen zu identifizieren,<\/li>\n<li>Um Ihnen wichtige Informationen zu \u00fcbermitteln, die wir Ihnen \u00fcber Ihre Kontaktinformationen mitteilen m\u00fcssen,<\/li>\n<li>Aufzeichnen von Kameraaufnahmen in unseren Geb\u00e4uden aufgrund von Sicherheitsma\u00dfnahmen am Arbeitsplatz,<\/li>\n<li>Um unsere Prozesse f\u00fcr Unternehmensnachhaltigkeit, Corporate Governance, strategische Planung und Informationssicherheit zu planen, zu pr\u00fcfen und umzusetzen,<\/li>\n<li>Zur Erf\u00fcllung unserer administrativen und rechtlichen Verpflichtungen und der Vertr\u00e4ge, die wir mit Ihnen abgeschlossen haben.<\/li>\n<li>Bei Bedarf geben wir Ihre personenbezogenen Daten nur an Personen und Organisationen weiter, zu denen dies gesetzlich zul\u00e4ssig ist.<\/li>\n<\/ul>\n<h4><strong>WELCHE RECHTE HABEN SIE GESETZLICH?<\/strong><\/h4>\n<p>Sie k\u00f6nnen sich jederzeit an unser Unternehmen wenden, um Ihre personenbezogenen Daten abzufragen;<\/p>\n<ul>\n<li>Sie k\u00f6nnen erfahren, ob Ihre Daten verarbeitet wurden, zu welchem Zweck dies geschah und ob sie zweckgem\u00e4\u00df verwendet wurden. Wenn eine Verarbeitung stattgefunden hat, k\u00f6nnen Sie dar\u00fcber Auskunft verlangen.<\/li>\n<li>Sie k\u00f6nnen sich \u00fcber die Drittparteien informieren, mit denen Ihre Daten im In- und Ausland gem\u00e4\u00df den gesetzlichen Bestimmungen geteilt werden.<\/li>\n<li>Wenn Sie der Meinung sind, dass Ihre Daten unvollst\u00e4ndig sind oder falsch verarbeitet wurden, k\u00f6nnen Sie eine Korrektur verlangen.<\/li>\n<li>Sie k\u00f6nnen die L\u00f6schung oder Vernichtung Ihrer Daten im Rahmen der in Artikel 7 des Gesetzes festgelegten Bedingungen verlangen.<\/li>\n<li>Sie k\u00f6nnen verlangen, dass Ihre in den Klauseln (c) und (d) genannten Anfragen an Dritte weitergeleitet werden, an die Ihre Daten \u00fcbermittelt wurden, und dass diese dieselben Verfahren durchf\u00fchren,<\/li>\n<li>Sie k\u00f6nnen etwaigen nachteiligen Ergebnissen, die sich aus der Analyse Ihrer Daten durch automatisierte Systeme ergeben, widersprechen. Wenn Sie der Ansicht sind, dass Ihre Daten unrechtm\u00e4\u00dfig erfasst oder verwendet wurden und Ihnen dadurch ein Schaden entstanden ist, k\u00f6nnen Sie Schadensersatz verlangen.<\/li>\n<\/ul>\n<p>Wenn Ihr Antrag zu diesen Zwecken zus\u00e4tzliche Kosten verursacht, m\u00fcssen Sie m\u00f6glicherweise die vom Datenschutzausschuss festgelegte Geb\u00fchr entrichten. Ihre Antr\u00e4ge werden je nach Art des Antrags so schnell wie m\u00f6glich, sp\u00e4testens jedoch innerhalb von 30 (drei\u00dfig) Tagen bearbeitet.<\/p>\n<p>Um Ihre gesetzlichen Rechte wahrzunehmen, k\u00f6nnen Sie Ihre Antr\u00e4ge schriftlich einreichen. Verwenden Sie dazu Ihre registrierte E-Mail-Adresse (KEP), eine sichere elektronische Signatur, eine mobile Signatur oder Ihre E-Mail-Adresse, die Sie unserer Bank zuvor mitgeteilt haben und die in unserem System registriert ist. Detaillierte Informationen erhalten Sie unter\u00a0<a href=\"http:\/\/www.kvkk.gov.tr\/\">Sie k\u00f6nnen die Website der Datenschutzbeh\u00f6rde besuchen.<\/a>.<\/p>\n<p>Wir w\u00fcnschen Ihnen einen sch\u00f6nen Tag.<\/p>\n<p>* Sollte es zu \u00c4nderungen in der Bestandsaufnahme personenbezogener Daten kommen, wird unser Unternehmen diese Informationen aktualisieren.<\/p>\n<\/div>\n<\/div>\n<\/div><\/div><\/div><\/div><\/div><\/div><\/div><\/section>","protected":false},"excerpt":{"rendered":"K\u0130\u015e\u0130SEL VER\u0130LER\u0130N KORUNMASI De\u011ferli misafirimiz, \u00d6zel hayat\u0131n\u0131z\u0131n gizlili\u011fine sayg\u0131 duyuyor ve \u00f6nemsiyoruz. Bu nedenle, temel hak ve \u00f6zg\u00fcrl\u00fcklerinizi korumak amac\u0131yla y\u00fcr\u00fcrl\u00fckte olan 6698 say\u0131l\u0131 Ki\u015fisel Verilerin Korunmas\u0131 Kanunu (Kanun) kapsam\u0131ndaki ki\u015fisel verilerinizin kullan\u0131m\u0131 ve korunmas\u0131na dair haklar\u0131n\u0131z ile ilgili sizi bilgilendirmek istiyoruz. GENEL KANUN KAPSAMI Kanun\u2019da Firmam\u0131z \u201cVeri Sorumlusu\u201d s\u0131fat\u0131yla an\u0131l\u0131yoruz. Kanun kapsam\u0131nda, \u201cVeri \u0130\u015fleme\u201d;...","protected":false},"author":1,"featured_media":0,"parent":0,"menu_order":0,"comment_status":"closed","ping_status":"closed","template":"","meta":{"footnotes":""},"class_list":["post-10","page","type-page","status-publish","hentry"],"yoast_head":"<!-- This site is optimized with the Yoast SEO plugin v27.3 - https:\/\/yoast.com\/product\/yoast-seo-wordpress\/ -->\n<title>Ki\u015fisel Verilerin Korunmas\u0131 - Inntech M\u00fchendislik<\/title>\n<meta name=\"robots\" content=\"index, follow, max-snippet:-1, max-image-preview:large, max-video-preview:-1\" \/>\n<link rel=\"canonical\" href=\"https:\/\/www.inntech.com.tr\/de\/kisisel-verilerin-korunmasi\/\" \/>\n<meta property=\"og:locale\" content=\"de_DE\" \/>\n<meta property=\"og:type\" content=\"article\" \/>\n<meta property=\"og:title\" content=\"Ki\u015fisel Verilerin Korunmas\u0131 - Inntech M\u00fchendislik\" \/>\n<meta property=\"og:url\" content=\"https:\/\/www.inntech.com.tr\/de\/kisisel-verilerin-korunmasi\/\" \/>\n<meta property=\"og:site_name\" content=\"Inntech M\u00fchendislik\" \/>\n<meta property=\"article:modified_time\" content=\"2025-05-15T11:56:51+00:00\" \/>\n<meta name=\"twitter:card\" content=\"summary_large_image\" \/>\n<meta name=\"twitter:label1\" content=\"Gesch\u00e4tzte Lesezeit\" \/>\n\t<meta name=\"twitter:data1\" content=\"4\u00a0Minuten\" \/>\n<script type=\"application\/ld+json\" class=\"yoast-schema-graph\">{\"@context\":\"https:\\\/\\\/schema.org\",\"@graph\":[{\"@type\":\"WebPage\",\"@id\":\"https:\\\/\\\/www.inntech.com.tr\\\/kisisel-verilerin-korunmasi\\\/\",\"url\":\"https:\\\/\\\/www.inntech.com.tr\\\/kisisel-verilerin-korunmasi\\\/\",\"name\":\"Ki\u015fisel Verilerin Korunmas\u0131 - Inntech M\u00fchendislik\",\"isPartOf\":{\"@id\":\"https:\\\/\\\/www.inntech.com.tr\\\/#website\"},\"datePublished\":\"2023-01-31T19:03:05+00:00\",\"dateModified\":\"2025-05-15T11:56:51+00:00\",\"breadcrumb\":{\"@id\":\"https:\\\/\\\/www.inntech.com.tr\\\/kisisel-verilerin-korunmasi\\\/#breadcrumb\"},\"inLanguage\":\"de\",\"potentialAction\":[{\"@type\":\"ReadAction\",\"target\":[\"https:\\\/\\\/www.inntech.com.tr\\\/kisisel-verilerin-korunmasi\\\/\"]}]},{\"@type\":\"BreadcrumbList\",\"@id\":\"https:\\\/\\\/www.inntech.com.tr\\\/kisisel-verilerin-korunmasi\\\/#breadcrumb\",\"itemListElement\":[{\"@type\":\"ListItem\",\"position\":1,\"name\":\"Anasayfa\",\"item\":\"https:\\\/\\\/www.inntech.com.tr\\\/\"},{\"@type\":\"ListItem\",\"position\":2,\"name\":\"Ki\u015fisel Verilerin Korunmas\u0131\"}]},{\"@type\":\"WebSite\",\"@id\":\"https:\\\/\\\/www.inntech.com.tr\\\/#website\",\"url\":\"https:\\\/\\\/www.inntech.com.tr\\\/\",\"name\":\"Inntech M\u00fchendislik\",\"description\":\"\",\"potentialAction\":[{\"@type\":\"SearchAction\",\"target\":{\"@type\":\"EntryPoint\",\"urlTemplate\":\"https:\\\/\\\/www.inntech.com.tr\\\/?s={search_term_string}\"},\"query-input\":{\"@type\":\"PropertyValueSpecification\",\"valueRequired\":true,\"valueName\":\"search_term_string\"}}],\"inLanguage\":\"de\"}]}<\/script>\n<!-- \/ Yoast SEO plugin. -->","yoast_head_json":{"title":"Ki\u015fisel Verilerin Korunmas\u0131 - Inntech M\u00fchendislik","robots":{"index":"index","follow":"follow","max-snippet":"max-snippet:-1","max-image-preview":"max-image-preview:large","max-video-preview":"max-video-preview:-1"},"canonical":"https:\/\/www.inntech.com.tr\/de\/kisisel-verilerin-korunmasi\/","og_locale":"de_DE","og_type":"article","og_title":"Ki\u015fisel Verilerin Korunmas\u0131 - Inntech M\u00fchendislik","og_url":"https:\/\/www.inntech.com.tr\/de\/kisisel-verilerin-korunmasi\/","og_site_name":"Inntech M\u00fchendislik","article_modified_time":"2025-05-15T11:56:51+00:00","twitter_card":"summary_large_image","twitter_misc":{"Gesch\u00e4tzte Lesezeit":"4\u00a0Minuten"},"schema":{"@context":"https:\/\/schema.org","@graph":[{"@type":"WebPage","@id":"https:\/\/www.inntech.com.tr\/kisisel-verilerin-korunmasi\/","url":"https:\/\/www.inntech.com.tr\/kisisel-verilerin-korunmasi\/","name":"Ki\u015fisel Verilerin Korunmas\u0131 - Inntech M\u00fchendislik","isPartOf":{"@id":"https:\/\/www.inntech.com.tr\/#website"},"datePublished":"2023-01-31T19:03:05+00:00","dateModified":"2025-05-15T11:56:51+00:00","breadcrumb":{"@id":"https:\/\/www.inntech.com.tr\/kisisel-verilerin-korunmasi\/#breadcrumb"},"inLanguage":"de","potentialAction":[{"@type":"ReadAction","target":["https:\/\/www.inntech.com.tr\/kisisel-verilerin-korunmasi\/"]}]},{"@type":"BreadcrumbList","@id":"https:\/\/www.inntech.com.tr\/kisisel-verilerin-korunmasi\/#breadcrumb","itemListElement":[{"@type":"ListItem","position":1,"name":"Anasayfa","item":"https:\/\/www.inntech.com.tr\/"},{"@type":"ListItem","position":2,"name":"Ki\u015fisel Verilerin Korunmas\u0131"}]},{"@type":"WebSite","@id":"https:\/\/www.inntech.com.tr\/#website","url":"https:\/\/www.inntech.com.tr\/","name":"Inntech M\u00fchendislik","description":"","potentialAction":[{"@type":"SearchAction","target":{"@type":"EntryPoint","urlTemplate":"https:\/\/www.inntech.com.tr\/?s={search_term_string}"},"query-input":{"@type":"PropertyValueSpecification","valueRequired":true,"valueName":"search_term_string"}}],"inLanguage":"de"}]}},"_links":{"self":[{"href":"https:\/\/www.inntech.com.tr\/de\/wp-json\/wp\/v2\/pages\/10","targetHints":{"allow":["GET"]}}],"collection":[{"href":"https:\/\/www.inntech.com.tr\/de\/wp-json\/wp\/v2\/pages"}],"about":[{"href":"https:\/\/www.inntech.com.tr\/de\/wp-json\/wp\/v2\/types\/page"}],"author":[{"embeddable":true,"href":"https:\/\/www.inntech.com.tr\/de\/wp-json\/wp\/v2\/users\/1"}],"replies":[{"embeddable":true,"href":"https:\/\/www.inntech.com.tr\/de\/wp-json\/wp\/v2\/comments?post=10"}],"version-history":[{"count":2,"href":"https:\/\/www.inntech.com.tr\/de\/wp-json\/wp\/v2\/pages\/10\/revisions"}],"predecessor-version":[{"id":34,"href":"https:\/\/www.inntech.com.tr\/de\/wp-json\/wp\/v2\/pages\/10\/revisions\/34"}],"wp:attachment":[{"href":"https:\/\/www.inntech.com.tr\/de\/wp-json\/wp\/v2\/media?parent=10"}],"curies":[{"name":"wp","href":"https:\/\/api.w.org\/{rel}","templated":true}]}}