{"id":1011,"date":"2025-09-15T09:28:46","date_gmt":"2025-09-15T06:28:46","guid":{"rendered":"https:\/\/www.beta2.lf.com.tr\/?page_id=1011"},"modified":"2025-09-15T09:29:17","modified_gmt":"2025-09-15T06:29:17","slug":"zayif-akim-sistemleri","status":"publish","type":"page","link":"https:\/\/www.inntech.com.tr\/de\/elektrik\/zayif-akim-sistemleri\/","title":{"rendered":"Schwachstromsysteme"},"content":{"rendered":"<section class=\"l-section wpb_row height_medium\"><div class=\"l-section-h i-cf\"><div class=\"g-cols vc_row via_flex valign_top type_default stacking_default\"><div class=\"vc_col-sm-12 wpb_column vc_column_container\"><div class=\"vc_column-inner\"><div class=\"wpb_wrapper\"><div class=\"wpb_text_column\"><div class=\"wpb_wrapper\"><h2 data-start=\"0\" data-end=\"35\"><strong>Schwachstromsysteme<\/strong><\/h2>\n<p data-start=\"37\" data-end=\"379\">G\u00fcn\u00fcm\u00fcz modern yap\u0131larda <strong data-start=\"62\" data-end=\"87\">zay\u0131f ak\u0131m sistemleri<\/strong>, g\u00fcvenlikten ileti\u015fime, otomasyondan enerji verimlili\u011fine kadar bir\u00e7ok kritik ihtiyac\u0131n kar\u015f\u0131lanmas\u0131nda temel rol oynamaktad\u0131r. Inntech olarak, projelerinizin her a\u015famas\u0131nda profesyonel m\u00fchendislik deste\u011fi ile zay\u0131f ak\u0131m sistemlerinin tasar\u0131m\u0131n\u0131, kurulumunu ve bak\u0131m\u0131n\u0131 ger\u00e7ekle\u015ftiriyoruz.<\/p>\n<h2 data-start=\"386\" data-end=\"419\">Zay\u0131f Ak\u0131m Sistemleri Nedir?<\/h2>\n<p data-start=\"420\" data-end=\"725\">Zay\u0131f ak\u0131m sistemleri, y\u00fcksek g\u00fc\u00e7 gerektirmeyen ancak bina g\u00fcvenli\u011fi, ileti\u015fim ve kontrol mekanizmalar\u0131 a\u00e7\u0131s\u0131ndan kritik \u00f6neme sahip sistemleri kapsar. Bu sistemler; <strong data-start=\"586\" data-end=\"654\">yang\u0131n alg\u0131lama, g\u00fcvenlik, ileti\u015fim, data ve otomasyon \u00e7\u00f6z\u00fcmleri<\/strong> gibi alanlarda kullan\u0131l\u0131r ve modern ya\u015fam\u0131n ayr\u0131lmaz bir par\u00e7as\u0131d\u0131r.<\/p>\n<h2 data-start=\"732\" data-end=\"754\">Unser Leistungsumfang<\/h2>\n<p data-start=\"755\" data-end=\"816\">Inntech olarak sundu\u011fumuz zay\u0131f ak\u0131m sistemleri hizmetleri:<\/p>\n<ul data-start=\"817\" data-end=\"1285\">\n<li data-start=\"817\" data-end=\"860\">\n<p data-start=\"819\" data-end=\"860\"><strong data-start=\"819\" data-end=\"858\">Yang\u0131n Alg\u0131lama ve \u0130hbar Sistemleri<\/strong><\/p>\n<\/li>\n<li data-start=\"861\" data-end=\"918\">\n<p data-start=\"863\" data-end=\"918\"><strong data-start=\"863\" data-end=\"916\">CCTV (Kapal\u0131 Devre Kamera) ve G\u00fcvenlik Sistemleri<\/strong><\/p>\n<\/li>\n<li data-start=\"919\" data-end=\"961\">\n<p data-start=\"921\" data-end=\"961\"><strong data-start=\"921\" data-end=\"959\">Kartl\u0131 Ge\u00e7i\u015f ve Turnike Sistemleri<\/strong><\/p>\n<\/li>\n<li data-start=\"962\" data-end=\"1003\">\n<p data-start=\"964\" data-end=\"1003\"><strong data-start=\"964\" data-end=\"1001\">Data ve Network Altyap\u0131 \u00c7\u00f6z\u00fcmleri<\/strong><\/p>\n<\/li>\n<li data-start=\"1004\" data-end=\"1044\">\n<p data-start=\"1006\" data-end=\"1044\"><strong data-start=\"1006\" data-end=\"1042\">Telefon ve IP Santral Sistemleri<\/strong><\/p>\n<\/li>\n<li data-start=\"1045\" data-end=\"1089\">\n<p data-start=\"1047\" data-end=\"1089\"><strong data-start=\"1047\" data-end=\"1087\">Seslendirme ve Acil Anons Sistemleri<\/strong><\/p>\n<\/li>\n<li data-start=\"1090\" data-end=\"1125\">\n<p data-start=\"1092\" data-end=\"1125\"><strong data-start=\"1092\" data-end=\"1123\">Uydu TV ve SMATV Sistemleri<\/strong><\/p>\n<\/li>\n<li data-start=\"1126\" data-end=\"1174\">\n<p data-start=\"1128\" data-end=\"1174\"><strong data-start=\"1128\" data-end=\"1172\">Bina Otomasyon ve Entegrasyon Sistemleri<\/strong><\/p>\n<\/li>\n<li data-start=\"1175\" data-end=\"1241\">\n<p data-start=\"1177\" data-end=\"1241\"><strong data-start=\"1177\" data-end=\"1239\">Hem\u015fire \u00c7a\u011fr\u0131 Sistemleri (Hastane ve Sa\u011fl\u0131k Yap\u0131lar\u0131 \u0130\u00e7in)<\/strong><\/p>\n<\/li>\n<li data-start=\"1242\" data-end=\"1285\">\n<p data-start=\"1244\" data-end=\"1285\"><strong data-start=\"1244\" data-end=\"1283\">Enerji \u0130zleme ve Kontrol Sistemleri<\/strong><\/p>\n<\/li>\n<\/ul>\n<h2 data-start=\"1292\" data-end=\"1315\">Systemkomponenten<\/h2>\n<ul data-start=\"1316\" data-end=\"1601\">\n<li data-start=\"1316\" data-end=\"1361\">\n<p data-start=\"1318\" data-end=\"1361\">Dedekt\u00f6rler, sens\u00f6rler ve ihbar butonlar\u0131<\/p>\n<\/li>\n<li data-start=\"1362\" data-end=\"1402\">\n<p data-start=\"1364\" data-end=\"1402\">IP tabanl\u0131 kamera ve kay\u0131t \u00fcniteleri<\/p>\n<\/li>\n<li data-start=\"1403\" data-end=\"1450\">\n<p data-start=\"1405\" data-end=\"1450\">Kart okuyucular, biyometrik ge\u00e7i\u015f cihazlar\u0131<\/p>\n<\/li>\n<li data-start=\"1451\" data-end=\"1509\">\n<p data-start=\"1453\" data-end=\"1509\">Network kablolama, patch paneller ve switch sistemleri<\/p>\n<\/li>\n<li data-start=\"1510\" data-end=\"1546\">\n<p data-start=\"1512\" data-end=\"1546\">Ses ve g\u00f6r\u00fcnt\u00fc da\u011f\u0131t\u0131m \u00fcniteleri<\/p>\n<\/li>\n<li data-start=\"1547\" data-end=\"1601\">\n<p data-start=\"1549\" data-end=\"1601\">Merkezi kontrol yaz\u0131l\u0131mlar\u0131 ve otomasyon panelleri<\/p>\n<\/li>\n<\/ul>\n<h2 data-start=\"1608\" data-end=\"1624\">Vorteile<\/h2>\n<ul data-start=\"1625\" data-end=\"2076\">\n<li data-start=\"1625\" data-end=\"1694\">\n<p data-start=\"1627\" data-end=\"1694\"><strong data-start=\"1627\" data-end=\"1640\">Sicherheit:<\/strong> Bina ve kullan\u0131c\u0131 g\u00fcvenli\u011fini en \u00fcst seviyeye ta\u015f\u0131r<\/p>\n<\/li>\n<li data-start=\"1695\" data-end=\"1780\">\n<p data-start=\"1697\" data-end=\"1780\"><strong data-start=\"1697\" data-end=\"1721\">\u0130leti\u015fim ve Kontrol:<\/strong> H\u0131zl\u0131, kesintisiz ve g\u00fcvenilir ileti\u015fim altyap\u0131s\u0131 sa\u011flar<\/p>\n<\/li>\n<li data-start=\"1781\" data-end=\"1849\">\n<p data-start=\"1783\" data-end=\"1849\"><strong data-start=\"1783\" data-end=\"1799\">Entegrasyon:<\/strong> T\u00fcm sistemler merkezi olarak kontrol edilebilir<\/p>\n<\/li>\n<li data-start=\"1850\" data-end=\"1928\">\n<p data-start=\"1852\" data-end=\"1928\"><strong data-start=\"1852\" data-end=\"1867\">Produktivit\u00e4t:<\/strong> Enerji y\u00f6netimi ve otomasyon \u00e7\u00f6z\u00fcmleri ile tasarruf sa\u011flar<\/p>\n<\/li>\n<li data-start=\"1929\" data-end=\"2003\">\n<p data-start=\"1931\" data-end=\"2003\"><strong data-start=\"1931\" data-end=\"1952\">Modern Teknoloji:<\/strong> IP tabanl\u0131, uzaktan eri\u015fim imkan\u0131 sunan \u00e7\u00f6z\u00fcmler<\/p>\n<\/li>\n<li data-start=\"2004\" data-end=\"2076\">\n<p data-start=\"2006\" data-end=\"2076\"><strong data-start=\"2006\" data-end=\"2019\">Flexibilit\u00e4t:<\/strong> Projenin ihtiya\u00e7lar\u0131na g\u00f6re \u00f6zelle\u015ftirilebilir altyap\u0131<\/p>\n<\/li>\n<\/ul>\n<h2 data-start=\"2083\" data-end=\"2105\">Anwendungsbereiche<\/h2>\n<ul data-start=\"2106\" data-end=\"2328\">\n<li data-start=\"2106\" data-end=\"2140\">\n<p data-start=\"2108\" data-end=\"2140\">Konut projeleri ve rezidanslar<\/p>\n<\/li>\n<li data-start=\"2141\" data-end=\"2183\">\n<p data-start=\"2143\" data-end=\"2183\">Einkaufszentren und Gesch\u00e4ftsgeb\u00e4ude<\/p>\n<\/li>\n<li data-start=\"2184\" data-end=\"2222\">\n<p data-start=\"2186\" data-end=\"2222\">Fabriken und Industrieanlagen<\/p>\n<\/li>\n<li data-start=\"2223\" data-end=\"2243\">\n<p data-start=\"2225\" data-end=\"2243\">Bildungseinrichtungen<\/p>\n<\/li>\n<li data-start=\"2244\" data-end=\"2279\">\n<p data-start=\"2246\" data-end=\"2279\">Krankenh\u00e4user und Gesundheitszentren<\/p>\n<\/li>\n<li data-start=\"2280\" data-end=\"2297\">\n<p data-start=\"2282\" data-end=\"2297\">\u00d6ffentliche Geb\u00e4ude<\/p>\n<\/li>\n<li data-start=\"2298\" data-end=\"2328\">\n<p data-start=\"2300\" data-end=\"2328\">Oteller ve sosyal tesisler<\/p>\n<\/li>\n<\/ul>\n<h2 data-start=\"2335\" data-end=\"2362\">Installation und Inbetriebnahme<\/h2>\n<ul data-start=\"2363\" data-end=\"2549\">\n<li data-start=\"2363\" data-end=\"2394\">\n<p data-start=\"2365\" data-end=\"2394\">Saha analizi ve proje ke\u015ffi<\/p>\n<\/li>\n<li data-start=\"2395\" data-end=\"2443\">\n<p data-start=\"2397\" data-end=\"2443\">Sistem tasar\u0131m\u0131 ve m\u00fchendislik hesaplamalar\u0131<\/p>\n<\/li>\n<li data-start=\"2444\" data-end=\"2468\">\n<p data-start=\"2446\" data-end=\"2468\">Uygun ekipman se\u00e7imi<\/p>\n<\/li>\n<li data-start=\"2469\" data-end=\"2507\">\n<p data-start=\"2471\" data-end=\"2507\">Profesyonel montaj ve devreye alma<\/p>\n<\/li>\n<li data-start=\"2508\" data-end=\"2549\">\n<p data-start=\"2510\" data-end=\"2549\">Test, raporlama ve kullan\u0131c\u0131ya e\u011fitim<\/p>\n<\/li>\n<\/ul>\n<h2 data-start=\"2556\" data-end=\"2587\">Wartungs- und Supportservices<\/h2>\n<ul data-start=\"2588\" data-end=\"2735\">\n<li data-start=\"2588\" data-end=\"2618\">\n<p data-start=\"2590\" data-end=\"2618\">Periyodik bak\u0131m ve kontrol<\/p>\n<\/li>\n<li data-start=\"2619\" data-end=\"2669\">\n<p data-start=\"2621\" data-end=\"2669\">Yaz\u0131l\u0131m g\u00fcncellemeleri ve sistem optimizasyonu<\/p>\n<\/li>\n<li data-start=\"2670\" data-end=\"2702\">\n<p data-start=\"2672\" data-end=\"2702\">H\u0131zl\u0131 ar\u0131za tespiti ve \u00e7\u00f6z\u00fcm<\/p>\n<\/li>\n<li data-start=\"2703\" data-end=\"2735\">\n<p data-start=\"2705\" data-end=\"2735\">Teknik destek ve dan\u0131\u015fmanl\u0131k<\/p>\n<\/li>\n<\/ul>\n<h2 data-start=\"2742\" data-end=\"2761\">Warum Inntech?<\/h2>\n<p data-start=\"2762\" data-end=\"2798\">Inntech, zay\u0131f ak\u0131m sistemlerinde;<\/p>\n<ul data-start=\"2799\" data-end=\"3011\">\n<li data-start=\"2799\" data-end=\"2838\">\n<p data-start=\"2801\" data-end=\"2838\"><strong data-start=\"2801\" data-end=\"2836\">G\u00fcvenilir m\u00fchendislik \u00e7\u00f6z\u00fcmleri<\/strong><\/p>\n<\/li>\n<li data-start=\"2839\" data-end=\"2886\">\n<p data-start=\"2841\" data-end=\"2886\"><strong data-start=\"2841\" data-end=\"2884\">Uluslararas\u0131 standartlara uygun altyap\u0131<\/strong><\/p>\n<\/li>\n<li data-start=\"2887\" data-end=\"2928\">\n<p data-start=\"2889\" data-end=\"2928\"><strong data-start=\"2889\" data-end=\"2926\">Deneyimli proje ve uygulama ekibi<\/strong><\/p>\n<\/li>\n<li data-start=\"2929\" data-end=\"3011\">\n<p data-start=\"2931\" data-end=\"3011\"><strong data-start=\"2931\" data-end=\"2976\">Teslim sonras\u0131 destek ve bak\u0131m hizmetleri<\/strong><br data-start=\"2976\" data-end=\"2979\" \/>ile projelerinize de\u011fer katar.<\/p>\n<\/li>\n<\/ul>\n<\/div><\/div><\/div><\/div><\/div><\/div><\/div><\/section>","protected":false},"excerpt":{"rendered":"Zay\u0131f Ak\u0131m Sistemleri G\u00fcn\u00fcm\u00fcz modern yap\u0131larda zay\u0131f ak\u0131m sistemleri, g\u00fcvenlikten ileti\u015fime, otomasyondan enerji verimlili\u011fine kadar bir\u00e7ok kritik ihtiyac\u0131n kar\u015f\u0131lanmas\u0131nda temel rol oynamaktad\u0131r. Inntech olarak, projelerinizin her a\u015famas\u0131nda profesyonel m\u00fchendislik deste\u011fi ile zay\u0131f ak\u0131m sistemlerinin tasar\u0131m\u0131n\u0131, kurulumunu ve bak\u0131m\u0131n\u0131 ger\u00e7ekle\u015ftiriyoruz. Zay\u0131f Ak\u0131m Sistemleri Nedir? Zay\u0131f ak\u0131m sistemleri, y\u00fcksek g\u00fc\u00e7 gerektirmeyen ancak bina g\u00fcvenli\u011fi, ileti\u015fim ve kontrol...","protected":false},"author":1,"featured_media":385,"parent":259,"menu_order":0,"comment_status":"closed","ping_status":"closed","template":"","meta":{"footnotes":""},"class_list":["post-1011","page","type-page","status-publish","has-post-thumbnail","hentry"],"yoast_head":"<!-- This site is optimized with the Yoast SEO plugin v27.5 - https:\/\/yoast.com\/product\/yoast-seo-wordpress\/ -->\n<title>Zay\u0131f Ak\u0131m Sistemleri - Inntech M\u00fchendislik<\/title>\n<meta name=\"robots\" content=\"index, follow, max-snippet:-1, max-image-preview:large, max-video-preview:-1\" \/>\n<link rel=\"canonical\" href=\"https:\/\/www.inntech.com.tr\/de\/elektrik\/zayif-akim-sistemleri\/\" \/>\n<meta property=\"og:locale\" content=\"de_DE\" \/>\n<meta property=\"og:type\" content=\"article\" \/>\n<meta property=\"og:title\" content=\"Zay\u0131f Ak\u0131m Sistemleri - Inntech M\u00fchendislik\" \/>\n<meta property=\"og:url\" content=\"https:\/\/www.inntech.com.tr\/de\/elektrik\/zayif-akim-sistemleri\/\" \/>\n<meta property=\"og:site_name\" content=\"Inntech M\u00fchendislik\" \/>\n<meta property=\"article:modified_time\" content=\"2025-09-15T06:29:17+00:00\" \/>\n<meta property=\"og:image\" content=\"https:\/\/www.inntech.com.tr\/wp-content\/uploads\/2025\/08\/alcak-gerilim-sistemleri.jpg\" \/>\n\t<meta property=\"og:image:width\" content=\"1000\" \/>\n\t<meta property=\"og:image:height\" content=\"1100\" \/>\n\t<meta property=\"og:image:type\" content=\"image\/jpeg\" \/>\n<meta name=\"twitter:card\" content=\"summary_large_image\" \/>\n<meta name=\"twitter:label1\" content=\"Gesch\u00e4tzte Lesezeit\" \/>\n\t<meta name=\"twitter:data1\" content=\"3\u00a0Minuten\" \/>\n<script type=\"application\/ld+json\" class=\"yoast-schema-graph\">{\"@context\":\"https:\\\/\\\/schema.org\",\"@graph\":[{\"@type\":\"WebPage\",\"@id\":\"https:\\\/\\\/www.inntech.com.tr\\\/elektrik\\\/zayif-akim-sistemleri\\\/\",\"url\":\"https:\\\/\\\/www.inntech.com.tr\\\/elektrik\\\/zayif-akim-sistemleri\\\/\",\"name\":\"Zay\u0131f Ak\u0131m Sistemleri - Inntech M\u00fchendislik\",\"isPartOf\":{\"@id\":\"https:\\\/\\\/www.inntech.com.tr\\\/#website\"},\"primaryImageOfPage\":{\"@id\":\"https:\\\/\\\/www.inntech.com.tr\\\/elektrik\\\/zayif-akim-sistemleri\\\/#primaryimage\"},\"image\":{\"@id\":\"https:\\\/\\\/www.inntech.com.tr\\\/elektrik\\\/zayif-akim-sistemleri\\\/#primaryimage\"},\"thumbnailUrl\":\"https:\\\/\\\/www.inntech.com.tr\\\/wp-content\\\/uploads\\\/2025\\\/08\\\/alcak-gerilim-sistemleri.jpg\",\"datePublished\":\"2025-09-15T06:28:46+00:00\",\"dateModified\":\"2025-09-15T06:29:17+00:00\",\"breadcrumb\":{\"@id\":\"https:\\\/\\\/www.inntech.com.tr\\\/elektrik\\\/zayif-akim-sistemleri\\\/#breadcrumb\"},\"inLanguage\":\"de\",\"potentialAction\":[{\"@type\":\"ReadAction\",\"target\":[\"https:\\\/\\\/www.inntech.com.tr\\\/elektrik\\\/zayif-akim-sistemleri\\\/\"]}]},{\"@type\":\"ImageObject\",\"inLanguage\":\"de\",\"@id\":\"https:\\\/\\\/www.inntech.com.tr\\\/elektrik\\\/zayif-akim-sistemleri\\\/#primaryimage\",\"url\":\"https:\\\/\\\/www.inntech.com.tr\\\/wp-content\\\/uploads\\\/2025\\\/08\\\/alcak-gerilim-sistemleri.jpg\",\"contentUrl\":\"https:\\\/\\\/www.inntech.com.tr\\\/wp-content\\\/uploads\\\/2025\\\/08\\\/alcak-gerilim-sistemleri.jpg\",\"width\":1000,\"height\":1100},{\"@type\":\"BreadcrumbList\",\"@id\":\"https:\\\/\\\/www.inntech.com.tr\\\/elektrik\\\/zayif-akim-sistemleri\\\/#breadcrumb\",\"itemListElement\":[{\"@type\":\"ListItem\",\"position\":1,\"name\":\"Anasayfa\",\"item\":\"https:\\\/\\\/www.inntech.com.tr\\\/\"},{\"@type\":\"ListItem\",\"position\":2,\"name\":\"Elektrik Tesisat\u0131\",\"item\":\"https:\\\/\\\/www.inntech.com.tr\\\/elektrik\\\/\"},{\"@type\":\"ListItem\",\"position\":3,\"name\":\"Zay\u0131f Ak\u0131m Sistemleri\"}]},{\"@type\":\"WebSite\",\"@id\":\"https:\\\/\\\/www.inntech.com.tr\\\/#website\",\"url\":\"https:\\\/\\\/www.inntech.com.tr\\\/\",\"name\":\"Inntech M\u00fchendislik\",\"description\":\"\",\"potentialAction\":[{\"@type\":\"SearchAction\",\"target\":{\"@type\":\"EntryPoint\",\"urlTemplate\":\"https:\\\/\\\/www.inntech.com.tr\\\/?s={search_term_string}\"},\"query-input\":{\"@type\":\"PropertyValueSpecification\",\"valueRequired\":true,\"valueName\":\"search_term_string\"}}],\"inLanguage\":\"de\"}]}<\/script>\n<!-- \/ Yoast SEO plugin. -->","yoast_head_json":{"title":"Zay\u0131f Ak\u0131m Sistemleri - Inntech M\u00fchendislik","robots":{"index":"index","follow":"follow","max-snippet":"max-snippet:-1","max-image-preview":"max-image-preview:large","max-video-preview":"max-video-preview:-1"},"canonical":"https:\/\/www.inntech.com.tr\/de\/elektrik\/zayif-akim-sistemleri\/","og_locale":"de_DE","og_type":"article","og_title":"Zay\u0131f Ak\u0131m Sistemleri - Inntech M\u00fchendislik","og_url":"https:\/\/www.inntech.com.tr\/de\/elektrik\/zayif-akim-sistemleri\/","og_site_name":"Inntech M\u00fchendislik","article_modified_time":"2025-09-15T06:29:17+00:00","og_image":[{"width":1000,"height":1100,"url":"https:\/\/www.inntech.com.tr\/wp-content\/uploads\/2025\/08\/alcak-gerilim-sistemleri.jpg","type":"image\/jpeg"}],"twitter_card":"summary_large_image","twitter_misc":{"Gesch\u00e4tzte Lesezeit":"3\u00a0Minuten"},"schema":{"@context":"https:\/\/schema.org","@graph":[{"@type":"WebPage","@id":"https:\/\/www.inntech.com.tr\/elektrik\/zayif-akim-sistemleri\/","url":"https:\/\/www.inntech.com.tr\/elektrik\/zayif-akim-sistemleri\/","name":"Zay\u0131f Ak\u0131m Sistemleri - Inntech M\u00fchendislik","isPartOf":{"@id":"https:\/\/www.inntech.com.tr\/#website"},"primaryImageOfPage":{"@id":"https:\/\/www.inntech.com.tr\/elektrik\/zayif-akim-sistemleri\/#primaryimage"},"image":{"@id":"https:\/\/www.inntech.com.tr\/elektrik\/zayif-akim-sistemleri\/#primaryimage"},"thumbnailUrl":"https:\/\/www.inntech.com.tr\/wp-content\/uploads\/2025\/08\/alcak-gerilim-sistemleri.jpg","datePublished":"2025-09-15T06:28:46+00:00","dateModified":"2025-09-15T06:29:17+00:00","breadcrumb":{"@id":"https:\/\/www.inntech.com.tr\/elektrik\/zayif-akim-sistemleri\/#breadcrumb"},"inLanguage":"de","potentialAction":[{"@type":"ReadAction","target":["https:\/\/www.inntech.com.tr\/elektrik\/zayif-akim-sistemleri\/"]}]},{"@type":"ImageObject","inLanguage":"de","@id":"https:\/\/www.inntech.com.tr\/elektrik\/zayif-akim-sistemleri\/#primaryimage","url":"https:\/\/www.inntech.com.tr\/wp-content\/uploads\/2025\/08\/alcak-gerilim-sistemleri.jpg","contentUrl":"https:\/\/www.inntech.com.tr\/wp-content\/uploads\/2025\/08\/alcak-gerilim-sistemleri.jpg","width":1000,"height":1100},{"@type":"BreadcrumbList","@id":"https:\/\/www.inntech.com.tr\/elektrik\/zayif-akim-sistemleri\/#breadcrumb","itemListElement":[{"@type":"ListItem","position":1,"name":"Anasayfa","item":"https:\/\/www.inntech.com.tr\/"},{"@type":"ListItem","position":2,"name":"Elektrik Tesisat\u0131","item":"https:\/\/www.inntech.com.tr\/elektrik\/"},{"@type":"ListItem","position":3,"name":"Zay\u0131f Ak\u0131m Sistemleri"}]},{"@type":"WebSite","@id":"https:\/\/www.inntech.com.tr\/#website","url":"https:\/\/www.inntech.com.tr\/","name":"Inntech M\u00fchendislik","description":"","potentialAction":[{"@type":"SearchAction","target":{"@type":"EntryPoint","urlTemplate":"https:\/\/www.inntech.com.tr\/?s={search_term_string}"},"query-input":{"@type":"PropertyValueSpecification","valueRequired":true,"valueName":"search_term_string"}}],"inLanguage":"de"}]}},"_links":{"self":[{"href":"https:\/\/www.inntech.com.tr\/de\/wp-json\/wp\/v2\/pages\/1011","targetHints":{"allow":["GET"]}}],"collection":[{"href":"https:\/\/www.inntech.com.tr\/de\/wp-json\/wp\/v2\/pages"}],"about":[{"href":"https:\/\/www.inntech.com.tr\/de\/wp-json\/wp\/v2\/types\/page"}],"author":[{"embeddable":true,"href":"https:\/\/www.inntech.com.tr\/de\/wp-json\/wp\/v2\/users\/1"}],"replies":[{"embeddable":true,"href":"https:\/\/www.inntech.com.tr\/de\/wp-json\/wp\/v2\/comments?post=1011"}],"version-history":[{"count":2,"href":"https:\/\/www.inntech.com.tr\/de\/wp-json\/wp\/v2\/pages\/1011\/revisions"}],"predecessor-version":[{"id":1013,"href":"https:\/\/www.inntech.com.tr\/de\/wp-json\/wp\/v2\/pages\/1011\/revisions\/1013"}],"up":[{"embeddable":true,"href":"https:\/\/www.inntech.com.tr\/de\/wp-json\/wp\/v2\/pages\/259"}],"wp:featuredmedia":[{"embeddable":true,"href":"https:\/\/www.inntech.com.tr\/de\/wp-json\/wp\/v2\/media\/385"}],"wp:attachment":[{"href":"https:\/\/www.inntech.com.tr\/de\/wp-json\/wp\/v2\/media?parent=1011"}],"curies":[{"name":"wp","href":"https:\/\/api.w.org\/{rel}","templated":true}]}}