{"id":1014,"date":"2025-09-15T09:35:30","date_gmt":"2025-09-15T06:35:30","guid":{"rendered":"https:\/\/www.beta2.lf.com.tr\/?page_id=1014"},"modified":"2025-09-15T09:35:30","modified_gmt":"2025-09-15T06:35:30","slug":"alcak-gerilim-sistemleri-2","status":"publish","type":"page","link":"https:\/\/www.inntech.com.tr\/de\/elektrik\/alcak-gerilim-sistemleri-2\/","title":{"rendered":"Niederspannungssysteme"},"content":{"rendered":"<section class=\"l-section wpb_row height_medium\"><div class=\"l-section-h i-cf\"><div class=\"g-cols vc_row via_flex valign_top type_default stacking_default\"><div class=\"vc_col-sm-12 wpb_column vc_column_container\"><div class=\"vc_column-inner\"><div class=\"wpb_wrapper\"><div class=\"wpb_text_column\"><div class=\"wpb_wrapper\"><h2 data-start=\"0\" data-end=\"38\"><strong>Niederspannungssysteme<\/strong><\/h2>\n<p data-start=\"40\" data-end=\"398\"><strong data-start=\"40\" data-end=\"68\">Niederspannungssysteme<\/strong>Ein Stromnetz ist eine der grundlegendsten Infrastrukturkomponenten eines jeden Geb\u00e4udes und gew\u00e4hrleistet die sichere, effiziente und unterbrechungsfreie Verteilung elektrischer Energie. Wir bei Inntech \u00fcbernehmen die Planung, Projektierung, Implementierung und Wartung von Niederspannungssystemen mit unseren technischen L\u00f6sungen, die nationalen und internationalen Standards entsprechen.<\/p>\n<h2 data-start=\"405\" data-end=\"441\">Was sind Niederspannungssysteme?<\/h2>\n<p data-start=\"442\" data-end=\"709\">Niederspannungsanlagen (LV) sind im Allgemeinen <strong data-start=\"484\" data-end=\"510\">Bis zu 1000 V AC<\/strong> Bezieht sich auf elektrische Verteilungs- und Steuerungssysteme. Diese Systeme sollen die Sicherheit der Energieverteilung gew\u00e4hrleisten und gleichzeitig den Strombedarf des Geb\u00e4udes regelm\u00e4\u00dfig, stabil und reibungslos decken.<\/p>\n<h2 data-start=\"716\" data-end=\"738\">Unser Leistungsumfang<\/h2>\n<p data-start=\"739\" data-end=\"802\">Niederspannungssysteml\u00f6sungen, die wir als Inntech anbieten:<\/p>\n<ul data-start=\"803\" data-end=\"1176\">\n<li data-start=\"803\" data-end=\"837\">\n<p data-start=\"805\" data-end=\"837\"><strong data-start=\"805\" data-end=\"835\">Hauptverteilertafeln (ADP)<\/strong><\/p>\n<\/li>\n<li data-start=\"838\" data-end=\"867\">\n<p data-start=\"840\" data-end=\"867\"><strong data-start=\"840\" data-end=\"865\">Entsch\u00e4digungsaussch\u00fcsse<\/strong><\/p>\n<\/li>\n<li data-start=\"868\" data-end=\"899\">\n<p data-start=\"870\" data-end=\"899\"><strong data-start=\"870\" data-end=\"897\">Verteilung und Untertafeln<\/strong><\/p>\n<\/li>\n<li data-start=\"900\" data-end=\"925\">\n<p data-start=\"902\" data-end=\"925\"><strong data-start=\"902\" data-end=\"923\">Sammelschienensysteme<\/strong><\/p>\n<\/li>\n<li data-start=\"926\" data-end=\"966\">\n<p data-start=\"928\" data-end=\"966\"><strong data-start=\"928\" data-end=\"964\">Kabeltransport- und Kanalsysteme<\/strong><\/p>\n<\/li>\n<li data-start=\"967\" data-end=\"1014\">\n<p data-start=\"969\" data-end=\"1014\"><strong data-start=\"969\" data-end=\"1012\">USV-Systeme (Unterbrechungsfreie Stromversorgung)<\/strong><\/p>\n<\/li>\n<li data-start=\"1015\" data-end=\"1045\">\n<p data-start=\"1017\" data-end=\"1045\"><strong data-start=\"1017\" data-end=\"1043\">Generatorintegration<\/strong><\/p>\n<\/li>\n<li data-start=\"1046\" data-end=\"1091\">\n<p data-start=\"1048\" data-end=\"1091\"><strong data-start=\"1048\" data-end=\"1089\">Beleuchtungs- und Steckdosenverteilungssysteme<\/strong><\/p>\n<\/li>\n<li data-start=\"1092\" data-end=\"1133\">\n<p data-start=\"1094\" data-end=\"1133\"><strong data-start=\"1094\" data-end=\"1131\">Energie\u00fcberwachungs- und Messsysteme<\/strong><\/p>\n<\/li>\n<li data-start=\"1134\" data-end=\"1176\">\n<p data-start=\"1136\" data-end=\"1176\"><strong data-start=\"1136\" data-end=\"1174\">Erdungs- und Blitzableitersysteme<\/strong><\/p>\n<\/li>\n<\/ul>\n<h2 data-start=\"1183\" data-end=\"1206\">Systemkomponenten<\/h2>\n<ul data-start=\"1207\" data-end=\"1475\">\n<li data-start=\"1207\" data-end=\"1253\">\n<p data-start=\"1209\" data-end=\"1253\">Stromkabel, Kabeltrassen und Kan\u00e4le<\/p>\n<\/li>\n<li data-start=\"1254\" data-end=\"1320\">\n<p data-start=\"1256\" data-end=\"1320\">Schutz- und Schaltger\u00e4te (Sicherungen, Schalter, Sch\u00fctze)<\/p>\n<\/li>\n<li data-start=\"1321\" data-end=\"1352\">\n<p data-start=\"1323\" data-end=\"1352\">Panels und Verteilerk\u00e4sten<\/p>\n<\/li>\n<li data-start=\"1353\" data-end=\"1390\">\n<p data-start=\"1355\" data-end=\"1390\">Automatische Energiekontrollger\u00e4te<\/p>\n<\/li>\n<li data-start=\"1391\" data-end=\"1445\">\n<p data-start=\"1393\" data-end=\"1445\">Backup-Systeme (USV, Generatoranschl\u00fcsse)<\/p>\n<\/li>\n<li data-start=\"1446\" data-end=\"1475\">\n<p data-start=\"1448\" data-end=\"1475\">Mess- und \u00dcberwachungsger\u00e4te<\/p>\n<\/li>\n<\/ul>\n<h2 data-start=\"1482\" data-end=\"1498\">Vorteile<\/h2>\n<ul data-start=\"1499\" data-end=\"1894\">\n<li data-start=\"1499\" data-end=\"1563\">\n<p data-start=\"1501\" data-end=\"1563\"><strong data-start=\"1501\" data-end=\"1514\">Sicherheit:<\/strong> Risiken durch Elektrizit\u00e4t minimieren<\/p>\n<\/li>\n<li data-start=\"1564\" data-end=\"1637\">\n<p data-start=\"1566\" data-end=\"1637\"><strong data-start=\"1566\" data-end=\"1588\">Ununterbrochene Energie:<\/strong> Kontinuierliche Energieversorgung mit Backup-Systemen<\/p>\n<\/li>\n<li data-start=\"1638\" data-end=\"1712\">\n<p data-start=\"1640\" data-end=\"1712\"><strong data-start=\"1640\" data-end=\"1655\">Produktivit\u00e4t:<\/strong> Verluste vermeiden durch Kompensation und Energiemonitoring<\/p>\n<\/li>\n<li data-start=\"1713\" data-end=\"1776\">\n<p data-start=\"1715\" data-end=\"1776\"><strong data-start=\"1715\" data-end=\"1732\">Haltbarkeit:<\/strong> Verwendung langlebiger und hochwertiger Materialien<\/p>\n<\/li>\n<li data-start=\"1777\" data-end=\"1845\">\n<p data-start=\"1779\" data-end=\"1845\"><strong data-start=\"1779\" data-end=\"1792\">Flexibilit\u00e4t:<\/strong> Projektspezifische L\u00f6sungen und einfache Erweiterbarkeit<\/p>\n<\/li>\n<li data-start=\"1846\" data-end=\"1894\">\n<p data-start=\"1848\" data-end=\"1894\"><strong data-start=\"1848\" data-end=\"1861\">Eignung:<\/strong> Einhaltung der IEC- und TSE-Normen<\/p>\n<\/li>\n<\/ul>\n<h2 data-start=\"1901\" data-end=\"1923\">Anwendungsbereiche<\/h2>\n<ul data-start=\"1924\" data-end=\"2141\">\n<li data-start=\"1924\" data-end=\"1943\">\n<p data-start=\"1926\" data-end=\"1943\">Wohnprojekte<\/p>\n<\/li>\n<li data-start=\"1944\" data-end=\"1969\">\n<p data-start=\"1946\" data-end=\"1969\">B\u00fcros und Gesch\u00e4ftszentren<\/p>\n<\/li>\n<li data-start=\"1970\" data-end=\"2008\">\n<p data-start=\"1972\" data-end=\"2008\">Fabriken und Industrieanlagen<\/p>\n<\/li>\n<li data-start=\"2009\" data-end=\"2034\">\n<p data-start=\"2011\" data-end=\"2034\">Einkaufszentren und Gesch\u00e4ftsgeb\u00e4ude<\/p>\n<\/li>\n<li data-start=\"2035\" data-end=\"2070\">\n<p data-start=\"2037\" data-end=\"2070\">Krankenh\u00e4user und Gesundheitszentren<\/p>\n<\/li>\n<li data-start=\"2071\" data-end=\"2091\">\n<p data-start=\"2073\" data-end=\"2091\">Bildungseinrichtungen<\/p>\n<\/li>\n<li data-start=\"2092\" data-end=\"2109\">\n<p data-start=\"2094\" data-end=\"2109\">\u00d6ffentliche Geb\u00e4ude<\/p>\n<\/li>\n<li data-start=\"2110\" data-end=\"2141\">\n<p data-start=\"2112\" data-end=\"2141\">Hotels und Tourismuseinrichtungen<\/p>\n<\/li>\n<\/ul>\n<h2 data-start=\"2148\" data-end=\"2175\">Installation und Inbetriebnahme<\/h2>\n<ul data-start=\"2176\" data-end=\"2390\">\n<li data-start=\"2176\" data-end=\"2208\">\n<p data-start=\"2178\" data-end=\"2208\">Vorerkundung und Projektplanung<\/p>\n<\/li>\n<li data-start=\"2209\" data-end=\"2258\">\n<p data-start=\"2211\" data-end=\"2258\">Elektrische Lastberechnungen und Systemdesign<\/p>\n<\/li>\n<li data-start=\"2259\" data-end=\"2288\">\n<p data-start=\"2261\" data-end=\"2288\">Materialauswahl und -beschaffung<\/p>\n<\/li>\n<li data-start=\"2289\" data-end=\"2332\">\n<p data-start=\"2291\" data-end=\"2332\">Professionelle Installation und Feldanwendungen<\/p>\n<\/li>\n<li data-start=\"2333\" data-end=\"2368\">\n<p data-start=\"2335\" data-end=\"2368\">Inbetriebnahme, Pr\u00fcfung und Berichterstattung<\/p>\n<\/li>\n<li data-start=\"2369\" data-end=\"2390\">\n<p data-start=\"2371\" data-end=\"2390\">Anwenderschulung<\/p>\n<\/li>\n<\/ul>\n<h2 data-start=\"2397\" data-end=\"2428\">Wartungs- und Supportservices<\/h2>\n<ul data-start=\"2429\" data-end=\"2632\">\n<li data-start=\"2429\" data-end=\"2470\">\n<p data-start=\"2431\" data-end=\"2470\">Regelm\u00e4\u00dfige Wartungs- und Kontrolldienste<\/p>\n<\/li>\n<li data-start=\"2471\" data-end=\"2504\">\n<p data-start=\"2473\" data-end=\"2504\">Notfallinterventionen bei St\u00f6rungen<\/p>\n<\/li>\n<li data-start=\"2505\" data-end=\"2539\">\n<p data-start=\"2507\" data-end=\"2539\">Ersatzteil- und Materialunterst\u00fctzung<\/p>\n<\/li>\n<li data-start=\"2540\" data-end=\"2585\">\n<p data-start=\"2542\" data-end=\"2585\">Energieanalysen und Effizienzberichte<\/p>\n<\/li>\n<li data-start=\"2586\" data-end=\"2632\">\n<p data-start=\"2588\" data-end=\"2632\">Modernisierungs- und Systemerneuerungsl\u00f6sungen<\/p>\n<\/li>\n<\/ul>\n<h2 data-start=\"2639\" data-end=\"2658\">Warum Inntech?<\/h2>\n<p data-start=\"2659\" data-end=\"2698\">Inntech, in Niederspannungssystemen:<\/p>\n<ul data-start=\"2699\" data-end=\"2924\">\n<li data-start=\"2699\" data-end=\"2734\">\n<p data-start=\"2701\" data-end=\"2734\"><strong data-start=\"2701\" data-end=\"2732\">Erfahrenes Ingenieurteam<\/strong><\/p>\n<\/li>\n<li data-start=\"2735\" data-end=\"2784\">\n<p data-start=\"2737\" data-end=\"2784\"><strong data-start=\"2737\" data-end=\"2782\">Einsatz hochwertiger und zertifizierter Ger\u00e4te<\/strong><\/p>\n<\/li>\n<li data-start=\"2785\" data-end=\"2821\">\n<p data-start=\"2787\" data-end=\"2821\"><strong data-start=\"2787\" data-end=\"2819\">Projektspezifische, flexible L\u00f6sungen<\/strong><\/p>\n<\/li>\n<li data-start=\"2822\" data-end=\"2924\">\n<p data-start=\"2824\" data-end=\"2924\"><strong data-start=\"2824\" data-end=\"2878\">Termingerechte Lieferung und nachhaltiger Serviceansatz<\/strong><br data-start=\"2878\" data-end=\"2881\" \/>tr\u00e4gt Ihre Projekte sicher in die Zukunft.<\/p>\n<\/li>\n<\/ul>\n<\/div><\/div><\/div><\/div><\/div><\/div><\/div><\/section>","protected":false},"excerpt":{"rendered":"Al\u00e7ak Gerilim Sistemleri Al\u00e7ak gerilim sistemleri, elektrik enerjisinin g\u00fcvenli, verimli ve kesintisiz bir \u015fekilde da\u011f\u0131t\u0131lmas\u0131n\u0131 sa\u011flayan, her yap\u0131n\u0131n en temel altyap\u0131 bile\u015fenlerinden biridir. Inntech olarak, ulusal ve uluslararas\u0131 standartlara uygun m\u00fchendislik \u00e7\u00f6z\u00fcmlerimizle al\u00e7ak gerilim sistemlerinin tasar\u0131m\u0131n\u0131, projelendirilmesini, uygulamas\u0131n\u0131 ve bak\u0131m\u0131n\u0131 \u00fcstleniyoruz. Al\u00e7ak Gerilim Sistemleri Nedir? Al\u00e7ak gerilim (AG) sistemleri, genellikle 1000V AC\u2019ye kadar olan elektrik...","protected":false},"author":1,"featured_media":386,"parent":259,"menu_order":0,"comment_status":"closed","ping_status":"closed","template":"","meta":{"footnotes":""},"class_list":["post-1014","page","type-page","status-publish","has-post-thumbnail","hentry"],"yoast_head":"<!-- This site is optimized with the Yoast SEO plugin v27.5 - https:\/\/yoast.com\/product\/yoast-seo-wordpress\/ -->\n<title>Al\u00e7ak Gerilim Sistemleri - Inntech M\u00fchendislik<\/title>\n<meta name=\"robots\" content=\"index, follow, max-snippet:-1, max-image-preview:large, max-video-preview:-1\" \/>\n<link rel=\"canonical\" href=\"https:\/\/www.inntech.com.tr\/de\/elektrik\/alcak-gerilim-sistemleri-2\/\" \/>\n<meta property=\"og:locale\" content=\"de_DE\" \/>\n<meta property=\"og:type\" content=\"article\" \/>\n<meta property=\"og:title\" content=\"Al\u00e7ak Gerilim Sistemleri - Inntech M\u00fchendislik\" \/>\n<meta property=\"og:url\" content=\"https:\/\/www.inntech.com.tr\/de\/elektrik\/alcak-gerilim-sistemleri-2\/\" \/>\n<meta property=\"og:site_name\" content=\"Inntech M\u00fchendislik\" \/>\n<meta property=\"og:image\" content=\"https:\/\/www.inntech.com.tr\/wp-content\/uploads\/2025\/08\/bina-yonetim-sistemi.jpg\" \/>\n\t<meta property=\"og:image:width\" content=\"1000\" \/>\n\t<meta property=\"og:image:height\" content=\"1100\" \/>\n\t<meta property=\"og:image:type\" content=\"image\/jpeg\" \/>\n<meta name=\"twitter:card\" content=\"summary_large_image\" \/>\n<meta name=\"twitter:label1\" content=\"Gesch\u00e4tzte Lesezeit\" \/>\n\t<meta name=\"twitter:data1\" content=\"3\u00a0Minuten\" \/>\n<script type=\"application\/ld+json\" class=\"yoast-schema-graph\">{\"@context\":\"https:\\\/\\\/schema.org\",\"@graph\":[{\"@type\":\"WebPage\",\"@id\":\"https:\\\/\\\/www.inntech.com.tr\\\/elektrik\\\/alcak-gerilim-sistemleri-2\\\/\",\"url\":\"https:\\\/\\\/www.inntech.com.tr\\\/elektrik\\\/alcak-gerilim-sistemleri-2\\\/\",\"name\":\"Al\u00e7ak Gerilim Sistemleri - Inntech M\u00fchendislik\",\"isPartOf\":{\"@id\":\"https:\\\/\\\/www.inntech.com.tr\\\/#website\"},\"primaryImageOfPage\":{\"@id\":\"https:\\\/\\\/www.inntech.com.tr\\\/elektrik\\\/alcak-gerilim-sistemleri-2\\\/#primaryimage\"},\"image\":{\"@id\":\"https:\\\/\\\/www.inntech.com.tr\\\/elektrik\\\/alcak-gerilim-sistemleri-2\\\/#primaryimage\"},\"thumbnailUrl\":\"https:\\\/\\\/www.inntech.com.tr\\\/wp-content\\\/uploads\\\/2025\\\/08\\\/bina-yonetim-sistemi.jpg\",\"datePublished\":\"2025-09-15T06:35:30+00:00\",\"breadcrumb\":{\"@id\":\"https:\\\/\\\/www.inntech.com.tr\\\/elektrik\\\/alcak-gerilim-sistemleri-2\\\/#breadcrumb\"},\"inLanguage\":\"de\",\"potentialAction\":[{\"@type\":\"ReadAction\",\"target\":[\"https:\\\/\\\/www.inntech.com.tr\\\/elektrik\\\/alcak-gerilim-sistemleri-2\\\/\"]}]},{\"@type\":\"ImageObject\",\"inLanguage\":\"de\",\"@id\":\"https:\\\/\\\/www.inntech.com.tr\\\/elektrik\\\/alcak-gerilim-sistemleri-2\\\/#primaryimage\",\"url\":\"https:\\\/\\\/www.inntech.com.tr\\\/wp-content\\\/uploads\\\/2025\\\/08\\\/bina-yonetim-sistemi.jpg\",\"contentUrl\":\"https:\\\/\\\/www.inntech.com.tr\\\/wp-content\\\/uploads\\\/2025\\\/08\\\/bina-yonetim-sistemi.jpg\",\"width\":1000,\"height\":1100},{\"@type\":\"BreadcrumbList\",\"@id\":\"https:\\\/\\\/www.inntech.com.tr\\\/elektrik\\\/alcak-gerilim-sistemleri-2\\\/#breadcrumb\",\"itemListElement\":[{\"@type\":\"ListItem\",\"position\":1,\"name\":\"Anasayfa\",\"item\":\"https:\\\/\\\/www.inntech.com.tr\\\/\"},{\"@type\":\"ListItem\",\"position\":2,\"name\":\"Elektrik Tesisat\u0131\",\"item\":\"https:\\\/\\\/www.inntech.com.tr\\\/elektrik\\\/\"},{\"@type\":\"ListItem\",\"position\":3,\"name\":\"Al\u00e7ak Gerilim Sistemleri\"}]},{\"@type\":\"WebSite\",\"@id\":\"https:\\\/\\\/www.inntech.com.tr\\\/#website\",\"url\":\"https:\\\/\\\/www.inntech.com.tr\\\/\",\"name\":\"Inntech M\u00fchendislik\",\"description\":\"\",\"potentialAction\":[{\"@type\":\"SearchAction\",\"target\":{\"@type\":\"EntryPoint\",\"urlTemplate\":\"https:\\\/\\\/www.inntech.com.tr\\\/?s={search_term_string}\"},\"query-input\":{\"@type\":\"PropertyValueSpecification\",\"valueRequired\":true,\"valueName\":\"search_term_string\"}}],\"inLanguage\":\"de\"}]}<\/script>\n<!-- \/ Yoast SEO plugin. -->","yoast_head_json":{"title":"Al\u00e7ak Gerilim Sistemleri - Inntech M\u00fchendislik","robots":{"index":"index","follow":"follow","max-snippet":"max-snippet:-1","max-image-preview":"max-image-preview:large","max-video-preview":"max-video-preview:-1"},"canonical":"https:\/\/www.inntech.com.tr\/de\/elektrik\/alcak-gerilim-sistemleri-2\/","og_locale":"de_DE","og_type":"article","og_title":"Al\u00e7ak Gerilim Sistemleri - Inntech M\u00fchendislik","og_url":"https:\/\/www.inntech.com.tr\/de\/elektrik\/alcak-gerilim-sistemleri-2\/","og_site_name":"Inntech M\u00fchendislik","og_image":[{"width":1000,"height":1100,"url":"https:\/\/www.inntech.com.tr\/wp-content\/uploads\/2025\/08\/bina-yonetim-sistemi.jpg","type":"image\/jpeg"}],"twitter_card":"summary_large_image","twitter_misc":{"Gesch\u00e4tzte Lesezeit":"3\u00a0Minuten"},"schema":{"@context":"https:\/\/schema.org","@graph":[{"@type":"WebPage","@id":"https:\/\/www.inntech.com.tr\/elektrik\/alcak-gerilim-sistemleri-2\/","url":"https:\/\/www.inntech.com.tr\/elektrik\/alcak-gerilim-sistemleri-2\/","name":"Al\u00e7ak Gerilim Sistemleri - Inntech M\u00fchendislik","isPartOf":{"@id":"https:\/\/www.inntech.com.tr\/#website"},"primaryImageOfPage":{"@id":"https:\/\/www.inntech.com.tr\/elektrik\/alcak-gerilim-sistemleri-2\/#primaryimage"},"image":{"@id":"https:\/\/www.inntech.com.tr\/elektrik\/alcak-gerilim-sistemleri-2\/#primaryimage"},"thumbnailUrl":"https:\/\/www.inntech.com.tr\/wp-content\/uploads\/2025\/08\/bina-yonetim-sistemi.jpg","datePublished":"2025-09-15T06:35:30+00:00","breadcrumb":{"@id":"https:\/\/www.inntech.com.tr\/elektrik\/alcak-gerilim-sistemleri-2\/#breadcrumb"},"inLanguage":"de","potentialAction":[{"@type":"ReadAction","target":["https:\/\/www.inntech.com.tr\/elektrik\/alcak-gerilim-sistemleri-2\/"]}]},{"@type":"ImageObject","inLanguage":"de","@id":"https:\/\/www.inntech.com.tr\/elektrik\/alcak-gerilim-sistemleri-2\/#primaryimage","url":"https:\/\/www.inntech.com.tr\/wp-content\/uploads\/2025\/08\/bina-yonetim-sistemi.jpg","contentUrl":"https:\/\/www.inntech.com.tr\/wp-content\/uploads\/2025\/08\/bina-yonetim-sistemi.jpg","width":1000,"height":1100},{"@type":"BreadcrumbList","@id":"https:\/\/www.inntech.com.tr\/elektrik\/alcak-gerilim-sistemleri-2\/#breadcrumb","itemListElement":[{"@type":"ListItem","position":1,"name":"Anasayfa","item":"https:\/\/www.inntech.com.tr\/"},{"@type":"ListItem","position":2,"name":"Elektrik Tesisat\u0131","item":"https:\/\/www.inntech.com.tr\/elektrik\/"},{"@type":"ListItem","position":3,"name":"Al\u00e7ak Gerilim Sistemleri"}]},{"@type":"WebSite","@id":"https:\/\/www.inntech.com.tr\/#website","url":"https:\/\/www.inntech.com.tr\/","name":"Inntech M\u00fchendislik","description":"","potentialAction":[{"@type":"SearchAction","target":{"@type":"EntryPoint","urlTemplate":"https:\/\/www.inntech.com.tr\/?s={search_term_string}"},"query-input":{"@type":"PropertyValueSpecification","valueRequired":true,"valueName":"search_term_string"}}],"inLanguage":"de"}]}},"_links":{"self":[{"href":"https:\/\/www.inntech.com.tr\/de\/wp-json\/wp\/v2\/pages\/1014","targetHints":{"allow":["GET"]}}],"collection":[{"href":"https:\/\/www.inntech.com.tr\/de\/wp-json\/wp\/v2\/pages"}],"about":[{"href":"https:\/\/www.inntech.com.tr\/de\/wp-json\/wp\/v2\/types\/page"}],"author":[{"embeddable":true,"href":"https:\/\/www.inntech.com.tr\/de\/wp-json\/wp\/v2\/users\/1"}],"replies":[{"embeddable":true,"href":"https:\/\/www.inntech.com.tr\/de\/wp-json\/wp\/v2\/comments?post=1014"}],"version-history":[{"count":1,"href":"https:\/\/www.inntech.com.tr\/de\/wp-json\/wp\/v2\/pages\/1014\/revisions"}],"predecessor-version":[{"id":1015,"href":"https:\/\/www.inntech.com.tr\/de\/wp-json\/wp\/v2\/pages\/1014\/revisions\/1015"}],"up":[{"embeddable":true,"href":"https:\/\/www.inntech.com.tr\/de\/wp-json\/wp\/v2\/pages\/259"}],"wp:featuredmedia":[{"embeddable":true,"href":"https:\/\/www.inntech.com.tr\/de\/wp-json\/wp\/v2\/media\/386"}],"wp:attachment":[{"href":"https:\/\/www.inntech.com.tr\/de\/wp-json\/wp\/v2\/media?parent=1014"}],"curies":[{"name":"wp","href":"https:\/\/api.w.org\/{rel}","templated":true}]}}