{"id":1016,"date":"2025-09-15T09:39:50","date_gmt":"2025-09-15T06:39:50","guid":{"rendered":"https:\/\/www.beta2.lf.com.tr\/?page_id=1016"},"modified":"2025-09-15T09:39:50","modified_gmt":"2025-09-15T06:39:50","slug":"orta-gerilim-sistemleri-2","status":"publish","type":"page","link":"https:\/\/www.inntech.com.tr\/de\/elektrik\/orta-gerilim-sistemleri-2\/","title":{"rendered":"Mittelspannungssysteme"},"content":{"rendered":"<section class=\"l-section wpb_row height_medium\"><div class=\"l-section-h i-cf\"><div class=\"g-cols vc_row via_flex valign_top type_default stacking_default\"><div class=\"vc_col-sm-12 wpb_column vc_column_container\"><div class=\"vc_column-inner\"><div class=\"wpb_wrapper\"><div class=\"wpb_text_column\"><div class=\"wpb_wrapper\"><h2 data-start=\"0\" data-end=\"37\"><strong>Mittelspannungssysteme<\/strong><\/h2>\n<p data-start=\"39\" data-end=\"633\"><strong data-start=\"39\" data-end=\"66\">Mittelspannungsanlagen<\/strong>Diese Systeme dienen der sicheren, effizienten und unterbrechungsfreien \u00dcbertragung und Verteilung elektrischer Energie zwischen 1 kV und 36 kV. Sie z\u00e4hlen zu den wichtigsten Komponenten der Energieinfrastruktur in Gro\u00dfprojekten und haben ein breites Anwendungsspektrum, von Industrieanlagen und Wohnprojekten bis hin zu Einkaufszentren und \u00f6ffentlichen Geb\u00e4uden. Inntech bietet technische L\u00f6sungen f\u00fcr Mittelspannungssysteme und stellt sicher, dass Ihre Projekte mit einer zuverl\u00e4ssigen, nachhaltigen Energieinfrastruktur ausgestattet sind, die internationalen Standards entspricht.<\/p>\n<h2 data-start=\"640\" data-end=\"675\">Was sind Mittelspannungssysteme?<\/h2>\n<p data-start=\"676\" data-end=\"951\">Mittelspannungssysteme (MV) verteilen elektrische Energie kaskadierend von Hoch- zu Niederspannung. Diese Systeme gew\u00e4hrleisten sowohl eine sichere Versorgung der Anlagen als auch ein ordnungsgem\u00e4\u00dfes Energiemanagement am Verbrauchsort.<\/p>\n<h2 data-start=\"958\" data-end=\"980\">Unser Leistungsumfang<\/h2>\n<p data-start=\"981\" data-end=\"1054\">Als Inntech bieten wir im Bereich Mittelspannungssysteme folgende Hauptdienstleistungen an:<\/p>\n<ul data-start=\"1055\" data-end=\"1436\">\n<li data-start=\"1055\" data-end=\"1088\">\n<p data-start=\"1057\" data-end=\"1088\"><strong data-start=\"1057\" data-end=\"1086\">Installation eines Mittelspannungstransformatorzentrums<\/strong><\/p>\n<\/li>\n<li data-start=\"1089\" data-end=\"1127\">\n<p data-start=\"1091\" data-end=\"1127\"><strong data-start=\"1091\" data-end=\"1125\">Installation von Mittelspannungsschaltanlagen<\/strong><\/p>\n<\/li>\n<li data-start=\"1128\" data-end=\"1176\">\n<p data-start=\"1130\" data-end=\"1176\"><strong data-start=\"1130\" data-end=\"1174\">Anwendungen f\u00fcr die Verlegung und Verbindung von Mittelspannungskabeln<\/strong><\/p>\n<\/li>\n<li data-start=\"1177\" data-end=\"1213\">\n<p data-start=\"1179\" data-end=\"1213\"><strong data-start=\"1179\" data-end=\"1211\">Leistungsschalter- und Trennschaltersysteme<\/strong><\/p>\n<\/li>\n<li data-start=\"1214\" data-end=\"1251\">\n<p data-start=\"1216\" data-end=\"1251\"><strong data-start=\"1216\" data-end=\"1249\">Installation der Ring-Haupteinheit (RMU).<\/strong><\/p>\n<\/li>\n<li data-start=\"1252\" data-end=\"1291\">\n<p data-start=\"1254\" data-end=\"1291\"><strong data-start=\"1254\" data-end=\"1289\">Schutz- und Messrelaissysteme<\/strong><\/p>\n<\/li>\n<li data-start=\"1292\" data-end=\"1347\">\n<p data-start=\"1294\" data-end=\"1347\"><strong data-start=\"1294\" data-end=\"1345\">Integration von SCADA- und Fern\u00fcberwachungssystemen<\/strong><\/p>\n<\/li>\n<li data-start=\"1348\" data-end=\"1399\">\n<p data-start=\"1350\" data-end=\"1399\"><strong data-start=\"1350\" data-end=\"1397\">Erdungs- und Blitzschutzl\u00f6sungen<\/strong><\/p>\n<\/li>\n<li data-start=\"1400\" data-end=\"1436\">\n<p data-start=\"1402\" data-end=\"1436\"><strong data-start=\"1402\" data-end=\"1434\">MS-\/NS-Integrationspanels<\/strong><\/p>\n<\/li>\n<\/ul>\n<h2 data-start=\"1443\" data-end=\"1459\">Vorteile<\/h2>\n<ul data-start=\"1460\" data-end=\"1829\">\n<li data-start=\"1460\" data-end=\"1539\">\n<p data-start=\"1462\" data-end=\"1539\"><strong data-start=\"1462\" data-end=\"1484\">Ununterbrochene Energie:<\/strong> Sichere Verteilung hoher Energiekapazit\u00e4ten<\/p>\n<\/li>\n<li data-start=\"1540\" data-end=\"1600\">\n<p data-start=\"1542\" data-end=\"1600\"><strong data-start=\"1542\" data-end=\"1557\">Produktivit\u00e4t:<\/strong> Minimierung von Energieverlusten<\/p>\n<\/li>\n<li data-start=\"1601\" data-end=\"1688\">\n<p data-start=\"1603\" data-end=\"1688\"><strong data-start=\"1603\" data-end=\"1616\">Sicherheit:<\/strong> Maximale Sicherheit mit Schutzrelais, Leistungsschaltern und \u00dcberwachungssystemen<\/p>\n<\/li>\n<li data-start=\"1689\" data-end=\"1765\">\n<p data-start=\"1691\" data-end=\"1765\"><strong data-start=\"1691\" data-end=\"1713\">Nachhaltigkeit:<\/strong> Moderne Technologien, die die Energiekontinuit\u00e4t gew\u00e4hrleisten<\/p>\n<\/li>\n<li data-start=\"1766\" data-end=\"1829\">\n<p data-start=\"1768\" data-end=\"1829\"><strong data-start=\"1768\" data-end=\"1787\">Flexible L\u00f6sungen:<\/strong> Projektspezifische Gestaltungs- und Umsetzungsm\u00f6glichkeiten<\/p>\n<\/li>\n<\/ul>\n<h2 data-start=\"1836\" data-end=\"1858\">Anwendungsbereiche<\/h2>\n<ul data-start=\"1859\" data-end=\"2109\">\n<li data-start=\"1859\" data-end=\"1897\">\n<p data-start=\"1861\" data-end=\"1897\">Industrieanlagen und Fabriken<\/p>\n<\/li>\n<li data-start=\"1898\" data-end=\"1940\">\n<p data-start=\"1900\" data-end=\"1940\">Einkaufszentren und Gesch\u00e4ftsgeb\u00e4ude<\/p>\n<\/li>\n<li data-start=\"1941\" data-end=\"1974\">\n<p data-start=\"1943\" data-end=\"1974\">Gro\u00dfe Wohnungsbauprojekte<\/p>\n<\/li>\n<li data-start=\"1975\" data-end=\"2009\">\n<p data-start=\"1977\" data-end=\"2009\">Gesundheitseinrichtungen und Krankenh\u00e4user<\/p>\n<\/li>\n<li data-start=\"2010\" data-end=\"2043\">\n<p data-start=\"2012\" data-end=\"2043\">Bildungseinrichtungen und Campus<\/p>\n<\/li>\n<li data-start=\"2044\" data-end=\"2069\">\n<p data-start=\"2046\" data-end=\"2069\">\u00d6ffentliche und Verwaltungsgeb\u00e4ude<\/p>\n<\/li>\n<li data-start=\"2070\" data-end=\"2109\">\n<p data-start=\"2072\" data-end=\"2109\">Energieerzeugungs- und -verteilungszentren<\/p>\n<\/li>\n<\/ul>\n<h2 data-start=\"2116\" data-end=\"2142\">Unsere Bewerbungsprozesse<\/h2>\n<ul data-start=\"2143\" data-end=\"2542\">\n<li data-start=\"2143\" data-end=\"2218\">\n<p data-start=\"2145\" data-end=\"2218\"><strong data-start=\"2145\" data-end=\"2172\">Exploration und Projektplanung:<\/strong> F\u00fcr den Energiebedarf geeignetes Mittelspannungsinfrastrukturdesign<\/p>\n<\/li>\n<li data-start=\"2219\" data-end=\"2308\">\n<p data-start=\"2221\" data-end=\"2308\"><strong data-start=\"2221\" data-end=\"2251\">Materialauswahl und -beschaffung:<\/strong> Einsatz hochwertiger und international zertifizierter Ger\u00e4te<\/p>\n<\/li>\n<li data-start=\"2309\" data-end=\"2385\">\n<p data-start=\"2311\" data-end=\"2385\"><strong data-start=\"2311\" data-end=\"2338\">Installation und Inbetriebnahme:<\/strong> Perfekte Umsetzung mit professionellem Au\u00dfendienstteam<\/p>\n<\/li>\n<li data-start=\"2386\" data-end=\"2456\">\n<p data-start=\"2388\" data-end=\"2456\"><strong data-start=\"2388\" data-end=\"2410\">Testen und Berichten:<\/strong> \u00dcberpr\u00fcfung der Einhaltung der IEC- und TSE-Normen<\/p>\n<\/li>\n<li data-start=\"2457\" data-end=\"2542\">\n<p data-start=\"2459\" data-end=\"2542\"><strong data-start=\"2459\" data-end=\"2480\">Schulung und Durchf\u00fchrung:<\/strong> Bereitstellung detaillierter Informationen f\u00fcr den Benutzer zum Systembetrieb<\/p>\n<\/li>\n<\/ul>\n<h2 data-start=\"2549\" data-end=\"2580\">Wartungs- und Supportservices<\/h2>\n<ul data-start=\"2581\" data-end=\"2782\">\n<li data-start=\"2581\" data-end=\"2622\">\n<p data-start=\"2583\" data-end=\"2622\">Regelm\u00e4\u00dfige Wartung und Kontrolle<\/p>\n<\/li>\n<li data-start=\"2623\" data-end=\"2656\">\n<p data-start=\"2625\" data-end=\"2656\">Notfallinterventionen bei St\u00f6rungen<\/p>\n<\/li>\n<li data-start=\"2657\" data-end=\"2691\">\n<p data-start=\"2659\" data-end=\"2691\">Ersatzteil- und Ger\u00e4tesupport<\/p>\n<\/li>\n<li data-start=\"2692\" data-end=\"2733\">\n<p data-start=\"2694\" data-end=\"2733\">Energie\u00fcberwachung und Leistungsberichte<\/p>\n<\/li>\n<li data-start=\"2734\" data-end=\"2782\">\n<p data-start=\"2736\" data-end=\"2782\">L\u00f6sungen zur Modernisierung und Kapazit\u00e4tssteigerung<\/p>\n<\/li>\n<\/ul>\n<h2 data-start=\"2789\" data-end=\"2808\">Warum Inntech?<\/h2>\n<p data-start=\"2809\" data-end=\"2847\">Inntech, in Mittelspannungssystemen:<\/p>\n<ul data-start=\"2848\" data-end=\"3055\">\n<li data-start=\"2848\" data-end=\"2881\">\n<p data-start=\"2850\" data-end=\"2881\"><strong data-start=\"2850\" data-end=\"2879\">Kompetentes technisches Personal<\/strong><\/p>\n<\/li>\n<li data-start=\"2882\" data-end=\"2924\">\n<p data-start=\"2884\" data-end=\"2924\"><strong data-start=\"2884\" data-end=\"2922\">Vollst\u00e4ndige Einhaltung internationaler Standards<\/strong><\/p>\n<\/li>\n<li data-start=\"2925\" data-end=\"2973\">\n<p data-start=\"2927\" data-end=\"2973\"><strong data-start=\"2927\" data-end=\"2971\">Kompetenz in der Entwicklung projektspezifischer L\u00f6sungen<\/strong><\/p>\n<\/li>\n<li data-start=\"2974\" data-end=\"3055\">\n<p data-start=\"2976\" data-end=\"3055\"><strong data-start=\"2976\" data-end=\"3013\">Termingerechte Lieferung und hohe Qualit\u00e4t<\/strong><br data-start=\"3013\" data-end=\"3016\" \/>sticht mit seinen Prinzipien in der Branche hervor.<\/p>\n<\/li>\n<\/ul>\n<\/div><\/div><\/div><\/div><\/div><\/div><\/div><\/section>","protected":false},"excerpt":{"rendered":"Orta Gerilim Sistemleri Orta gerilim sistemleri, 1 kV ile 36 kV aras\u0131ndaki elektrik enerjisinin g\u00fcvenli, verimli ve kesintisiz bir \u015fekilde iletilmesi ve da\u011f\u0131t\u0131lmas\u0131 i\u00e7in kullan\u0131lan sistemlerdir. B\u00fcy\u00fck \u00f6l\u00e7ekli projelerde enerji altyap\u0131s\u0131n\u0131n en kritik bile\u015fenlerinden biri olan bu sistemler, end\u00fcstriyel tesislerden konut projelerine, al\u0131\u015fveri\u015f merkezlerinden kamu binalar\u0131na kadar geni\u015f bir kullan\u0131m alan\u0131na sahiptir. Inntech olarak, orta...","protected":false},"author":1,"featured_media":387,"parent":259,"menu_order":0,"comment_status":"closed","ping_status":"closed","template":"","meta":{"footnotes":""},"class_list":["post-1016","page","type-page","status-publish","has-post-thumbnail","hentry"],"yoast_head":"<!-- This site is optimized with the Yoast SEO plugin v27.3 - https:\/\/yoast.com\/product\/yoast-seo-wordpress\/ -->\n<title>Orta Gerilim Sistemleri - Inntech M\u00fchendislik<\/title>\n<meta name=\"robots\" content=\"index, follow, max-snippet:-1, max-image-preview:large, max-video-preview:-1\" \/>\n<link rel=\"canonical\" href=\"https:\/\/www.inntech.com.tr\/de\/elektrik\/orta-gerilim-sistemleri-2\/\" \/>\n<meta property=\"og:locale\" content=\"de_DE\" \/>\n<meta property=\"og:type\" content=\"article\" \/>\n<meta property=\"og:title\" content=\"Orta Gerilim Sistemleri - Inntech M\u00fchendislik\" \/>\n<meta property=\"og:url\" content=\"https:\/\/www.inntech.com.tr\/de\/elektrik\/orta-gerilim-sistemleri-2\/\" \/>\n<meta property=\"og:site_name\" content=\"Inntech M\u00fchendislik\" \/>\n<meta property=\"og:image\" content=\"https:\/\/www.inntech.com.tr\/wp-content\/uploads\/2025\/08\/orta-gerilim-sistemleri.jpg\" \/>\n\t<meta property=\"og:image:width\" content=\"1000\" \/>\n\t<meta property=\"og:image:height\" content=\"1100\" \/>\n\t<meta property=\"og:image:type\" content=\"image\/jpeg\" \/>\n<meta name=\"twitter:card\" content=\"summary_large_image\" \/>\n<meta name=\"twitter:label1\" content=\"Gesch\u00e4tzte Lesezeit\" \/>\n\t<meta name=\"twitter:data1\" content=\"3\u00a0Minuten\" \/>\n<script type=\"application\/ld+json\" class=\"yoast-schema-graph\">{\"@context\":\"https:\\\/\\\/schema.org\",\"@graph\":[{\"@type\":\"WebPage\",\"@id\":\"https:\\\/\\\/www.inntech.com.tr\\\/elektrik\\\/orta-gerilim-sistemleri-2\\\/\",\"url\":\"https:\\\/\\\/www.inntech.com.tr\\\/elektrik\\\/orta-gerilim-sistemleri-2\\\/\",\"name\":\"Orta Gerilim Sistemleri - Inntech M\u00fchendislik\",\"isPartOf\":{\"@id\":\"https:\\\/\\\/www.inntech.com.tr\\\/#website\"},\"primaryImageOfPage\":{\"@id\":\"https:\\\/\\\/www.inntech.com.tr\\\/elektrik\\\/orta-gerilim-sistemleri-2\\\/#primaryimage\"},\"image\":{\"@id\":\"https:\\\/\\\/www.inntech.com.tr\\\/elektrik\\\/orta-gerilim-sistemleri-2\\\/#primaryimage\"},\"thumbnailUrl\":\"https:\\\/\\\/www.inntech.com.tr\\\/wp-content\\\/uploads\\\/2025\\\/08\\\/orta-gerilim-sistemleri.jpg\",\"datePublished\":\"2025-09-15T06:39:50+00:00\",\"breadcrumb\":{\"@id\":\"https:\\\/\\\/www.inntech.com.tr\\\/elektrik\\\/orta-gerilim-sistemleri-2\\\/#breadcrumb\"},\"inLanguage\":\"de\",\"potentialAction\":[{\"@type\":\"ReadAction\",\"target\":[\"https:\\\/\\\/www.inntech.com.tr\\\/elektrik\\\/orta-gerilim-sistemleri-2\\\/\"]}]},{\"@type\":\"ImageObject\",\"inLanguage\":\"de\",\"@id\":\"https:\\\/\\\/www.inntech.com.tr\\\/elektrik\\\/orta-gerilim-sistemleri-2\\\/#primaryimage\",\"url\":\"https:\\\/\\\/www.inntech.com.tr\\\/wp-content\\\/uploads\\\/2025\\\/08\\\/orta-gerilim-sistemleri.jpg\",\"contentUrl\":\"https:\\\/\\\/www.inntech.com.tr\\\/wp-content\\\/uploads\\\/2025\\\/08\\\/orta-gerilim-sistemleri.jpg\",\"width\":1000,\"height\":1100},{\"@type\":\"BreadcrumbList\",\"@id\":\"https:\\\/\\\/www.inntech.com.tr\\\/elektrik\\\/orta-gerilim-sistemleri-2\\\/#breadcrumb\",\"itemListElement\":[{\"@type\":\"ListItem\",\"position\":1,\"name\":\"Anasayfa\",\"item\":\"https:\\\/\\\/www.inntech.com.tr\\\/\"},{\"@type\":\"ListItem\",\"position\":2,\"name\":\"Elektrik Tesisat\u0131\",\"item\":\"https:\\\/\\\/www.inntech.com.tr\\\/elektrik\\\/\"},{\"@type\":\"ListItem\",\"position\":3,\"name\":\"Orta Gerilim Sistemleri\"}]},{\"@type\":\"WebSite\",\"@id\":\"https:\\\/\\\/www.inntech.com.tr\\\/#website\",\"url\":\"https:\\\/\\\/www.inntech.com.tr\\\/\",\"name\":\"Inntech M\u00fchendislik\",\"description\":\"\",\"potentialAction\":[{\"@type\":\"SearchAction\",\"target\":{\"@type\":\"EntryPoint\",\"urlTemplate\":\"https:\\\/\\\/www.inntech.com.tr\\\/?s={search_term_string}\"},\"query-input\":{\"@type\":\"PropertyValueSpecification\",\"valueRequired\":true,\"valueName\":\"search_term_string\"}}],\"inLanguage\":\"de\"}]}<\/script>\n<!-- \/ Yoast SEO plugin. -->","yoast_head_json":{"title":"Orta Gerilim Sistemleri - Inntech M\u00fchendislik","robots":{"index":"index","follow":"follow","max-snippet":"max-snippet:-1","max-image-preview":"max-image-preview:large","max-video-preview":"max-video-preview:-1"},"canonical":"https:\/\/www.inntech.com.tr\/de\/elektrik\/orta-gerilim-sistemleri-2\/","og_locale":"de_DE","og_type":"article","og_title":"Orta Gerilim Sistemleri - Inntech M\u00fchendislik","og_url":"https:\/\/www.inntech.com.tr\/de\/elektrik\/orta-gerilim-sistemleri-2\/","og_site_name":"Inntech M\u00fchendislik","og_image":[{"width":1000,"height":1100,"url":"https:\/\/www.inntech.com.tr\/wp-content\/uploads\/2025\/08\/orta-gerilim-sistemleri.jpg","type":"image\/jpeg"}],"twitter_card":"summary_large_image","twitter_misc":{"Gesch\u00e4tzte Lesezeit":"3\u00a0Minuten"},"schema":{"@context":"https:\/\/schema.org","@graph":[{"@type":"WebPage","@id":"https:\/\/www.inntech.com.tr\/elektrik\/orta-gerilim-sistemleri-2\/","url":"https:\/\/www.inntech.com.tr\/elektrik\/orta-gerilim-sistemleri-2\/","name":"Orta Gerilim Sistemleri - Inntech M\u00fchendislik","isPartOf":{"@id":"https:\/\/www.inntech.com.tr\/#website"},"primaryImageOfPage":{"@id":"https:\/\/www.inntech.com.tr\/elektrik\/orta-gerilim-sistemleri-2\/#primaryimage"},"image":{"@id":"https:\/\/www.inntech.com.tr\/elektrik\/orta-gerilim-sistemleri-2\/#primaryimage"},"thumbnailUrl":"https:\/\/www.inntech.com.tr\/wp-content\/uploads\/2025\/08\/orta-gerilim-sistemleri.jpg","datePublished":"2025-09-15T06:39:50+00:00","breadcrumb":{"@id":"https:\/\/www.inntech.com.tr\/elektrik\/orta-gerilim-sistemleri-2\/#breadcrumb"},"inLanguage":"de","potentialAction":[{"@type":"ReadAction","target":["https:\/\/www.inntech.com.tr\/elektrik\/orta-gerilim-sistemleri-2\/"]}]},{"@type":"ImageObject","inLanguage":"de","@id":"https:\/\/www.inntech.com.tr\/elektrik\/orta-gerilim-sistemleri-2\/#primaryimage","url":"https:\/\/www.inntech.com.tr\/wp-content\/uploads\/2025\/08\/orta-gerilim-sistemleri.jpg","contentUrl":"https:\/\/www.inntech.com.tr\/wp-content\/uploads\/2025\/08\/orta-gerilim-sistemleri.jpg","width":1000,"height":1100},{"@type":"BreadcrumbList","@id":"https:\/\/www.inntech.com.tr\/elektrik\/orta-gerilim-sistemleri-2\/#breadcrumb","itemListElement":[{"@type":"ListItem","position":1,"name":"Anasayfa","item":"https:\/\/www.inntech.com.tr\/"},{"@type":"ListItem","position":2,"name":"Elektrik Tesisat\u0131","item":"https:\/\/www.inntech.com.tr\/elektrik\/"},{"@type":"ListItem","position":3,"name":"Orta Gerilim Sistemleri"}]},{"@type":"WebSite","@id":"https:\/\/www.inntech.com.tr\/#website","url":"https:\/\/www.inntech.com.tr\/","name":"Inntech M\u00fchendislik","description":"","potentialAction":[{"@type":"SearchAction","target":{"@type":"EntryPoint","urlTemplate":"https:\/\/www.inntech.com.tr\/?s={search_term_string}"},"query-input":{"@type":"PropertyValueSpecification","valueRequired":true,"valueName":"search_term_string"}}],"inLanguage":"de"}]}},"_links":{"self":[{"href":"https:\/\/www.inntech.com.tr\/de\/wp-json\/wp\/v2\/pages\/1016","targetHints":{"allow":["GET"]}}],"collection":[{"href":"https:\/\/www.inntech.com.tr\/de\/wp-json\/wp\/v2\/pages"}],"about":[{"href":"https:\/\/www.inntech.com.tr\/de\/wp-json\/wp\/v2\/types\/page"}],"author":[{"embeddable":true,"href":"https:\/\/www.inntech.com.tr\/de\/wp-json\/wp\/v2\/users\/1"}],"replies":[{"embeddable":true,"href":"https:\/\/www.inntech.com.tr\/de\/wp-json\/wp\/v2\/comments?post=1016"}],"version-history":[{"count":1,"href":"https:\/\/www.inntech.com.tr\/de\/wp-json\/wp\/v2\/pages\/1016\/revisions"}],"predecessor-version":[{"id":1018,"href":"https:\/\/www.inntech.com.tr\/de\/wp-json\/wp\/v2\/pages\/1016\/revisions\/1018"}],"up":[{"embeddable":true,"href":"https:\/\/www.inntech.com.tr\/de\/wp-json\/wp\/v2\/pages\/259"}],"wp:featuredmedia":[{"embeddable":true,"href":"https:\/\/www.inntech.com.tr\/de\/wp-json\/wp\/v2\/media\/387"}],"wp:attachment":[{"href":"https:\/\/www.inntech.com.tr\/de\/wp-json\/wp\/v2\/media?parent=1016"}],"curies":[{"name":"wp","href":"https:\/\/api.w.org\/{rel}","templated":true}]}}