{"id":104,"date":"2025-06-13T10:11:54","date_gmt":"2025-06-13T07:11:54","guid":{"rendered":"https:\/\/www.beta2.lf.com.tr\/?page_id=104"},"modified":"2026-04-06T14:34:11","modified_gmt":"2026-04-06T11:34:11","slug":"hakkimizda","status":"publish","type":"page","link":"https:\/\/www.inntech.com.tr\/de\/hakkimizda\/","title":{"rendered":"\u00dcber uns"},"content":{"rendered":"<section class=\"l-section wpb_row us_custom_fe15326a us_animate_this height_huge color_primary with_img\"><div class=\"l-section-img\" role=\"img\" data-img-width=\"1500\" data-img-height=\"567\" style=\"background-image: url(https:\/\/www.inntech.com.tr\/wp-content\/uploads\/2025\/09\/hakkimizda-banner-2.jpg);background-repeat: no-repeat;\"><\/div><div class=\"l-section-overlay\" style=\"background:rgba(0,0,0,0.6)\"><\/div><div class=\"l-section-h i-cf\"><div class=\"g-cols vc_row via_flex valign_middle type_default stacking_default\"><div class=\"vc_col-sm-12 wpb_column vc_column_container\"><div class=\"vc_column-inner\"><div class=\"wpb_wrapper\"><div class=\"w-separator size_medium\"><\/div><div class=\"wpb_text_column us_custom_6bbb795e\"><div class=\"wpb_wrapper\"><p style=\"text-align: center;\">INNTECH<strong> HAKKINDA<\/strong><\/p>\n<\/div><\/div><div class=\"w-separator size_medium\"><\/div><\/div><\/div><\/div><\/div><\/div><\/section><section class=\"l-section wpb_row height_medium\"><div class=\"l-section-h i-cf\"><div class=\"g-cols vc_row via_flex valign_top type_default stacking_default\"><div class=\"vc_col-sm-3\/5 wpb_column vc_column_container\"><div class=\"vc_column-inner\"><div class=\"wpb_wrapper\"><div class=\"wpb_text_column us_custom_4c5ccd6a\"><div class=\"wpb_wrapper\"><p>INNTECH M\u00dcHEND\u0130SL\u0130K<\/p>\n<\/div><\/div><div class=\"wpb_text_column us_custom_50171b9b\"><div class=\"wpb_wrapper\"><p>B\u0130Z K\u0130M\u0130Z?<\/p>\n<\/div><\/div><div class=\"w-separator size_medium\"><\/div><div class=\"wpb_text_column\"><div class=\"wpb_wrapper\"><p>Y\u0131llar\u0131n vermi\u015f oldu\u011fu tecr\u00fcbe, bilgi ve birikimlerini bir araya getiren m\u00fchendis k\u00f6kenli i\u015f insanlar\u0131 taraf\u0131ndan m\u00fchendislik sekt\u00f6r\u00fcne hizmet vermek i\u00e7in kurmu\u015ftur.<\/p>\n<p>Kuruldu\u011fu g\u00fcnden bu yana her zaman m\u00fchendislik ger\u00e7eklerine, tekni\u011fe ve bilime uygun hizmetler \u00fcretmi\u015f ve de\u011ferli \u00e7\u00f6z\u00fcm ortaklar\u0131n\u0131n kullan\u0131m\u0131na sunmu\u015ftur.<\/p>\n<p>M\u00fchendisli\u011fi, bilimi, kaliteyi ve ticari ahlak\u0131 geli\u015ftirerek b\u00fcy\u00fcmeyi \u00f6z de\u011ferleri kabul eden bir taahh\u00fct ve dan\u0131\u015fmanl\u0131k firmas\u0131 olarak yapt\u0131\u011f\u0131 t\u00fcm i\u015flerden ayn\u0131 zamanda kal\u0131c\u0131 dostluklar kazanmay\u0131 odak noktas\u0131 haline getirmi\u015ftir.<\/p>\n<p>Kuruldu\u011fu g\u00fcnden bu yana &#8220;Sizin M\u00fchendislik Departman\u0131n\u0131z&#8221; ve &#8220;\u0130\u015f&#8217;te Dost M\u00fchendis&#8221; kavramlar\u0131 ile hizmet vermekte olan firmam\u0131z, bundan sonra da mevcut i\u015f ortaklar\u0131n\u0131n M\u00fchendislik Departman\u0131 olmaya ve yeni i\u015f ortaklar\u0131 i\u00e7in M\u00fchendislik Departmanlar\u0131 kurmaya devam ederek Mekanik, Elektrik, Yang\u0131n, ve in\u015faat sekt\u00f6rlerinde \u00e7\u00f6z\u00fcmlerini s\u00fcrd\u00fcrecektir.<\/p>\n<\/div><\/div><div class=\"w-separator size_medium\"><\/div><div class=\"g-cols wpb_row us_custom_6c21c073 us_animate_this via_flex valign_top type_default stacking_default\"><div class=\"vc_col-sm-12 wpb_column vc_column_container\"><div class=\"vc_column-inner\"><div class=\"wpb_wrapper\"><h4 class=\"w-itext us_custom_fd09e715 type_fadeIn align_left dynamic_bold\" onclick='return {&quot;duration&quot;:200,&quot;delay&quot;:4000,&quot;disablePartAnimation&quot;:false,&quot;dynamicColor&quot;:&quot;#1c3869&quot;,&quot;html_nbsp_char&quot;:true}'><span class=\"w-itext-part changesat_0 changesat_1 changesat_2 changesat_3 changesat_4 dynamic\" style=\"color:#1c3869\" onclick='return [&quot;Mekanik\\u00a0tesisat\\u00a0kuruyor&quot;,&quot;Yang\\u0131n\\u00a0g\\u00fcvenli\\u011fi\\u00a0sistemleri\\u00a0sa\\u011fl\\u0131yor&quot;,&quot;Elektrik\\u00a0altyap\\u0131lar\\u0131n\\u0131\\u00a0tasarl\\u0131yor&quot;,&quot;HVAC\\u00a0sistemleri\\u00a0kuruyor&quot;,&quot;Sifonik\\u00a0sistemler\\u00a0uyguluyor&quot;]'><span>Mekanik&nbsp;tesisat&nbsp;kuruyor<\/span><\/span>, s\u00fcrd\u00fcr\u00fclebilir\u00a0\u00e7\u00f6z\u00fcmler\u00a0sunuyoruz.<\/h4><\/div><\/div><\/div><\/div><\/div><\/div><\/div><div class=\"vc_col-sm-2\/5 wpb_column vc_column_container\"><div class=\"vc_column-inner\"><div class=\"wpb_wrapper\"><div class=\"w-image us_custom_2a32a713 us_animate_this style_shadow-2 has_height align_none\"><div class=\"w-image-h\"><div class=\"w-image-shadow\" style=\"background-image:url(https:\/\/www.inntech.com.tr\/wp-content\/uploads\/2025\/09\/hakkimizda-alt-gorsel.jpg);\"><\/div><img decoding=\"async\" width=\"841\" height=\"1500\" src=\"https:\/\/www.inntech.com.tr\/wp-content\/uploads\/2025\/09\/hakkimizda-alt-gorsel.jpg\" class=\"attachment-full size-full\" alt=\"\" loading=\"lazy\" srcset=\"https:\/\/www.inntech.com.tr\/wp-content\/uploads\/2025\/09\/hakkimizda-alt-gorsel.jpg 841w, https:\/\/www.inntech.com.tr\/wp-content\/uploads\/2025\/09\/hakkimizda-alt-gorsel-168x300.jpg 168w, https:\/\/www.inntech.com.tr\/wp-content\/uploads\/2025\/09\/hakkimizda-alt-gorsel-574x1024.jpg 574w, https:\/\/www.inntech.com.tr\/wp-content\/uploads\/2025\/09\/hakkimizda-alt-gorsel-7x12.jpg 7w, https:\/\/www.inntech.com.tr\/wp-content\/uploads\/2025\/09\/hakkimizda-alt-gorsel-56x100.jpg 56w\" sizes=\"auto, (max-width: 841px) 100vw, 841px\" \/><\/div><\/div><\/div><\/div><\/div><\/div><\/div><\/section><section class=\"l-section wpb_row height_medium\"><div class=\"l-section-h i-cf\"><div class=\"g-cols vc_row via_flex valign_top type_default stacking_default\"><div class=\"vc_col-sm-6 wpb_column vc_column_container\"><div class=\"vc_column-inner\"><div class=\"wpb_wrapper\"><div class=\"wpb_text_column us_custom_4c5ccd6a\"><div class=\"wpb_wrapper\"><p>Inntech <strong>Vizyonumuz<\/strong><\/p>\n<\/div><\/div><div class=\"wpb_text_column\"><div class=\"wpb_wrapper\"><p>T\u00fcrkiye&#8217;de sekt\u00f6r\u00fcne y\u00f6n veren, g\u00fcvenilir, lider ve d\u00fcnyada kendi alan\u0131nda s\u00f6z sahibi bir kurulu\u015f olmak.<\/p>\n<\/div><\/div><\/div><\/div><\/div><div class=\"vc_col-sm-6 wpb_column vc_column_container\"><div class=\"vc_column-inner\"><div class=\"wpb_wrapper\"><div class=\"wpb_text_column us_custom_4c5ccd6a\"><div class=\"wpb_wrapper\"><p>Inntech <strong>Misyonumuz<\/strong><\/p>\n<\/div><\/div><div class=\"wpb_text_column\"><div class=\"wpb_wrapper\"><p>M\u00fchendislik ger\u00e7eklerine uygun, do\u011fru \u00e7\u00f6z\u00fcmlerle, kalite ve tam zaman\u0131nda anlay\u0131\u015f\u0131n\u0131 kendine ilke edinerek, m\u00fc\u015fteriye de\u011fer kazand\u0131rmak.<\/p>\n<\/div><\/div><\/div><\/div><\/div><\/div><\/div><\/section><section class=\"l-section wpb_row height_medium\"><div class=\"l-section-h i-cf\"><div class=\"g-cols vc_row via_flex valign_top type_default stacking_default\"><div class=\"vc_col-sm-12 wpb_column vc_column_container\"><div class=\"vc_column-inner\"><div class=\"wpb_wrapper\"><div class=\"w-grid type_grid layout_596 cols_5 ratio_2x3\" id=\"us_grid_1\" style=\"--columns:5;--gap:0.5rem;--item-ratio:1.5;\" data-filterable=\"true\"><style>@media (max-width:1380px){#us_grid_1{--columns:3!important}}@media (max-width:1024px){#us_grid_1{--columns:2!important}}@media (max-width:600px){#us_grid_1{--columns:1!important}}.layout_596 .w-grid-item-h{background:#333}.layout_596 .usg_post_image_1{transition-duration:0.35s;transform-origin:50% 50%;transform:scale(1) translate(0%,0%)}.layout_596 .w-grid-item-h:hover .usg_post_image_1{transform:scale(1.1) translate(0%,0%);opacity:0.1}.layout_596 .usg_post_image_1{position:absolute!important;top:0!important;right:0!important;bottom:0!important;left:0!important}.layout_596 .usg_vwrapper_1{position:absolute!important;right:0!important;bottom:0!important;left:0!important;background:linear-gradient(transparent,rgba(30,30,30,0.8))!important;padding:4rem 2rem 1.5rem 2rem!important}.layout_596 .usg_post_title_1{color:#fff!important;font-size:1.2rem!important}<\/style><div class=\"w-grid-list\">\t<article class=\"w-grid-item size_1x1 post-594 attachment type-attachment status-inherit hentry\" data-id=\"594\">\r\n\t\t<div class=\"w-grid-item-h\">\r\n\t\t\t\t\t\t\t<a ref=\"magnificPopupGrid\" href=\"https:\/\/www.inntech.com.tr\/wp-content\/uploads\/2025\/08\/sertifikalar-5.png\" class=\"w-grid-item-anchor\" aria-label=\"Marka Tescil Belgesi\"><\/a>\r\n\t\t\t\t\t\t<div class=\"w-post-elm post_image usg_post_image_1 stretched\"><img loading=\"lazy\" decoding=\"async\" width=\"718\" height=\"1024\" src=\"https:\/\/www.inntech.com.tr\/wp-content\/uploads\/2025\/08\/sertifikalar-5-718x1024.png\" class=\"attachment-large size-large\" alt=\"\" srcset=\"https:\/\/www.inntech.com.tr\/wp-content\/uploads\/2025\/08\/sertifikalar-5-718x1024.png 718w, https:\/\/www.inntech.com.tr\/wp-content\/uploads\/2025\/08\/sertifikalar-5-210x300.png 210w, https:\/\/www.inntech.com.tr\/wp-content\/uploads\/2025\/08\/sertifikalar-5-70x100.png 70w, https:\/\/www.inntech.com.tr\/wp-content\/uploads\/2025\/08\/sertifikalar-5.png 1646w\" sizes=\"auto, (max-width: 718px) 100vw, 718px\" \/><\/div><div class=\"w-vwrapper usg_vwrapper_1 align_none valign_top\"><h2 class=\"w-post-elm post_title usg_post_title_1 has_text_color entry-title color_link_inherit\">Marka Tescil Belgesi<\/h2><\/div>\t\t<\/div>\r\n\t\t\t<\/article>\r\n\t<article class=\"w-grid-item size_1x1 post-593 attachment type-attachment status-inherit hentry\" data-id=\"593\">\r\n\t\t<div class=\"w-grid-item-h\">\r\n\t\t\t\t\t\t\t<a ref=\"magnificPopupGrid\" href=\"https:\/\/www.inntech.com.tr\/wp-content\/uploads\/2025\/08\/sertifikalar-4.png\" class=\"w-grid-item-anchor\" aria-label=\"ISO 10002:2018\"><\/a>\r\n\t\t\t\t\t\t<div class=\"w-post-elm post_image usg_post_image_1 stretched\"><img loading=\"lazy\" decoding=\"async\" width=\"718\" height=\"1024\" src=\"https:\/\/www.inntech.com.tr\/wp-content\/uploads\/2025\/08\/sertifikalar-4-718x1024.png\" class=\"attachment-large size-large\" alt=\"\" srcset=\"https:\/\/www.inntech.com.tr\/wp-content\/uploads\/2025\/08\/sertifikalar-4-718x1024.png 718w, https:\/\/www.inntech.com.tr\/wp-content\/uploads\/2025\/08\/sertifikalar-4-210x300.png 210w, https:\/\/www.inntech.com.tr\/wp-content\/uploads\/2025\/08\/sertifikalar-4-70x100.png 70w, https:\/\/www.inntech.com.tr\/wp-content\/uploads\/2025\/08\/sertifikalar-4.png 1646w\" sizes=\"auto, (max-width: 718px) 100vw, 718px\" \/><\/div><div class=\"w-vwrapper usg_vwrapper_1 align_none valign_top\"><h2 class=\"w-post-elm post_title usg_post_title_1 has_text_color entry-title color_link_inherit\">ISO 10002:2018<\/h2><\/div>\t\t<\/div>\r\n\t\t\t<\/article>\r\n\t<article class=\"w-grid-item size_1x1 post-592 attachment type-attachment status-inherit hentry\" data-id=\"592\">\r\n\t\t<div class=\"w-grid-item-h\">\r\n\t\t\t\t\t\t\t<a ref=\"magnificPopupGrid\" href=\"https:\/\/www.inntech.com.tr\/wp-content\/uploads\/2025\/08\/sertifikalar-3.png\" class=\"w-grid-item-anchor\" aria-label=\"ISO 9001:2015\"><\/a>\r\n\t\t\t\t\t\t<div class=\"w-post-elm post_image usg_post_image_1 stretched\"><img loading=\"lazy\" decoding=\"async\" width=\"718\" height=\"1024\" src=\"https:\/\/www.inntech.com.tr\/wp-content\/uploads\/2025\/08\/sertifikalar-3-718x1024.png\" class=\"attachment-large size-large\" alt=\"\" srcset=\"https:\/\/www.inntech.com.tr\/wp-content\/uploads\/2025\/08\/sertifikalar-3-718x1024.png 718w, https:\/\/www.inntech.com.tr\/wp-content\/uploads\/2025\/08\/sertifikalar-3-210x300.png 210w, https:\/\/www.inntech.com.tr\/wp-content\/uploads\/2025\/08\/sertifikalar-3-70x100.png 70w, https:\/\/www.inntech.com.tr\/wp-content\/uploads\/2025\/08\/sertifikalar-3.png 1646w\" sizes=\"auto, (max-width: 718px) 100vw, 718px\" \/><\/div><div class=\"w-vwrapper usg_vwrapper_1 align_none valign_top\"><h2 class=\"w-post-elm post_title usg_post_title_1 has_text_color entry-title color_link_inherit\">ISO 9001:2015<\/h2><\/div>\t\t<\/div>\r\n\t\t\t<\/article>\r\n\t<article class=\"w-grid-item size_1x1 post-591 attachment type-attachment status-inherit hentry\" data-id=\"591\">\r\n\t\t<div class=\"w-grid-item-h\">\r\n\t\t\t\t\t\t\t<a ref=\"magnificPopupGrid\" href=\"https:\/\/www.inntech.com.tr\/wp-content\/uploads\/2025\/08\/sertifikalar-2.png\" class=\"w-grid-item-anchor\" aria-label=\"ISO 45001:2018\"><\/a>\r\n\t\t\t\t\t\t<div class=\"w-post-elm post_image usg_post_image_1 stretched\"><img loading=\"lazy\" decoding=\"async\" width=\"718\" height=\"1024\" src=\"https:\/\/www.inntech.com.tr\/wp-content\/uploads\/2025\/08\/sertifikalar-2-718x1024.png\" class=\"attachment-large size-large\" alt=\"\" srcset=\"https:\/\/www.inntech.com.tr\/wp-content\/uploads\/2025\/08\/sertifikalar-2-718x1024.png 718w, https:\/\/www.inntech.com.tr\/wp-content\/uploads\/2025\/08\/sertifikalar-2-210x300.png 210w, https:\/\/www.inntech.com.tr\/wp-content\/uploads\/2025\/08\/sertifikalar-2-70x100.png 70w, https:\/\/www.inntech.com.tr\/wp-content\/uploads\/2025\/08\/sertifikalar-2.png 1646w\" sizes=\"auto, (max-width: 718px) 100vw, 718px\" \/><\/div><div class=\"w-vwrapper usg_vwrapper_1 align_none valign_top\"><h2 class=\"w-post-elm post_title usg_post_title_1 has_text_color entry-title color_link_inherit\">ISO 45001:2018<\/h2><\/div>\t\t<\/div>\r\n\t\t\t<\/article>\r\n\t<article class=\"w-grid-item size_1x1 post-590 attachment type-attachment status-inherit hentry\" data-id=\"590\">\r\n\t\t<div class=\"w-grid-item-h\">\r\n\t\t\t\t\t\t\t<a ref=\"magnificPopupGrid\" href=\"https:\/\/www.inntech.com.tr\/wp-content\/uploads\/2025\/08\/sertifikalar-1.png\" class=\"w-grid-item-anchor\" aria-label=\"ISO 14001:2015\"><\/a>\r\n\t\t\t\t\t\t<div class=\"w-post-elm post_image usg_post_image_1 stretched\"><img loading=\"lazy\" decoding=\"async\" width=\"718\" height=\"1024\" src=\"https:\/\/www.inntech.com.tr\/wp-content\/uploads\/2025\/08\/sertifikalar-1-718x1024.png\" class=\"attachment-large size-large\" alt=\"\" srcset=\"https:\/\/www.inntech.com.tr\/wp-content\/uploads\/2025\/08\/sertifikalar-1-718x1024.png 718w, https:\/\/www.inntech.com.tr\/wp-content\/uploads\/2025\/08\/sertifikalar-1-210x300.png 210w, https:\/\/www.inntech.com.tr\/wp-content\/uploads\/2025\/08\/sertifikalar-1-70x100.png 70w, https:\/\/www.inntech.com.tr\/wp-content\/uploads\/2025\/08\/sertifikalar-1.png 1646w\" sizes=\"auto, (max-width: 718px) 100vw, 718px\" \/><\/div><div class=\"w-vwrapper usg_vwrapper_1 align_none valign_top\"><h2 class=\"w-post-elm post_title usg_post_title_1 has_text_color entry-title color_link_inherit\">ISO 14001:2015<\/h2><\/div>\t\t<\/div>\r\n\t\t\t<\/article>\r\n<\/div><div class=\"w-grid-preloader\">\t<div class=\"g-preloader type_1\">\r\n\t\t<div><\/div>\r\n\t<\/div>\r\n\t<\/div>\t<div class=\"w-grid-json hidden\" onclick='return {&quot;action&quot;:&quot;us_ajax_grid&quot;,&quot;infinite_scroll&quot;:0,&quot;max_num_pages&quot;:1,&quot;pagination&quot;:&quot;none&quot;,&quot;template_vars&quot;:{&quot;columns&quot;:&quot;5&quot;,&quot;exclude_items&quot;:&quot;none&quot;,&quot;img_size&quot;:&quot;default&quot;,&quot;ignore_items_size&quot;:0,&quot;items_layout&quot;:&quot;596&quot;,&quot;items_offset&quot;:&quot;1&quot;,&quot;load_animation&quot;:&quot;none&quot;,&quot;overriding_link&quot;:&quot;%7B%22type%22%3A%22popup_image%22%7D&quot;,&quot;post_id&quot;:0,&quot;query_args&quot;:{&quot;post_type&quot;:[&quot;attachment&quot;],&quot;post__in&quot;:[&quot;590&quot;,&quot;591&quot;,&quot;592&quot;,&quot;593&quot;,&quot;594&quot;],&quot;post_status&quot;:&quot;inherit&quot;,&quot;post_mime_type&quot;:&quot;image&quot;,&quot;posts_per_page&quot;:&quot;10&quot;},&quot;orderby_query_args&quot;:{&quot;orderby&quot;:{&quot;date&quot;:&quot;DESC&quot;}},&quot;type&quot;:&quot;grid&quot;,&quot;us_grid_post_type&quot;:&quot;attachment&quot;,&quot;us_grid_ajax_index&quot;:1,&quot;us_grid_filter_query_string&quot;:null,&quot;us_grid_index&quot;:1,&quot;page_args&quot;:[]}}'><\/div>\r\n\t<\/div><\/div><\/div><\/div><\/div><\/div><\/section>\n","protected":false},"excerpt":{"rendered":"","protected":false},"author":1,"featured_media":0,"parent":0,"menu_order":0,"comment_status":"closed","ping_status":"closed","template":"","meta":{"footnotes":""},"class_list":["post-104","page","type-page","status-publish","hentry"],"yoast_head":"<!-- This site is optimized with the Yoast SEO plugin v27.3 - https:\/\/yoast.com\/product\/yoast-seo-wordpress\/ -->\n<title>Hakk\u0131m\u0131zda - Inntech M\u00fchendislik<\/title>\n<meta name=\"robots\" content=\"index, follow, max-snippet:-1, max-image-preview:large, max-video-preview:-1\" \/>\n<link rel=\"canonical\" href=\"https:\/\/www.inntech.com.tr\/de\/hakkimizda\/\" \/>\n<meta property=\"og:locale\" content=\"de_DE\" \/>\n<meta property=\"og:type\" content=\"article\" \/>\n<meta property=\"og:title\" content=\"Hakk\u0131m\u0131zda - Inntech M\u00fchendislik\" \/>\n<meta property=\"og:url\" content=\"https:\/\/www.inntech.com.tr\/de\/hakkimizda\/\" \/>\n<meta property=\"og:site_name\" content=\"Inntech M\u00fchendislik\" \/>\n<meta property=\"article:modified_time\" content=\"2026-04-06T11:34:11+00:00\" \/>\n<meta name=\"twitter:card\" content=\"summary_large_image\" \/>\n<meta name=\"twitter:label1\" content=\"Gesch\u00e4tzte Lesezeit\" \/>\n\t<meta name=\"twitter:data1\" content=\"2\u00a0Minuten\" \/>\n<script type=\"application\/ld+json\" class=\"yoast-schema-graph\">{\"@context\":\"https:\\\/\\\/schema.org\",\"@graph\":[{\"@type\":\"WebPage\",\"@id\":\"https:\\\/\\\/www.inntech.com.tr\\\/hakkimizda\\\/\",\"url\":\"https:\\\/\\\/www.inntech.com.tr\\\/hakkimizda\\\/\",\"name\":\"Hakk\u0131m\u0131zda - Inntech M\u00fchendislik\",\"isPartOf\":{\"@id\":\"https:\\\/\\\/www.inntech.com.tr\\\/#website\"},\"datePublished\":\"2025-06-13T07:11:54+00:00\",\"dateModified\":\"2026-04-06T11:34:11+00:00\",\"breadcrumb\":{\"@id\":\"https:\\\/\\\/www.inntech.com.tr\\\/hakkimizda\\\/#breadcrumb\"},\"inLanguage\":\"de\",\"potentialAction\":[{\"@type\":\"ReadAction\",\"target\":[\"https:\\\/\\\/www.inntech.com.tr\\\/hakkimizda\\\/\"]}]},{\"@type\":\"BreadcrumbList\",\"@id\":\"https:\\\/\\\/www.inntech.com.tr\\\/hakkimizda\\\/#breadcrumb\",\"itemListElement\":[{\"@type\":\"ListItem\",\"position\":1,\"name\":\"Anasayfa\",\"item\":\"https:\\\/\\\/www.inntech.com.tr\\\/\"},{\"@type\":\"ListItem\",\"position\":2,\"name\":\"Hakk\u0131m\u0131zda\"}]},{\"@type\":\"WebSite\",\"@id\":\"https:\\\/\\\/www.inntech.com.tr\\\/#website\",\"url\":\"https:\\\/\\\/www.inntech.com.tr\\\/\",\"name\":\"Inntech M\u00fchendislik\",\"description\":\"\",\"potentialAction\":[{\"@type\":\"SearchAction\",\"target\":{\"@type\":\"EntryPoint\",\"urlTemplate\":\"https:\\\/\\\/www.inntech.com.tr\\\/?s={search_term_string}\"},\"query-input\":{\"@type\":\"PropertyValueSpecification\",\"valueRequired\":true,\"valueName\":\"search_term_string\"}}],\"inLanguage\":\"de\"}]}<\/script>\n<!-- \/ Yoast SEO plugin. -->","yoast_head_json":{"title":"Hakk\u0131m\u0131zda - Inntech M\u00fchendislik","robots":{"index":"index","follow":"follow","max-snippet":"max-snippet:-1","max-image-preview":"max-image-preview:large","max-video-preview":"max-video-preview:-1"},"canonical":"https:\/\/www.inntech.com.tr\/de\/hakkimizda\/","og_locale":"de_DE","og_type":"article","og_title":"Hakk\u0131m\u0131zda - Inntech M\u00fchendislik","og_url":"https:\/\/www.inntech.com.tr\/de\/hakkimizda\/","og_site_name":"Inntech M\u00fchendislik","article_modified_time":"2026-04-06T11:34:11+00:00","twitter_card":"summary_large_image","twitter_misc":{"Gesch\u00e4tzte Lesezeit":"2\u00a0Minuten"},"schema":{"@context":"https:\/\/schema.org","@graph":[{"@type":"WebPage","@id":"https:\/\/www.inntech.com.tr\/hakkimizda\/","url":"https:\/\/www.inntech.com.tr\/hakkimizda\/","name":"Hakk\u0131m\u0131zda - Inntech M\u00fchendislik","isPartOf":{"@id":"https:\/\/www.inntech.com.tr\/#website"},"datePublished":"2025-06-13T07:11:54+00:00","dateModified":"2026-04-06T11:34:11+00:00","breadcrumb":{"@id":"https:\/\/www.inntech.com.tr\/hakkimizda\/#breadcrumb"},"inLanguage":"de","potentialAction":[{"@type":"ReadAction","target":["https:\/\/www.inntech.com.tr\/hakkimizda\/"]}]},{"@type":"BreadcrumbList","@id":"https:\/\/www.inntech.com.tr\/hakkimizda\/#breadcrumb","itemListElement":[{"@type":"ListItem","position":1,"name":"Anasayfa","item":"https:\/\/www.inntech.com.tr\/"},{"@type":"ListItem","position":2,"name":"Hakk\u0131m\u0131zda"}]},{"@type":"WebSite","@id":"https:\/\/www.inntech.com.tr\/#website","url":"https:\/\/www.inntech.com.tr\/","name":"Inntech M\u00fchendislik","description":"","potentialAction":[{"@type":"SearchAction","target":{"@type":"EntryPoint","urlTemplate":"https:\/\/www.inntech.com.tr\/?s={search_term_string}"},"query-input":{"@type":"PropertyValueSpecification","valueRequired":true,"valueName":"search_term_string"}}],"inLanguage":"de"}]}},"_links":{"self":[{"href":"https:\/\/www.inntech.com.tr\/de\/wp-json\/wp\/v2\/pages\/104","targetHints":{"allow":["GET"]}}],"collection":[{"href":"https:\/\/www.inntech.com.tr\/de\/wp-json\/wp\/v2\/pages"}],"about":[{"href":"https:\/\/www.inntech.com.tr\/de\/wp-json\/wp\/v2\/types\/page"}],"author":[{"embeddable":true,"href":"https:\/\/www.inntech.com.tr\/de\/wp-json\/wp\/v2\/users\/1"}],"replies":[{"embeddable":true,"href":"https:\/\/www.inntech.com.tr\/de\/wp-json\/wp\/v2\/comments?post=104"}],"version-history":[{"count":38,"href":"https:\/\/www.inntech.com.tr\/de\/wp-json\/wp\/v2\/pages\/104\/revisions"}],"predecessor-version":[{"id":1565,"href":"https:\/\/www.inntech.com.tr\/de\/wp-json\/wp\/v2\/pages\/104\/revisions\/1565"}],"wp:attachment":[{"href":"https:\/\/www.inntech.com.tr\/de\/wp-json\/wp\/v2\/media?parent=104"}],"curies":[{"name":"wp","href":"https:\/\/api.w.org\/{rel}","templated":true}]}}