{"id":259,"date":"2025-06-15T22:36:30","date_gmt":"2025-06-15T19:36:30","guid":{"rendered":"https:\/\/www.beta2.lf.com.tr\/?page_id=259"},"modified":"2025-09-16T17:10:55","modified_gmt":"2025-09-16T14:10:55","slug":"elektrik","status":"publish","type":"page","link":"https:\/\/www.inntech.com.tr\/de\/elektrik\/","title":{"rendered":"Elektrische Installation"},"content":{"rendered":"<section class=\"l-section wpb_row us_custom_fe15326a us_animate_this height_huge color_primary with_img\"><div class=\"l-section-img\" role=\"img\" data-img-width=\"2500\" data-img-height=\"600\" style=\"background-image: url(https:\/\/www.inntech.com.tr\/wp-content\/uploads\/2025\/08\/Elektrik-sistemleri_inntech.webp);background-repeat: no-repeat;\"><\/div><div class=\"l-section-overlay\" style=\"background:rgba(0,0,0,0.3)\"><\/div><div class=\"l-section-h i-cf\"><div class=\"g-cols vc_row via_flex valign_middle type_default stacking_default\"><div class=\"vc_col-sm-12 wpb_column vc_column_container\"><div class=\"vc_column-inner\"><div class=\"wpb_wrapper\"><div class=\"w-separator size_huge\"><\/div><div class=\"wpb_text_column us_custom_bc95114c\"><div class=\"wpb_wrapper\"><p style=\"text-align: center;\"><b>ELEKTR\u0130K <\/b>TES\u0130SATI<\/p>\n<\/div><\/div><div class=\"w-separator size_huge\"><\/div><\/div><\/div><\/div><\/div><\/div><\/section><section class=\"l-section wpb_row height_medium\"><div class=\"l-section-overlay\" style=\"background:#f5f5f5\"><\/div><div class=\"l-section-h i-cf\"><div class=\"g-cols vc_row via_flex valign_middle type_default stacking_default\" style=\"--additional-gap:1.6rem;\"><div class=\"vc_col-sm-8 wpb_column vc_column_container\"><div class=\"vc_column-inner\"><div class=\"wpb_wrapper\"><div class=\"wpb_text_column us_custom_ac3737f7\"><div class=\"wpb_wrapper\"><p data-start=\"143\" data-end=\"665\"><strong data-start=\"1580\" data-end=\"1603\">Elektrik sistemleri<\/strong>, modern yap\u0131lar\u0131n g\u00fcvenli\u011fi, verimlili\u011fi ve s\u00fcrd\u00fcr\u00fclebilirli\u011fi i\u00e7in temel altyap\u0131lard\u0131r. \u0130nnTech olarak, orta ve al\u00e7ak gerilim \u00e7\u00f6z\u00fcmlerinden zay\u0131f ak\u0131m ve otomasyon sistemlerine kadar geni\u015f kapsaml\u0131 m\u00fchendislik hizmetleri sunuyoruz. Her projeyi ulusal ve uluslararas\u0131 standartlara uygun olarak planlay\u0131p, uygulama ve devreye alma s\u00fcre\u00e7lerini eksiksiz y\u00fcr\u00fct\u00fcyoruz.<\/p>\n<\/div><\/div><\/div><\/div><\/div><div class=\"vc_col-sm-4 wpb_column vc_column_container\"><div class=\"vc_column-inner\"><div class=\"wpb_wrapper\"><div class=\"w-image align_none\"><div class=\"w-image-h\"><img decoding=\"async\" width=\"931\" height=\"1024\" src=\"https:\/\/www.inntech.com.tr\/wp-content\/uploads\/2025\/08\/elektrik-tesisati_ana-gorsel-931x1024.jpg\" class=\"attachment-large size-large\" alt=\"\" loading=\"lazy\" srcset=\"https:\/\/www.inntech.com.tr\/wp-content\/uploads\/2025\/08\/elektrik-tesisati_ana-gorsel-931x1024.jpg 931w, https:\/\/www.inntech.com.tr\/wp-content\/uploads\/2025\/08\/elektrik-tesisati_ana-gorsel-273x300.jpg 273w, https:\/\/www.inntech.com.tr\/wp-content\/uploads\/2025\/08\/elektrik-tesisati_ana-gorsel-91x100.jpg 91w, https:\/\/www.inntech.com.tr\/wp-content\/uploads\/2025\/08\/elektrik-tesisati_ana-gorsel.jpg 1000w\" sizes=\"auto, (max-width: 931px) 100vw, 931px\" \/><\/div><\/div><\/div><\/div><\/div><\/div><\/div><\/section><section class=\"l-section wpb_row height_medium\"><div class=\"l-section-h i-cf\"><div class=\"g-cols vc_row via_flex valign_top type_default stacking_default\"><div class=\"vc_col-sm-12 wpb_column vc_column_container\"><div class=\"vc_column-inner\"><div class=\"wpb_wrapper\"><div class=\"w-grid type_grid layout_424 cols_3 ratio_1x1\" id=\"us_grid_1\" style=\"--columns:3;--gap:0.5rem;--item-ratio:1;\"><style>@media (max-width:1024px){#us_grid_1{--columns:2!important}}@media (max-width:600px){#us_grid_1{--columns:1!important}}.layout_424 .w-grid-item-h{background:#333}.layout_424 .usg_post_image_1{transition-duration:0.35s;transform-origin:50% 50%;transform:scale(1) translate(0%,0%)}.layout_424 .w-grid-item-h:hover .usg_post_image_1{transform:scale(1.1) translate(0%,0%);opacity:0.1}.layout_424 .usg_post_image_1{position:absolute!important;left:0!important;top:0!important;bottom:0!important;right:0!important}.layout_424 .usg_vwrapper_1{position:absolute!important;left:0!important;bottom:0!important;right:0!important;background:linear-gradient(transparent,rgba(30,30,30,0.8))!important;padding:4rem 2rem 1.5rem 2rem!important}.layout_424 .usg_post_title_1{color:#fff!important;font-size:2rem!important}<\/style><div class=\"w-grid-list\">\t<article class=\"w-grid-item size_1x1 post-1011 page type-page status-publish has-post-thumbnail hentry\" data-id=\"1011\">\r\n\t\t<div class=\"w-grid-item-h\">\r\n\t\t\t\t\t\t<div class=\"w-post-elm post_image usg_post_image_1 stretched\"><a href=\"https:\/\/www.inntech.com.tr\/de\/elektrik\/zayif-akim-sistemleri\/\" aria-label=\"Zay\u0131f Ak\u0131m Sistemleri\"><img loading=\"lazy\" decoding=\"async\" width=\"931\" height=\"1024\" src=\"https:\/\/www.inntech.com.tr\/wp-content\/uploads\/2025\/08\/alcak-gerilim-sistemleri-931x1024.jpg\" class=\"attachment-large size-large wp-post-image\" alt=\"\" srcset=\"https:\/\/www.inntech.com.tr\/wp-content\/uploads\/2025\/08\/alcak-gerilim-sistemleri-931x1024.jpg 931w, https:\/\/www.inntech.com.tr\/wp-content\/uploads\/2025\/08\/alcak-gerilim-sistemleri-273x300.jpg 273w, https:\/\/www.inntech.com.tr\/wp-content\/uploads\/2025\/08\/alcak-gerilim-sistemleri-91x100.jpg 91w, https:\/\/www.inntech.com.tr\/wp-content\/uploads\/2025\/08\/alcak-gerilim-sistemleri.jpg 1000w\" sizes=\"auto, (max-width: 931px) 100vw, 931px\" \/><\/a><\/div><div class=\"w-vwrapper usg_vwrapper_1 align_none valign_top has-link\"><h1 class=\"w-post-elm post_title usg_post_title_1 has_text_color entry-title color_link_inherit\">Zay\u0131f Ak\u0131m Sistemleri<\/h1><a href=\"https:\/\/www.inntech.com.tr\/de\/elektrik\/zayif-akim-sistemleri\/\" class=\"w-vwrapper-link smooth-scroll\" aria-label=\"Link\"><\/a><\/div>\t\t<\/div>\r\n\t\t\t<\/article>\r\n\t<article class=\"w-grid-item size_1x1 post-1014 page type-page status-publish has-post-thumbnail hentry\" data-id=\"1014\">\r\n\t\t<div class=\"w-grid-item-h\">\r\n\t\t\t\t\t\t<div class=\"w-post-elm post_image usg_post_image_1 stretched\"><a href=\"https:\/\/www.inntech.com.tr\/de\/elektrik\/alcak-gerilim-sistemleri-2\/\" aria-label=\"Al\u00e7ak Gerilim Sistemleri\"><img loading=\"lazy\" decoding=\"async\" width=\"931\" height=\"1024\" src=\"https:\/\/www.inntech.com.tr\/wp-content\/uploads\/2025\/08\/bina-yonetim-sistemi-931x1024.jpg\" class=\"attachment-large size-large wp-post-image\" alt=\"\" srcset=\"https:\/\/www.inntech.com.tr\/wp-content\/uploads\/2025\/08\/bina-yonetim-sistemi-931x1024.jpg 931w, https:\/\/www.inntech.com.tr\/wp-content\/uploads\/2025\/08\/bina-yonetim-sistemi-273x300.jpg 273w, https:\/\/www.inntech.com.tr\/wp-content\/uploads\/2025\/08\/bina-yonetim-sistemi-91x100.jpg 91w, https:\/\/www.inntech.com.tr\/wp-content\/uploads\/2025\/08\/bina-yonetim-sistemi.jpg 1000w\" sizes=\"auto, (max-width: 931px) 100vw, 931px\" \/><\/a><\/div><div class=\"w-vwrapper usg_vwrapper_1 align_none valign_top has-link\"><h1 class=\"w-post-elm post_title usg_post_title_1 has_text_color entry-title color_link_inherit\">Al\u00e7ak Gerilim Sistemleri<\/h1><a href=\"https:\/\/www.inntech.com.tr\/de\/elektrik\/alcak-gerilim-sistemleri-2\/\" class=\"w-vwrapper-link smooth-scroll\" aria-label=\"Link\"><\/a><\/div>\t\t<\/div>\r\n\t\t\t<\/article>\r\n\t<article class=\"w-grid-item size_1x1 post-1016 page type-page status-publish has-post-thumbnail hentry\" data-id=\"1016\">\r\n\t\t<div class=\"w-grid-item-h\">\r\n\t\t\t\t\t\t<div class=\"w-post-elm post_image usg_post_image_1 stretched\"><a href=\"https:\/\/www.inntech.com.tr\/de\/elektrik\/orta-gerilim-sistemleri-2\/\" aria-label=\"Orta Gerilim Sistemleri\"><img loading=\"lazy\" decoding=\"async\" width=\"931\" height=\"1024\" src=\"https:\/\/www.inntech.com.tr\/wp-content\/uploads\/2025\/08\/orta-gerilim-sistemleri-931x1024.jpg\" class=\"attachment-large size-large wp-post-image\" alt=\"\" srcset=\"https:\/\/www.inntech.com.tr\/wp-content\/uploads\/2025\/08\/orta-gerilim-sistemleri-931x1024.jpg 931w, https:\/\/www.inntech.com.tr\/wp-content\/uploads\/2025\/08\/orta-gerilim-sistemleri-273x300.jpg 273w, https:\/\/www.inntech.com.tr\/wp-content\/uploads\/2025\/08\/orta-gerilim-sistemleri-91x100.jpg 91w, https:\/\/www.inntech.com.tr\/wp-content\/uploads\/2025\/08\/orta-gerilim-sistemleri.jpg 1000w\" sizes=\"auto, (max-width: 931px) 100vw, 931px\" \/><\/a><\/div><div class=\"w-vwrapper usg_vwrapper_1 align_none valign_top has-link\"><h1 class=\"w-post-elm post_title usg_post_title_1 has_text_color entry-title color_link_inherit\">Orta Gerilim Sistemleri<\/h1><a href=\"https:\/\/www.inntech.com.tr\/de\/elektrik\/orta-gerilim-sistemleri-2\/\" class=\"w-vwrapper-link smooth-scroll\" aria-label=\"Link\"><\/a><\/div>\t\t<\/div>\r\n\t\t\t<\/article>\r\n<\/div><div class=\"w-grid-preloader\">\t<div class=\"g-preloader type_1\">\r\n\t\t<div><\/div>\r\n\t<\/div>\r\n\t<\/div>\t<div class=\"w-grid-json hidden\" onclick='return {&quot;action&quot;:&quot;us_ajax_grid&quot;,&quot;infinite_scroll&quot;:0,&quot;max_num_pages&quot;:1,&quot;pagination&quot;:&quot;none&quot;,&quot;template_vars&quot;:{&quot;columns&quot;:&quot;3&quot;,&quot;exclude_items&quot;:&quot;none&quot;,&quot;img_size&quot;:&quot;default&quot;,&quot;ignore_items_size&quot;:0,&quot;items_layout&quot;:&quot;424&quot;,&quot;items_offset&quot;:&quot;1&quot;,&quot;load_animation&quot;:&quot;none&quot;,&quot;overriding_link&quot;:&quot;%7B%22url%22%3A%22%22%7D&quot;,&quot;post_id&quot;:0,&quot;query_args&quot;:{&quot;ignore_sticky_posts&quot;:1,&quot;post_type&quot;:&quot;any&quot;,&quot;post__in&quot;:[&quot;1011&quot;,&quot;1014&quot;,&quot;1016&quot;],&quot;posts_per_page&quot;:&quot;15&quot;},&quot;orderby_query_args&quot;:{&quot;orderby&quot;:{&quot;post__in&quot;:&quot;ASC&quot;},&quot;order&quot;:&quot;ASC&quot;},&quot;type&quot;:&quot;grid&quot;,&quot;us_grid_post_type&quot;:&quot;ids&quot;,&quot;us_grid_ajax_index&quot;:1,&quot;us_grid_filter_query_string&quot;:null,&quot;us_grid_index&quot;:1,&quot;page_args&quot;:[]}}'><\/div>\r\n\t<\/div><\/div><\/div><\/div><\/div><\/div><\/section><section class=\"l-section wpb_row height_huge width_full with_img\"><div class=\"l-section-img\" role=\"img\" data-img-width=\"1476\" data-img-height=\"573\" style=\"background-image: url(https:\/\/www.inntech.com.tr\/wp-content\/uploads\/2025\/06\/Screenshot_8.png);\"><\/div><div class=\"l-section-overlay\" style=\"background:rgba(0,0,0,0.6)\"><\/div><div class=\"l-section-h i-cf\"><div class=\"g-cols vc_row via_flex valign_top type_default stacking_default\"><div class=\"vc_col-sm-12 wpb_column vc_column_container\"><div class=\"vc_column-inner\"><div class=\"wpb_wrapper\"><div class=\"w-separator size_huge\"><\/div><\/div><\/div><\/div><\/div><\/div><\/section><section class=\"l-section wpb_row height_medium\"><div class=\"l-section-overlay\" style=\"background:#f5f5f5\"><\/div><div class=\"l-section-h i-cf\"><div class=\"g-cols vc_row via_flex valign_top type_default stacking_default\"><div class=\"vc_col-sm-12 wpb_column vc_column_container\"><div class=\"vc_column-inner\"><div class=\"wpb_wrapper\"><div class=\"w-separator size_medium with_line width_default thick_1 style_solid color_border align_center with_text with_content\"><div class=\"w-separator-h\"><h4 class=\"w-separator-text\"><span>Uygulama Alanlar\u0131<\/span><\/h4><\/div><\/div><div class=\"w-separator size_small\"><\/div><div class=\"wpb_text_column\"><div class=\"wpb_wrapper\"><div class=\"list-three\">\n<p data-start=\"161\" data-end=\"812\">Elektrik sistemleri \u00e7\u00f6z\u00fcmlerimiz; konut projelerinden end\u00fcstriyel tesislere, otel ve al\u0131\u015fveri\u015f merkezlerinden hastane, okul ve kamu binalar\u0131na kadar \u00e7ok geni\u015f bir yelpazede uygulanmaktad\u0131r. Modern ya\u015fam alanlar\u0131nda g\u00fcvenli ve verimli enerji ihtiyac\u0131n\u0131 kar\u015f\u0131layan sistemlerimiz, ayn\u0131 zamanda veri merkezleri, ofis kompleksleri, k\u00fclt\u00fcr-sanat yap\u0131lar\u0131, konferans salonlar\u0131 ve sahne sistemleri gibi \u00f6zel teknik altyap\u0131 gerektiren projelerde de y\u00fcksek performansla \u00e7al\u0131\u015fmaktad\u0131r. Her bir proje i\u00e7in enerji da\u011f\u0131t\u0131m\u0131, g\u00fcvenlik, ayd\u0131nlatma ve otomasyon gereksinimleri ayr\u0131 ayr\u0131 de\u011ferlendirilerek, kullan\u0131m amac\u0131na en uygun m\u00fchendislik \u00e7\u00f6z\u00fcmleri sunulmaktad\u0131r.<\/p>\n<\/div>\n<\/div><\/div><\/div><\/div><\/div><\/div><\/div><\/section><section class=\"l-section wpb_row height_huge with_img with_video\"><div class=\"l-section-img\" role=\"img\" data-img-width=\"2000\" data-img-height=\"874\" style=\"background-image: url(https:\/\/www.inntech.com.tr\/wp-content\/uploads\/2025\/06\/545974.jpg);\"><\/div><div id=\"us_bg_video_va27\" class=\"l-section-video\"><script id=\"us_bg_video_va27-script\">!function(w){var node = document.getElementById( 'us_bg_video_va27' );if ( w.innerWidth <= 600 ) { node.remove() }}(window);<\/script><style>@media(max-width:600px){#us_bg_video_va27{display:none!important}}<\/style><video  autoplay loop muted playsinline preload=\"auto\"><source type=\"video\/mp4\" src=\"\/wp-content\/uploads\/2025\/06\/1322171_Place_Lanta_1920x1080.mp4\" \/><\/video><\/div><div class=\"l-section-overlay\" style=\"background:rgba(0,0,0,0.55)\"><\/div><div class=\"l-section-h i-cf\"><div class=\"g-cols vc_row via_flex valign_top type_default stacking_default\"><div class=\"vc_col-sm-12 wpb_column vc_column_container\"><div class=\"vc_column-inner\"><div class=\"wpb_wrapper\"><div class=\"w-separator size_large\"><\/div><div class=\"wpb_text_column us_custom_6df4bc3a has_text_color\"><div class=\"wpb_wrapper\"><h2 style=\"text-align: center;\"><strong>\u00c7EVRE DOSTU, S\u00dcRD\u00dcR\u00dcLEB\u0130L\u0130R GELECEK PROJELER\u0130<\/strong><\/h2>\n<\/div><\/div><div class=\"w-separator size_large\"><\/div><\/div><\/div><\/div><\/div><\/div><\/section>\n","protected":false},"excerpt":{"rendered":"Orta Gerilim Sistemleri Orta gerilim sistemleri, 1 kV ile 36 kV aras\u0131ndaki elektrik enerjisinin g\u00fcvenli, verimli ve kesintisiz bir \u015fekilde iletilmesi ve da\u011f\u0131t\u0131lmas\u0131 i\u00e7in kullan\u0131lan sistemlerdir. B\u00fcy\u00fck \u00f6l\u00e7ekli projelerde enerji altyap\u0131s\u0131n\u0131n en kritik bile\u015fenlerinden biri olan bu sistemler, end\u00fcstriyel tesislerden konut projelerine, al\u0131\u015fveri\u015f merkezlerinden kamu binalar\u0131na kadar geni\u015f bir kullan\u0131m alan\u0131na sahiptir. Inntech olarak, orta...","protected":false},"author":1,"featured_media":0,"parent":0,"menu_order":0,"comment_status":"closed","ping_status":"closed","template":"","meta":{"footnotes":""},"class_list":["post-259","page","type-page","status-publish","hentry"],"yoast_head":"<!-- This site is optimized with the Yoast SEO plugin v27.3 - https:\/\/yoast.com\/product\/yoast-seo-wordpress\/ -->\n<title>Elektrik Tesisat\u0131 - Inntech M\u00fchendislik<\/title>\n<meta name=\"robots\" content=\"index, follow, max-snippet:-1, max-image-preview:large, max-video-preview:-1\" \/>\n<link rel=\"canonical\" href=\"https:\/\/www.inntech.com.tr\/de\/elektrik\/\" \/>\n<meta property=\"og:locale\" content=\"de_DE\" \/>\n<meta property=\"og:type\" content=\"article\" \/>\n<meta property=\"og:title\" content=\"Elektrik Tesisat\u0131 - Inntech M\u00fchendislik\" \/>\n<meta property=\"og:url\" content=\"https:\/\/www.inntech.com.tr\/de\/elektrik\/\" \/>\n<meta property=\"og:site_name\" content=\"Inntech M\u00fchendislik\" \/>\n<meta property=\"article:modified_time\" content=\"2025-09-16T14:10:55+00:00\" \/>\n<meta name=\"twitter:card\" content=\"summary_large_image\" \/>\n<meta name=\"twitter:label1\" content=\"Gesch\u00e4tzte Lesezeit\" \/>\n\t<meta name=\"twitter:data1\" content=\"2\u00a0Minuten\" \/>\n<script type=\"application\/ld+json\" class=\"yoast-schema-graph\">{\"@context\":\"https:\\\/\\\/schema.org\",\"@graph\":[{\"@type\":\"WebPage\",\"@id\":\"https:\\\/\\\/www.inntech.com.tr\\\/elektrik\\\/\",\"url\":\"https:\\\/\\\/www.inntech.com.tr\\\/elektrik\\\/\",\"name\":\"Elektrik Tesisat\u0131 - Inntech M\u00fchendislik\",\"isPartOf\":{\"@id\":\"https:\\\/\\\/www.inntech.com.tr\\\/#website\"},\"datePublished\":\"2025-06-15T19:36:30+00:00\",\"dateModified\":\"2025-09-16T14:10:55+00:00\",\"breadcrumb\":{\"@id\":\"https:\\\/\\\/www.inntech.com.tr\\\/elektrik\\\/#breadcrumb\"},\"inLanguage\":\"de\",\"potentialAction\":[{\"@type\":\"ReadAction\",\"target\":[\"https:\\\/\\\/www.inntech.com.tr\\\/elektrik\\\/\"]}]},{\"@type\":\"BreadcrumbList\",\"@id\":\"https:\\\/\\\/www.inntech.com.tr\\\/elektrik\\\/#breadcrumb\",\"itemListElement\":[{\"@type\":\"ListItem\",\"position\":1,\"name\":\"Anasayfa\",\"item\":\"https:\\\/\\\/www.inntech.com.tr\\\/\"},{\"@type\":\"ListItem\",\"position\":2,\"name\":\"Elektrik Tesisat\u0131\"}]},{\"@type\":\"WebSite\",\"@id\":\"https:\\\/\\\/www.inntech.com.tr\\\/#website\",\"url\":\"https:\\\/\\\/www.inntech.com.tr\\\/\",\"name\":\"Inntech M\u00fchendislik\",\"description\":\"\",\"potentialAction\":[{\"@type\":\"SearchAction\",\"target\":{\"@type\":\"EntryPoint\",\"urlTemplate\":\"https:\\\/\\\/www.inntech.com.tr\\\/?s={search_term_string}\"},\"query-input\":{\"@type\":\"PropertyValueSpecification\",\"valueRequired\":true,\"valueName\":\"search_term_string\"}}],\"inLanguage\":\"de\"}]}<\/script>\n<!-- \/ Yoast SEO plugin. -->","yoast_head_json":{"title":"Elektrik Tesisat\u0131 - Inntech M\u00fchendislik","robots":{"index":"index","follow":"follow","max-snippet":"max-snippet:-1","max-image-preview":"max-image-preview:large","max-video-preview":"max-video-preview:-1"},"canonical":"https:\/\/www.inntech.com.tr\/de\/elektrik\/","og_locale":"de_DE","og_type":"article","og_title":"Elektrik Tesisat\u0131 - Inntech M\u00fchendislik","og_url":"https:\/\/www.inntech.com.tr\/de\/elektrik\/","og_site_name":"Inntech M\u00fchendislik","article_modified_time":"2025-09-16T14:10:55+00:00","twitter_card":"summary_large_image","twitter_misc":{"Gesch\u00e4tzte Lesezeit":"2\u00a0Minuten"},"schema":{"@context":"https:\/\/schema.org","@graph":[{"@type":"WebPage","@id":"https:\/\/www.inntech.com.tr\/elektrik\/","url":"https:\/\/www.inntech.com.tr\/elektrik\/","name":"Elektrik Tesisat\u0131 - Inntech M\u00fchendislik","isPartOf":{"@id":"https:\/\/www.inntech.com.tr\/#website"},"datePublished":"2025-06-15T19:36:30+00:00","dateModified":"2025-09-16T14:10:55+00:00","breadcrumb":{"@id":"https:\/\/www.inntech.com.tr\/elektrik\/#breadcrumb"},"inLanguage":"de","potentialAction":[{"@type":"ReadAction","target":["https:\/\/www.inntech.com.tr\/elektrik\/"]}]},{"@type":"BreadcrumbList","@id":"https:\/\/www.inntech.com.tr\/elektrik\/#breadcrumb","itemListElement":[{"@type":"ListItem","position":1,"name":"Anasayfa","item":"https:\/\/www.inntech.com.tr\/"},{"@type":"ListItem","position":2,"name":"Elektrik Tesisat\u0131"}]},{"@type":"WebSite","@id":"https:\/\/www.inntech.com.tr\/#website","url":"https:\/\/www.inntech.com.tr\/","name":"Inntech M\u00fchendislik","description":"","potentialAction":[{"@type":"SearchAction","target":{"@type":"EntryPoint","urlTemplate":"https:\/\/www.inntech.com.tr\/?s={search_term_string}"},"query-input":{"@type":"PropertyValueSpecification","valueRequired":true,"valueName":"search_term_string"}}],"inLanguage":"de"}]}},"_links":{"self":[{"href":"https:\/\/www.inntech.com.tr\/de\/wp-json\/wp\/v2\/pages\/259","targetHints":{"allow":["GET"]}}],"collection":[{"href":"https:\/\/www.inntech.com.tr\/de\/wp-json\/wp\/v2\/pages"}],"about":[{"href":"https:\/\/www.inntech.com.tr\/de\/wp-json\/wp\/v2\/types\/page"}],"author":[{"embeddable":true,"href":"https:\/\/www.inntech.com.tr\/de\/wp-json\/wp\/v2\/users\/1"}],"replies":[{"embeddable":true,"href":"https:\/\/www.inntech.com.tr\/de\/wp-json\/wp\/v2\/comments?post=259"}],"version-history":[{"count":22,"href":"https:\/\/www.inntech.com.tr\/de\/wp-json\/wp\/v2\/pages\/259\/revisions"}],"predecessor-version":[{"id":1183,"href":"https:\/\/www.inntech.com.tr\/de\/wp-json\/wp\/v2\/pages\/259\/revisions\/1183"}],"wp:attachment":[{"href":"https:\/\/www.inntech.com.tr\/de\/wp-json\/wp\/v2\/media?parent=259"}],"curies":[{"name":"wp","href":"https:\/\/api.w.org\/{rel}","templated":true}]}}