{"id":3,"date":"2023-01-31T21:49:30","date_gmt":"2023-01-31T18:49:30","guid":{"rendered":"https:\/\/www.woodyport.com\/?page_id=3"},"modified":"2025-06-12T17:06:58","modified_gmt":"2025-06-12T14:06:58","slug":"gizlilik-politikasi","status":"publish","type":"page","link":"https:\/\/www.inntech.com.tr\/de\/gizlilik-politikasi\/","title":{"rendered":"Datenschutzrichtlinie"},"content":{"rendered":"<section class=\"l-section wpb_row height_medium\"><div class=\"l-section-h i-cf\"><div class=\"g-cols vc_row via_flex valign_top type_default stacking_default\"><div class=\"vc_col-sm-12 wpb_column vc_column_container\"><div class=\"vc_column-inner\"><div class=\"wpb_wrapper\"><div class=\"wpb_text_column\"><div class=\"wpb_wrapper\"><h2>Datenschutzrichtlinie<\/h2>\n<\/div><\/div><div class=\"w-separator size_medium\"><\/div><div class=\"wpb_text_column\"><div class=\"wpb_wrapper\"><p>Bu bilgilendirme, 6698 say\u0131l\u0131 \u201cKi\u015fisel Verilerin Korunmas\u0131 Kanunu\u201d 10. Maddesi gere\u011fince ve yasal zorunluluk \u00e7er\u00e7evesinde yap\u0131lmaktad\u0131r.<\/p>\n<p>Sitemiz SSL sertifikal\u0131d\u0131r.<\/p>\n<p>07.04.2016 tarihinde resmi gazetede yay\u0131nlanarak y\u00fcr\u00fcrl\u00fc\u011fe giren 6698 say\u0131l\u0131 Ki\u015fisel Verilerin Korunmas\u0131 Kanunu (\u201cKanun\u201d) kapsam\u0131nda \u015eirketimiz, Veri Sorumlusu s\u0131fat\u0131na sahip olup, bu s\u0131fat\u0131n gerektirdi\u011fi y\u00fck\u00fcml\u00fcl\u00fckleri yerine getirmek i\u00e7in gerekli uyum \u00e7al\u0131\u015fmalar\u0131n\u0131 ger\u00e7ekle\u015ftirmektedir.<\/p>\n<p>Firmam\u0131z\u2019dan hizmet almak\/ \u00fcr\u00fcn temin etmek i\u00e7in \u015firketimize bildirilen veya \u015firketimizce \u00e7e\u015fitli kanallarla temin edilen ki\u015fisel verileriniz \u201cKi\u015fisel Verilerin Korunmas\u0131 Kanunu\u201d kapsam\u0131nda \u201cVeri Sorumlusu\u201d s\u0131fat\u0131yla i\u015flenmektedir.<\/p>\n<p>Ki\u015fisel verileriniz i\u015fbu Kanun \u00e7er\u00e7evesinde \u015eirketimiz taraf\u0131ndan muhafaza edilip, vermi\u015f oldu\u011funuz onay \u00e7er\u00e7evesinde i\u015flenecektir. Belirtmek isteriz ki; Ki\u015fisel Verileriniz sizlere daha iyi bir hizmet deneyimi sa\u011flamak, \u00fcr\u00fcn ve hizmetlerimize ili\u015fkin pazarlama, tan\u0131t\u0131m ve bilgilendirme ama\u00e7l\u0131 ileti\u015fimleri ger\u00e7ekle\u015ftirmek, istatistiki bilgi toplamak ve derlemek ve ticari faaliyetleri geli\u015ftirmek ama\u00e7lar\u0131yla taraf\u0131m\u0131zca kullan\u0131labilecektir.<\/p>\n<p>Firmam\u0131z, m\u00fc\u015fteri bilgilerinin gizli tutulmas\u0131 ve bu bilgilerin \u00fc\u00e7\u00fcnc\u00fc ki\u015filerle payla\u015f\u0131lmamas\u0131na b\u00fcy\u00fck \u00f6nem verir. T\u00fcm \u00e7al\u0131\u015fanlar, g\u00f6revlerini yerine getirirken elde ettikleri bilgilerin gizlili\u011fini korumay\u0131 ve s\u00f6z konusu bilgileri sadece mevzuat kapsam\u0131nda ve mesleki g\u00f6revlerini yerine getirmede kullanmay\u0131 taahh\u00fct etmektedirler.<\/p>\n<p>Taraf\u0131n\u0131za ait ki\u015fisel bilgiler, ad, soyad, TC kimlik numaras\u0131 gibi kimlik bilgileri, aile durum bilgileri, hesap bilgileri, IP, telefon ve adres bilgileri, ses vb. belirlenebilir olman\u0131z\u0131 sa\u011flayacak her t\u00fcrl\u00fc bilgiyi ifade etmektedir.<\/p>\n<p>Ki\u015fisel verileriniz yasal olarak aktar\u0131lmas\u0131 gereken ulusal ve uluslararas\u0131 yetkili otoritelere\/ mercilere, idari ve resmi makamlara, ulusal ve uluslararas\u0131 mevzuat\u0131n ve s\u00f6zle\u015fmelerin \u00f6ng\u00f6rd\u00fc\u011f\u00fc yurti\u00e7i \u2013 yurtd\u0131\u015f\u0131 t\u00fcm ger\u00e7ek ve t\u00fczel ki\u015filere, hukuki zorunluluklar nedeniyle ve yasal s\u0131n\u0131rlamalar \u00e7er\u00e7evesinde ba\u011f\u0131ms\u0131z denetim \u015firketlerine ve \u00fc\u00e7\u00fcnc\u00fc ki\u015filere aktar\u0131labilecektir.<\/p>\n<p>\u00c7EREZLER (COOK\u0130E)<\/p>\n<p>Firmam\u0131z, \u201ccookie\u201d i\u00e7erisinde size g\u00f6nderilmi\u015f olan orijinal bilgiler haricinde, i\u015fbu web sitesinin kullan\u0131m\u0131n\u0131 kolayla\u015ft\u0131rmak amac\u0131yla \u201ccookie\u201dler kullanmaktad\u0131r. B\u00f6ylece, web sitemize d\u00f6nd\u00fc\u011f\u00fcn\u00fcz zaman size daha iyi hizmet verebilmemiz m\u00fcmk\u00fcn olmaktad\u0131r. \u201cCookie\u201dler, web sayfalar\u0131n\u0131n devaml\u0131 kullan\u0131c\u0131lar\u0131 tan\u0131mas\u0131na ve kullan\u0131c\u0131lar\u0131n siteye giri\u015flerini kolayla\u015ft\u0131rmas\u0131na imkan sa\u011flamak ve sitelerin i\u00e7eriklerini iyile\u015ftirmek ve geli\u015ftirmek amac\u0131yla toplu verileri toplamas\u0131na ve derlemesine imkan vermek amac\u0131yla kullan\u0131c\u0131lar\u0131n bilgisayar\u0131na yollanan ve orada saklanan k\u00fc\u00e7\u00fck metin dosyalar\u0131d\u0131r.<\/p>\n<p>\u201cCookie\u201dler, sizin ihtiya\u00e7 ve \u00e7\u0131karlar\u0131n\u0131za uygun ve \u00f6zg\u00fcn hizmet veya bilgileri size vermek amac\u0131yla kullan\u0131lmaktad\u0131r. \u201cCookie\u201dlerde mevcut bulunan oturum denetim bilgisi, web sitemizi kullanman\u0131z\u0131 daha kolay ve daha h\u0131zl\u0131 hale getirece\u011fi gibi web deneyiminizi en iyi ko\u015fullarla ya\u015fayabilmenizi sa\u011flayacakt\u0131r. Sitemizdeki \u201ccookie\u201dler ki\u015fisel bilgileri saklamaz ve if\u015fa etmez. Cookie\u2019ler vas\u0131tas\u0131 ile aktar\u0131lan bilgiler, herhangi bir promosyon veya pazarlama amac\u0131 i\u00e7in kullan\u0131lmamaktad\u0131r. Web sayfalar\u0131m\u0131z cookie\u2019ler arac\u0131l\u0131\u011f\u0131yla sitemizin kullan\u0131\u015fl\u0131l\u0131\u011f\u0131n\u0131 ve etkinli\u011fini iyile\u015ftirmek i\u00e7in kullan\u0131m \u015fekillerini izlemektedir. Ancak, bu bilgiler kesinlikle hi\u00e7bir \u015fekilde \u00fc\u00e7\u00fcnc\u00fc \u015fah\u0131slara sat\u0131lmaz veya onlarla payla\u015f\u0131lmaz. Kullanmakta oldu\u011funuz internet taray\u0131c\u0131n\u0131zda gerekli ayarlamalar\u0131 yaparak daha \u00f6nceden y\u00fcklenmi\u015f \u201ccookie\u201dleri silebilece\u011finiz gibi ileride y\u00fcklenecek \u201ccookie\u201dleri de engelleyebilir yada y\u00fcklenmeleri esnas\u0131nda taray\u0131c\u0131n\u0131z\u0131n sizi uyarmas\u0131n\u0131 sa\u011flayabilirsiniz.<\/p>\n<p>Ancak, s\u00f6z konusu Cookie\u2019lerin web sitemizin d\u00fczg\u00fcn \u00e7al\u0131\u015fmas\u0131 ve belli fonksiyonlar\u0131n\u0131 yerine getirebilmesi i\u00e7in gerekli olabilece\u011fini vurgulamak isteriz. Bu siteyi kullanmakla, i\u015fbu Gizlilik Beyan\u0131\u2019yla ba\u011fl\u0131 olaca\u011f\u0131n\u0131z\u0131 kabul etmektesiniz. Firmam\u0131z, i\u015fbu Gizlilik Beyan\u0131\u2019n\u0131, kendi iradesiyle de\u011fi\u015ftirme, baz\u0131 b\u00f6l\u00fcmlerini \u00e7\u0131karma veya yeni b\u00f6l\u00fcmler ekleme hakk\u0131n\u0131 her zaman sakl\u0131 tutar. \u0130\u015fbu Gizlilik Beyan\u0131 \u00fczerinde yap\u0131lan de\u011fi\u015fikliklerden sonra web sayfas\u0131n\u0131n kullan\u0131m\u0131na taraf\u0131n\u0131zca devam edilmesi, bu Gizlilik Beyan\u0131\u00b4ndaki de\u011fi\u015fiklikleri kabul etti\u011finizin taahh\u00fcd\u00fcd\u00fcr.<\/p>\n<p>Diledi\u011finiz zaman Kanunun 11. maddesi kapsam\u0131nda Veri Sorumlusu olan \u015eirketimize ba\u015fvurarak a\u015fa\u011f\u0131da belirtilen haklar\u0131 kullanabilirsiniz. Buna g\u00f6re ki\u015fisel verisi i\u015flenen m\u00fc\u015fterilerimiz;<\/p>\n<p>\u2013 Kendisine ait ki\u015fisel verilerin i\u015flenip i\u015flenmedi\u011fini \u00f6\u011frenme,<br \/>\n\u2013 \u0130\u015flenen ki\u015fisel verileri varsa bunlara ili\u015fkin bilgi talep etme,<br \/>\n\u2013 Ki\u015fisel verilerin i\u015flenme amac\u0131n\u0131 ve bu verilerin amaca uygun kullan\u0131l\u0131p kullan\u0131lmad\u0131\u011f\u0131n\u0131 \u00f6\u011frenme,<br \/>\n\u2013 Ki\u015fisel verilerinin aktar\u0131ld\u0131\u011f\u0131 \u00fc\u00e7\u00fcnc\u00fc ki\u015fileri bilme, ki\u015fisel verilerindeki hatalar\u0131n d\u00fczeltilmesini ve e\u011fer aktar\u0131m yap\u0131lm\u0131\u015fsa ilgili \u00fc\u00e7\u00fcnc\u00fc ki\u015fiden bu d\u00fczeltmenin istenmesini talep etme,<br \/>\n\u2013 Ki\u015fisel verilerin i\u015flenmesini gerektiren sebeplerin ortadan kalkmas\u0131 halinde bu verilerin silinmesini, yok edilmesini ya da anonim hale getirilmesini isteme ve e\u011fer aktar\u0131m yap\u0131lm\u0131\u015fsa bu talebin aktar\u0131lan \u00fc\u00e7\u00fcnc\u00fc ki\u015fiye iletilmesini isteme,<br \/>\n\u2013 \u0130\u015flenen verilerin neticesinde ki\u015fi ile ilintili olumsuz bir sonu\u00e7 \u00e7\u0131kmas\u0131na itiraz etme,<br \/>\n\u2013 Kanuna ayk\u0131r\u0131 veri i\u015fleme nedeniyle zarar\u0131n\u0131n ortaya \u00e7\u0131kmas\u0131 halinde zarar\u0131n\u0131 yasalar \u00e7er\u00e7evesinde talep etme haklar\u0131na sahiptirler.<\/p>\n<p>Yukar\u0131da say\u0131lan bu taleplerinizi \u015firketimize ileti\u015fim sayfam\u0131zdaki mail adresinden iletebilirsiniz.<\/p>\n<p>Site Kullan\u0131m S\u00f6zle\u015fmemizi buradan inceleyebilir, bize vermi\u015f oldu\u011funuz ki\u015fisel verilerinizi \u00fcyelik giri\u015fi yapt\u0131ktan sonra d\u00fczenleyebilirsiniz.<\/p>\n<\/div><\/div><\/div><\/div><\/div><\/div><\/div><\/section>","protected":false},"excerpt":{"rendered":"Gizlilik Politikas\u0131 Bu bilgilendirme, 6698 say\u0131l\u0131 \u201cKi\u015fisel Verilerin Korunmas\u0131 Kanunu\u201d 10. Maddesi gere\u011fince ve yasal zorunluluk \u00e7er\u00e7evesinde yap\u0131lmaktad\u0131r. Sitemiz SSL sertifikal\u0131d\u0131r. 07.04.2016 tarihinde resmi gazetede yay\u0131nlanarak y\u00fcr\u00fcrl\u00fc\u011fe giren 6698 say\u0131l\u0131 Ki\u015fisel Verilerin Korunmas\u0131 Kanunu (\u201cKanun\u201d) kapsam\u0131nda \u015eirketimiz, Veri Sorumlusu s\u0131fat\u0131na sahip olup, bu s\u0131fat\u0131n gerektirdi\u011fi y\u00fck\u00fcml\u00fcl\u00fckleri yerine getirmek i\u00e7in gerekli uyum \u00e7al\u0131\u015fmalar\u0131n\u0131 ger\u00e7ekle\u015ftirmektedir. Firmam\u0131z\u2019dan hizmet...","protected":false},"author":1,"featured_media":0,"parent":0,"menu_order":0,"comment_status":"closed","ping_status":"open","template":"","meta":{"footnotes":""},"class_list":["post-3","page","type-page","status-publish","hentry"],"yoast_head":"<!-- This site is optimized with the Yoast SEO plugin v27.3 - https:\/\/yoast.com\/product\/yoast-seo-wordpress\/ -->\n<title>Gizlilik Politikas\u0131 - Inntech M\u00fchendislik<\/title>\n<meta name=\"robots\" content=\"index, follow, max-snippet:-1, max-image-preview:large, max-video-preview:-1\" \/>\n<link rel=\"canonical\" href=\"https:\/\/www.inntech.com.tr\/de\/gizlilik-politikasi\/\" \/>\n<meta property=\"og:locale\" content=\"de_DE\" \/>\n<meta property=\"og:type\" content=\"article\" \/>\n<meta property=\"og:title\" content=\"Gizlilik Politikas\u0131 - Inntech M\u00fchendislik\" \/>\n<meta property=\"og:url\" content=\"https:\/\/www.inntech.com.tr\/de\/gizlilik-politikasi\/\" \/>\n<meta property=\"og:site_name\" content=\"Inntech M\u00fchendislik\" \/>\n<meta property=\"article:modified_time\" content=\"2025-06-12T14:06:58+00:00\" \/>\n<meta name=\"twitter:card\" content=\"summary_large_image\" \/>\n<meta name=\"twitter:label1\" content=\"Gesch\u00e4tzte Lesezeit\" \/>\n\t<meta name=\"twitter:data1\" content=\"5\u00a0Minuten\" \/>\n<script type=\"application\/ld+json\" class=\"yoast-schema-graph\">{\"@context\":\"https:\\\/\\\/schema.org\",\"@graph\":[{\"@type\":\"WebPage\",\"@id\":\"https:\\\/\\\/www.inntech.com.tr\\\/gizlilik-politikasi\\\/\",\"url\":\"https:\\\/\\\/www.inntech.com.tr\\\/gizlilik-politikasi\\\/\",\"name\":\"Gizlilik Politikas\u0131 - Inntech M\u00fchendislik\",\"isPartOf\":{\"@id\":\"https:\\\/\\\/www.inntech.com.tr\\\/#website\"},\"datePublished\":\"2023-01-31T18:49:30+00:00\",\"dateModified\":\"2025-06-12T14:06:58+00:00\",\"breadcrumb\":{\"@id\":\"https:\\\/\\\/www.inntech.com.tr\\\/gizlilik-politikasi\\\/#breadcrumb\"},\"inLanguage\":\"de\",\"potentialAction\":[{\"@type\":\"ReadAction\",\"target\":[\"https:\\\/\\\/www.inntech.com.tr\\\/gizlilik-politikasi\\\/\"]}]},{\"@type\":\"BreadcrumbList\",\"@id\":\"https:\\\/\\\/www.inntech.com.tr\\\/gizlilik-politikasi\\\/#breadcrumb\",\"itemListElement\":[{\"@type\":\"ListItem\",\"position\":1,\"name\":\"Anasayfa\",\"item\":\"https:\\\/\\\/www.inntech.com.tr\\\/\"},{\"@type\":\"ListItem\",\"position\":2,\"name\":\"Gizlilik Politikas\u0131\"}]},{\"@type\":\"WebSite\",\"@id\":\"https:\\\/\\\/www.inntech.com.tr\\\/#website\",\"url\":\"https:\\\/\\\/www.inntech.com.tr\\\/\",\"name\":\"Inntech M\u00fchendislik\",\"description\":\"\",\"potentialAction\":[{\"@type\":\"SearchAction\",\"target\":{\"@type\":\"EntryPoint\",\"urlTemplate\":\"https:\\\/\\\/www.inntech.com.tr\\\/?s={search_term_string}\"},\"query-input\":{\"@type\":\"PropertyValueSpecification\",\"valueRequired\":true,\"valueName\":\"search_term_string\"}}],\"inLanguage\":\"de\"}]}<\/script>\n<!-- \/ Yoast SEO plugin. -->","yoast_head_json":{"title":"Gizlilik Politikas\u0131 - Inntech M\u00fchendislik","robots":{"index":"index","follow":"follow","max-snippet":"max-snippet:-1","max-image-preview":"max-image-preview:large","max-video-preview":"max-video-preview:-1"},"canonical":"https:\/\/www.inntech.com.tr\/de\/gizlilik-politikasi\/","og_locale":"de_DE","og_type":"article","og_title":"Gizlilik Politikas\u0131 - Inntech M\u00fchendislik","og_url":"https:\/\/www.inntech.com.tr\/de\/gizlilik-politikasi\/","og_site_name":"Inntech M\u00fchendislik","article_modified_time":"2025-06-12T14:06:58+00:00","twitter_card":"summary_large_image","twitter_misc":{"Gesch\u00e4tzte Lesezeit":"5\u00a0Minuten"},"schema":{"@context":"https:\/\/schema.org","@graph":[{"@type":"WebPage","@id":"https:\/\/www.inntech.com.tr\/gizlilik-politikasi\/","url":"https:\/\/www.inntech.com.tr\/gizlilik-politikasi\/","name":"Gizlilik Politikas\u0131 - Inntech M\u00fchendislik","isPartOf":{"@id":"https:\/\/www.inntech.com.tr\/#website"},"datePublished":"2023-01-31T18:49:30+00:00","dateModified":"2025-06-12T14:06:58+00:00","breadcrumb":{"@id":"https:\/\/www.inntech.com.tr\/gizlilik-politikasi\/#breadcrumb"},"inLanguage":"de","potentialAction":[{"@type":"ReadAction","target":["https:\/\/www.inntech.com.tr\/gizlilik-politikasi\/"]}]},{"@type":"BreadcrumbList","@id":"https:\/\/www.inntech.com.tr\/gizlilik-politikasi\/#breadcrumb","itemListElement":[{"@type":"ListItem","position":1,"name":"Anasayfa","item":"https:\/\/www.inntech.com.tr\/"},{"@type":"ListItem","position":2,"name":"Gizlilik Politikas\u0131"}]},{"@type":"WebSite","@id":"https:\/\/www.inntech.com.tr\/#website","url":"https:\/\/www.inntech.com.tr\/","name":"Inntech M\u00fchendislik","description":"","potentialAction":[{"@type":"SearchAction","target":{"@type":"EntryPoint","urlTemplate":"https:\/\/www.inntech.com.tr\/?s={search_term_string}"},"query-input":{"@type":"PropertyValueSpecification","valueRequired":true,"valueName":"search_term_string"}}],"inLanguage":"de"}]}},"_links":{"self":[{"href":"https:\/\/www.inntech.com.tr\/de\/wp-json\/wp\/v2\/pages\/3","targetHints":{"allow":["GET"]}}],"collection":[{"href":"https:\/\/www.inntech.com.tr\/de\/wp-json\/wp\/v2\/pages"}],"about":[{"href":"https:\/\/www.inntech.com.tr\/de\/wp-json\/wp\/v2\/types\/page"}],"author":[{"embeddable":true,"href":"https:\/\/www.inntech.com.tr\/de\/wp-json\/wp\/v2\/users\/1"}],"replies":[{"embeddable":true,"href":"https:\/\/www.inntech.com.tr\/de\/wp-json\/wp\/v2\/comments?post=3"}],"version-history":[{"count":2,"href":"https:\/\/www.inntech.com.tr\/de\/wp-json\/wp\/v2\/pages\/3\/revisions"}],"predecessor-version":[{"id":65,"href":"https:\/\/www.inntech.com.tr\/de\/wp-json\/wp\/v2\/pages\/3\/revisions\/65"}],"wp:attachment":[{"href":"https:\/\/www.inntech.com.tr\/de\/wp-json\/wp\/v2\/media?parent=3"}],"curies":[{"name":"wp","href":"https:\/\/api.w.org\/{rel}","templated":true}]}}