{"id":344,"date":"2025-08-05T15:08:11","date_gmt":"2025-08-05T12:08:11","guid":{"rendered":"https:\/\/www.beta2.lf.com.tr\/?page_id=344"},"modified":"2026-04-06T15:22:50","modified_gmt":"2026-04-06T12:22:50","slug":"duyurular","status":"publish","type":"page","link":"https:\/\/www.inntech.com.tr\/de\/duyurular\/","title":{"rendered":"Neuigkeiten von uns"},"content":{"rendered":"<section class=\"l-section wpb_row height_auto width_full\"><div class=\"l-section-h i-cf\"><div class=\"g-cols vc_row via_flex valign_top type_default stacking_default\"><div class=\"vc_col-sm-12 wpb_column vc_column_container\"><div class=\"vc_column-inner\"><div class=\"wpb_wrapper\"><div class=\"w-image align_center\"><div class=\"w-image-h\"><img decoding=\"async\" width=\"2500\" height=\"600\" src=\"https:\/\/www.inntech.com.tr\/wp-content\/uploads\/2025\/08\/Duyurular_banner.jpg\" class=\"attachment-full size-full\" alt=\"\" loading=\"lazy\" srcset=\"https:\/\/www.inntech.com.tr\/wp-content\/uploads\/2025\/08\/Duyurular_banner.jpg 2500w, https:\/\/www.inntech.com.tr\/wp-content\/uploads\/2025\/08\/Duyurular_banner-300x72.jpg 300w, https:\/\/www.inntech.com.tr\/wp-content\/uploads\/2025\/08\/Duyurular_banner-1024x246.jpg 1024w, https:\/\/www.inntech.com.tr\/wp-content\/uploads\/2025\/08\/Duyurular_banner-100x24.jpg 100w\" sizes=\"auto, (max-width: 2500px) 100vw, 2500px\" \/><\/div><\/div><\/div><\/div><\/div><\/div><\/div><\/section><section class=\"l-section wpb_row us_custom_c5ac9e41 height_medium width_full\"><div class=\"l-section-h i-cf\"><div class=\"g-cols vc_row via_flex valign_top type_default stacking_default\"><div class=\"vc_col-sm-12 wpb_column vc_column_container\"><div class=\"vc_column-inner\"><div class=\"wpb_wrapper\"><div class=\"w-separator us_custom_0b7e9c59 size_medium with_line width_default thick_1 style_solid color_border align_center with_text with_content\"><div class=\"w-separator-h\"><h3 class=\"w-separator-text\"><span>DUYURULAR<\/span><\/h3><\/div><\/div><div class=\"w-separator size_small\"><\/div><div class=\"w-grid type_grid layout_1572 cols_3 pagination_infinite\" id=\"us_grid_1\" style=\"--columns:3;--gap:1.5rem;\" data-filterable=\"true\"><style>@media (max-width:1380px){#us_grid_1{--columns:1!important}}@media (max-width:1024px){#us_grid_1{--columns:1!important}}@media (max-width:600px){#us_grid_1{--columns:1!important}}.layout_1572 .w-grid-item-h{}.layout_1572 .usg_hwrapper_1{margin-top:0.5rem!important}.layout_1572 .usg_post_image_1{width:4rem!important;margin-right:1rem!important}.layout_1572 .usg_vwrapper_2{padding-top:3.5rem!important;padding-left:2rem!important}.layout_1572 .usg_post_custom_field_3{color:var(--color-content-primary)!important;font-size:3rem!important;line-height:1!important;position:absolute!important;left:0!important;top:0!important}<\/style><div class=\"w-grid-list\">\t<article class=\"w-grid-item size_1x1 post-1586 post type-post status-publish format-standard hentry category-genel\" data-id=\"1586\">\r\n\t\t<div class=\"w-grid-item-h\">\r\n\t\t\t\t\t\t\t<a href=\"\/devam-eden-projeler\/\" class=\"w-grid-item-anchor\" aria-label=\"Famir Kartal \/ \u0130stanbul Darphane ve Damga Matbaas\u0131\"><\/a>\r\n\t\t\t\t\t\t<div class=\"w-vwrapper usg_vwrapper_2 align_none valign_top\"><div class=\"w-post-elm post_custom_field usg_post_custom_field_3 has_text_color type_text  color_link_inherit\"><i class=\"far fa-quote-left\"><\/i><span class=\"w-post-elm-value\"><\/span><\/div><h4 class=\"w-post-elm post_title usg_post_title_1 entry-title color_link_inherit\"><a href=\"https:\/\/www.inntech.com.tr\/de\/famir-kartal-istanbul-darphane-ve-damga-matbaasi\/\">Famir Kartal \/ \u0130stanbul Darphane ve Damga Matbaas\u0131<\/a><\/h4><div class=\"w-post-elm post_content usg_post_content_1\"><p>Genel M\u00fcd\u00fcrl\u00fc\u011f\u00fc Ek Hizmet Binas\u0131 Mekanik Tesisat Dan\u0131\u015fmanl\u0131k i\u015fleri devam ediyor.2026<\/p>\n<\/div><div class=\"w-hwrapper usg_hwrapper_1 align_none valign_middle\"><\/div><\/div>\t\t<\/div>\r\n\t\t\t<\/article>\r\n\t<article class=\"w-grid-item size_1x1 post-1584 post type-post status-publish format-standard has-post-thumbnail hentry category-genel\" data-id=\"1584\">\r\n\t\t<div class=\"w-grid-item-h\">\r\n\t\t\t\t\t\t\t<a href=\"\/devam-eden-projeler\/\" class=\"w-grid-item-anchor\" aria-label=\"Omba Tekstil Kartepe \/ Kocaeli\"><\/a>\r\n\t\t\t\t\t\t<div class=\"w-vwrapper usg_vwrapper_2 align_none valign_top\"><div class=\"w-post-elm post_custom_field usg_post_custom_field_3 has_text_color type_text  color_link_inherit\"><i class=\"far fa-quote-left\"><\/i><span class=\"w-post-elm-value\"><\/span><\/div><h4 class=\"w-post-elm post_title usg_post_title_1 entry-title color_link_inherit\"><a href=\"https:\/\/www.inntech.com.tr\/de\/omba-tekstil-kartepe-kocaeli\/\">Omba Tekstil Kartepe \/ Kocaeli<\/a><\/h4><div class=\"w-post-elm post_content usg_post_content_1\"><p>Fabrikas\u0131 Mekanik Tesisat i\u015fleri devam ediyor.2026<\/p>\n<\/div><div class=\"w-hwrapper usg_hwrapper_1 align_none valign_middle\"><div class=\"w-post-elm post_image usg_post_image_1 as_circle has_width stretched\"><img loading=\"lazy\" decoding=\"async\" width=\"150\" height=\"150\" src=\"https:\/\/www.inntech.com.tr\/wp-content\/uploads\/2025\/09\/OMBA-150x150.jpeg\" class=\"attachment-thumbnail size-thumbnail wp-post-image\" alt=\"\" \/><\/div><\/div><\/div>\t\t<\/div>\r\n\t\t\t<\/article>\r\n\t<article class=\"w-grid-item size_1x1 post-1581 post type-post status-publish format-standard has-post-thumbnail hentry category-genel\" data-id=\"1581\">\r\n\t\t<div class=\"w-grid-item-h\">\r\n\t\t\t\t\t\t\t<a href=\"\/devam-eden-projeler\/\" class=\"w-grid-item-anchor\" aria-label=\"Saes Dilovas\u0131 \/ Kocaeli\"><\/a>\r\n\t\t\t\t\t\t<div class=\"w-vwrapper usg_vwrapper_2 align_none valign_top\"><div class=\"w-post-elm post_custom_field usg_post_custom_field_3 has_text_color type_text  color_link_inherit\"><i class=\"far fa-quote-left\"><\/i><span class=\"w-post-elm-value\"><\/span><\/div><h4 class=\"w-post-elm post_title usg_post_title_1 entry-title color_link_inherit\"><a href=\"https:\/\/www.inntech.com.tr\/de\/saes-dilovasi-kocaeli\/\">Saes Dilovas\u0131 \/ Kocaeli<\/a><\/h4><div class=\"w-post-elm post_content usg_post_content_1\"><p>Fabrika \u0130dari BinaSI Mekanik Tesisat i\u015fleri devam ediyor.2026<\/p>\n<\/div><div class=\"w-hwrapper usg_hwrapper_1 align_none valign_middle\"><div class=\"w-post-elm post_image usg_post_image_1 as_circle has_width stretched\"><img loading=\"lazy\" decoding=\"async\" width=\"150\" height=\"150\" src=\"https:\/\/www.inntech.com.tr\/wp-content\/uploads\/2025\/09\/SAES-ANA-GORSEL-150x150.jpeg\" class=\"attachment-thumbnail size-thumbnail wp-post-image\" alt=\"\" \/><\/div><\/div><\/div>\t\t<\/div>\r\n\t\t\t<\/article>\r\n\t<article class=\"w-grid-item size_1x1 post-1579 post type-post status-publish format-standard has-post-thumbnail hentry category-genel\" data-id=\"1579\">\r\n\t\t<div class=\"w-grid-item-h\">\r\n\t\t\t\t\t\t\t<a href=\"\/devam-eden-projeler\/\" class=\"w-grid-item-anchor\" aria-label=\"G\u00fcr\u015fen Gayrimenkul (\u015een Pili\u00e7)\"><\/a>\r\n\t\t\t\t\t\t<div class=\"w-vwrapper usg_vwrapper_2 align_none valign_top\"><div class=\"w-post-elm post_custom_field usg_post_custom_field_3 has_text_color type_text  color_link_inherit\"><i class=\"far fa-quote-left\"><\/i><span class=\"w-post-elm-value\"><\/span><\/div><h4 class=\"w-post-elm post_title usg_post_title_1 entry-title color_link_inherit\"><a href=\"https:\/\/www.inntech.com.tr\/de\/gursen-gayrimenkul-sen-pilic\/\">G\u00fcr\u015fen Gayrimenkul (\u015een Pili\u00e7)<\/a><\/h4><div class=\"w-post-elm post_content usg_post_content_1\"><p>\u00c7ay\u0131rova Depo \u0130dari Binas\u0131 Mekanik Tesisat i\u015fleri devam ediyor.2026<\/p>\n<\/div><div class=\"w-hwrapper usg_hwrapper_1 align_none valign_middle\"><div class=\"w-post-elm post_image usg_post_image_1 as_circle has_width stretched\"><img loading=\"lazy\" decoding=\"async\" width=\"150\" height=\"150\" src=\"https:\/\/www.inntech.com.tr\/wp-content\/uploads\/2025\/09\/gursen-ana-gorsel-150x150.jpg\" class=\"attachment-thumbnail size-thumbnail wp-post-image\" alt=\"\" \/><\/div><\/div><\/div>\t\t<\/div>\r\n\t\t\t<\/article>\r\n\t<article class=\"w-grid-item size_1x1 post-1577 post type-post status-publish format-standard has-post-thumbnail hentry category-genel\" data-id=\"1577\">\r\n\t\t<div class=\"w-grid-item-h\">\r\n\t\t\t\t\t\t\t<a href=\"\/devam-eden-projeler\/\" class=\"w-grid-item-anchor\" aria-label=\"\u00c7ekok Migros Serik \/ Antalya\"><\/a>\r\n\t\t\t\t\t\t<div class=\"w-vwrapper usg_vwrapper_2 align_none valign_top\"><div class=\"w-post-elm post_custom_field usg_post_custom_field_3 has_text_color type_text  color_link_inherit\"><i class=\"far fa-quote-left\"><\/i><span class=\"w-post-elm-value\"><\/span><\/div><h4 class=\"w-post-elm post_title usg_post_title_1 entry-title color_link_inherit\"><a href=\"https:\/\/www.inntech.com.tr\/de\/cekok-migros-serik-antalya\/\">\u00c7ekok Migros Serik \/ Antalya<\/a><\/h4><div class=\"w-post-elm post_content usg_post_content_1\"><p>Lojistik Deposu Elektrik \/ Mekanik Tesisat i\u015fleri Devam ediyor.2025<\/p>\n<\/div><div class=\"w-hwrapper usg_hwrapper_1 align_none valign_middle\"><div class=\"w-post-elm post_image usg_post_image_1 as_circle has_width stretched\"><img loading=\"lazy\" decoding=\"async\" width=\"150\" height=\"150\" src=\"https:\/\/www.inntech.com.tr\/wp-content\/uploads\/2025\/09\/cekok-2_inntech-150x150.webp\" class=\"attachment-thumbnail size-thumbnail wp-post-image\" alt=\"\" \/><\/div><\/div><\/div>\t\t<\/div>\r\n\t\t\t<\/article>\r\n<\/div><div class=\"w-grid-preloader\">\t<div class=\"g-preloader type_1\">\r\n\t\t<div><\/div>\r\n\t<\/div>\r\n\t<\/div>\t<div class=\"w-grid-json hidden\" onclick='return {&quot;action&quot;:&quot;us_ajax_grid&quot;,&quot;infinite_scroll&quot;:0,&quot;max_num_pages&quot;:1,&quot;pagination&quot;:&quot;infinite&quot;,&quot;template_vars&quot;:{&quot;columns&quot;:&quot;3&quot;,&quot;exclude_items&quot;:&quot;none&quot;,&quot;img_size&quot;:&quot;default&quot;,&quot;ignore_items_size&quot;:0,&quot;items_layout&quot;:&quot;1572&quot;,&quot;items_offset&quot;:&quot;1&quot;,&quot;load_animation&quot;:&quot;none&quot;,&quot;overriding_link&quot;:&quot;%7B%22url%22%3A%22%2Fdevam-eden-projeler%2F%22%7D&quot;,&quot;post_id&quot;:0,&quot;query_args&quot;:{&quot;post_type&quot;:[&quot;post&quot;],&quot;post_status&quot;:[&quot;publish&quot;],&quot;posts_per_page&quot;:&quot;1000&quot;},&quot;orderby_query_args&quot;:{&quot;orderby&quot;:{&quot;date&quot;:&quot;DESC&quot;}},&quot;type&quot;:&quot;grid&quot;,&quot;us_grid_post_type&quot;:&quot;post&quot;,&quot;us_grid_ajax_index&quot;:1,&quot;us_grid_filter_query_string&quot;:null,&quot;us_grid_index&quot;:1,&quot;page_args&quot;:[]}}'><\/div>\r\n\t<\/div><div class=\"w-separator size_medium\"><\/div><div class=\"w-btn-wrapper align_center\"><a class=\"w-btn us-btn-style_1\" href=\"\/projelerimiz\"><span class=\"w-btn-label\">T\u00fcm\u00fcn\u00fc G\u00f6r<\/span><\/a><\/div><\/div><\/div><\/div><\/div><\/div><\/section>\n","protected":false},"excerpt":{"rendered":"Lojistik Deposu Elektrik \/ Mekanik Tesisat i\u015fleri Devam ediyor.2025","protected":false},"author":1,"featured_media":0,"parent":0,"menu_order":0,"comment_status":"closed","ping_status":"closed","template":"","meta":{"footnotes":""},"class_list":["post-344","page","type-page","status-publish","hentry"],"yoast_head":"<!-- This site is optimized with the Yoast SEO plugin v27.3 - https:\/\/yoast.com\/product\/yoast-seo-wordpress\/ -->\n<title>Bizden Haberler - Inntech M\u00fchendislik<\/title>\n<meta name=\"robots\" content=\"index, follow, max-snippet:-1, max-image-preview:large, max-video-preview:-1\" \/>\n<link rel=\"canonical\" href=\"https:\/\/www.inntech.com.tr\/de\/duyurular\/\" \/>\n<meta property=\"og:locale\" content=\"de_DE\" \/>\n<meta property=\"og:type\" content=\"article\" \/>\n<meta property=\"og:title\" content=\"Bizden Haberler - Inntech M\u00fchendislik\" \/>\n<meta property=\"og:url\" content=\"https:\/\/www.inntech.com.tr\/de\/duyurular\/\" \/>\n<meta property=\"og:site_name\" content=\"Inntech M\u00fchendislik\" \/>\n<meta property=\"article:modified_time\" content=\"2026-04-06T12:22:50+00:00\" \/>\n<meta name=\"twitter:card\" content=\"summary_large_image\" \/>\n<meta name=\"twitter:label1\" content=\"Gesch\u00e4tzte Lesezeit\" \/>\n\t<meta name=\"twitter:data1\" content=\"1\u00a0Minute\" \/>\n<script type=\"application\/ld+json\" class=\"yoast-schema-graph\">{\"@context\":\"https:\\\/\\\/schema.org\",\"@graph\":[{\"@type\":\"WebPage\",\"@id\":\"https:\\\/\\\/www.inntech.com.tr\\\/duyurular\\\/\",\"url\":\"https:\\\/\\\/www.inntech.com.tr\\\/duyurular\\\/\",\"name\":\"Bizden Haberler - Inntech M\u00fchendislik\",\"isPartOf\":{\"@id\":\"https:\\\/\\\/www.inntech.com.tr\\\/#website\"},\"datePublished\":\"2025-08-05T12:08:11+00:00\",\"dateModified\":\"2026-04-06T12:22:50+00:00\",\"breadcrumb\":{\"@id\":\"https:\\\/\\\/www.inntech.com.tr\\\/duyurular\\\/#breadcrumb\"},\"inLanguage\":\"de\",\"potentialAction\":[{\"@type\":\"ReadAction\",\"target\":[\"https:\\\/\\\/www.inntech.com.tr\\\/duyurular\\\/\"]}]},{\"@type\":\"BreadcrumbList\",\"@id\":\"https:\\\/\\\/www.inntech.com.tr\\\/duyurular\\\/#breadcrumb\",\"itemListElement\":[{\"@type\":\"ListItem\",\"position\":1,\"name\":\"Anasayfa\",\"item\":\"https:\\\/\\\/www.inntech.com.tr\\\/\"},{\"@type\":\"ListItem\",\"position\":2,\"name\":\"Bizden Haberler\"}]},{\"@type\":\"WebSite\",\"@id\":\"https:\\\/\\\/www.inntech.com.tr\\\/#website\",\"url\":\"https:\\\/\\\/www.inntech.com.tr\\\/\",\"name\":\"Inntech M\u00fchendislik\",\"description\":\"\",\"potentialAction\":[{\"@type\":\"SearchAction\",\"target\":{\"@type\":\"EntryPoint\",\"urlTemplate\":\"https:\\\/\\\/www.inntech.com.tr\\\/?s={search_term_string}\"},\"query-input\":{\"@type\":\"PropertyValueSpecification\",\"valueRequired\":true,\"valueName\":\"search_term_string\"}}],\"inLanguage\":\"de\"}]}<\/script>\n<!-- \/ Yoast SEO plugin. -->","yoast_head_json":{"title":"Bizden Haberler - Inntech M\u00fchendislik","robots":{"index":"index","follow":"follow","max-snippet":"max-snippet:-1","max-image-preview":"max-image-preview:large","max-video-preview":"max-video-preview:-1"},"canonical":"https:\/\/www.inntech.com.tr\/de\/duyurular\/","og_locale":"de_DE","og_type":"article","og_title":"Bizden Haberler - Inntech M\u00fchendislik","og_url":"https:\/\/www.inntech.com.tr\/de\/duyurular\/","og_site_name":"Inntech M\u00fchendislik","article_modified_time":"2026-04-06T12:22:50+00:00","twitter_card":"summary_large_image","twitter_misc":{"Gesch\u00e4tzte Lesezeit":"1\u00a0Minute"},"schema":{"@context":"https:\/\/schema.org","@graph":[{"@type":"WebPage","@id":"https:\/\/www.inntech.com.tr\/duyurular\/","url":"https:\/\/www.inntech.com.tr\/duyurular\/","name":"Bizden Haberler - Inntech M\u00fchendislik","isPartOf":{"@id":"https:\/\/www.inntech.com.tr\/#website"},"datePublished":"2025-08-05T12:08:11+00:00","dateModified":"2026-04-06T12:22:50+00:00","breadcrumb":{"@id":"https:\/\/www.inntech.com.tr\/duyurular\/#breadcrumb"},"inLanguage":"de","potentialAction":[{"@type":"ReadAction","target":["https:\/\/www.inntech.com.tr\/duyurular\/"]}]},{"@type":"BreadcrumbList","@id":"https:\/\/www.inntech.com.tr\/duyurular\/#breadcrumb","itemListElement":[{"@type":"ListItem","position":1,"name":"Anasayfa","item":"https:\/\/www.inntech.com.tr\/"},{"@type":"ListItem","position":2,"name":"Bizden Haberler"}]},{"@type":"WebSite","@id":"https:\/\/www.inntech.com.tr\/#website","url":"https:\/\/www.inntech.com.tr\/","name":"Inntech M\u00fchendislik","description":"","potentialAction":[{"@type":"SearchAction","target":{"@type":"EntryPoint","urlTemplate":"https:\/\/www.inntech.com.tr\/?s={search_term_string}"},"query-input":{"@type":"PropertyValueSpecification","valueRequired":true,"valueName":"search_term_string"}}],"inLanguage":"de"}]}},"_links":{"self":[{"href":"https:\/\/www.inntech.com.tr\/de\/wp-json\/wp\/v2\/pages\/344","targetHints":{"allow":["GET"]}}],"collection":[{"href":"https:\/\/www.inntech.com.tr\/de\/wp-json\/wp\/v2\/pages"}],"about":[{"href":"https:\/\/www.inntech.com.tr\/de\/wp-json\/wp\/v2\/types\/page"}],"author":[{"embeddable":true,"href":"https:\/\/www.inntech.com.tr\/de\/wp-json\/wp\/v2\/users\/1"}],"replies":[{"embeddable":true,"href":"https:\/\/www.inntech.com.tr\/de\/wp-json\/wp\/v2\/comments?post=344"}],"version-history":[{"count":11,"href":"https:\/\/www.inntech.com.tr\/de\/wp-json\/wp\/v2\/pages\/344\/revisions"}],"predecessor-version":[{"id":1589,"href":"https:\/\/www.inntech.com.tr\/de\/wp-json\/wp\/v2\/pages\/344\/revisions\/1589"}],"wp:attachment":[{"href":"https:\/\/www.inntech.com.tr\/de\/wp-json\/wp\/v2\/media?parent=344"}],"curies":[{"name":"wp","href":"https:\/\/api.w.org\/{rel}","templated":true}]}}