{"id":392,"date":"2025-08-12T09:20:25","date_gmt":"2025-08-12T06:20:25","guid":{"rendered":"https:\/\/www.beta2.lf.com.tr\/?page_id=392"},"modified":"2025-08-12T09:49:27","modified_gmt":"2025-08-12T06:49:27","slug":"basincli-hava-tesisati","status":"publish","type":"page","link":"https:\/\/www.inntech.com.tr\/de\/mekanik\/basincli-hava-tesisati\/","title":{"rendered":"Druckluftinstallation"},"content":{"rendered":"<section class=\"l-section wpb_row height_medium\"><div class=\"l-section-h i-cf\"><div class=\"g-cols vc_row via_flex valign_top type_default stacking_default\"><div class=\"vc_col-sm-12 wpb_column vc_column_container\"><div class=\"vc_column-inner\"><div class=\"wpb_wrapper\"><div class=\"wpb_text_column\"><div class=\"wpb_wrapper\"><h2 data-start=\"36\" data-end=\"551\"><strong>Druckluftinstallation<\/strong><\/h2>\n<p data-start=\"36\" data-end=\"551\">Druckluftanlagen sind eine kritische Infrastruktur im Herzen der industriellen Produktion und gew\u00e4hrleisten einen zuverl\u00e4ssigen und sauberen Druckluftbetrieb f\u00fcr Maschinen, pneumatische Ger\u00e4te und Prozesse. Inntech bietet komplette, leistungsorientierte L\u00f6sungen von der Planung \u00fcber die Installation und Inbetriebnahme bis hin zur Wartung nach der Inbetriebnahme. <strong data-start=\"340\" data-end=\"367\">Druckluftl\u00f6sungen<\/strong> Unser Ziel ist es, die Produktivit\u00e4t und Zuverl\u00e4ssigkeit Ihrer Anlage zu steigern, indem wir Systeme installieren, die \u00e4u\u00dferst energieeffizient sind, niedrige Betriebskosten verursachen und perfekt auf Ihre Prozessanforderungen abgestimmt sind.<\/p>\n<h2 data-start=\"553\" data-end=\"570\">Leistungsumfang<\/h2>\n<ul data-start=\"571\" data-end=\"1416\">\n<li data-start=\"571\" data-end=\"670\">\n<p data-start=\"573\" data-end=\"670\">Bedarfsanalyse und Verbrauchsprofilierung (Wetteranforderungen, Spitzenzeiten, Nutzungszeiten)<\/p>\n<\/li>\n<li data-start=\"671\" data-end=\"770\">\n<p data-start=\"673\" data-end=\"770\">Vorprojekt und detaillierte technische Berechnungen (Durchflussrate, Druckabfall, Rohrdurchmesser, Tankvolumen)<\/p>\n<\/li>\n<li data-start=\"771\" data-end=\"850\">\n<p data-start=\"773\" data-end=\"850\">Kompressor- und Ger\u00e4teauswahl (Schrauben-, Kolben-, Scroll-, \u00d6l-\/\u00f6lfreie Optionen)<\/p>\n<\/li>\n<li data-start=\"851\" data-end=\"955\">\n<p data-start=\"853\" data-end=\"955\">Luftreinigungsl\u00f6sungen (skalierbare Filterung, K\u00fchl-\/Trockenmitteltrockner, \u00d6lnebelentfernung)<\/p>\n<\/li>\n<li data-start=\"956\" data-end=\"1055\">\n<p data-start=\"958\" data-end=\"1055\">Rohrleitungs- und Apparatebau (Werksluftleitungen, Verteiler, Ventile, Druckminderer)<\/p>\n<\/li>\n<li data-start=\"1056\" data-end=\"1108\">\n<p data-start=\"1058\" data-end=\"1108\">Montage, Pr\u00fcfung, Inbetriebnahme und Leistungsnachweis<\/p>\n<\/li>\n<li data-start=\"1109\" data-end=\"1161\">\n<p data-start=\"1111\" data-end=\"1161\">L\u00f6sungen f\u00fcr Kondensatmanagement und Abwasser-\/\u00d6ltrennung<\/p>\n<\/li>\n<li data-start=\"1162\" data-end=\"1239\">\n<p data-start=\"1164\" data-end=\"1239\">Optimierung der Energieeffizienz, W\u00e4rmer\u00fcckgewinnung und Regelungsstrategien<\/p>\n<\/li>\n<li data-start=\"1240\" data-end=\"1292\">\n<p data-start=\"1242\" data-end=\"1292\">Regelm\u00e4\u00dfige Wartung, Notfallservice und Ersatzteilversorgung<\/p>\n<\/li>\n<li data-start=\"1293\" data-end=\"1416\">\n<p data-start=\"1295\" data-end=\"1416\">Luftqualit\u00e4tsklassifizierung und prozessspezifische Zertifizierungsunterst\u00fctzung (geeignete L\u00f6sungen f\u00fcr Lebensmittel, Pharmazeutika und sensible Prozesse)<\/p>\n<\/li>\n<\/ul>\n<h2 data-start=\"1418\" data-end=\"1457\">Technischer Ansatz \/ Systemkomponenten<\/h2>\n<p data-start=\"1458\" data-end=\"1560\">Eine Druckluftanlage funktioniert bei richtiger Auslegung viele Jahre lang reibungslos. Unsere Kernelemente sind:<\/p>\n<ul data-start=\"1561\" data-end=\"2424\">\n<li data-start=\"1561\" data-end=\"1676\">\n<p data-start=\"1563\" data-end=\"1676\"><strong data-start=\"1563\" data-end=\"1580\">Kompressoren:<\/strong> Je nach Produktionsbedingungen Schraubenkompressoren (fest oder VSD-gesteuert), Kolbenkompressoren oder \u00f6lfreie Kompressoren.<\/p>\n<\/li>\n<li data-start=\"1677\" data-end=\"1796\">\n<p data-start=\"1679\" data-end=\"1796\"><strong data-start=\"1679\" data-end=\"1706\">Luftbeh\u00e4lter:<\/strong> Ausgleich pl\u00f6tzlicher Bedarfsschwankungen, Auffangen von Kondensat und Sicherstellung der Systemstabilit\u00e4t.<\/p>\n<\/li>\n<li data-start=\"1797\" data-end=\"1974\">\n<p data-start=\"1799\" data-end=\"1974\"><strong data-start=\"1799\" data-end=\"1825\">Luftleitungsrohre:<\/strong> Leitungen aus geeigneten Materialien und in geeigneten Gr\u00f6\u00dfen, die den Druckabfall minimieren (verzinkter Stahl, Kupfer, Edelstahl, Aluminium, sofern angegeben).<\/p>\n<\/li>\n<li data-start=\"1975\" data-end=\"2083\">\n<p data-start=\"1977\" data-end=\"2083\"><strong data-start=\"1977\" data-end=\"2003\">Filtrationsstufen:<\/strong> Grob -&gt; Fein -&gt; Mehrstufenfiltration zur Entfernung von Partikeln und \u00d6lnebel.<\/p>\n<\/li>\n<li data-start=\"2084\" data-end=\"2180\">\n<p data-start=\"2086\" data-end=\"2180\"><strong data-start=\"2086\" data-end=\"2107\">Lufttrockner:<\/strong> Gek\u00fchlte, Trockenmittel- oder Membranl\u00f6sungen, je nach Prozessanforderungen.<\/p>\n<\/li>\n<li data-start=\"2181\" data-end=\"2313\">\n<p data-start=\"2183\" data-end=\"2313\"><strong data-start=\"2183\" data-end=\"2216\">Kondensatabscheidung und -entsorgung:<\/strong> Trennsysteme zur Trennung, Lagerung und vorschriftsm\u00e4\u00dfigen Entsorgung von \u00f6lhaltigem Kondensat.<\/p>\n<\/li>\n<li data-start=\"2314\" data-end=\"2424\">\n<p data-start=\"2316\" data-end=\"2424\"><strong data-start=\"2316\" data-end=\"2337\">Steuerung &amp; \u00dcberwachung:<\/strong> Bedienfelder mit PLC\/SCADA-Integration, Energiemanagement und Fern\u00fcberwachung\/-alarmen.<\/p>\n<\/li>\n<\/ul>\n<h2 data-start=\"2426\" data-end=\"2462\">Konstruktionsprinzipien und Dimensionierung<\/h2>\n<p data-start=\"2463\" data-end=\"2560\">Da die Anforderungen jeder Einrichtung unterschiedlich sind, erfolgt die Planung nach den folgenden Grunds\u00e4tzen:<\/p>\n<ul data-start=\"2561\" data-end=\"3076\">\n<li data-start=\"2561\" data-end=\"2648\">\n<p data-start=\"2563\" data-end=\"2648\">Basierend auf tats\u00e4chlichen Verbrauchsdaten und Spitzenbedarfen <strong data-start=\"2609\" data-end=\"2636\">Durchflussmenge und Betriebsdruck<\/strong> berechnet wird.<\/p>\n<\/li>\n<li data-start=\"2649\" data-end=\"2749\">\n<p data-start=\"2651\" data-end=\"2749\">Rohrdurchmesser und -anordnung minimieren den Druckabfall und erm\u00f6glichen Einsparungen bei der Kompressorauswahl.<\/p>\n<\/li>\n<li data-start=\"2750\" data-end=\"2844\">\n<p data-start=\"2752\" data-end=\"2844\">Das Tankvolumen wird so bestimmt, dass die Start-\/Stopp-Zyklen optimal bleiben.<\/p>\n<\/li>\n<li data-start=\"2845\" data-end=\"2954\">\n<p data-start=\"2847\" data-end=\"2954\">F\u00fcr kritische Prozesse <strong data-start=\"2869\" data-end=\"2889\">Redundanz (N+1)<\/strong> und f\u00fcr kritische Ger\u00e4te wird eine Second-Line-L\u00f6sung (redundant) angeboten.<\/p>\n<\/li>\n<li data-start=\"2955\" data-end=\"3076\">\n<p data-start=\"2957\" data-end=\"3076\">Bei Anwendungen, die \u00f6lfreie Luft erfordern, wird die Verwendung von Ger\u00e4ten der entsprechenden Klasse (\u00f6lfreier Kompressor, hocheffiziente Filterung) empfohlen.<\/p>\n<\/li>\n<\/ul>\n<h2 data-start=\"3078\" data-end=\"3119\">Energieeffizienz und Kostenmanagement<\/h2>\n<p data-start=\"3120\" data-end=\"3283\">Druckluftsysteme geh\u00f6ren zu den energieintensivsten Infrastrukturen in Betrieben. Um die Energiekosten zu senken und die Betriebseffizienz zu steigern, bietet Inntech:<\/p>\n<ul data-start=\"3284\" data-end=\"3726\">\n<li data-start=\"3284\" data-end=\"3334\">\n<p data-start=\"3286\" data-end=\"3334\">Kompressorl\u00f6sungen mit variabler Drehzahlregelung (VSD),<\/p>\n<\/li>\n<li data-start=\"3335\" data-end=\"3415\">\n<p data-start=\"3337\" data-end=\"3415\">Bestimmung des optimalen Drucksollwerts und Reduzierung von Inline-Druckverlusten,<\/p>\n<\/li>\n<li data-start=\"3416\" data-end=\"3455\">\n<p data-start=\"3418\" data-end=\"3455\">Lecksuch- und Reparaturprogramme,<\/p>\n<\/li>\n<li data-start=\"3456\" data-end=\"3558\">\n<p data-start=\"3458\" data-end=\"3558\">W\u00e4rmer\u00fcckgewinnungssysteme (Nutzung der in Kompressoren freigesetzten W\u00e4rme f\u00fcr Prozess- oder Heizzwecke),<\/p>\n<\/li>\n<li data-start=\"3559\" data-end=\"3726\">\n<p data-start=\"3561\" data-end=\"3726\">Es f\u00fchrt regelm\u00e4\u00dfige Energieaudits und Recyclinganalysen durch.<br \/>\nDiese Ans\u00e4tze verk\u00fcrzen die Amortisationszeit und senken die Betriebskosten erheblich.<\/p>\n<\/li>\n<\/ul>\n<h2 data-start=\"3728\" data-end=\"3767\">Sicherheit, Luftqualit\u00e4t und Compliance<\/h2>\n<ul data-start=\"3768\" data-end=\"4214\">\n<li data-start=\"3768\" data-end=\"3858\">\n<p data-start=\"3770\" data-end=\"3858\">Bei der Gestaltung unserer Anlagen werden die Arbeitsschutzgesetze und Branchenstandards ber\u00fccksichtigt.<\/p>\n<\/li>\n<li data-start=\"3859\" data-end=\"4021\">\n<p data-start=\"3861\" data-end=\"4021\">Reinigungs- und Desinfektionsl\u00f6sungen werden entsprechend der vom Prozess geforderten Luftqualit\u00e4t eingesetzt (z. B. \u00f6lfreie, partikelfreie, trockene Luft f\u00fcr die Lebensmittel-\/Pharmaindustrie).<\/p>\n<\/li>\n<li data-start=\"4022\" data-end=\"4128\">\n<p data-start=\"4024\" data-end=\"4128\">Bei Kondensat- und \u00d6labf\u00e4llen ist die Umweltvertr\u00e4glichkeit gew\u00e4hrleistet, die Entsorgung erfolgt gesetzeskonform.<\/p>\n<\/li>\n<li data-start=\"4129\" data-end=\"4214\">\n<p data-start=\"4131\" data-end=\"4214\">Die Pr\u00fcf-, Inspektions- und Zertifizierungsprozesse f\u00fcr Druckger\u00e4te sind vollst\u00e4ndig abgeschlossen.<\/p>\n<\/li>\n<\/ul>\n<h2 data-start=\"4216\" data-end=\"4249\">Wartung und Lebenszyklusmanagement<\/h2>\n<p data-start=\"4250\" data-end=\"4333\">Mit der richtigen Wartungsstrategie werden Systemverf\u00fcgbarkeit und -effizienz maximiert:<\/p>\n<ul data-start=\"4334\" data-end=\"4646\">\n<li data-start=\"4334\" data-end=\"4421\">\n<p data-start=\"4336\" data-end=\"4421\">Geplante periodische Wartungsvertr\u00e4ge (Filter-\/\u00d6lwechsel, Inspektion, Leistungstest),<\/p>\n<\/li>\n<li data-start=\"4422\" data-end=\"4474\">\n<p data-start=\"4424\" data-end=\"4474\">Leistungspr\u00fcfungen und Energie\u00fcberwachungsberichte,<\/p>\n<\/li>\n<li data-start=\"4475\" data-end=\"4525\">\n<p data-start=\"4477\" data-end=\"4525\">Lecksuchaktionen und Reparaturdienste,<\/p>\n<\/li>\n<li data-start=\"4526\" data-end=\"4580\">\n<p data-start=\"4528\" data-end=\"4580\">Ersatzteillagerverwaltung und schnelle Reaktionsunterst\u00fctzung,<\/p>\n<\/li>\n<li data-start=\"4581\" data-end=\"4646\">\n<p data-start=\"4583\" data-end=\"4646\">Reduzierung t\u00e4glicher Bedienungsfehler durch Personalschulung.<\/p>\n<\/li>\n<\/ul>\n<h2 data-start=\"4648\" data-end=\"4675\">Projektablauf \u2013 Schritt f\u00fcr Schritt<\/h2>\n<ol data-start=\"4676\" data-end=\"5091\">\n<li data-start=\"4676\" data-end=\"4751\">\n<p data-start=\"4679\" data-end=\"4751\">Erkundung &amp; Feldanalyse (Luftverbrauchsmessung, Bestandsaufnahme)<\/p>\n<\/li>\n<li data-start=\"4752\" data-end=\"4806\">\n<p data-start=\"4755\" data-end=\"4806\">Vorentwurf &amp; Vorentwurf (Kapazit\u00e4t, Ger\u00e4teauswahl)<\/p>\n<\/li>\n<li data-start=\"4807\" data-end=\"4871\">\n<p data-start=\"4810\" data-end=\"4871\">Detailliertes Engineering (Rohrleitungspl\u00e4ne, P&amp;ID, mechanische Zeichnungen)<\/p>\n<\/li>\n<li data-start=\"4872\" data-end=\"4901\">\n<p data-start=\"4875\" data-end=\"4901\">Lieferung und Herstellung von Ausr\u00fcstung<\/p>\n<\/li>\n<li data-start=\"4902\" data-end=\"4929\">\n<p data-start=\"4905\" data-end=\"4929\">Montage und Feldinstallation<\/p>\n<\/li>\n<li data-start=\"4930\" data-end=\"5013\">\n<p data-start=\"4933\" data-end=\"5013\">Inbetriebnahme, Pr\u00fcfung und Abnahme (Leistungs-, Dichtheits-, Luftqualit\u00e4tspr\u00fcfungen)<\/p>\n<\/li>\n<li data-start=\"5014\" data-end=\"5045\">\n<p data-start=\"5017\" data-end=\"5045\">Schulung zu Lieferung und Betrieb<\/p>\n<\/li>\n<li data-start=\"5046\" data-end=\"5091\">\n<p data-start=\"5049\" data-end=\"5091\">Regelm\u00e4\u00dfige Wartungs- und Optimierungsdienste<\/p>\n<\/li>\n<\/ol>\n<h2 data-start=\"5093\" data-end=\"5110\">Warum Inntech?<\/h2>\n<p data-start=\"5111\" data-end=\"5253\">Inntech bietet Ihnen Fachwissen im Bereich Maschinenbau, einen interdisziplin\u00e4ren Engineering-Ansatz und ma\u00dfgeschneiderte L\u00f6sungen. Wenn Sie mit uns zusammenarbeiten, profitieren Sie von:<\/p>\n<ul data-start=\"5254\" data-end=\"5484\">\n<li data-start=\"5254\" data-end=\"5323\">\n<p data-start=\"5256\" data-end=\"5323\">Das Projekt wird mit prozessorientierten, messbaren Leistungszielen durchgef\u00fchrt,<\/p>\n<\/li>\n<li data-start=\"5324\" data-end=\"5392\">\n<p data-start=\"5326\" data-end=\"5392\">Energieeffizienz und Betriebskostenoptimierung stehen im Vordergrund,<\/p>\n<\/li>\n<li data-start=\"5393\" data-end=\"5484\">\n<p data-start=\"5395\" data-end=\"5484\">Die Lebensdauer und Zuverl\u00e4ssigkeit Ihres Systems wird durch Support- und Wartungsprogramme nach der Lieferung gesch\u00fctzt.<\/p>\n<\/li>\n<\/ul>\n<\/div><\/div><\/div><\/div><\/div><\/div><\/div><\/section>","protected":false},"excerpt":{"rendered":"Bas\u0131n\u00e7l\u0131 Hava Tesisat\u0131 Bas\u0131n\u00e7l\u0131 hava tesisat\u0131; end\u00fcstriyel \u00fcretimin kalbinde yer alan, makinelerin, pn\u00f6matik ekipmanlar\u0131n ve proseslerin g\u00fcvenilir ve temiz hava ile \u00e7al\u0131\u015fmas\u0131n\u0131 sa\u011flayan kritik bir altyap\u0131d\u0131r. Inntech olarak tasar\u0131m\u0131ndan montaj\u0131na, devreye almas\u0131na ve i\u015fletme sonras\u0131 bak\u0131m\u0131na kadar eksiksiz, performans odakl\u0131 bas\u0131n\u00e7l\u0131 hava \u00e7\u00f6z\u00fcmleri sunuyoruz. Amac\u0131m\u0131z; enerji verimlili\u011fi y\u00fcksek, d\u00fc\u015f\u00fck i\u015fletme maliyetli ve proses gereksinimlerine tam...","protected":false},"author":1,"featured_media":393,"parent":239,"menu_order":0,"comment_status":"closed","ping_status":"closed","template":"","meta":{"footnotes":""},"class_list":["post-392","page","type-page","status-publish","has-post-thumbnail","hentry"],"yoast_head":"<!-- This site is optimized with the Yoast SEO plugin v27.5 - https:\/\/yoast.com\/product\/yoast-seo-wordpress\/ -->\n<title>Bas\u0131n\u00e7l\u0131 Hava Tesisat\u0131 - Inntech M\u00fchendislik<\/title>\n<meta name=\"robots\" content=\"index, follow, max-snippet:-1, max-image-preview:large, max-video-preview:-1\" \/>\n<link rel=\"canonical\" href=\"https:\/\/www.inntech.com.tr\/de\/mekanik\/basincli-hava-tesisati\/\" \/>\n<meta property=\"og:locale\" content=\"de_DE\" \/>\n<meta property=\"og:type\" content=\"article\" \/>\n<meta property=\"og:title\" content=\"Bas\u0131n\u00e7l\u0131 Hava Tesisat\u0131 - Inntech M\u00fchendislik\" \/>\n<meta property=\"og:url\" content=\"https:\/\/www.inntech.com.tr\/de\/mekanik\/basincli-hava-tesisati\/\" \/>\n<meta property=\"og:site_name\" content=\"Inntech M\u00fchendislik\" \/>\n<meta property=\"article:modified_time\" content=\"2025-08-12T06:49:27+00:00\" \/>\n<meta property=\"og:image\" content=\"https:\/\/www.inntech.com.tr\/wp-content\/uploads\/2025\/08\/basincli-hava-tesisati.jpg\" \/>\n\t<meta property=\"og:image:width\" content=\"1000\" \/>\n\t<meta property=\"og:image:height\" content=\"1100\" \/>\n\t<meta property=\"og:image:type\" content=\"image\/jpeg\" \/>\n<meta name=\"twitter:card\" content=\"summary_large_image\" \/>\n<meta name=\"twitter:label1\" content=\"Gesch\u00e4tzte Lesezeit\" \/>\n\t<meta name=\"twitter:data1\" content=\"5\u00a0Minuten\" \/>\n<script type=\"application\/ld+json\" class=\"yoast-schema-graph\">{\"@context\":\"https:\\\/\\\/schema.org\",\"@graph\":[{\"@type\":\"WebPage\",\"@id\":\"https:\\\/\\\/www.inntech.com.tr\\\/mekanik\\\/basincli-hava-tesisati\\\/\",\"url\":\"https:\\\/\\\/www.inntech.com.tr\\\/mekanik\\\/basincli-hava-tesisati\\\/\",\"name\":\"Bas\u0131n\u00e7l\u0131 Hava Tesisat\u0131 - Inntech M\u00fchendislik\",\"isPartOf\":{\"@id\":\"https:\\\/\\\/www.inntech.com.tr\\\/#website\"},\"primaryImageOfPage\":{\"@id\":\"https:\\\/\\\/www.inntech.com.tr\\\/mekanik\\\/basincli-hava-tesisati\\\/#primaryimage\"},\"image\":{\"@id\":\"https:\\\/\\\/www.inntech.com.tr\\\/mekanik\\\/basincli-hava-tesisati\\\/#primaryimage\"},\"thumbnailUrl\":\"https:\\\/\\\/www.inntech.com.tr\\\/wp-content\\\/uploads\\\/2025\\\/08\\\/basincli-hava-tesisati.jpg\",\"datePublished\":\"2025-08-12T06:20:25+00:00\",\"dateModified\":\"2025-08-12T06:49:27+00:00\",\"breadcrumb\":{\"@id\":\"https:\\\/\\\/www.inntech.com.tr\\\/mekanik\\\/basincli-hava-tesisati\\\/#breadcrumb\"},\"inLanguage\":\"de\",\"potentialAction\":[{\"@type\":\"ReadAction\",\"target\":[\"https:\\\/\\\/www.inntech.com.tr\\\/mekanik\\\/basincli-hava-tesisati\\\/\"]}]},{\"@type\":\"ImageObject\",\"inLanguage\":\"de\",\"@id\":\"https:\\\/\\\/www.inntech.com.tr\\\/mekanik\\\/basincli-hava-tesisati\\\/#primaryimage\",\"url\":\"https:\\\/\\\/www.inntech.com.tr\\\/wp-content\\\/uploads\\\/2025\\\/08\\\/basincli-hava-tesisati.jpg\",\"contentUrl\":\"https:\\\/\\\/www.inntech.com.tr\\\/wp-content\\\/uploads\\\/2025\\\/08\\\/basincli-hava-tesisati.jpg\",\"width\":1000,\"height\":1100},{\"@type\":\"BreadcrumbList\",\"@id\":\"https:\\\/\\\/www.inntech.com.tr\\\/mekanik\\\/basincli-hava-tesisati\\\/#breadcrumb\",\"itemListElement\":[{\"@type\":\"ListItem\",\"position\":1,\"name\":\"Anasayfa\",\"item\":\"https:\\\/\\\/www.inntech.com.tr\\\/\"},{\"@type\":\"ListItem\",\"position\":2,\"name\":\"Mekanik Tesisat\",\"item\":\"https:\\\/\\\/www.inntech.com.tr\\\/mekanik\\\/\"},{\"@type\":\"ListItem\",\"position\":3,\"name\":\"Bas\u0131n\u00e7l\u0131 Hava Tesisat\u0131\"}]},{\"@type\":\"WebSite\",\"@id\":\"https:\\\/\\\/www.inntech.com.tr\\\/#website\",\"url\":\"https:\\\/\\\/www.inntech.com.tr\\\/\",\"name\":\"Inntech M\u00fchendislik\",\"description\":\"\",\"potentialAction\":[{\"@type\":\"SearchAction\",\"target\":{\"@type\":\"EntryPoint\",\"urlTemplate\":\"https:\\\/\\\/www.inntech.com.tr\\\/?s={search_term_string}\"},\"query-input\":{\"@type\":\"PropertyValueSpecification\",\"valueRequired\":true,\"valueName\":\"search_term_string\"}}],\"inLanguage\":\"de\"}]}<\/script>\n<!-- \/ Yoast SEO plugin. -->","yoast_head_json":{"title":"Bas\u0131n\u00e7l\u0131 Hava Tesisat\u0131 - Inntech M\u00fchendislik","robots":{"index":"index","follow":"follow","max-snippet":"max-snippet:-1","max-image-preview":"max-image-preview:large","max-video-preview":"max-video-preview:-1"},"canonical":"https:\/\/www.inntech.com.tr\/de\/mekanik\/basincli-hava-tesisati\/","og_locale":"de_DE","og_type":"article","og_title":"Bas\u0131n\u00e7l\u0131 Hava Tesisat\u0131 - Inntech M\u00fchendislik","og_url":"https:\/\/www.inntech.com.tr\/de\/mekanik\/basincli-hava-tesisati\/","og_site_name":"Inntech M\u00fchendislik","article_modified_time":"2025-08-12T06:49:27+00:00","og_image":[{"width":1000,"height":1100,"url":"https:\/\/www.inntech.com.tr\/wp-content\/uploads\/2025\/08\/basincli-hava-tesisati.jpg","type":"image\/jpeg"}],"twitter_card":"summary_large_image","twitter_misc":{"Gesch\u00e4tzte Lesezeit":"5\u00a0Minuten"},"schema":{"@context":"https:\/\/schema.org","@graph":[{"@type":"WebPage","@id":"https:\/\/www.inntech.com.tr\/mekanik\/basincli-hava-tesisati\/","url":"https:\/\/www.inntech.com.tr\/mekanik\/basincli-hava-tesisati\/","name":"Bas\u0131n\u00e7l\u0131 Hava Tesisat\u0131 - Inntech M\u00fchendislik","isPartOf":{"@id":"https:\/\/www.inntech.com.tr\/#website"},"primaryImageOfPage":{"@id":"https:\/\/www.inntech.com.tr\/mekanik\/basincli-hava-tesisati\/#primaryimage"},"image":{"@id":"https:\/\/www.inntech.com.tr\/mekanik\/basincli-hava-tesisati\/#primaryimage"},"thumbnailUrl":"https:\/\/www.inntech.com.tr\/wp-content\/uploads\/2025\/08\/basincli-hava-tesisati.jpg","datePublished":"2025-08-12T06:20:25+00:00","dateModified":"2025-08-12T06:49:27+00:00","breadcrumb":{"@id":"https:\/\/www.inntech.com.tr\/mekanik\/basincli-hava-tesisati\/#breadcrumb"},"inLanguage":"de","potentialAction":[{"@type":"ReadAction","target":["https:\/\/www.inntech.com.tr\/mekanik\/basincli-hava-tesisati\/"]}]},{"@type":"ImageObject","inLanguage":"de","@id":"https:\/\/www.inntech.com.tr\/mekanik\/basincli-hava-tesisati\/#primaryimage","url":"https:\/\/www.inntech.com.tr\/wp-content\/uploads\/2025\/08\/basincli-hava-tesisati.jpg","contentUrl":"https:\/\/www.inntech.com.tr\/wp-content\/uploads\/2025\/08\/basincli-hava-tesisati.jpg","width":1000,"height":1100},{"@type":"BreadcrumbList","@id":"https:\/\/www.inntech.com.tr\/mekanik\/basincli-hava-tesisati\/#breadcrumb","itemListElement":[{"@type":"ListItem","position":1,"name":"Anasayfa","item":"https:\/\/www.inntech.com.tr\/"},{"@type":"ListItem","position":2,"name":"Mekanik Tesisat","item":"https:\/\/www.inntech.com.tr\/mekanik\/"},{"@type":"ListItem","position":3,"name":"Bas\u0131n\u00e7l\u0131 Hava Tesisat\u0131"}]},{"@type":"WebSite","@id":"https:\/\/www.inntech.com.tr\/#website","url":"https:\/\/www.inntech.com.tr\/","name":"Inntech M\u00fchendislik","description":"","potentialAction":[{"@type":"SearchAction","target":{"@type":"EntryPoint","urlTemplate":"https:\/\/www.inntech.com.tr\/?s={search_term_string}"},"query-input":{"@type":"PropertyValueSpecification","valueRequired":true,"valueName":"search_term_string"}}],"inLanguage":"de"}]}},"_links":{"self":[{"href":"https:\/\/www.inntech.com.tr\/de\/wp-json\/wp\/v2\/pages\/392","targetHints":{"allow":["GET"]}}],"collection":[{"href":"https:\/\/www.inntech.com.tr\/de\/wp-json\/wp\/v2\/pages"}],"about":[{"href":"https:\/\/www.inntech.com.tr\/de\/wp-json\/wp\/v2\/types\/page"}],"author":[{"embeddable":true,"href":"https:\/\/www.inntech.com.tr\/de\/wp-json\/wp\/v2\/users\/1"}],"replies":[{"embeddable":true,"href":"https:\/\/www.inntech.com.tr\/de\/wp-json\/wp\/v2\/comments?post=392"}],"version-history":[{"count":4,"href":"https:\/\/www.inntech.com.tr\/de\/wp-json\/wp\/v2\/pages\/392\/revisions"}],"predecessor-version":[{"id":435,"href":"https:\/\/www.inntech.com.tr\/de\/wp-json\/wp\/v2\/pages\/392\/revisions\/435"}],"up":[{"embeddable":true,"href":"https:\/\/www.inntech.com.tr\/de\/wp-json\/wp\/v2\/pages\/239"}],"wp:featuredmedia":[{"embeddable":true,"href":"https:\/\/www.inntech.com.tr\/de\/wp-json\/wp\/v2\/media\/393"}],"wp:attachment":[{"href":"https:\/\/www.inntech.com.tr\/de\/wp-json\/wp\/v2\/media?parent=392"}],"curies":[{"name":"wp","href":"https:\/\/api.w.org\/{rel}","templated":true}]}}