{"id":405,"date":"2025-08-12T09:21:06","date_gmt":"2025-08-12T06:21:06","guid":{"rendered":"https:\/\/www.beta2.lf.com.tr\/?page_id=405"},"modified":"2025-08-12T10:05:37","modified_gmt":"2025-08-12T07:05:37","slug":"dogalgaz-tesisati","status":"publish","type":"page","link":"https:\/\/www.inntech.com.tr\/de\/mekanik\/dogalgaz-tesisati\/","title":{"rendered":"Erdgasinstallation"},"content":{"rendered":"<section class=\"l-section wpb_row height_medium\"><div class=\"l-section-h i-cf\"><div class=\"g-cols vc_row via_flex valign_top type_default stacking_default\"><div class=\"vc_col-sm-12 wpb_column vc_column_container\"><div class=\"vc_column-inner\"><div class=\"wpb_wrapper\"><div class=\"wpb_text_column\"><div class=\"wpb_wrapper\"><h2 data-start=\"0\" data-end=\"29\"><strong>Erdgasinstallation<\/strong><\/h2>\n<p data-start=\"31\" data-end=\"428\">Do\u011falgaz tesisat\u0131, binalarda ve end\u00fcstriyel tesislerde temiz, g\u00fcvenli ve verimli enerji sa\u011flayan kritik bir mekanik altyap\u0131d\u0131r. Inntech olarak amac\u0131m\u0131z; g\u00fcvenlikten taviz vermeyen, mevzuata ve da\u011f\u0131t\u0131m \u015firketi kurallar\u0131na uygun, enerji verimlili\u011fi g\u00f6zetilmi\u015f do\u011falgaz \u00e7\u00f6z\u00fcmleri tasarlay\u0131p uygulamak; proje a\u015famas\u0131ndan devreye almaya, belgelendirme ve d\u00fczenli bak\u0131ma kadar eksiksiz destek sunmakt\u0131r.<\/p>\n<h2 data-start=\"430\" data-end=\"447\">Leistungsumfang<\/h2>\n<p data-start=\"448\" data-end=\"509\">Inntech\u2019in do\u011falgaz tesisat\u0131 hizmetleri \u015fu ba\u015fl\u0131klar\u0131 kapsar:<\/p>\n<ul data-start=\"510\" data-end=\"1214\">\n<li data-start=\"510\" data-end=\"600\">\n<p data-start=\"512\" data-end=\"600\">Proje \u00f6n \u00e7al\u0131\u015fmas\u0131 ve ihtiya\u00e7 analizi (mevcut durum, t\u00fcketim tahmini, kullan\u0131m ama\u00e7lar\u0131)<\/p>\n<\/li>\n<li data-start=\"601\" data-end=\"683\">\n<p data-start=\"603\" data-end=\"683\">\u00d6n proje ve detayl\u0131 m\u00fchendislik (ak\u0131\u015f, bas\u0131n\u00e7, boru g\u00fczerg\u00e2h\u0131, reg\u00fclat\u00f6r se\u00e7imi)<\/p>\n<\/li>\n<li data-start=\"684\" data-end=\"760\">\n<p data-start=\"686\" data-end=\"760\">\u0130\u00e7 ve d\u0131\u015f hat borulama, servis hatlar\u0131 ve saya\u00e7 ba\u011flant\u0131lar\u0131 koordinasyonu<\/p>\n<\/li>\n<li data-start=\"761\" data-end=\"811\">\n<p data-start=\"763\" data-end=\"811\">Saya\u00e7 odas\u0131, reg\u00fclat\u00f6r ve \u00f6l\u00e7\u00fcm noktas\u0131 tasar\u0131m\u0131<\/p>\n<\/li>\n<li data-start=\"812\" data-end=\"903\">\n<p data-start=\"814\" data-end=\"903\">Is\u0131tma sistemleri, kazan, br\u00fcl\u00f6r entegrasyonu ve gaz yak\u0131tl\u0131 proses ekipman\u0131 ba\u011flant\u0131lar\u0131<\/p>\n<\/li>\n<li data-start=\"904\" data-end=\"972\">\n<p data-start=\"906\" data-end=\"972\">Gaz ka\u00e7ak tespiti, dedekt\u00f6r ve otomatik kapama sistemleri kurulumu<\/p>\n<\/li>\n<li data-start=\"973\" data-end=\"1045\">\n<p data-start=\"975\" data-end=\"1045\">Ventilasyon, yang\u0131n \u00f6nleme ve gaz tahliye d\u00fczenlemelerinin uygulanmas\u0131<\/p>\n<\/li>\n<li data-start=\"1046\" data-end=\"1108\">\n<p data-start=\"1048\" data-end=\"1108\">Montaj, s\u0131zd\u0131rmazl\u0131k-testleri, devreye alma ve proses kabul\u00fc<\/p>\n<\/li>\n<li data-start=\"1109\" data-end=\"1163\">\n<p data-start=\"1111\" data-end=\"1163\">Belgelendirme, bak\u0131m ve periyodik muayene hizmetleri<\/p>\n<\/li>\n<li data-start=\"1164\" data-end=\"1214\">\n<p data-start=\"1166\" data-end=\"1214\">Acil m\u00fcdahale, 7\/24 destek ve yedek par\u00e7a temini<\/p>\n<\/li>\n<\/ul>\n<h2 data-start=\"1216\" data-end=\"1247\">Sistem Bile\u015fenleri ve Mimari<\/h2>\n<p data-start=\"1248\" data-end=\"1352\">Do\u011falgaz altyap\u0131s\u0131n\u0131n g\u00fcvenilirli\u011fi bile\u015fen kalitesi ve do\u011fru entegrasyon ile sa\u011flan\u0131r. Temel elemanlar:<\/p>\n<ul data-start=\"1353\" data-end=\"2270\">\n<li data-start=\"1353\" data-end=\"1475\">\n<p data-start=\"1355\" data-end=\"1475\"><strong data-start=\"1355\" data-end=\"1400\">Servis hatt\u0131 ve ana gelen gaz ba\u011flant\u0131s\u0131:<\/strong> Da\u011f\u0131t\u0131m \u015firketi standartlar\u0131na uygun giri\u015f noktas\u0131 ve kollekt\u00f6r d\u00fczenleri.<\/p>\n<\/li>\n<li data-start=\"1476\" data-end=\"1574\">\n<p data-start=\"1478\" data-end=\"1574\"><strong data-start=\"1478\" data-end=\"1516\">Reg\u00fclat\u00f6rler ve \u00f6l\u00e7\u00fcm ekipmanlar\u0131:<\/strong> Sisteme uygun bas\u0131n\u00e7 reg\u00fclasyonu ve do\u011fru t\u00fcketim \u00f6l\u00e7\u00fcm\u00fc.<\/p>\n<\/li>\n<li data-start=\"1575\" data-end=\"1747\">\n<p data-start=\"1577\" data-end=\"1747\"><strong data-start=\"1577\" data-end=\"1617\">Boru hatlar\u0131 ve ba\u011flant\u0131 elemanlar\u0131:<\/strong> Malzeme se\u00e7imi (\u00e7elik, galvaniz, bak\u0131r veya proje gereksinimine g\u00f6re uygun alternatifler), ba\u011flant\u0131 tipleri ve destek sistemleri.<\/p>\n<\/li>\n<li data-start=\"1748\" data-end=\"1864\">\n<p data-start=\"1750\" data-end=\"1864\"><strong data-start=\"1750\" data-end=\"1801\">Emniyet vanalar\u0131, kapama ve kontrol elemanlar\u0131:<\/strong> Acil kapama, izolasyon ve bak\u0131m kolayl\u0131\u011f\u0131 sa\u011flayan d\u00fczenekler.<\/p>\n<\/li>\n<li data-start=\"1865\" data-end=\"1964\">\n<p data-start=\"1867\" data-end=\"1964\"><strong data-start=\"1867\" data-end=\"1905\">Saya\u00e7 odas\u0131 ve saya\u00e7 ba\u011flant\u0131lar\u0131:<\/strong> Eri\u015filebilir, g\u00fcvenli ve denetlemeye uygun saya\u00e7 alanlar\u0131.<\/p>\n<\/li>\n<li data-start=\"1965\" data-end=\"2070\">\n<p data-start=\"1967\" data-end=\"2070\"><strong data-start=\"1967\" data-end=\"2020\">Ka\u00e7ak dedekt\u00f6rleri ve otomatik kapama sistemleri:<\/strong> S\u00fcrekli izleme ile erken uyar\u0131 sa\u011flayan \u00e7\u00f6z\u00fcmler.<\/p>\n<\/li>\n<li data-start=\"2071\" data-end=\"2176\">\n<p data-start=\"2073\" data-end=\"2176\"><strong data-start=\"2073\" data-end=\"2119\">Havaland\u0131rma ve gaz tahliye d\u00fczenlemeleri:<\/strong> Kapal\u0131 hacimlerde birikimi engelleyen zorunlu tedbirler.<\/p>\n<\/li>\n<li data-start=\"2177\" data-end=\"2270\">\n<p data-start=\"2179\" data-end=\"2270\"><strong data-start=\"2179\" data-end=\"2207\">Entegrasyon ekipmanlar\u0131:<\/strong> BMS\/SCADA, uzaktan izleme ve alarm sistemleri ile veri takibi.<\/p>\n<\/li>\n<\/ul>\n<h2 data-start=\"2272\" data-end=\"2306\">Tasar\u0131m \u0130lkeleri ve M\u00fchendislik<\/h2>\n<p data-start=\"2307\" data-end=\"2366\">Her proje \u00f6zg\u00fcnd\u00fcr; tasar\u0131mda dikkat etti\u011fimiz ana ilkeler:<\/p>\n<ul data-start=\"2367\" data-end=\"2934\">\n<li data-start=\"2367\" data-end=\"2460\">\n<p data-start=\"2369\" data-end=\"2460\">Proses ve kullan\u0131c\u0131 ihtiya\u00e7lar\u0131na g\u00f6re <strong data-start=\"2408\" data-end=\"2440\">anki ve pik gaz taleplerinin<\/strong> do\u011fru belirlenmesi.<\/p>\n<\/li>\n<li data-start=\"2461\" data-end=\"2556\">\n<p data-start=\"2463\" data-end=\"2556\">Bas\u0131n\u00e7 d\u00fc\u015f\u00fc\u015f\u00fc, ak\u0131\u015f h\u0131z\u0131, boru \u00e7apland\u0131rma ve malzeme se\u00e7iminde m\u00fchendislik odakl\u0131 hesaplama.<\/p>\n<\/li>\n<li data-start=\"2557\" data-end=\"2631\">\n<p data-start=\"2559\" data-end=\"2631\">Emniyet fakt\u00f6rleri, ka\u00e7ak ve gaz birikimi risklerinin minimize edilmesi.<\/p>\n<\/li>\n<li data-start=\"2632\" data-end=\"2738\">\n<p data-start=\"2634\" data-end=\"2738\">Kolay bak\u0131m, eri\u015fim ve mod\u00fclerlik; ileride geni\u015fletme veya de\u011fi\u015ftirme ihtiya\u00e7lar\u0131n\u0131n kolay kar\u015f\u0131lanmas\u0131.<\/p>\n<\/li>\n<li data-start=\"2739\" data-end=\"2838\">\n<p data-start=\"2741\" data-end=\"2838\">Yerel mevzuat, da\u011f\u0131t\u0131m \u015firketi (\u015fantiye\/\u015fehir gaz da\u011f\u0131t\u0131m kurallar\u0131) ve ilgili standartlara uyum.<\/p>\n<\/li>\n<li data-start=\"2839\" data-end=\"2934\">\n<p data-start=\"2841\" data-end=\"2934\">Kritik uygulamalarda yedeklilik ve g\u00fcvenlik katmanlar\u0131 (\u00f6r. otomatik kapama, \u00e7ift reg\u00fclat\u00f6r).<\/p>\n<\/li>\n<\/ul>\n<h2 data-start=\"2936\" data-end=\"2967\">Montage, Pr\u00fcfung und Inbetriebnahme<\/h2>\n<p data-start=\"2968\" data-end=\"3052\">Projelerimiz montaj ve devreye alma s\u00fcre\u00e7lerinde a\u015fa\u011f\u0131daki kalite kriterlerine uyar:<\/p>\n<ul data-start=\"3053\" data-end=\"3556\">\n<li data-start=\"3053\" data-end=\"3126\">\n<p data-start=\"3055\" data-end=\"3126\">Kullan\u0131lan t\u00fcm malzemelerin kalite ve uygunlu\u011funun sahada do\u011frulanmas\u0131.<\/p>\n<\/li>\n<li data-start=\"3127\" data-end=\"3206\">\n<p data-start=\"3129\" data-end=\"3206\">Montaj a\u015famas\u0131nda do\u011fru destekler, genle\u015fme \u00e7\u00f6z\u00fcm\u00fc ve izolasyon uygulamalar\u0131.<\/p>\n<\/li>\n<li data-start=\"3207\" data-end=\"3336\">\n<p data-start=\"3209\" data-end=\"3336\">Tesis tamamland\u0131\u011f\u0131nda yetkili ekiplerle koordineli s\u0131zd\u0131rmazl\u0131k testleri, fonksiyon testleri ve g\u00fcvenlik kontrolleri yap\u0131lmas\u0131.<\/p>\n<\/li>\n<li data-start=\"3337\" data-end=\"3468\">\n<p data-start=\"3339\" data-end=\"3468\">Kullan\u0131c\u0131 ve i\u015fletme personeline sistem kullan\u0131m\u0131, acil durum prosed\u00fcrleri ve g\u00fcnl\u00fck kontrol noktalar\u0131 hakk\u0131nda e\u011fitim verilmesi.<\/p>\n<\/li>\n<li data-start=\"3469\" data-end=\"3556\">\n<p data-start=\"3471\" data-end=\"3556\">Teslimatta gerekli teknik dok\u00fcmantasyon, bak\u0131m plan\u0131 ve test raporlar\u0131n\u0131n sa\u011flanmas\u0131.<\/p>\n<\/li>\n<\/ul>\n<blockquote data-start=\"3558\" data-end=\"3732\">\n<p data-start=\"3560\" data-end=\"3732\">Not: T\u00fcm bas\u0131n\u00e7 ve s\u0131zd\u0131rmazl\u0131k testleri, ilgili y\u00f6netmelik ve gaz da\u011f\u0131t\u0131m \u015firketi onaylar\u0131na g\u00f6re ger\u00e7ekle\u015ftirilir; test de\u011ferleri ve y\u00f6ntemleri proje \u00f6zelinde belirlenir.<\/p>\n<\/blockquote>\n<h2 data-start=\"3734\" data-end=\"3758\">Sicherheit und Compliance<\/h2>\n<p data-start=\"3759\" data-end=\"3834\">Do\u011falgaz tesisat\u0131nda g\u00fcvenlik birinci \u00f6nceliktir. Inntech; proje s\u00fcrecinde:<\/p>\n<ul data-start=\"3835\" data-end=\"4316\">\n<li data-start=\"3835\" data-end=\"3922\">\n<p data-start=\"3837\" data-end=\"3922\">Yerel mevzuat, TSE ve da\u011f\u0131t\u0131m \u015firketi kurallar\u0131 ile uyumlu tasar\u0131m ve uygulama yapar.<\/p>\n<\/li>\n<li data-start=\"3923\" data-end=\"4045\">\n<p data-start=\"3925\" data-end=\"4045\">Gaz ka\u00e7a\u011f\u0131 riskini azaltmak i\u00e7in ka\u00e7ak dedekt\u00f6rleri, otomatik kapama sistemleri ve gerekli havaland\u0131rma \u00e7\u00f6z\u00fcmleri sunar.<\/p>\n<\/li>\n<li data-start=\"4046\" data-end=\"4145\">\n<p data-start=\"4048\" data-end=\"4145\">Yang\u0131n g\u00fcvenli\u011fi ve ka\u00e7\u0131\u015f yollar\u0131 entegrasyonu, ilgili disiplinlerle koordineli olarak planlan\u0131r.<\/p>\n<\/li>\n<li data-start=\"4146\" data-end=\"4224\">\n<p data-start=\"4148\" data-end=\"4224\">Kondensasyon, korozyon ve mekanik hasara kar\u015f\u0131 koruyucu tedbirler uygulan\u0131r.<\/p>\n<\/li>\n<li data-start=\"4225\" data-end=\"4316\">\n<p data-start=\"4227\" data-end=\"4316\">\u0130\u015f g\u00fcvenli\u011fi prosed\u00fcrleri, personel e\u011fitimi ve saha denetimleri d\u00fczenli olarak y\u00fcr\u00fct\u00fcl\u00fcr.<\/p>\n<\/li>\n<\/ul>\n<h2 data-start=\"4318\" data-end=\"4361\">Bak\u0131m, Denetim ve Ya\u015fam D\u00f6ng\u00fcs\u00fc Y\u00f6netimi<\/h2>\n<p data-start=\"4362\" data-end=\"4438\">Sistemin g\u00fcvenilir ve verimli \u00e7al\u0131\u015fmas\u0131 i\u00e7in d\u00fczenli bak\u0131m kritik \u00f6nemdedir:<\/p>\n<ul data-start=\"4439\" data-end=\"4719\">\n<li data-start=\"4439\" data-end=\"4490\">\n<p data-start=\"4441\" data-end=\"4490\">Periyodik muayene ve s\u0131z\u0131nt\u0131 kontrol programlar\u0131,<\/p>\n<\/li>\n<li data-start=\"4491\" data-end=\"4555\">\n<p data-start=\"4493\" data-end=\"4555\">Kapama\/\u00e7ek-valf testleri, filtrasyon ve reg\u00fclat\u00f6r kontrolleri,<\/p>\n<\/li>\n<li data-start=\"4556\" data-end=\"4596\">\n<p data-start=\"4558\" data-end=\"4596\">Saya\u00e7 do\u011frulama ve kalibrasyon takibi,<\/p>\n<\/li>\n<li data-start=\"4597\" data-end=\"4649\">\n<p data-start=\"4599\" data-end=\"4649\">Yedek par\u00e7a stok y\u00f6netimi ve h\u0131zl\u0131 m\u00fcdahale hatt\u0131,<\/p>\n<\/li>\n<li data-start=\"4650\" data-end=\"4719\">\n<p data-start=\"4652\" data-end=\"4719\">Performans kay\u0131tlar\u0131 ile t\u00fcketim analizi ve optimizasyon \u00f6nerileri.<\/p>\n<\/li>\n<\/ul>\n<h2 data-start=\"4721\" data-end=\"4758\">Energieeffizienz und -optimierung<\/h2>\n<p data-start=\"4759\" data-end=\"4840\">Do\u011falgaz kullan\u0131m\u0131nda verimlilik, maliyetleri azalt\u0131r ve \u00e7evresel etkiyi d\u00fc\u015f\u00fcr\u00fcr:<\/p>\n<ul data-start=\"4841\" data-end=\"5141\">\n<li data-start=\"4841\" data-end=\"4909\">\n<p data-start=\"4843\" data-end=\"4909\">Modern, mod\u00fclasyonlu br\u00fcl\u00f6r ve kazan kontrol sistemleri kullan\u0131m\u0131,<\/p>\n<\/li>\n<li data-start=\"4910\" data-end=\"4981\">\n<p data-start=\"4912\" data-end=\"4981\">Yo\u011fu\u015fmal\u0131 kazan ve at\u0131k \u0131s\u0131 geri kazan\u0131m\u0131 \u00e7\u00f6z\u00fcmleri ile verim art\u0131\u015f\u0131,<\/p>\n<\/li>\n<li data-start=\"4982\" data-end=\"5059\">\n<p data-start=\"4984\" data-end=\"5059\">Do\u011fru boyutland\u0131r\u0131lm\u0131\u015f hatlar ve bas\u0131n\u00e7 y\u00f6netimi ile t\u00fcketim optimizasyonu,<\/p>\n<\/li>\n<li data-start=\"5060\" data-end=\"5141\">\n<p data-start=\"5062\" data-end=\"5141\">Uzaktan izleme ile anormal t\u00fcketimlerin erken tespiti ve iyile\u015ftirme \u00f6nerileri.<\/p>\n<\/li>\n<\/ul>\n<h2 data-start=\"5143\" data-end=\"5187\">Acil Durum Y\u00f6netimi ve Ka\u00e7ak Prosed\u00fcrleri<\/h2>\n<p data-start=\"5188\" data-end=\"5240\">Inntech projelerinde acil durum planlar\u0131 haz\u0131rlan\u0131r:<\/p>\n<ul data-start=\"5241\" data-end=\"5515\">\n<li data-start=\"5241\" data-end=\"5309\">\n<p data-start=\"5243\" data-end=\"5309\">Gaz ka\u00e7aklar\u0131nda otomatik kapama, alarm ve izolasyon prosed\u00fcrleri,<\/p>\n<\/li>\n<li data-start=\"5310\" data-end=\"5393\">\n<p data-start=\"5312\" data-end=\"5393\">Kullan\u0131c\u0131 e\u011fitimleri (koku fark edilmesi, acil kapama, yetkili hat ile ileti\u015fim),<\/p>\n<\/li>\n<li data-start=\"5394\" data-end=\"5465\">\n<p data-start=\"5396\" data-end=\"5465\">Da\u011f\u0131t\u0131m \u015firketi ve ilgili acil servislerle koordinasyon protokolleri,<\/p>\n<\/li>\n<li data-start=\"5466\" data-end=\"5515\">\n<p data-start=\"5468\" data-end=\"5515\">Uzaktan izleme ve h\u0131zl\u0131 m\u00fcdahale organizasyonu.<\/p>\n<\/li>\n<\/ul>\n<h2 data-start=\"5517\" data-end=\"5544\">Projektablauf \u2013 Schritt f\u00fcr Schritt<\/h2>\n<ol data-start=\"5545\" data-end=\"6098\">\n<li data-start=\"5545\" data-end=\"5613\">\n<p data-start=\"5548\" data-end=\"5613\">Ke\u015fif &amp; saha analizi (tesisat\u0131n mevcut durumu, t\u00fcketim tahmini)<\/p>\n<\/li>\n<li data-start=\"5614\" data-end=\"5684\">\n<p data-start=\"5617\" data-end=\"5684\">\u00d6n teklif &amp; \u00f6n tasar\u0131m (kapasite, ana hatlar, ekipman \u00f6ng\u00f6r\u00fcleri)<\/p>\n<\/li>\n<li data-start=\"5685\" data-end=\"5751\">\n<p data-start=\"5688\" data-end=\"5751\">Detayl\u0131 m\u00fchendislik (P&amp;ID, boru g\u00fczerg\u00e2hlar\u0131, malzeme se\u00e7imi)<\/p>\n<\/li>\n<li data-start=\"5752\" data-end=\"5809\">\n<p data-start=\"5755\" data-end=\"5809\">\u0130zin ve da\u011f\u0131t\u0131m \u015firketi onay s\u00fcre\u00e7leri koordinasyonu<\/p>\n<\/li>\n<li data-start=\"5810\" data-end=\"5891\">\n<p data-start=\"5813\" data-end=\"5891\">Ekipman temini ve prefabrik imalat (gerekirse saya\u00e7 odas\u0131\/kollekt\u00f6r imalat\u0131)<\/p>\n<\/li>\n<li data-start=\"5892\" data-end=\"5932\">\n<p data-start=\"5895\" data-end=\"5932\">Saha montaj\u0131 ve mekanik ba\u011flant\u0131lar<\/p>\n<\/li>\n<li data-start=\"5933\" data-end=\"5983\">\n<p data-start=\"5936\" data-end=\"5983\">Testler, s\u0131zd\u0131rmazl\u0131k ve g\u00fcvenlik kontrolleri<\/p>\n<\/li>\n<li data-start=\"5984\" data-end=\"6047\">\n<p data-start=\"5987\" data-end=\"6047\">Devreye alma, kullan\u0131c\u0131 e\u011fitimi ve teslimat dok\u00fcmantasyonu<\/p>\n<\/li>\n<li data-start=\"6048\" data-end=\"6098\">\n<p data-start=\"6051\" data-end=\"6098\">Periyodik bak\u0131m s\u00f6zle\u015fmesi ve performans takibi<\/p>\n<\/li>\n<\/ol>\n<h2 data-start=\"6100\" data-end=\"6117\">Warum Inntech?<\/h2>\n<p data-start=\"6118\" data-end=\"6230\">Inntech; sekt\u00f6rel deneyim, disiplinleraras\u0131 m\u00fchendislik yakla\u015f\u0131m\u0131 ve kapsaml\u0131 saha-teknik deste\u011fi ile \u00f6ne \u00e7\u0131kar:<\/p>\n<ul data-start=\"6231\" data-end=\"6548\">\n<li data-start=\"6231\" data-end=\"6286\">\n<p data-start=\"6233\" data-end=\"6286\">Proje bazl\u0131, g\u00fcvenlik odakl\u0131 m\u00fchendislik ve uygulama,<\/p>\n<\/li>\n<li data-start=\"6287\" data-end=\"6356\">\n<p data-start=\"6289\" data-end=\"6356\">Da\u011f\u0131t\u0131m \u015firketi onay s\u00fcre\u00e7lerinde deneyim ve koordinasyon yetene\u011fi,<\/p>\n<\/li>\n<li data-start=\"6357\" data-end=\"6424\">\n<p data-start=\"6359\" data-end=\"6424\">Enerji verimlili\u011fi ve maliyet optimizasyonuna odaklanan \u00e7\u00f6z\u00fcmler,<\/p>\n<\/li>\n<li data-start=\"6425\" data-end=\"6491\">\n<p data-start=\"6427\" data-end=\"6491\">Teslim sonras\u0131 bak\u0131m, 7\/24 acil m\u00fcdahale ve yedek par\u00e7a deste\u011fi,<\/p>\n<\/li>\n<li data-start=\"6492\" data-end=\"6548\">\n<p data-start=\"6494\" data-end=\"6548\">Kullan\u0131c\u0131 e\u011fitimleri ve kapsaml\u0131 teknik dok\u00fcmantasyon.<\/p>\n<\/li>\n<\/ul>\n<\/div><\/div><\/div><\/div><\/div><\/div><\/div><\/section>","protected":false},"excerpt":{"rendered":"Do\u011falgaz Tesisat\u0131 Do\u011falgaz tesisat\u0131, binalarda ve end\u00fcstriyel tesislerde temiz, g\u00fcvenli ve verimli enerji sa\u011flayan kritik bir mekanik altyap\u0131d\u0131r. Inntech olarak amac\u0131m\u0131z; g\u00fcvenlikten taviz vermeyen, mevzuata ve da\u011f\u0131t\u0131m \u015firketi kurallar\u0131na uygun, enerji verimlili\u011fi g\u00f6zetilmi\u015f do\u011falgaz \u00e7\u00f6z\u00fcmleri tasarlay\u0131p uygulamak; proje a\u015famas\u0131ndan devreye almaya, belgelendirme ve d\u00fczenli bak\u0131ma kadar eksiksiz destek sunmakt\u0131r. Hizmet Kapsam\u0131 Inntech\u2019in do\u011falgaz tesisat\u0131 hizmetleri...","protected":false},"author":1,"featured_media":394,"parent":239,"menu_order":0,"comment_status":"closed","ping_status":"closed","template":"","meta":{"footnotes":""},"class_list":["post-405","page","type-page","status-publish","has-post-thumbnail","hentry"],"yoast_head":"<!-- This site is optimized with the Yoast SEO plugin v27.5 - https:\/\/yoast.com\/product\/yoast-seo-wordpress\/ -->\n<title>Do\u011falgaz Tesisat\u0131 - Inntech M\u00fchendislik<\/title>\n<meta name=\"robots\" content=\"index, follow, max-snippet:-1, max-image-preview:large, max-video-preview:-1\" \/>\n<link rel=\"canonical\" href=\"https:\/\/www.inntech.com.tr\/de\/mekanik\/dogalgaz-tesisati\/\" \/>\n<meta property=\"og:locale\" content=\"de_DE\" \/>\n<meta property=\"og:type\" content=\"article\" \/>\n<meta property=\"og:title\" content=\"Do\u011falgaz Tesisat\u0131 - Inntech M\u00fchendislik\" \/>\n<meta property=\"og:url\" content=\"https:\/\/www.inntech.com.tr\/de\/mekanik\/dogalgaz-tesisati\/\" \/>\n<meta property=\"og:site_name\" content=\"Inntech M\u00fchendislik\" \/>\n<meta property=\"article:modified_time\" content=\"2025-08-12T07:05:37+00:00\" \/>\n<meta property=\"og:image\" content=\"https:\/\/www.inntech.com.tr\/wp-content\/uploads\/2025\/08\/dogalgaz-tesisati.jpg\" \/>\n\t<meta property=\"og:image:width\" content=\"1000\" \/>\n\t<meta property=\"og:image:height\" content=\"1100\" \/>\n\t<meta property=\"og:image:type\" content=\"image\/jpeg\" \/>\n<meta name=\"twitter:card\" content=\"summary_large_image\" \/>\n<meta name=\"twitter:label1\" content=\"Gesch\u00e4tzte Lesezeit\" \/>\n\t<meta name=\"twitter:data1\" content=\"5\u00a0Minuten\" \/>\n<script type=\"application\/ld+json\" class=\"yoast-schema-graph\">{\"@context\":\"https:\\\/\\\/schema.org\",\"@graph\":[{\"@type\":\"WebPage\",\"@id\":\"https:\\\/\\\/www.inntech.com.tr\\\/mekanik\\\/dogalgaz-tesisati\\\/\",\"url\":\"https:\\\/\\\/www.inntech.com.tr\\\/mekanik\\\/dogalgaz-tesisati\\\/\",\"name\":\"Do\u011falgaz Tesisat\u0131 - Inntech M\u00fchendislik\",\"isPartOf\":{\"@id\":\"https:\\\/\\\/www.inntech.com.tr\\\/#website\"},\"primaryImageOfPage\":{\"@id\":\"https:\\\/\\\/www.inntech.com.tr\\\/mekanik\\\/dogalgaz-tesisati\\\/#primaryimage\"},\"image\":{\"@id\":\"https:\\\/\\\/www.inntech.com.tr\\\/mekanik\\\/dogalgaz-tesisati\\\/#primaryimage\"},\"thumbnailUrl\":\"https:\\\/\\\/www.inntech.com.tr\\\/wp-content\\\/uploads\\\/2025\\\/08\\\/dogalgaz-tesisati.jpg\",\"datePublished\":\"2025-08-12T06:21:06+00:00\",\"dateModified\":\"2025-08-12T07:05:37+00:00\",\"breadcrumb\":{\"@id\":\"https:\\\/\\\/www.inntech.com.tr\\\/mekanik\\\/dogalgaz-tesisati\\\/#breadcrumb\"},\"inLanguage\":\"de\",\"potentialAction\":[{\"@type\":\"ReadAction\",\"target\":[\"https:\\\/\\\/www.inntech.com.tr\\\/mekanik\\\/dogalgaz-tesisati\\\/\"]}]},{\"@type\":\"ImageObject\",\"inLanguage\":\"de\",\"@id\":\"https:\\\/\\\/www.inntech.com.tr\\\/mekanik\\\/dogalgaz-tesisati\\\/#primaryimage\",\"url\":\"https:\\\/\\\/www.inntech.com.tr\\\/wp-content\\\/uploads\\\/2025\\\/08\\\/dogalgaz-tesisati.jpg\",\"contentUrl\":\"https:\\\/\\\/www.inntech.com.tr\\\/wp-content\\\/uploads\\\/2025\\\/08\\\/dogalgaz-tesisati.jpg\",\"width\":1000,\"height\":1100},{\"@type\":\"BreadcrumbList\",\"@id\":\"https:\\\/\\\/www.inntech.com.tr\\\/mekanik\\\/dogalgaz-tesisati\\\/#breadcrumb\",\"itemListElement\":[{\"@type\":\"ListItem\",\"position\":1,\"name\":\"Anasayfa\",\"item\":\"https:\\\/\\\/www.inntech.com.tr\\\/\"},{\"@type\":\"ListItem\",\"position\":2,\"name\":\"Mekanik Tesisat\",\"item\":\"https:\\\/\\\/www.inntech.com.tr\\\/mekanik\\\/\"},{\"@type\":\"ListItem\",\"position\":3,\"name\":\"Do\u011falgaz Tesisat\u0131\"}]},{\"@type\":\"WebSite\",\"@id\":\"https:\\\/\\\/www.inntech.com.tr\\\/#website\",\"url\":\"https:\\\/\\\/www.inntech.com.tr\\\/\",\"name\":\"Inntech M\u00fchendislik\",\"description\":\"\",\"potentialAction\":[{\"@type\":\"SearchAction\",\"target\":{\"@type\":\"EntryPoint\",\"urlTemplate\":\"https:\\\/\\\/www.inntech.com.tr\\\/?s={search_term_string}\"},\"query-input\":{\"@type\":\"PropertyValueSpecification\",\"valueRequired\":true,\"valueName\":\"search_term_string\"}}],\"inLanguage\":\"de\"}]}<\/script>\n<!-- \/ Yoast SEO plugin. -->","yoast_head_json":{"title":"Do\u011falgaz Tesisat\u0131 - Inntech M\u00fchendislik","robots":{"index":"index","follow":"follow","max-snippet":"max-snippet:-1","max-image-preview":"max-image-preview:large","max-video-preview":"max-video-preview:-1"},"canonical":"https:\/\/www.inntech.com.tr\/de\/mekanik\/dogalgaz-tesisati\/","og_locale":"de_DE","og_type":"article","og_title":"Do\u011falgaz Tesisat\u0131 - Inntech M\u00fchendislik","og_url":"https:\/\/www.inntech.com.tr\/de\/mekanik\/dogalgaz-tesisati\/","og_site_name":"Inntech M\u00fchendislik","article_modified_time":"2025-08-12T07:05:37+00:00","og_image":[{"width":1000,"height":1100,"url":"https:\/\/www.inntech.com.tr\/wp-content\/uploads\/2025\/08\/dogalgaz-tesisati.jpg","type":"image\/jpeg"}],"twitter_card":"summary_large_image","twitter_misc":{"Gesch\u00e4tzte Lesezeit":"5\u00a0Minuten"},"schema":{"@context":"https:\/\/schema.org","@graph":[{"@type":"WebPage","@id":"https:\/\/www.inntech.com.tr\/mekanik\/dogalgaz-tesisati\/","url":"https:\/\/www.inntech.com.tr\/mekanik\/dogalgaz-tesisati\/","name":"Do\u011falgaz Tesisat\u0131 - Inntech M\u00fchendislik","isPartOf":{"@id":"https:\/\/www.inntech.com.tr\/#website"},"primaryImageOfPage":{"@id":"https:\/\/www.inntech.com.tr\/mekanik\/dogalgaz-tesisati\/#primaryimage"},"image":{"@id":"https:\/\/www.inntech.com.tr\/mekanik\/dogalgaz-tesisati\/#primaryimage"},"thumbnailUrl":"https:\/\/www.inntech.com.tr\/wp-content\/uploads\/2025\/08\/dogalgaz-tesisati.jpg","datePublished":"2025-08-12T06:21:06+00:00","dateModified":"2025-08-12T07:05:37+00:00","breadcrumb":{"@id":"https:\/\/www.inntech.com.tr\/mekanik\/dogalgaz-tesisati\/#breadcrumb"},"inLanguage":"de","potentialAction":[{"@type":"ReadAction","target":["https:\/\/www.inntech.com.tr\/mekanik\/dogalgaz-tesisati\/"]}]},{"@type":"ImageObject","inLanguage":"de","@id":"https:\/\/www.inntech.com.tr\/mekanik\/dogalgaz-tesisati\/#primaryimage","url":"https:\/\/www.inntech.com.tr\/wp-content\/uploads\/2025\/08\/dogalgaz-tesisati.jpg","contentUrl":"https:\/\/www.inntech.com.tr\/wp-content\/uploads\/2025\/08\/dogalgaz-tesisati.jpg","width":1000,"height":1100},{"@type":"BreadcrumbList","@id":"https:\/\/www.inntech.com.tr\/mekanik\/dogalgaz-tesisati\/#breadcrumb","itemListElement":[{"@type":"ListItem","position":1,"name":"Anasayfa","item":"https:\/\/www.inntech.com.tr\/"},{"@type":"ListItem","position":2,"name":"Mekanik Tesisat","item":"https:\/\/www.inntech.com.tr\/mekanik\/"},{"@type":"ListItem","position":3,"name":"Do\u011falgaz Tesisat\u0131"}]},{"@type":"WebSite","@id":"https:\/\/www.inntech.com.tr\/#website","url":"https:\/\/www.inntech.com.tr\/","name":"Inntech M\u00fchendislik","description":"","potentialAction":[{"@type":"SearchAction","target":{"@type":"EntryPoint","urlTemplate":"https:\/\/www.inntech.com.tr\/?s={search_term_string}"},"query-input":{"@type":"PropertyValueSpecification","valueRequired":true,"valueName":"search_term_string"}}],"inLanguage":"de"}]}},"_links":{"self":[{"href":"https:\/\/www.inntech.com.tr\/de\/wp-json\/wp\/v2\/pages\/405","targetHints":{"allow":["GET"]}}],"collection":[{"href":"https:\/\/www.inntech.com.tr\/de\/wp-json\/wp\/v2\/pages"}],"about":[{"href":"https:\/\/www.inntech.com.tr\/de\/wp-json\/wp\/v2\/types\/page"}],"author":[{"embeddable":true,"href":"https:\/\/www.inntech.com.tr\/de\/wp-json\/wp\/v2\/users\/1"}],"replies":[{"embeddable":true,"href":"https:\/\/www.inntech.com.tr\/de\/wp-json\/wp\/v2\/comments?post=405"}],"version-history":[{"count":3,"href":"https:\/\/www.inntech.com.tr\/de\/wp-json\/wp\/v2\/pages\/405\/revisions"}],"predecessor-version":[{"id":443,"href":"https:\/\/www.inntech.com.tr\/de\/wp-json\/wp\/v2\/pages\/405\/revisions\/443"}],"up":[{"embeddable":true,"href":"https:\/\/www.inntech.com.tr\/de\/wp-json\/wp\/v2\/pages\/239"}],"wp:featuredmedia":[{"embeddable":true,"href":"https:\/\/www.inntech.com.tr\/de\/wp-json\/wp\/v2\/media\/394"}],"wp:attachment":[{"href":"https:\/\/www.inntech.com.tr\/de\/wp-json\/wp\/v2\/media?parent=405"}],"curies":[{"name":"wp","href":"https:\/\/api.w.org\/{rel}","templated":true}]}}