{"id":407,"date":"2025-08-12T09:21:32","date_gmt":"2025-08-12T06:21:32","guid":{"rendered":"https:\/\/www.beta2.lf.com.tr\/?page_id=407"},"modified":"2025-08-12T10:04:52","modified_gmt":"2025-08-12T07:04:52","slug":"havalandirma-tesisati","status":"publish","type":"page","link":"https:\/\/www.inntech.com.tr\/de\/mekanik\/havalandirma-tesisati\/","title":{"rendered":"L\u00fcftungsinstallation"},"content":{"rendered":"<section class=\"l-section wpb_row height_medium\"><div class=\"l-section-h i-cf\"><div class=\"g-cols vc_row via_flex valign_top type_default stacking_default\"><div class=\"vc_col-sm-12 wpb_column vc_column_container\"><div class=\"vc_column-inner\"><div class=\"wpb_wrapper\"><div class=\"wpb_text_column\"><div class=\"wpb_wrapper\"><h2 data-start=\"35\" data-end=\"457\"><strong>L\u00fcftungsinstallation<\/strong><\/h2>\n<p data-start=\"35\" data-end=\"457\">L\u00fcftungssysteme sind eine grundlegende mechanische Infrastruktur, die sich direkt auf Komfort, Gesundheit und Sicherheit in Innenr\u00e4umen auswirkt und eine bedeutende Rolle bei der Energieeffizienz und den Betriebskosten spielt. Unser Ziel bei Inntech ist es, durch solide Technik, geeignete Ger\u00e4teauswahl und interdisziplin\u00e4re Integration eine zuverl\u00e4ssige, effiziente und nachhaltige Kontrolle von Frischluft, Feuchtigkeit, Geruch und Partikeln in Geb\u00e4uden und industriellen Prozessen zu gew\u00e4hrleisten.<\/p>\n<h2 data-start=\"459\" data-end=\"476\">Leistungsumfang<\/h2>\n<p data-start=\"477\" data-end=\"537\">Die L\u00fcftungsdienstleistungen von Inntech umfassen folgenden Umfang:<\/p>\n<ul data-start=\"538\" data-end=\"1324\">\n<li data-start=\"538\" data-end=\"605\">\n<p data-start=\"540\" data-end=\"605\">Bedarfsanalyse und Bewertung der Raumluftqualit\u00e4t (IAQ)<\/p>\n<\/li>\n<li data-start=\"606\" data-end=\"693\">\n<p data-start=\"608\" data-end=\"693\">Vorprojekt und Detailplanung (Luftstr\u00f6mung, Luftf\u00fchrung, Akustik, Energieberechnungen)<\/p>\n<\/li>\n<li data-start=\"694\" data-end=\"781\">\n<p data-start=\"696\" data-end=\"781\">Zentrale und lokale L\u00fcftungsl\u00f6sungen (AHU, Dachklimaanlage, Gebl\u00e4sekonvektor, Abluftsysteme)<\/p>\n<\/li>\n<li data-start=\"782\" data-end=\"839\">\n<p data-start=\"784\" data-end=\"839\">L\u00fcftungsdesigns mit W\u00e4rmer\u00fcckgewinnung (HRV\/ERV)<\/p>\n<\/li>\n<li data-start=\"840\" data-end=\"922\">\n<p data-start=\"842\" data-end=\"922\">Filtrationsl\u00f6sungen (mehrstufige Partikel- und Gasentfernung, HEPA-Anwendungen)<\/p>\n<\/li>\n<li data-start=\"923\" data-end=\"1009\">\n<p data-start=\"925\" data-end=\"1009\">Rauchkontrolle, Unter-\/\u00dcberdruckanwendungen und Brandschutzklappenintegration<\/p>\n<\/li>\n<li data-start=\"1010\" data-end=\"1100\">\n<p data-start=\"1012\" data-end=\"1100\">Sonderanfertigungen f\u00fcr Spezialbereiche wie K\u00fcchen, Labore, Operationss\u00e4le, Rechenzentren<\/p>\n<\/li>\n<li data-start=\"1101\" data-end=\"1170\">\n<p data-start=\"1103\" data-end=\"1170\">Montage, Auswuchten, Funktionspr\u00fcfung und Inbetriebnahme<\/p>\n<\/li>\n<li data-start=\"1171\" data-end=\"1239\">\n<p data-start=\"1173\" data-end=\"1239\">BMS\/SCADA-Integration, sensorbasierte Steuerung und Fern\u00fcberwachung<\/p>\n<\/li>\n<li data-start=\"1240\" data-end=\"1324\">\n<p data-start=\"1242\" data-end=\"1324\">Regelm\u00e4\u00dfige Wartung, Filterwechsel, Reinigung, Leistungstests und 24\/7-Support<\/p>\n<\/li>\n<\/ul>\n<h2 data-start=\"1326\" data-end=\"1347\">Systemkomponenten<\/h2>\n<p data-start=\"1348\" data-end=\"1429\">Ein erfolgreiches L\u00fcftungssystem wird durch die richtige Kombination der Komponenten erm\u00f6glicht:<\/p>\n<ul data-start=\"1430\" data-end=\"2297\">\n<li data-start=\"1430\" data-end=\"1549\">\n<p data-start=\"1432\" data-end=\"1549\"><strong data-start=\"1432\" data-end=\"1472\">Luftbehandlungsger\u00e4t (AHU) \/ Dach:<\/strong> Es beherbergt Filter-, W\u00e4rmer\u00fcckgewinnungs-, Feuchtigkeitskontroll- und L\u00fcftereinheiten.<\/p>\n<\/li>\n<li data-start=\"1550\" data-end=\"1665\">\n<p data-start=\"1552\" data-end=\"1665\"><strong data-start=\"1552\" data-end=\"1577\">Rohrleitungen:<\/strong> Es ist darauf ausgelegt, den Druckabfall zu minimieren und akustische und Dichtungskriterien zu erf\u00fcllen.<\/p>\n<\/li>\n<li data-start=\"1666\" data-end=\"1745\">\n<p data-start=\"1668\" data-end=\"1745\"><strong data-start=\"1668\" data-end=\"1692\">Fans und Fahrer:<\/strong> Energieeffiziente, VSD-gesteuerte L\u00fcfter bei Bedarf.<\/p>\n<\/li>\n<li data-start=\"1746\" data-end=\"1866\">\n<p data-start=\"1748\" data-end=\"1866\"><strong data-start=\"1748\" data-end=\"1770\">Filtersysteme:<\/strong> Kritische Filterl\u00f6sungen wie Vorfiltration, Feinpartikelfilter, Aktivkohle oder HEPA.<\/p>\n<\/li>\n<li data-start=\"1867\" data-end=\"1979\">\n<p data-start=\"1869\" data-end=\"1979\"><strong data-start=\"1869\" data-end=\"1910\">W\u00e4rmer\u00fcckgewinnungsger\u00e4te (HRV\/ERV):<\/strong> Es erm\u00f6glicht Energieeinsparungen durch R\u00fcckgewinnung der Energie der Innen- und Au\u00dfenluft.<\/p>\n<\/li>\n<li data-start=\"1980\" data-end=\"2080\">\n<p data-start=\"1982\" data-end=\"2080\"><strong data-start=\"1982\" data-end=\"2020\">Abluft- und Frischlufthauben:<\/strong> Lokale Abfall-\/Abgasabsaugung und Frischluftzufuhr.<\/p>\n<\/li>\n<li data-start=\"2081\" data-end=\"2198\">\n<p data-start=\"2083\" data-end=\"2198\"><strong data-start=\"2083\" data-end=\"2107\">Steuerung &amp; Sensoren:<\/strong> Bedarfsgerechte L\u00fcftung mit CO\u2082-, VOC-, Feuchte-, Temperatur-, Druckdifferenz- und Partikelmessger\u00e4ten.<\/p>\n<\/li>\n<li data-start=\"2199\" data-end=\"2297\">\n<p data-start=\"2201\" data-end=\"2297\"><strong data-start=\"2201\" data-end=\"2237\">Akustik- und D\u00e4mpfungselemente:<\/strong> Kanal- und Ger\u00e4tel\u00f6sungen zur Ger\u00e4usch- und Vibrationskontrolle.<\/p>\n<\/li>\n<\/ul>\n<h2 data-start=\"2299\" data-end=\"2335\">Konstruktionsprinzipien und Dimensionierung<\/h2>\n<p data-start=\"2336\" data-end=\"2386\">F\u00fcr jedes Projekt wird ein spezifischer technischer Ansatz verfolgt:<\/p>\n<ul data-start=\"2387\" data-end=\"2961\">\n<li data-start=\"2387\" data-end=\"2489\">\n<p data-start=\"2389\" data-end=\"2489\">Basierend auf dem tats\u00e4chlichen Nutzungsprofil, der Personendichte und den Prozessanforderungen <strong data-start=\"2458\" data-end=\"2475\">Luftdurchflussraten<\/strong> wird ermittelt.<\/p>\n<\/li>\n<li data-start=\"2490\" data-end=\"2604\">\n<p data-start=\"2492\" data-end=\"2604\">Bei der Optimierung der Rohrleitungen\/Kan\u00e4le werden Druckabfall, Kanall\u00e4ngen und Ger\u00e4teeffizienz ber\u00fccksichtigt.<\/p>\n<\/li>\n<li data-start=\"2605\" data-end=\"2710\">\n<p data-start=\"2607\" data-end=\"2710\">Dabei werden akustische Grenzwerte (dB-Werte), Schwingungsisolierung und Komfort in angrenzenden R\u00e4umen ber\u00fccksichtigt.<\/p>\n<\/li>\n<li data-start=\"2711\" data-end=\"2834\">\n<p data-start=\"2713\" data-end=\"2834\">Druckmanagement (positiv\/negativ) und Klassifizierung werden in kritischen Bereichen (Operationssaal, Labor, Reinraum) angewendet.<\/p>\n<\/li>\n<li data-start=\"2835\" data-end=\"2961\">\n<p data-start=\"2837\" data-end=\"2961\">Im Einklang mit den Energieeffizienzzielen werden W\u00e4rmer\u00fcckgewinnungs-, bedarfsgerechte Steuerungs- und Segmentierungsstrategien entwickelt.<\/p>\n<\/li>\n<\/ul>\n<h2 data-start=\"2963\" data-end=\"2999\">Energieeffizienz und -optimierung<\/h2>\n<p data-start=\"3000\" data-end=\"3119\">L\u00fcftungssysteme z\u00e4hlen zu den gr\u00f6\u00dften Energieverbrauchern in Geb\u00e4uden, daher verfolgt Inntech folgende Ans\u00e4tze:<\/p>\n<ul data-start=\"3120\" data-end=\"3467\">\n<li data-start=\"3120\" data-end=\"3187\">\n<p data-start=\"3122\" data-end=\"3187\">Energieoptimierung entsprechend dem Lastprofil mit VSD-gesteuerten Ventilatoren.<\/p>\n<\/li>\n<li data-start=\"3188\" data-end=\"3265\">\n<p data-start=\"3190\" data-end=\"3265\">Maximale Nutzung der Frischluftenergie durch W\u00e4rmer\u00fcckgewinnungssysteme.<\/p>\n<\/li>\n<li data-start=\"3266\" data-end=\"3370\">\n<p data-start=\"3268\" data-end=\"3370\">Vermeidung unn\u00f6tiger Frischluftzufuhr durch bedarfsgesteuerte L\u00fcftung (CO\u2082-, VOC-Sensoren).<\/p>\n<\/li>\n<li data-start=\"3371\" data-end=\"3467\">\n<p data-start=\"3373\" data-end=\"3467\">Kontinuierliche Verbesserung durch Leistungs\u00fcberwachung, Energieanalysen und j\u00e4hrliche Optimierungsberichte.<\/p>\n<\/li>\n<\/ul>\n<h2 data-start=\"3469\" data-end=\"3508\">Sicherheit, Luftqualit\u00e4t und Compliance<\/h2>\n<ul data-start=\"3509\" data-end=\"3975\">\n<li data-start=\"3509\" data-end=\"3607\">\n<p data-start=\"3511\" data-end=\"3607\">Die Entw\u00fcrfe werden im Einklang mit der \u00f6rtlichen Gesetzgebung, TSE und den relevanten Bau-\/Arbeitsschutznormen erstellt.<\/p>\n<\/li>\n<li data-start=\"3608\" data-end=\"3716\">\n<p data-start=\"3610\" data-end=\"3716\">In kritischen Projekten sind Rauchkontrolle, Gas-\/Chemikaliendetektoren und automatische Absperrvorrichtungen integriert.<\/p>\n<\/li>\n<li data-start=\"3717\" data-end=\"3886\">\n<p data-start=\"3719\" data-end=\"3886\">Die Filtrationsstrategien werden auf die jeweiligen Branchenanforderungen (Lebensmittel, Gesundheitswesen, Pharma) abgestimmt; f\u00fcr Bereiche, in denen HEPA\/ULPA erforderlich ist, werden entsprechende Klassenzimmerl\u00f6sungen implementiert.<\/p>\n<\/li>\n<li data-start=\"3887\" data-end=\"3975\">\n<p data-start=\"3889\" data-end=\"3975\">Die Bildung von Mikroorganismen wird durch Kondensatableitung, Leckage- und Feuchtigkeitskontrolle minimiert.<\/p>\n<\/li>\n<\/ul>\n<h2 data-start=\"3977\" data-end=\"4013\">Montage, Auswuchten und Inbetriebnahme<\/h2>\n<ul data-start=\"4014\" data-end=\"4449\">\n<li data-start=\"4014\" data-end=\"4146\">\n<p data-start=\"4016\" data-end=\"4146\">Die Installation vor Ort erfolgt unter Einhaltung von Qualit\u00e4tskontrollverfahren; die Abdichtung und Isolierung der Kan\u00e4le sowie die St\u00fctzsysteme werden \u00fcberpr\u00fcft.<\/p>\n<\/li>\n<li data-start=\"4147\" data-end=\"4258\">\n<p data-start=\"4149\" data-end=\"4258\">Es werden Luftstrombilanzierungen, statische Druckmessungen, akustische Messungen und Funktionstests durchgef\u00fchrt.<\/p>\n<\/li>\n<li data-start=\"4259\" data-end=\"4374\">\n<p data-start=\"4261\" data-end=\"4374\">Bei der Inbetriebnahme wird durch IAQ-Messungen (CO\u2082, Partikel, Luftfeuchtigkeit, Temperatur) \u00fcberpr\u00fcft, ob die Zielwerte eingehalten werden.<\/p>\n<\/li>\n<li data-start=\"4375\" data-end=\"4449\">\n<p data-start=\"4377\" data-end=\"4449\">Es werden Benutzerschulungen, Bedienungsanleitungen und Wartungspl\u00e4ne mitgeliefert.<\/p>\n<\/li>\n<\/ul>\n<h2 data-start=\"4451\" data-end=\"4484\">Wartung und Lebenszyklusmanagement<\/h2>\n<ul data-start=\"4485\" data-end=\"4914\">\n<li data-start=\"4485\" data-end=\"4576\">\n<p data-start=\"4487\" data-end=\"4576\">Die Systemleistung wird durch regelm\u00e4\u00dfige Filterwechsel und Reinigungspl\u00e4ne f\u00fcr die Einheit aufrechterhalten.<\/p>\n<\/li>\n<li data-start=\"4577\" data-end=\"4673\">\n<p data-start=\"4579\" data-end=\"4673\">Es werden regelm\u00e4\u00dfige Leistungstests, Dichtheitspr\u00fcfungen und akustische Bewertungen durchgef\u00fchrt.<\/p>\n<\/li>\n<li data-start=\"4674\" data-end=\"4796\">\n<p data-start=\"4676\" data-end=\"4796\">Bei kritischen Projekten ist schnelles Handeln durch Ersatzteilversorgung, 24\/7-St\u00f6rungshotline und Fern\u00fcberwachung gew\u00e4hrleistet.<\/p>\n<\/li>\n<li data-start=\"4797\" data-end=\"4914\">\n<p data-start=\"4799\" data-end=\"4914\">Leistungseinbu\u00dfen werden durch Erneuerungs- und Modernisierungsleistungen behoben, der Energieverbrauch durch Nachr\u00fcstungen gesenkt.<\/p>\n<\/li>\n<\/ul>\n<h2 data-start=\"4916\" data-end=\"4947\">Branchen- und Spezialanwendungen<\/h2>\n<p data-start=\"4948\" data-end=\"5029\">Inntech bietet ma\u00dfgeschneiderte L\u00f6sungen basierend auf den Anforderungen verschiedener Branchen:<\/p>\n<ul data-start=\"5030\" data-end=\"5640\">\n<li data-start=\"5030\" data-end=\"5154\">\n<p data-start=\"5032\" data-end=\"5154\"><strong data-start=\"5032\" data-end=\"5053\">Gesundheitseinrichtungen:<\/strong> Druckfeste, filtrierende und redundante L\u00f6sungen f\u00fcr Operationss\u00e4le, Intensivstationen und Labore.<\/p>\n<\/li>\n<li data-start=\"5155\" data-end=\"5250\">\n<p data-start=\"5157\" data-end=\"5250\"><strong data-start=\"5157\" data-end=\"5174\">Lebensmittel und Medikamente:<\/strong> Hygienische Materialauswahl, Partikelkontrolle und Klassifizierung sauberer Luft.<\/p>\n<\/li>\n<li data-start=\"5251\" data-end=\"5336\">\n<p data-start=\"5253\" data-end=\"5336\"><strong data-start=\"5253\" data-end=\"5266\">Industrie:<\/strong> Kontrolle prozessbedingter Emissionen, lokale Abgas- und Luftreinigung.<\/p>\n<\/li>\n<li data-start=\"5337\" data-end=\"5425\">\n<p data-start=\"5339\" data-end=\"5425\"><strong data-start=\"5339\" data-end=\"5355\">Gewerbe\/B\u00fcro:<\/strong> Komfortorientierte, bedarfsangepasste L\u00fcftung und Akustikoptimierung.<\/p>\n<\/li>\n<li data-start=\"5426\" data-end=\"5536\">\n<p data-start=\"5428\" data-end=\"5536\"><strong data-start=\"5428\" data-end=\"5451\">K\u00fcche und Restaurant:<\/strong> Hochleistungsabsaugung, Isolierung von \u00d6l und Geruch, Brandschutzintegration.<\/p>\n<\/li>\n<li data-start=\"5537\" data-end=\"5640\">\n<p data-start=\"5539\" data-end=\"5640\"><strong data-start=\"5539\" data-end=\"5559\">Rechenzentren:<\/strong> L\u00f6sungen f\u00fcr kritisches K\u00fchl- und Druckmanagement, Staubkontrolle und Energieeffizienz.<\/p>\n<\/li>\n<\/ul>\n<h2 data-start=\"5642\" data-end=\"5669\">Projektablauf \u2013 Schritt f\u00fcr Schritt<\/h2>\n<ol data-start=\"5670\" data-end=\"6048\">\n<li data-start=\"5670\" data-end=\"5711\">\n<p data-start=\"5673\" data-end=\"5711\">Felderkundung und IAQ-\/Nutzungsanalyse<\/p>\n<\/li>\n<li data-start=\"5712\" data-end=\"5746\">\n<p data-start=\"5715\" data-end=\"5746\">Vorentwurf und Kostenkalkulation<\/p>\n<\/li>\n<li data-start=\"5747\" data-end=\"5813\">\n<p data-start=\"5750\" data-end=\"5813\">Detailliertes Engineering (P&amp;ID, Rohrleitungen, Akustik, Lastberechnungen)<\/p>\n<\/li>\n<li data-start=\"5814\" data-end=\"5865\">\n<p data-start=\"5817\" data-end=\"5865\">Ger\u00e4telieferung und Fertigteilproduktion (falls erforderlich)<\/p>\n<\/li>\n<li data-start=\"5866\" data-end=\"5911\">\n<p data-start=\"5869\" data-end=\"5911\">Montage, Isolierung und mechanische Verbindungen<\/p>\n<\/li>\n<li data-start=\"5912\" data-end=\"5951\">\n<p data-start=\"5915\" data-end=\"5951\">Auswuchten, Pr\u00fcfen und Inbetriebnahme<\/p>\n<\/li>\n<li data-start=\"5952\" data-end=\"6008\">\n<p data-start=\"5955\" data-end=\"6008\">Lieferung, Anwenderschulung und technische Dokumentation<\/p>\n<\/li>\n<li data-start=\"6009\" data-end=\"6048\">\n<p data-start=\"6012\" data-end=\"6048\">Regelm\u00e4\u00dfige Wartung und Leistungs\u00fcberwachung<\/p>\n<\/li>\n<\/ol>\n<h2 data-start=\"6050\" data-end=\"6067\">Warum Inntech?<\/h2>\n<p data-start=\"6068\" data-end=\"6198\">Inntech zeichnet sich durch seine interdisziplin\u00e4re technische Koordination, seine Anwendungserfahrung vor Ort und seinen auf Energieeffizienz ausgerichteten Ansatz aus:<\/p>\n<ul data-start=\"6199\" data-end=\"6480\">\n<li data-start=\"6199\" data-end=\"6270\">\n<p data-start=\"6201\" data-end=\"6270\">Das Projekt wird mit konkreten, messbaren Leistungszielen durchgef\u00fchrt.<\/p>\n<\/li>\n<li data-start=\"6271\" data-end=\"6324\">\n<p data-start=\"6273\" data-end=\"6324\">Arbeitssicherheit und die Einhaltung gesetzlicher Vorschriften sind gew\u00e4hrleistet.<\/p>\n<\/li>\n<li data-start=\"6325\" data-end=\"6400\">\n<p data-start=\"6327\" data-end=\"6400\">Es werden Wartung nach der Lieferung, Fern\u00fcberwachung und schneller Reaktionssupport angeboten.<\/p>\n<\/li>\n<li data-start=\"6401\" data-end=\"6480\">\n<p data-start=\"6403\" data-end=\"6480\">Wir konzipieren und implementieren L\u00f6sungen, die Energie- und Betriebskosten minimieren.<\/p>\n<\/li>\n<\/ul>\n<\/div><\/div><\/div><\/div><\/div><\/div><\/div><\/section>","protected":false},"excerpt":{"rendered":"Havaland\u0131rma Tesisat\u0131 Havaland\u0131rma tesisat\u0131; i\u00e7 mek\u00e2n konforunu, sa\u011fl\u0131k ve g\u00fcvenli\u011fi do\u011frudan etkileyen, enerji verimlili\u011fi ve i\u015fletme maliyetleri \u00fczerinde b\u00fcy\u00fck rol oynayan temel bir mekanik altyap\u0131d\u0131r. Inntech olarak hedefimiz; do\u011fru m\u00fchendislik, uygun ekipman se\u00e7imi ve disiplinleraras\u0131 entegrasyon ile yap\u0131lar\u0131n ve end\u00fcstriyel proseslerin taze hava, nem, koku ve partik\u00fcl kontrol\u00fcn\u00fc g\u00fcvenilir, verimli ve s\u00fcrd\u00fcr\u00fclebilir \u015fekilde sa\u011flamakt\u0131r. Hizmet...","protected":false},"author":1,"featured_media":395,"parent":239,"menu_order":0,"comment_status":"closed","ping_status":"closed","template":"","meta":{"footnotes":""},"class_list":["post-407","page","type-page","status-publish","has-post-thumbnail","hentry"],"yoast_head":"<!-- This site is optimized with the Yoast SEO plugin v27.5 - https:\/\/yoast.com\/product\/yoast-seo-wordpress\/ -->\n<title>Havaland\u0131rma Tesisat\u0131 - Inntech M\u00fchendislik<\/title>\n<meta name=\"robots\" content=\"index, follow, max-snippet:-1, max-image-preview:large, max-video-preview:-1\" \/>\n<link rel=\"canonical\" href=\"https:\/\/www.inntech.com.tr\/de\/mekanik\/havalandirma-tesisati\/\" \/>\n<meta property=\"og:locale\" content=\"de_DE\" \/>\n<meta property=\"og:type\" content=\"article\" \/>\n<meta property=\"og:title\" content=\"Havaland\u0131rma Tesisat\u0131 - Inntech M\u00fchendislik\" \/>\n<meta property=\"og:url\" content=\"https:\/\/www.inntech.com.tr\/de\/mekanik\/havalandirma-tesisati\/\" \/>\n<meta property=\"og:site_name\" content=\"Inntech M\u00fchendislik\" \/>\n<meta property=\"article:modified_time\" content=\"2025-08-12T07:04:52+00:00\" \/>\n<meta property=\"og:image\" content=\"https:\/\/www.inntech.com.tr\/wp-content\/uploads\/2025\/08\/havalandirma-tesisati.jpg\" \/>\n\t<meta property=\"og:image:width\" content=\"1000\" \/>\n\t<meta property=\"og:image:height\" content=\"1100\" \/>\n\t<meta property=\"og:image:type\" content=\"image\/jpeg\" \/>\n<meta name=\"twitter:card\" content=\"summary_large_image\" \/>\n<meta name=\"twitter:label1\" content=\"Gesch\u00e4tzte Lesezeit\" \/>\n\t<meta name=\"twitter:data1\" content=\"5\u00a0Minuten\" \/>\n<script type=\"application\/ld+json\" class=\"yoast-schema-graph\">{\"@context\":\"https:\\\/\\\/schema.org\",\"@graph\":[{\"@type\":\"WebPage\",\"@id\":\"https:\\\/\\\/www.inntech.com.tr\\\/mekanik\\\/havalandirma-tesisati\\\/\",\"url\":\"https:\\\/\\\/www.inntech.com.tr\\\/mekanik\\\/havalandirma-tesisati\\\/\",\"name\":\"Havaland\u0131rma Tesisat\u0131 - Inntech M\u00fchendislik\",\"isPartOf\":{\"@id\":\"https:\\\/\\\/www.inntech.com.tr\\\/#website\"},\"primaryImageOfPage\":{\"@id\":\"https:\\\/\\\/www.inntech.com.tr\\\/mekanik\\\/havalandirma-tesisati\\\/#primaryimage\"},\"image\":{\"@id\":\"https:\\\/\\\/www.inntech.com.tr\\\/mekanik\\\/havalandirma-tesisati\\\/#primaryimage\"},\"thumbnailUrl\":\"https:\\\/\\\/www.inntech.com.tr\\\/wp-content\\\/uploads\\\/2025\\\/08\\\/havalandirma-tesisati.jpg\",\"datePublished\":\"2025-08-12T06:21:32+00:00\",\"dateModified\":\"2025-08-12T07:04:52+00:00\",\"breadcrumb\":{\"@id\":\"https:\\\/\\\/www.inntech.com.tr\\\/mekanik\\\/havalandirma-tesisati\\\/#breadcrumb\"},\"inLanguage\":\"de\",\"potentialAction\":[{\"@type\":\"ReadAction\",\"target\":[\"https:\\\/\\\/www.inntech.com.tr\\\/mekanik\\\/havalandirma-tesisati\\\/\"]}]},{\"@type\":\"ImageObject\",\"inLanguage\":\"de\",\"@id\":\"https:\\\/\\\/www.inntech.com.tr\\\/mekanik\\\/havalandirma-tesisati\\\/#primaryimage\",\"url\":\"https:\\\/\\\/www.inntech.com.tr\\\/wp-content\\\/uploads\\\/2025\\\/08\\\/havalandirma-tesisati.jpg\",\"contentUrl\":\"https:\\\/\\\/www.inntech.com.tr\\\/wp-content\\\/uploads\\\/2025\\\/08\\\/havalandirma-tesisati.jpg\",\"width\":1000,\"height\":1100},{\"@type\":\"BreadcrumbList\",\"@id\":\"https:\\\/\\\/www.inntech.com.tr\\\/mekanik\\\/havalandirma-tesisati\\\/#breadcrumb\",\"itemListElement\":[{\"@type\":\"ListItem\",\"position\":1,\"name\":\"Anasayfa\",\"item\":\"https:\\\/\\\/www.inntech.com.tr\\\/\"},{\"@type\":\"ListItem\",\"position\":2,\"name\":\"Mekanik Tesisat\",\"item\":\"https:\\\/\\\/www.inntech.com.tr\\\/mekanik\\\/\"},{\"@type\":\"ListItem\",\"position\":3,\"name\":\"Havaland\u0131rma Tesisat\u0131\"}]},{\"@type\":\"WebSite\",\"@id\":\"https:\\\/\\\/www.inntech.com.tr\\\/#website\",\"url\":\"https:\\\/\\\/www.inntech.com.tr\\\/\",\"name\":\"Inntech M\u00fchendislik\",\"description\":\"\",\"potentialAction\":[{\"@type\":\"SearchAction\",\"target\":{\"@type\":\"EntryPoint\",\"urlTemplate\":\"https:\\\/\\\/www.inntech.com.tr\\\/?s={search_term_string}\"},\"query-input\":{\"@type\":\"PropertyValueSpecification\",\"valueRequired\":true,\"valueName\":\"search_term_string\"}}],\"inLanguage\":\"de\"}]}<\/script>\n<!-- \/ Yoast SEO plugin. -->","yoast_head_json":{"title":"Havaland\u0131rma Tesisat\u0131 - Inntech M\u00fchendislik","robots":{"index":"index","follow":"follow","max-snippet":"max-snippet:-1","max-image-preview":"max-image-preview:large","max-video-preview":"max-video-preview:-1"},"canonical":"https:\/\/www.inntech.com.tr\/de\/mekanik\/havalandirma-tesisati\/","og_locale":"de_DE","og_type":"article","og_title":"Havaland\u0131rma Tesisat\u0131 - Inntech M\u00fchendislik","og_url":"https:\/\/www.inntech.com.tr\/de\/mekanik\/havalandirma-tesisati\/","og_site_name":"Inntech M\u00fchendislik","article_modified_time":"2025-08-12T07:04:52+00:00","og_image":[{"width":1000,"height":1100,"url":"https:\/\/www.inntech.com.tr\/wp-content\/uploads\/2025\/08\/havalandirma-tesisati.jpg","type":"image\/jpeg"}],"twitter_card":"summary_large_image","twitter_misc":{"Gesch\u00e4tzte Lesezeit":"5\u00a0Minuten"},"schema":{"@context":"https:\/\/schema.org","@graph":[{"@type":"WebPage","@id":"https:\/\/www.inntech.com.tr\/mekanik\/havalandirma-tesisati\/","url":"https:\/\/www.inntech.com.tr\/mekanik\/havalandirma-tesisati\/","name":"Havaland\u0131rma Tesisat\u0131 - Inntech M\u00fchendislik","isPartOf":{"@id":"https:\/\/www.inntech.com.tr\/#website"},"primaryImageOfPage":{"@id":"https:\/\/www.inntech.com.tr\/mekanik\/havalandirma-tesisati\/#primaryimage"},"image":{"@id":"https:\/\/www.inntech.com.tr\/mekanik\/havalandirma-tesisati\/#primaryimage"},"thumbnailUrl":"https:\/\/www.inntech.com.tr\/wp-content\/uploads\/2025\/08\/havalandirma-tesisati.jpg","datePublished":"2025-08-12T06:21:32+00:00","dateModified":"2025-08-12T07:04:52+00:00","breadcrumb":{"@id":"https:\/\/www.inntech.com.tr\/mekanik\/havalandirma-tesisati\/#breadcrumb"},"inLanguage":"de","potentialAction":[{"@type":"ReadAction","target":["https:\/\/www.inntech.com.tr\/mekanik\/havalandirma-tesisati\/"]}]},{"@type":"ImageObject","inLanguage":"de","@id":"https:\/\/www.inntech.com.tr\/mekanik\/havalandirma-tesisati\/#primaryimage","url":"https:\/\/www.inntech.com.tr\/wp-content\/uploads\/2025\/08\/havalandirma-tesisati.jpg","contentUrl":"https:\/\/www.inntech.com.tr\/wp-content\/uploads\/2025\/08\/havalandirma-tesisati.jpg","width":1000,"height":1100},{"@type":"BreadcrumbList","@id":"https:\/\/www.inntech.com.tr\/mekanik\/havalandirma-tesisati\/#breadcrumb","itemListElement":[{"@type":"ListItem","position":1,"name":"Anasayfa","item":"https:\/\/www.inntech.com.tr\/"},{"@type":"ListItem","position":2,"name":"Mekanik Tesisat","item":"https:\/\/www.inntech.com.tr\/mekanik\/"},{"@type":"ListItem","position":3,"name":"Havaland\u0131rma Tesisat\u0131"}]},{"@type":"WebSite","@id":"https:\/\/www.inntech.com.tr\/#website","url":"https:\/\/www.inntech.com.tr\/","name":"Inntech M\u00fchendislik","description":"","potentialAction":[{"@type":"SearchAction","target":{"@type":"EntryPoint","urlTemplate":"https:\/\/www.inntech.com.tr\/?s={search_term_string}"},"query-input":{"@type":"PropertyValueSpecification","valueRequired":true,"valueName":"search_term_string"}}],"inLanguage":"de"}]}},"_links":{"self":[{"href":"https:\/\/www.inntech.com.tr\/de\/wp-json\/wp\/v2\/pages\/407","targetHints":{"allow":["GET"]}}],"collection":[{"href":"https:\/\/www.inntech.com.tr\/de\/wp-json\/wp\/v2\/pages"}],"about":[{"href":"https:\/\/www.inntech.com.tr\/de\/wp-json\/wp\/v2\/types\/page"}],"author":[{"embeddable":true,"href":"https:\/\/www.inntech.com.tr\/de\/wp-json\/wp\/v2\/users\/1"}],"replies":[{"embeddable":true,"href":"https:\/\/www.inntech.com.tr\/de\/wp-json\/wp\/v2\/comments?post=407"}],"version-history":[{"count":2,"href":"https:\/\/www.inntech.com.tr\/de\/wp-json\/wp\/v2\/pages\/407\/revisions"}],"predecessor-version":[{"id":442,"href":"https:\/\/www.inntech.com.tr\/de\/wp-json\/wp\/v2\/pages\/407\/revisions\/442"}],"up":[{"embeddable":true,"href":"https:\/\/www.inntech.com.tr\/de\/wp-json\/wp\/v2\/pages\/239"}],"wp:featuredmedia":[{"embeddable":true,"href":"https:\/\/www.inntech.com.tr\/de\/wp-json\/wp\/v2\/media\/395"}],"wp:attachment":[{"href":"https:\/\/www.inntech.com.tr\/de\/wp-json\/wp\/v2\/media?parent=407"}],"curies":[{"name":"wp","href":"https:\/\/api.w.org\/{rel}","templated":true}]}}