{"id":411,"date":"2025-08-12T09:22:47","date_gmt":"2025-08-12T06:22:47","guid":{"rendered":"https:\/\/www.beta2.lf.com.tr\/?page_id=411"},"modified":"2025-08-12T10:09:08","modified_gmt":"2025-08-12T07:09:08","slug":"iklimlendirme-tesisati","status":"publish","type":"page","link":"https:\/\/www.inntech.com.tr\/de\/mekanik\/iklimlendirme-tesisati\/","title":{"rendered":"Klimaanlageninstallation"},"content":{"rendered":"<section class=\"l-section wpb_row height_medium\"><div class=\"l-section-h i-cf\"><div class=\"g-cols vc_row via_flex valign_top type_default stacking_default\"><div class=\"vc_col-sm-12 wpb_column vc_column_container\"><div class=\"vc_column-inner\"><div class=\"wpb_wrapper\"><div class=\"wpb_text_column\"><div class=\"wpb_wrapper\"><h2 data-start=\"36\" data-end=\"415\"><strong>Klimaanlageninstallation<\/strong><\/h2>\n<p data-start=\"36\" data-end=\"415\">Klimaanlagen sind wichtige mechanische Systeme, die sich direkt auf Komfort und Gesundheit auswirken, indem sie die gew\u00fcnschte Temperatur, Luftfeuchtigkeit und Luftqualit\u00e4t in Innenr\u00e4umen aufrechterhalten. Inntech bietet umfassende Dienstleistungen f\u00fcr die Planung, Installation und Wartung energieeffizienter und umweltfreundlicher Klimaanlagen, die auf Ihre Bed\u00fcrfnisse zugeschnitten sind und moderne Technologien und technische L\u00f6sungen nutzen.<\/p>\n<h2 data-start=\"417\" data-end=\"436\">Leistungsumfang<\/h2>\n<ul data-start=\"437\" data-end=\"1067\">\n<li data-start=\"437\" data-end=\"505\">\n<p data-start=\"439\" data-end=\"505\">Bedarfsanalyse und Ermittlung von Raumkomfortparametern<\/p>\n<\/li>\n<li data-start=\"506\" data-end=\"595\">\n<p data-start=\"508\" data-end=\"595\">Vorprojekt und detaillierte technische Planung (Lastberechnungen, Luftdurchflussraten, Feuchtigkeitskontrolle)<\/p>\n<\/li>\n<li data-start=\"596\" data-end=\"694\">\n<p data-start=\"598\" data-end=\"694\">Entwurf zentraler und lokaler Klimaanlagen (VRF\/VRV, Split-Klimaanlage, Aufdachklimaanlage, K\u00e4lteanlagen)<\/p>\n<\/li>\n<li data-start=\"695\" data-end=\"748\">\n<p data-start=\"697\" data-end=\"748\">Luftverteilungssysteme und Kanaltechnik<\/p>\n<\/li>\n<li data-start=\"749\" data-end=\"804\">\n<p data-start=\"751\" data-end=\"804\">L\u00f6sungen zur Entfeuchtung, Feuchtigkeitskontrolle und Luftfilterung<\/p>\n<\/li>\n<li data-start=\"805\" data-end=\"873\">\n<p data-start=\"807\" data-end=\"873\">K\u00fchlt\u00fcrme, Gebl\u00e4sekonvektoren und W\u00e4rmepumpenintegration<\/p>\n<\/li>\n<li data-start=\"874\" data-end=\"942\">\n<p data-start=\"876\" data-end=\"942\">BMS\/SCADA-Integration, sensorbasierte Steuerung und Fern\u00fcberwachung<\/p>\n<\/li>\n<li data-start=\"943\" data-end=\"997\">\n<p data-start=\"945\" data-end=\"997\">Montage-, Auswucht-, Pr\u00fcf- und Inbetriebnahmeleistungen<\/p>\n<\/li>\n<li data-start=\"998\" data-end=\"1067\">\n<p data-start=\"1000\" data-end=\"1067\">Regelm\u00e4\u00dfige Wartung, Fehlererkennung und Optimierung der Energieeffizienz<\/p>\n<\/li>\n<\/ul>\n<h2 data-start=\"1069\" data-end=\"1092\">Systemkomponenten<\/h2>\n<ul data-start=\"1093\" data-end=\"1599\">\n<li data-start=\"1093\" data-end=\"1179\">\n<p data-start=\"1095\" data-end=\"1179\"><strong data-start=\"1095\" data-end=\"1117\">K\u00fchlger\u00e4te:<\/strong> K\u00fchler, Aufdach, VRF\/VRV-Systeme, Split-Klimaanlagen<\/p>\n<\/li>\n<li data-start=\"1180\" data-end=\"1257\">\n<p data-start=\"1182\" data-end=\"1257\"><strong data-start=\"1182\" data-end=\"1210\">Luftverteilungselemente:<\/strong> Kan\u00e4le, Diffusoren, Gitter und D\u00e4mpfer<\/p>\n<\/li>\n<li data-start=\"1258\" data-end=\"1340\">\n<p data-start=\"1260\" data-end=\"1340\"><strong data-start=\"1260\" data-end=\"1287\">Feuchtigkeitskontrollsysteme:<\/strong> Luftentfeuchter, Hygrostate und Feuchtigkeitssensoren<\/p>\n<\/li>\n<li data-start=\"1341\" data-end=\"1419\">\n<p data-start=\"1343\" data-end=\"1419\"><strong data-start=\"1343\" data-end=\"1369\">Filtersysteme:<\/strong> Partikel-, Aktivkohle- und HEPA-Filterl\u00f6sungen<\/p>\n<\/li>\n<li data-start=\"1420\" data-end=\"1516\">\n<p data-start=\"1422\" data-end=\"1516\"><strong data-start=\"1422\" data-end=\"1454\">W\u00e4rmer\u00fcckgewinnungssysteme:<\/strong> Energiesparende W\u00e4rmetauscher und Rekuperatoren<\/p>\n<\/li>\n<li data-start=\"1517\" data-end=\"1599\">\n<p data-start=\"1519\" data-end=\"1599\"><strong data-start=\"1519\" data-end=\"1544\">Steuerung und Automatisierung:<\/strong> Thermostate, Sensoren und zentrale Bedienfelder<\/p>\n<\/li>\n<\/ul>\n<h2 data-start=\"1601\" data-end=\"1639\">Konstruktionsprinzipien und Dimensionierung<\/h2>\n<ul data-start=\"1640\" data-end=\"2052\">\n<li data-start=\"1640\" data-end=\"1768\">\n<p data-start=\"1642\" data-end=\"1768\">Bestimmung der richtigen Temperatur- und Feuchtigkeitsparameter unter Ber\u00fccksichtigung des Nutzungszwecks der R\u00e4ume und des Benutzerkomforts.<\/p>\n<\/li>\n<li data-start=\"1769\" data-end=\"1843\">\n<p data-start=\"1771\" data-end=\"1843\">Pr\u00e4zise Berechnung von Heizlast, K\u00fchllast und Luftwechselraten<\/p>\n<\/li>\n<li data-start=\"1844\" data-end=\"1930\">\n<p data-start=\"1846\" data-end=\"1930\">Auswahl der Ger\u00e4te nach Kriterien der Energieeffizienz und \u00f6kologischen Nachhaltigkeit<\/p>\n<\/li>\n<li data-start=\"1931\" data-end=\"1990\">\n<p data-start=\"1933\" data-end=\"1990\">Akustischer Komfort, Luftstromverteilung und Design\u00e4sthetik<\/p>\n<\/li>\n<li data-start=\"1991\" data-end=\"2052\">\n<p data-start=\"1993\" data-end=\"2052\">Einhaltung der Gesetze und sorgf\u00e4ltige Umsetzung der Standards<\/p>\n<\/li>\n<\/ul>\n<h2 data-start=\"2054\" data-end=\"2093\">Energieeffizienz und -optimierung<\/h2>\n<ul data-start=\"2094\" data-end=\"2364\">\n<li data-start=\"2094\" data-end=\"2153\">\n<p data-start=\"2096\" data-end=\"2153\">Einsatz hocheffizienter Inverter-gesteuerter Systeme<\/p>\n<\/li>\n<li data-start=\"2154\" data-end=\"2219\">\n<p data-start=\"2156\" data-end=\"2219\">Energie sparen mit W\u00e4rmer\u00fcckgewinnungsanwendungen<\/p>\n<\/li>\n<li data-start=\"2220\" data-end=\"2284\">\n<p data-start=\"2222\" data-end=\"2284\">Bedarfsgerechte Steuerungssysteme und sensorbasierte Automatisierung<\/p>\n<\/li>\n<li data-start=\"2285\" data-end=\"2364\">\n<p data-start=\"2287\" data-end=\"2364\">Minimierung des Energieverbrauchs durch regelm\u00e4\u00dfige Wartung und Leistungs\u00fcberwachung<\/p>\n<\/li>\n<\/ul>\n<h2 data-start=\"2366\" data-end=\"2392\">Sicherheit und Compliance<\/h2>\n<ul data-start=\"2393\" data-end=\"2682\">\n<li data-start=\"2393\" data-end=\"2460\">\n<p data-start=\"2395\" data-end=\"2460\">Materialien und Anwendungen entsprechen internationalen und lokalen Standards<\/p>\n<\/li>\n<li data-start=\"2461\" data-end=\"2561\">\n<p data-start=\"2463\" data-end=\"2561\">Gasemissionen, sicherer Einsatz von K\u00e4ltemitteln und Minimierung der Umweltauswirkungen<\/p>\n<\/li>\n<li data-start=\"2562\" data-end=\"2623\">\n<p data-start=\"2564\" data-end=\"2623\">Integration von Brandschutz- und Rauchkontrollsystemen<\/p>\n<\/li>\n<li data-start=\"2624\" data-end=\"2682\">\n<p data-start=\"2626\" data-end=\"2682\">Schulungsprogramme f\u00fcr Benutzer und Bedienpersonal<\/p>\n<\/li>\n<\/ul>\n<h2 data-start=\"2684\" data-end=\"2717\">Montage, Pr\u00fcfung und Inbetriebnahme<\/h2>\n<ul data-start=\"2718\" data-end=\"2947\">\n<li data-start=\"2718\" data-end=\"2784\">\n<p data-start=\"2720\" data-end=\"2784\">Professionelle Installation vor Ort, Qualit\u00e4tskontrolle von Material und Verarbeitung<\/p>\n<\/li>\n<li data-start=\"2785\" data-end=\"2840\">\n<p data-start=\"2787\" data-end=\"2840\">Systemabgleich, Luftstrommessungen und -einstellungen<\/p>\n<\/li>\n<li data-start=\"2841\" data-end=\"2893\">\n<p data-start=\"2843\" data-end=\"2893\">Leistungstests und Benutzerakzeptanzprozesse<\/p>\n<\/li>\n<li data-start=\"2894\" data-end=\"2947\">\n<p data-start=\"2896\" data-end=\"2947\">Detaillierte technische Dokumentation und Schulungsleistungen<\/p>\n<\/li>\n<\/ul>\n<h2 data-start=\"2949\" data-end=\"2984\">Wartung und Lebenszyklusmanagement<\/h2>\n<ul data-start=\"2985\" data-end=\"3215\">\n<li data-start=\"2985\" data-end=\"3061\">\n<p data-start=\"2987\" data-end=\"3061\">Nachhaltigkeit der Systemleistung durch regelm\u00e4\u00dfige Wartungsprogramme<\/p>\n<\/li>\n<li data-start=\"3062\" data-end=\"3117\">\n<p data-start=\"3064\" data-end=\"3117\">Schnelle St\u00f6rungserkennung, Intervention und Ersatzteilversorgung<\/p>\n<\/li>\n<li data-start=\"3118\" data-end=\"3168\">\n<p data-start=\"3120\" data-end=\"3168\">Leistungsanalyse und Verbesserungsvorschl\u00e4ge<\/p>\n<\/li>\n<li data-start=\"3169\" data-end=\"3215\">\n<p data-start=\"3171\" data-end=\"3215\">Modernisierungs- und Systemerneuerungsl\u00f6sungen<\/p>\n<\/li>\n<\/ul>\n<h2 data-start=\"3217\" data-end=\"3242\">Sektorale Anwendungen<\/h2>\n<p data-start=\"3243\" data-end=\"3327\">Inntech bietet spezielle Klimal\u00f6sungen entsprechend den Anforderungen verschiedener Branchen:<\/p>\n<ul data-start=\"3328\" data-end=\"3487\">\n<li data-start=\"3328\" data-end=\"3355\">\n<p data-start=\"3330\" data-end=\"3355\">Gewerbe- und B\u00fcrogeb\u00e4ude<\/p>\n<\/li>\n<li data-start=\"3356\" data-end=\"3394\">\n<p data-start=\"3358\" data-end=\"3394\">Gesundheitseinrichtungen und Labore<\/p>\n<\/li>\n<li data-start=\"3395\" data-end=\"3426\">\n<p data-start=\"3397\" data-end=\"3426\">Industrielle Prozessbereiche<\/p>\n<\/li>\n<li data-start=\"3427\" data-end=\"3446\">\n<p data-start=\"3429\" data-end=\"3446\">Rechenzentren<\/p>\n<\/li>\n<li data-start=\"3447\" data-end=\"3467\">\n<p data-start=\"3449\" data-end=\"3467\">Bildungseinrichtungen<\/p>\n<\/li>\n<li data-start=\"3468\" data-end=\"3487\">\n<p data-start=\"3470\" data-end=\"3487\">Wohnprojekte<\/p>\n<\/li>\n<\/ul>\n<h2 data-start=\"3489\" data-end=\"3518\">Projektablauf \u2013 Schritt f\u00fcr Schritt<\/h2>\n<ol data-start=\"3519\" data-end=\"3781\">\n<li data-start=\"3519\" data-end=\"3548\">\n<p data-start=\"3522\" data-end=\"3548\">Bedarfsanalyse und -ermittlung<\/p>\n<\/li>\n<li data-start=\"3549\" data-end=\"3584\">\n<p data-start=\"3552\" data-end=\"3584\">Vorentwurf und Angebotserstellung<\/p>\n<\/li>\n<li data-start=\"3585\" data-end=\"3627\">\n<p data-start=\"3588\" data-end=\"3627\">Detaillierte Konstruktion und Ger\u00e4teauswahl<\/p>\n<\/li>\n<li data-start=\"3628\" data-end=\"3663\">\n<p data-start=\"3631\" data-end=\"3663\">Materiallieferung und Feldmontage<\/p>\n<\/li>\n<li data-start=\"3664\" data-end=\"3700\">\n<p data-start=\"3667\" data-end=\"3700\">Pr\u00fcfung, Abgleich und Inbetriebnahme<\/p>\n<\/li>\n<li data-start=\"3701\" data-end=\"3739\">\n<p data-start=\"3704\" data-end=\"3739\">Lieferung, Schulung und Dokumentation<\/p>\n<\/li>\n<li data-start=\"3740\" data-end=\"3781\">\n<p data-start=\"3743\" data-end=\"3781\">Regelm\u00e4\u00dfige Wartung und Leistungs\u00fcberwachung<\/p>\n<\/li>\n<\/ol>\n<h2 data-start=\"3783\" data-end=\"3802\">Warum Inntech?<\/h2>\n<p data-start=\"3803\" data-end=\"3898\">Inntech legt mit seinem Serviceansatz Wert auf technisches Fachwissen, Qualit\u00e4t und Kundenzufriedenheit:<\/p>\n<ul data-start=\"3899\" data-end=\"4112\">\n<li data-start=\"3899\" data-end=\"3988\">\n<p data-start=\"3901\" data-end=\"3988\">Bietet energieeffiziente und nachhaltige Klimatisierungsl\u00f6sungen, die auf Ihre Bed\u00fcrfnisse zugeschnitten sind.<\/p>\n<\/li>\n<li data-start=\"3989\" data-end=\"4041\">\n<p data-start=\"3991\" data-end=\"4041\">Sorgt f\u00fcr Transparenz und Koordination w\u00e4hrend des gesamten Projektprozesses<\/p>\n<\/li>\n<li data-start=\"4042\" data-end=\"4112\">\n<p data-start=\"4044\" data-end=\"4112\">Wir stehen Ihnen mit Wartungs- und technischen Supportleistungen nach der Lieferung zur Verf\u00fcgung.<\/p>\n<\/li>\n<\/ul>\n<\/div><\/div><\/div><\/div><\/div><\/div><\/div><\/section>","protected":false},"excerpt":{"rendered":"\u0130klimlendirme Tesisat\u0131 \u0130klimlendirme tesisat\u0131, i\u00e7 mek\u00e2nlar\u0131n s\u0131cakl\u0131k, nem ve hava kalitesini istenen seviyede tutarak konforu ve sa\u011fl\u0131\u011f\u0131 do\u011frudan etkileyen hayati bir mekanik sistemdir. Inntech olarak, modern teknoloji ve m\u00fchendislik \u00e7\u00f6z\u00fcmleriyle ihtiyac\u0131n\u0131za uygun, enerji verimlili\u011fi y\u00fcksek ve \u00e7evre dostu iklimlendirme sistemlerinin tasar\u0131m, kurulum ve bak\u0131m s\u00fcre\u00e7lerinde kapsaml\u0131 hizmet sunuyoruz. Hizmet Kapsam\u0131 \u0130htiya\u00e7 analizi ve i\u00e7 ortam...","protected":false},"author":1,"featured_media":398,"parent":239,"menu_order":0,"comment_status":"closed","ping_status":"closed","template":"","meta":{"footnotes":""},"class_list":["post-411","page","type-page","status-publish","has-post-thumbnail","hentry"],"yoast_head":"<!-- This site is optimized with the Yoast SEO plugin v27.5 - https:\/\/yoast.com\/product\/yoast-seo-wordpress\/ -->\n<title>\u0130klimlendirme Tesisat\u0131 - Inntech M\u00fchendislik<\/title>\n<meta name=\"robots\" content=\"index, follow, max-snippet:-1, max-image-preview:large, max-video-preview:-1\" \/>\n<link rel=\"canonical\" href=\"https:\/\/www.inntech.com.tr\/de\/mekanik\/iklimlendirme-tesisati\/\" \/>\n<meta property=\"og:locale\" content=\"de_DE\" \/>\n<meta property=\"og:type\" content=\"article\" \/>\n<meta property=\"og:title\" content=\"\u0130klimlendirme Tesisat\u0131 - Inntech M\u00fchendislik\" \/>\n<meta property=\"og:url\" content=\"https:\/\/www.inntech.com.tr\/de\/mekanik\/iklimlendirme-tesisati\/\" \/>\n<meta property=\"og:site_name\" content=\"Inntech M\u00fchendislik\" \/>\n<meta property=\"article:modified_time\" content=\"2025-08-12T07:09:08+00:00\" \/>\n<meta property=\"og:image\" content=\"https:\/\/www.inntech.com.tr\/wp-content\/uploads\/2025\/08\/iklimlenidrme-tesisati__.jpg\" \/>\n\t<meta property=\"og:image:width\" content=\"1000\" \/>\n\t<meta property=\"og:image:height\" content=\"1100\" \/>\n\t<meta property=\"og:image:type\" content=\"image\/jpeg\" \/>\n<meta name=\"twitter:card\" content=\"summary_large_image\" \/>\n<meta name=\"twitter:label1\" content=\"Gesch\u00e4tzte Lesezeit\" \/>\n\t<meta name=\"twitter:data1\" content=\"4\u00a0Minuten\" \/>\n<script type=\"application\/ld+json\" class=\"yoast-schema-graph\">{\"@context\":\"https:\\\/\\\/schema.org\",\"@graph\":[{\"@type\":\"WebPage\",\"@id\":\"https:\\\/\\\/www.inntech.com.tr\\\/mekanik\\\/iklimlendirme-tesisati\\\/\",\"url\":\"https:\\\/\\\/www.inntech.com.tr\\\/mekanik\\\/iklimlendirme-tesisati\\\/\",\"name\":\"\u0130klimlendirme Tesisat\u0131 - Inntech M\u00fchendislik\",\"isPartOf\":{\"@id\":\"https:\\\/\\\/www.inntech.com.tr\\\/#website\"},\"primaryImageOfPage\":{\"@id\":\"https:\\\/\\\/www.inntech.com.tr\\\/mekanik\\\/iklimlendirme-tesisati\\\/#primaryimage\"},\"image\":{\"@id\":\"https:\\\/\\\/www.inntech.com.tr\\\/mekanik\\\/iklimlendirme-tesisati\\\/#primaryimage\"},\"thumbnailUrl\":\"https:\\\/\\\/www.inntech.com.tr\\\/wp-content\\\/uploads\\\/2025\\\/08\\\/iklimlenidrme-tesisati__.jpg\",\"datePublished\":\"2025-08-12T06:22:47+00:00\",\"dateModified\":\"2025-08-12T07:09:08+00:00\",\"breadcrumb\":{\"@id\":\"https:\\\/\\\/www.inntech.com.tr\\\/mekanik\\\/iklimlendirme-tesisati\\\/#breadcrumb\"},\"inLanguage\":\"de\",\"potentialAction\":[{\"@type\":\"ReadAction\",\"target\":[\"https:\\\/\\\/www.inntech.com.tr\\\/mekanik\\\/iklimlendirme-tesisati\\\/\"]}]},{\"@type\":\"ImageObject\",\"inLanguage\":\"de\",\"@id\":\"https:\\\/\\\/www.inntech.com.tr\\\/mekanik\\\/iklimlendirme-tesisati\\\/#primaryimage\",\"url\":\"https:\\\/\\\/www.inntech.com.tr\\\/wp-content\\\/uploads\\\/2025\\\/08\\\/iklimlenidrme-tesisati__.jpg\",\"contentUrl\":\"https:\\\/\\\/www.inntech.com.tr\\\/wp-content\\\/uploads\\\/2025\\\/08\\\/iklimlenidrme-tesisati__.jpg\",\"width\":1000,\"height\":1100},{\"@type\":\"BreadcrumbList\",\"@id\":\"https:\\\/\\\/www.inntech.com.tr\\\/mekanik\\\/iklimlendirme-tesisati\\\/#breadcrumb\",\"itemListElement\":[{\"@type\":\"ListItem\",\"position\":1,\"name\":\"Anasayfa\",\"item\":\"https:\\\/\\\/www.inntech.com.tr\\\/\"},{\"@type\":\"ListItem\",\"position\":2,\"name\":\"Mekanik Tesisat\",\"item\":\"https:\\\/\\\/www.inntech.com.tr\\\/mekanik\\\/\"},{\"@type\":\"ListItem\",\"position\":3,\"name\":\"\u0130klimlendirme Tesisat\u0131\"}]},{\"@type\":\"WebSite\",\"@id\":\"https:\\\/\\\/www.inntech.com.tr\\\/#website\",\"url\":\"https:\\\/\\\/www.inntech.com.tr\\\/\",\"name\":\"Inntech M\u00fchendislik\",\"description\":\"\",\"potentialAction\":[{\"@type\":\"SearchAction\",\"target\":{\"@type\":\"EntryPoint\",\"urlTemplate\":\"https:\\\/\\\/www.inntech.com.tr\\\/?s={search_term_string}\"},\"query-input\":{\"@type\":\"PropertyValueSpecification\",\"valueRequired\":true,\"valueName\":\"search_term_string\"}}],\"inLanguage\":\"de\"}]}<\/script>\n<!-- \/ Yoast SEO plugin. -->","yoast_head_json":{"title":"\u0130klimlendirme Tesisat\u0131 - Inntech M\u00fchendislik","robots":{"index":"index","follow":"follow","max-snippet":"max-snippet:-1","max-image-preview":"max-image-preview:large","max-video-preview":"max-video-preview:-1"},"canonical":"https:\/\/www.inntech.com.tr\/de\/mekanik\/iklimlendirme-tesisati\/","og_locale":"de_DE","og_type":"article","og_title":"\u0130klimlendirme Tesisat\u0131 - Inntech M\u00fchendislik","og_url":"https:\/\/www.inntech.com.tr\/de\/mekanik\/iklimlendirme-tesisati\/","og_site_name":"Inntech M\u00fchendislik","article_modified_time":"2025-08-12T07:09:08+00:00","og_image":[{"width":1000,"height":1100,"url":"https:\/\/www.inntech.com.tr\/wp-content\/uploads\/2025\/08\/iklimlenidrme-tesisati__.jpg","type":"image\/jpeg"}],"twitter_card":"summary_large_image","twitter_misc":{"Gesch\u00e4tzte Lesezeit":"4\u00a0Minuten"},"schema":{"@context":"https:\/\/schema.org","@graph":[{"@type":"WebPage","@id":"https:\/\/www.inntech.com.tr\/mekanik\/iklimlendirme-tesisati\/","url":"https:\/\/www.inntech.com.tr\/mekanik\/iklimlendirme-tesisati\/","name":"\u0130klimlendirme Tesisat\u0131 - Inntech M\u00fchendislik","isPartOf":{"@id":"https:\/\/www.inntech.com.tr\/#website"},"primaryImageOfPage":{"@id":"https:\/\/www.inntech.com.tr\/mekanik\/iklimlendirme-tesisati\/#primaryimage"},"image":{"@id":"https:\/\/www.inntech.com.tr\/mekanik\/iklimlendirme-tesisati\/#primaryimage"},"thumbnailUrl":"https:\/\/www.inntech.com.tr\/wp-content\/uploads\/2025\/08\/iklimlenidrme-tesisati__.jpg","datePublished":"2025-08-12T06:22:47+00:00","dateModified":"2025-08-12T07:09:08+00:00","breadcrumb":{"@id":"https:\/\/www.inntech.com.tr\/mekanik\/iklimlendirme-tesisati\/#breadcrumb"},"inLanguage":"de","potentialAction":[{"@type":"ReadAction","target":["https:\/\/www.inntech.com.tr\/mekanik\/iklimlendirme-tesisati\/"]}]},{"@type":"ImageObject","inLanguage":"de","@id":"https:\/\/www.inntech.com.tr\/mekanik\/iklimlendirme-tesisati\/#primaryimage","url":"https:\/\/www.inntech.com.tr\/wp-content\/uploads\/2025\/08\/iklimlenidrme-tesisati__.jpg","contentUrl":"https:\/\/www.inntech.com.tr\/wp-content\/uploads\/2025\/08\/iklimlenidrme-tesisati__.jpg","width":1000,"height":1100},{"@type":"BreadcrumbList","@id":"https:\/\/www.inntech.com.tr\/mekanik\/iklimlendirme-tesisati\/#breadcrumb","itemListElement":[{"@type":"ListItem","position":1,"name":"Anasayfa","item":"https:\/\/www.inntech.com.tr\/"},{"@type":"ListItem","position":2,"name":"Mekanik Tesisat","item":"https:\/\/www.inntech.com.tr\/mekanik\/"},{"@type":"ListItem","position":3,"name":"\u0130klimlendirme Tesisat\u0131"}]},{"@type":"WebSite","@id":"https:\/\/www.inntech.com.tr\/#website","url":"https:\/\/www.inntech.com.tr\/","name":"Inntech M\u00fchendislik","description":"","potentialAction":[{"@type":"SearchAction","target":{"@type":"EntryPoint","urlTemplate":"https:\/\/www.inntech.com.tr\/?s={search_term_string}"},"query-input":{"@type":"PropertyValueSpecification","valueRequired":true,"valueName":"search_term_string"}}],"inLanguage":"de"}]}},"_links":{"self":[{"href":"https:\/\/www.inntech.com.tr\/de\/wp-json\/wp\/v2\/pages\/411","targetHints":{"allow":["GET"]}}],"collection":[{"href":"https:\/\/www.inntech.com.tr\/de\/wp-json\/wp\/v2\/pages"}],"about":[{"href":"https:\/\/www.inntech.com.tr\/de\/wp-json\/wp\/v2\/types\/page"}],"author":[{"embeddable":true,"href":"https:\/\/www.inntech.com.tr\/de\/wp-json\/wp\/v2\/users\/1"}],"replies":[{"embeddable":true,"href":"https:\/\/www.inntech.com.tr\/de\/wp-json\/wp\/v2\/comments?post=411"}],"version-history":[{"count":2,"href":"https:\/\/www.inntech.com.tr\/de\/wp-json\/wp\/v2\/pages\/411\/revisions"}],"predecessor-version":[{"id":446,"href":"https:\/\/www.inntech.com.tr\/de\/wp-json\/wp\/v2\/pages\/411\/revisions\/446"}],"up":[{"embeddable":true,"href":"https:\/\/www.inntech.com.tr\/de\/wp-json\/wp\/v2\/pages\/239"}],"wp:featuredmedia":[{"embeddable":true,"href":"https:\/\/www.inntech.com.tr\/de\/wp-json\/wp\/v2\/media\/398"}],"wp:attachment":[{"href":"https:\/\/www.inntech.com.tr\/de\/wp-json\/wp\/v2\/media?parent=411"}],"curies":[{"name":"wp","href":"https:\/\/api.w.org\/{rel}","templated":true}]}}