{"id":415,"date":"2025-08-12T09:24:12","date_gmt":"2025-08-12T06:24:12","guid":{"rendered":"https:\/\/www.beta2.lf.com.tr\/?page_id=415"},"modified":"2025-08-12T10:12:25","modified_gmt":"2025-08-12T07:12:25","slug":"sihhi-tesisat","status":"publish","type":"page","link":"https:\/\/www.inntech.com.tr\/de\/mekanik\/sihhi-tesisat\/","title":{"rendered":"Sanit\u00e4r"},"content":{"rendered":"<section class=\"l-section wpb_row height_medium\"><div class=\"l-section-h i-cf\"><div class=\"g-cols vc_row via_flex valign_top type_default stacking_default\"><div class=\"vc_col-sm-12 wpb_column vc_column_container\"><div class=\"vc_column-inner\"><div class=\"wpb_wrapper\"><div class=\"wpb_text_column\"><div class=\"wpb_wrapper\"><h2 data-start=\"27\" data-end=\"339\"><strong>Sanit\u00e4r<\/strong><\/h2>\n<p data-start=\"27\" data-end=\"339\">Sanit\u00e4rinstallationen sind die grundlegende mechanische Infrastruktur f\u00fcr die Wasserversorgung und Abwasserentsorgung und wirken sich direkt auf die Lebensqualit\u00e4t und die Gesundheitsstandards von Geb\u00e4uden aus. Bei Inntech entwickeln und implementieren wir zuverl\u00e4ssige, nachhaltige und vollst\u00e4ndig konforme Sanit\u00e4rl\u00f6sungen mit modernem technischem Know-how und hochwertigen Materialien.<\/p>\n<h2 data-start=\"341\" data-end=\"360\">Leistungsumfang<\/h2>\n<ul data-start=\"361\" data-end=\"814\">\n<li data-start=\"361\" data-end=\"403\">\n<p data-start=\"363\" data-end=\"403\">Trinkwasserversorgungs- und -verteilungssysteme<\/p>\n<\/li>\n<li data-start=\"404\" data-end=\"462\">\n<p data-start=\"406\" data-end=\"462\">Abwasser-, Abwasser- und Regenwasserableitungssysteme<\/p>\n<\/li>\n<li data-start=\"463\" data-end=\"525\">\n<p data-start=\"465\" data-end=\"525\">\u00d6labscheider, Rauchgasventilatoren und Abwasserpumpsysteme<\/p>\n<\/li>\n<li data-start=\"526\" data-end=\"577\">\n<p data-start=\"528\" data-end=\"577\">Wasseraufbereitungs-, Enth\u00e4rtungs- und R\u00fcckgewinnungssysteme<\/p>\n<\/li>\n<li data-start=\"578\" data-end=\"612\">\n<p data-start=\"580\" data-end=\"612\">L\u00f6schwasseranlagen<\/p>\n<\/li>\n<li data-start=\"613\" data-end=\"677\">\n<p data-start=\"615\" data-end=\"677\">Dichtheitspr\u00fcfungen, Druckpr\u00fcfungen und Hygienechecks<\/p>\n<\/li>\n<li data-start=\"678\" data-end=\"741\">\n<p data-start=\"680\" data-end=\"741\">Installations-, Inbetriebnahme-, Wartungs- und regelm\u00e4\u00dfige Kontrolldienste<\/p>\n<\/li>\n<li data-start=\"742\" data-end=\"814\">\n<p data-start=\"744\" data-end=\"814\">F\u00fchrung der Projektplanung und kommunalen Genehmigungsverfahren gem\u00e4\u00df den gesetzlichen Bestimmungen<\/p>\n<\/li>\n<\/ul>\n<h2 data-start=\"816\" data-end=\"839\">Systemkomponenten<\/h2>\n<ul data-start=\"840\" data-end=\"1338\">\n<li data-start=\"840\" data-end=\"930\">\n<p data-start=\"842\" data-end=\"930\"><strong data-start=\"842\" data-end=\"867\">Wasserversorgungssysteme:<\/strong> Netzanschluss, Speicher- und Pumpsysteme, Verteilleitungen<\/p>\n<\/li>\n<li data-start=\"931\" data-end=\"1022\">\n<p data-start=\"933\" data-end=\"1022\"><strong data-start=\"933\" data-end=\"961\">Abwasser und Abwasser:<\/strong> Drainagerohre, Abwasserleitung, Regenwasserableitung<\/p>\n<\/li>\n<li data-start=\"1023\" data-end=\"1099\">\n<p data-start=\"1025\" data-end=\"1099\"><strong data-start=\"1025\" data-end=\"1047\">Reinigungssysteme:<\/strong> Filtrations-, Enth\u00e4rtungs- und R\u00fcckgewinnungstechnologien<\/p>\n<\/li>\n<li data-start=\"1100\" data-end=\"1175\">\n<p data-start=\"1102\" data-end=\"1175\"><strong data-start=\"1102\" data-end=\"1134\">Feuerl\u00f6schanlagen:<\/strong> Sprinkler, Hydranten und Feuerl\u00f6schschr\u00e4nke<\/p>\n<\/li>\n<li data-start=\"1176\" data-end=\"1248\">\n<p data-start=\"1178\" data-end=\"1248\"><strong data-start=\"1178\" data-end=\"1201\">Ventile und Armaturen:<\/strong> Druckregel-, Absperr- und R\u00fcckschlagventilsysteme<\/p>\n<\/li>\n<li data-start=\"1249\" data-end=\"1338\">\n<p data-start=\"1251\" data-end=\"1338\"><strong data-start=\"1251\" data-end=\"1292\">Wasserspar- und Effizienzsysteme:<\/strong> Wasserh\u00e4hne mit Sensor, Niedrigdurchflusssysteme<\/p>\n<\/li>\n<\/ul>\n<h2 data-start=\"1340\" data-end=\"1373\">Designprinzipien und Implementierung<\/h2>\n<ul data-start=\"1374\" data-end=\"1797\">\n<li data-start=\"1374\" data-end=\"1444\">\n<p data-start=\"1376\" data-end=\"1444\">Bestimmung der Kapazit\u00e4t entsprechend dem Wasserbedarf und Nutzungsprofil des Geb\u00e4udes<\/p>\n<\/li>\n<li data-start=\"1445\" data-end=\"1498\">\n<p data-start=\"1447\" data-end=\"1498\">Optimierung von Druck, Durchfluss und Durchflussraten<\/p>\n<\/li>\n<li data-start=\"1499\" data-end=\"1577\">\n<p data-start=\"1501\" data-end=\"1577\">Einhaltung von Umwelt- und Gesundheitsstandards im Abwasser- und Regenwassermanagement<\/p>\n<\/li>\n<li data-start=\"1578\" data-end=\"1650\">\n<p data-start=\"1580\" data-end=\"1650\">Langlebige und hygienische Materialauswahl (PVC, PPR, Edelstahl usw.)<\/p>\n<\/li>\n<li data-start=\"1651\" data-end=\"1725\">\n<p data-start=\"1653\" data-end=\"1725\">Modulare Installationsplanung, die Zug\u00e4nglichkeit und Wartungsfreundlichkeit gew\u00e4hrleistet<\/p>\n<\/li>\n<li data-start=\"1726\" data-end=\"1797\">\n<p data-start=\"1728\" data-end=\"1797\">Vollst\u00e4ndige Einhaltung der Gesetze und Normen sowie der Genehmigungen der Kommunen und relevanten Institutionen<\/p>\n<\/li>\n<\/ul>\n<h2 data-start=\"1799\" data-end=\"1828\">Energie- und Wassereffizienz<\/h2>\n<ul data-start=\"1829\" data-end=\"2036\">\n<li data-start=\"1829\" data-end=\"1882\">\n<p data-start=\"1831\" data-end=\"1882\">Integration von Technologien zur Reduzierung des Wasserverbrauchs<\/p>\n<\/li>\n<li data-start=\"1883\" data-end=\"1935\">\n<p data-start=\"1885\" data-end=\"1935\">Recyclingsysteme und Regenwassernutzung<\/p>\n<\/li>\n<li data-start=\"1936\" data-end=\"1986\">\n<p data-start=\"1938\" data-end=\"1986\">Druckausgleichs- und Leckageschutzsysteme<\/p>\n<\/li>\n<li data-start=\"1987\" data-end=\"2036\">\n<p data-start=\"1989\" data-end=\"2036\">Wasserverluste durch regelm\u00e4\u00dfige Wartung vermeiden<\/p>\n<\/li>\n<\/ul>\n<h2 data-start=\"2038\" data-end=\"2061\">Sicherheit und Hygiene<\/h2>\n<ul data-start=\"2062\" data-end=\"2324\">\n<li data-start=\"2062\" data-end=\"2143\">\n<p data-start=\"2064\" data-end=\"2143\">Vermeidung der Risiken bakterieller und chemischer Kontamination in der Trinkwasserleitung<\/p>\n<\/li>\n<li data-start=\"2144\" data-end=\"2191\">\n<p data-start=\"2146\" data-end=\"2191\">Ableitung von Abwasser ohne die Umwelt zu sch\u00e4digen<\/p>\n<\/li>\n<li data-start=\"2192\" data-end=\"2254\">\n<p data-start=\"2194\" data-end=\"2254\">Installationspraktiken, die den Brandschutznormen entsprechen<\/p>\n<\/li>\n<li data-start=\"2255\" data-end=\"2324\">\n<p data-start=\"2257\" data-end=\"2324\">Hygiene- und Sicherheitsschulungen f\u00fcr Anwender und Bedienpersonal<\/p>\n<\/li>\n<\/ul>\n<h2 data-start=\"2326\" data-end=\"2359\">Montage, Pr\u00fcfung und Inbetriebnahme<\/h2>\n<ul data-start=\"2360\" data-end=\"2571\">\n<li data-start=\"2360\" data-end=\"2414\">\n<p data-start=\"2362\" data-end=\"2414\">Installation mit hochwertigen Materialien und fachgerechter Verarbeitung<\/p>\n<\/li>\n<li data-start=\"2415\" data-end=\"2484\">\n<p data-start=\"2417\" data-end=\"2484\">Durchf\u00fchrung von Druckpr\u00fcfungen, Dichtheits- und Durchflusstests<\/p>\n<\/li>\n<li data-start=\"2485\" data-end=\"2519\">\n<p data-start=\"2487\" data-end=\"2519\">Wasserqualit\u00e4ts- und Hygienetests<\/p>\n<\/li>\n<li data-start=\"2520\" data-end=\"2571\">\n<p data-start=\"2522\" data-end=\"2571\">Benutzerinformationen und technische Dokumentation<\/p>\n<\/li>\n<\/ul>\n<h2 data-start=\"2573\" data-end=\"2608\">Wartung und Lebenszyklusmanagement<\/h2>\n<ul data-start=\"2609\" data-end=\"2789\">\n<li data-start=\"2609\" data-end=\"2655\">\n<p data-start=\"2611\" data-end=\"2655\">Regelm\u00e4\u00dfige Wartung und vorbeugende Kontrollen<\/p>\n<\/li>\n<li data-start=\"2656\" data-end=\"2700\">\n<p data-start=\"2658\" data-end=\"2700\">Notfallreaktion und schnelle Reparaturdienste<\/p>\n<\/li>\n<li data-start=\"2701\" data-end=\"2752\">\n<p data-start=\"2703\" data-end=\"2752\">Ersatzteilversorgung und Vorschl\u00e4ge zur Systemerneuerung<\/p>\n<\/li>\n<li data-start=\"2753\" data-end=\"2789\">\n<p data-start=\"2755\" data-end=\"2789\">Leistungs\u00fcberwachung und -verbesserung<\/p>\n<\/li>\n<\/ul>\n<h2 data-start=\"2791\" data-end=\"2820\">Projektablauf \u2013 Schritt f\u00fcr Schritt<\/h2>\n<ol data-start=\"2821\" data-end=\"3112\">\n<li data-start=\"2821\" data-end=\"2868\">\n<p data-start=\"2824\" data-end=\"2868\">Durchf\u00fchrung von Feldforschungen und Bedarfsanalysen<\/p>\n<\/li>\n<li data-start=\"2869\" data-end=\"2904\">\n<p data-start=\"2872\" data-end=\"2904\">Vorentwurf und Angebotserstellung<\/p>\n<\/li>\n<li data-start=\"2905\" data-end=\"2948\">\n<p data-start=\"2908\" data-end=\"2948\">Detaillierte Projektzeichnung und Materialauswahl<\/p>\n<\/li>\n<li data-start=\"2949\" data-end=\"2982\">\n<p data-start=\"2952\" data-end=\"2982\">Montage- und Installationsanwendung<\/p>\n<\/li>\n<li data-start=\"2983\" data-end=\"3031\">\n<p data-start=\"2986\" data-end=\"3031\">Tests, Hygienechecks und Inbetriebnahme<\/p>\n<\/li>\n<li data-start=\"3032\" data-end=\"3081\">\n<p data-start=\"3035\" data-end=\"3081\">Lieferung, Benutzerschulung und Dokumentation<\/p>\n<\/li>\n<li data-start=\"3082\" data-end=\"3112\">\n<p data-start=\"3085\" data-end=\"3112\">Regelm\u00e4\u00dfige Wartung und Support<\/p>\n<\/li>\n<\/ol>\n<h2 data-start=\"3114\" data-end=\"3133\">Warum Inntech?<\/h2>\n<p data-start=\"3134\" data-end=\"3210\">Inntech mit seiner Branchenerfahrung, hochwertigen Verarbeitung und kundenorientierten Herangehensweise:<\/p>\n<ul data-start=\"3211\" data-end=\"3418\">\n<li data-start=\"3211\" data-end=\"3282\">\n<p data-start=\"3213\" data-end=\"3282\">Bietet gesunde, zuverl\u00e4ssige und nachhaltige Sanit\u00e4rl\u00f6sungen<\/p>\n<\/li>\n<li data-start=\"3283\" data-end=\"3340\">\n<p data-start=\"3285\" data-end=\"3340\">Bietet vollst\u00e4ndig konforme Projekte und eine schnelle Implementierung<\/p>\n<\/li>\n<li data-start=\"3341\" data-end=\"3418\">\n<p data-start=\"3343\" data-end=\"3418\">Wir stehen Ihnen mit Nachsorge, Betreuung und Notfalldiensten zur Verf\u00fcgung.<\/p>\n<\/li>\n<\/ul>\n<\/div><\/div><\/div><\/div><\/div><\/div><\/div><\/section>","protected":false},"excerpt":{"rendered":"S\u0131hhi Tesisat S\u0131hhi tesisat, yap\u0131lar\u0131n ya\u015fam kalitesini ve sa\u011fl\u0131k standartlar\u0131n\u0131 do\u011frudan etkileyen, su temini ve at\u0131k su y\u00f6netimini sa\u011flayan temel mekanik altyap\u0131d\u0131r. Inntech olarak, modern teknik bilgi ve kaliteli malzemelerle, g\u00fcvenilir, s\u00fcrd\u00fcr\u00fclebilir ve mevzuata tam uyumlu s\u0131hhi tesisat \u00e7\u00f6z\u00fcmleri tasarlay\u0131p uyguluyoruz. Hizmet Kapsam\u0131 \u0130\u00e7me suyu temini ve da\u011f\u0131t\u0131m sistemleri At\u0131k su, kanalizasyon ve ya\u011fmur suyu...","protected":false},"author":1,"featured_media":401,"parent":239,"menu_order":0,"comment_status":"closed","ping_status":"closed","template":"","meta":{"footnotes":""},"class_list":["post-415","page","type-page","status-publish","has-post-thumbnail","hentry"],"yoast_head":"<!-- This site is optimized with the Yoast SEO plugin v27.5 - https:\/\/yoast.com\/product\/yoast-seo-wordpress\/ -->\n<title>S\u0131hhi Tesisat - Inntech M\u00fchendislik<\/title>\n<meta name=\"robots\" content=\"index, follow, max-snippet:-1, max-image-preview:large, max-video-preview:-1\" \/>\n<link rel=\"canonical\" href=\"https:\/\/www.inntech.com.tr\/de\/mekanik\/sihhi-tesisat\/\" \/>\n<meta property=\"og:locale\" content=\"de_DE\" \/>\n<meta property=\"og:type\" content=\"article\" \/>\n<meta property=\"og:title\" content=\"S\u0131hhi Tesisat - Inntech M\u00fchendislik\" \/>\n<meta property=\"og:url\" content=\"https:\/\/www.inntech.com.tr\/de\/mekanik\/sihhi-tesisat\/\" \/>\n<meta property=\"og:site_name\" content=\"Inntech M\u00fchendislik\" \/>\n<meta property=\"article:modified_time\" content=\"2025-08-12T07:12:25+00:00\" \/>\n<meta property=\"og:image\" content=\"https:\/\/www.inntech.com.tr\/wp-content\/uploads\/2025\/08\/sihhi-tesisat.jpg\" \/>\n\t<meta property=\"og:image:width\" content=\"1000\" \/>\n\t<meta property=\"og:image:height\" content=\"1100\" \/>\n\t<meta property=\"og:image:type\" content=\"image\/jpeg\" \/>\n<meta name=\"twitter:card\" content=\"summary_large_image\" \/>\n<meta name=\"twitter:label1\" content=\"Gesch\u00e4tzte Lesezeit\" \/>\n\t<meta name=\"twitter:data1\" content=\"3\u00a0Minuten\" \/>\n<script type=\"application\/ld+json\" class=\"yoast-schema-graph\">{\"@context\":\"https:\\\/\\\/schema.org\",\"@graph\":[{\"@type\":\"WebPage\",\"@id\":\"https:\\\/\\\/www.inntech.com.tr\\\/mekanik\\\/sihhi-tesisat\\\/\",\"url\":\"https:\\\/\\\/www.inntech.com.tr\\\/mekanik\\\/sihhi-tesisat\\\/\",\"name\":\"S\u0131hhi Tesisat - Inntech M\u00fchendislik\",\"isPartOf\":{\"@id\":\"https:\\\/\\\/www.inntech.com.tr\\\/#website\"},\"primaryImageOfPage\":{\"@id\":\"https:\\\/\\\/www.inntech.com.tr\\\/mekanik\\\/sihhi-tesisat\\\/#primaryimage\"},\"image\":{\"@id\":\"https:\\\/\\\/www.inntech.com.tr\\\/mekanik\\\/sihhi-tesisat\\\/#primaryimage\"},\"thumbnailUrl\":\"https:\\\/\\\/www.inntech.com.tr\\\/wp-content\\\/uploads\\\/2025\\\/08\\\/sihhi-tesisat.jpg\",\"datePublished\":\"2025-08-12T06:24:12+00:00\",\"dateModified\":\"2025-08-12T07:12:25+00:00\",\"breadcrumb\":{\"@id\":\"https:\\\/\\\/www.inntech.com.tr\\\/mekanik\\\/sihhi-tesisat\\\/#breadcrumb\"},\"inLanguage\":\"de\",\"potentialAction\":[{\"@type\":\"ReadAction\",\"target\":[\"https:\\\/\\\/www.inntech.com.tr\\\/mekanik\\\/sihhi-tesisat\\\/\"]}]},{\"@type\":\"ImageObject\",\"inLanguage\":\"de\",\"@id\":\"https:\\\/\\\/www.inntech.com.tr\\\/mekanik\\\/sihhi-tesisat\\\/#primaryimage\",\"url\":\"https:\\\/\\\/www.inntech.com.tr\\\/wp-content\\\/uploads\\\/2025\\\/08\\\/sihhi-tesisat.jpg\",\"contentUrl\":\"https:\\\/\\\/www.inntech.com.tr\\\/wp-content\\\/uploads\\\/2025\\\/08\\\/sihhi-tesisat.jpg\",\"width\":1000,\"height\":1100},{\"@type\":\"BreadcrumbList\",\"@id\":\"https:\\\/\\\/www.inntech.com.tr\\\/mekanik\\\/sihhi-tesisat\\\/#breadcrumb\",\"itemListElement\":[{\"@type\":\"ListItem\",\"position\":1,\"name\":\"Anasayfa\",\"item\":\"https:\\\/\\\/www.inntech.com.tr\\\/\"},{\"@type\":\"ListItem\",\"position\":2,\"name\":\"Mekanik Tesisat\",\"item\":\"https:\\\/\\\/www.inntech.com.tr\\\/mekanik\\\/\"},{\"@type\":\"ListItem\",\"position\":3,\"name\":\"S\u0131hhi Tesisat\"}]},{\"@type\":\"WebSite\",\"@id\":\"https:\\\/\\\/www.inntech.com.tr\\\/#website\",\"url\":\"https:\\\/\\\/www.inntech.com.tr\\\/\",\"name\":\"Inntech M\u00fchendislik\",\"description\":\"\",\"potentialAction\":[{\"@type\":\"SearchAction\",\"target\":{\"@type\":\"EntryPoint\",\"urlTemplate\":\"https:\\\/\\\/www.inntech.com.tr\\\/?s={search_term_string}\"},\"query-input\":{\"@type\":\"PropertyValueSpecification\",\"valueRequired\":true,\"valueName\":\"search_term_string\"}}],\"inLanguage\":\"de\"}]}<\/script>\n<!-- \/ Yoast SEO plugin. -->","yoast_head_json":{"title":"S\u0131hhi Tesisat - Inntech M\u00fchendislik","robots":{"index":"index","follow":"follow","max-snippet":"max-snippet:-1","max-image-preview":"max-image-preview:large","max-video-preview":"max-video-preview:-1"},"canonical":"https:\/\/www.inntech.com.tr\/de\/mekanik\/sihhi-tesisat\/","og_locale":"de_DE","og_type":"article","og_title":"S\u0131hhi Tesisat - Inntech M\u00fchendislik","og_url":"https:\/\/www.inntech.com.tr\/de\/mekanik\/sihhi-tesisat\/","og_site_name":"Inntech M\u00fchendislik","article_modified_time":"2025-08-12T07:12:25+00:00","og_image":[{"width":1000,"height":1100,"url":"https:\/\/www.inntech.com.tr\/wp-content\/uploads\/2025\/08\/sihhi-tesisat.jpg","type":"image\/jpeg"}],"twitter_card":"summary_large_image","twitter_misc":{"Gesch\u00e4tzte Lesezeit":"3\u00a0Minuten"},"schema":{"@context":"https:\/\/schema.org","@graph":[{"@type":"WebPage","@id":"https:\/\/www.inntech.com.tr\/mekanik\/sihhi-tesisat\/","url":"https:\/\/www.inntech.com.tr\/mekanik\/sihhi-tesisat\/","name":"S\u0131hhi Tesisat - Inntech M\u00fchendislik","isPartOf":{"@id":"https:\/\/www.inntech.com.tr\/#website"},"primaryImageOfPage":{"@id":"https:\/\/www.inntech.com.tr\/mekanik\/sihhi-tesisat\/#primaryimage"},"image":{"@id":"https:\/\/www.inntech.com.tr\/mekanik\/sihhi-tesisat\/#primaryimage"},"thumbnailUrl":"https:\/\/www.inntech.com.tr\/wp-content\/uploads\/2025\/08\/sihhi-tesisat.jpg","datePublished":"2025-08-12T06:24:12+00:00","dateModified":"2025-08-12T07:12:25+00:00","breadcrumb":{"@id":"https:\/\/www.inntech.com.tr\/mekanik\/sihhi-tesisat\/#breadcrumb"},"inLanguage":"de","potentialAction":[{"@type":"ReadAction","target":["https:\/\/www.inntech.com.tr\/mekanik\/sihhi-tesisat\/"]}]},{"@type":"ImageObject","inLanguage":"de","@id":"https:\/\/www.inntech.com.tr\/mekanik\/sihhi-tesisat\/#primaryimage","url":"https:\/\/www.inntech.com.tr\/wp-content\/uploads\/2025\/08\/sihhi-tesisat.jpg","contentUrl":"https:\/\/www.inntech.com.tr\/wp-content\/uploads\/2025\/08\/sihhi-tesisat.jpg","width":1000,"height":1100},{"@type":"BreadcrumbList","@id":"https:\/\/www.inntech.com.tr\/mekanik\/sihhi-tesisat\/#breadcrumb","itemListElement":[{"@type":"ListItem","position":1,"name":"Anasayfa","item":"https:\/\/www.inntech.com.tr\/"},{"@type":"ListItem","position":2,"name":"Mekanik Tesisat","item":"https:\/\/www.inntech.com.tr\/mekanik\/"},{"@type":"ListItem","position":3,"name":"S\u0131hhi Tesisat"}]},{"@type":"WebSite","@id":"https:\/\/www.inntech.com.tr\/#website","url":"https:\/\/www.inntech.com.tr\/","name":"Inntech M\u00fchendislik","description":"","potentialAction":[{"@type":"SearchAction","target":{"@type":"EntryPoint","urlTemplate":"https:\/\/www.inntech.com.tr\/?s={search_term_string}"},"query-input":{"@type":"PropertyValueSpecification","valueRequired":true,"valueName":"search_term_string"}}],"inLanguage":"de"}]}},"_links":{"self":[{"href":"https:\/\/www.inntech.com.tr\/de\/wp-json\/wp\/v2\/pages\/415","targetHints":{"allow":["GET"]}}],"collection":[{"href":"https:\/\/www.inntech.com.tr\/de\/wp-json\/wp\/v2\/pages"}],"about":[{"href":"https:\/\/www.inntech.com.tr\/de\/wp-json\/wp\/v2\/types\/page"}],"author":[{"embeddable":true,"href":"https:\/\/www.inntech.com.tr\/de\/wp-json\/wp\/v2\/users\/1"}],"replies":[{"embeddable":true,"href":"https:\/\/www.inntech.com.tr\/de\/wp-json\/wp\/v2\/comments?post=415"}],"version-history":[{"count":3,"href":"https:\/\/www.inntech.com.tr\/de\/wp-json\/wp\/v2\/pages\/415\/revisions"}],"predecessor-version":[{"id":450,"href":"https:\/\/www.inntech.com.tr\/de\/wp-json\/wp\/v2\/pages\/415\/revisions\/450"}],"up":[{"embeddable":true,"href":"https:\/\/www.inntech.com.tr\/de\/wp-json\/wp\/v2\/pages\/239"}],"wp:featuredmedia":[{"embeddable":true,"href":"https:\/\/www.inntech.com.tr\/de\/wp-json\/wp\/v2\/media\/401"}],"wp:attachment":[{"href":"https:\/\/www.inntech.com.tr\/de\/wp-json\/wp\/v2\/media?parent=415"}],"curies":[{"name":"wp","href":"https:\/\/api.w.org\/{rel}","templated":true}]}}