{"id":417,"date":"2025-08-12T09:24:40","date_gmt":"2025-08-12T06:24:40","guid":{"rendered":"https:\/\/www.beta2.lf.com.tr\/?page_id=417"},"modified":"2025-08-12T10:14:17","modified_gmt":"2025-08-12T07:14:17","slug":"sogutma-tesisati","status":"publish","type":"page","link":"https:\/\/www.inntech.com.tr\/de\/mekanik\/sogutma-tesisati\/","title":{"rendered":"K\u00fchlsystem"},"content":{"rendered":"<section class=\"l-section wpb_row height_medium\"><div class=\"l-section-h i-cf\"><div class=\"g-cols vc_row via_flex valign_top type_default stacking_default\"><div class=\"vc_col-sm-12 wpb_column vc_column_container\"><div class=\"vc_column-inner\"><div class=\"wpb_wrapper\"><div class=\"wpb_text_column\"><div class=\"wpb_wrapper\"><h2 data-start=\"30\" data-end=\"334\"><strong>K\u00fchlsystem<\/strong><\/h2>\n<p data-start=\"30\" data-end=\"334\">K\u00fchlsysteme sind wichtige mechanische Systeme, die durch die Temperaturregelung von Geb\u00e4uden, Industrieanlagen und Prozessbereichen die Produktqualit\u00e4t, den Komfort und die Effizienz verbessern. Wir bei Inntech entwickeln und implementieren energieeffiziente und zuverl\u00e4ssige K\u00fchll\u00f6sungen, die auf die spezifischen Anforderungen der Branche zugeschnitten sind.<\/p>\n<h2 data-start=\"336\" data-end=\"355\">Leistungsumfang<\/h2>\n<ul data-start=\"356\" data-end=\"815\">\n<li data-start=\"356\" data-end=\"396\">\n<p data-start=\"358\" data-end=\"396\">Bedarfsanalyse und Lastenberechnungen<\/p>\n<\/li>\n<li data-start=\"397\" data-end=\"486\">\n<p data-start=\"399\" data-end=\"486\">Entwurf zentraler und lokaler K\u00fchlsysteme (K\u00fchler, VRF\/VRV, Dachklimaanlage, Split-Klimaanlage)<\/p>\n<\/li>\n<li data-start=\"487\" data-end=\"540\">\n<p data-start=\"489\" data-end=\"540\">K\u00e4ltemittelleitungen und Ger\u00e4teintegration<\/p>\n<\/li>\n<li data-start=\"541\" data-end=\"592\">\n<p data-start=\"543\" data-end=\"592\">Entwurf von Luftverteilungskan\u00e4len und Diffusoren<\/p>\n<\/li>\n<li data-start=\"593\" data-end=\"655\">\n<p data-start=\"595\" data-end=\"655\">Industrielle K\u00fchll\u00f6sungen (K\u00fchllagerung, Prozessk\u00fchlung)<\/p>\n<\/li>\n<li data-start=\"656\" data-end=\"708\">\n<p data-start=\"658\" data-end=\"708\">Automatisierung, Steuerungssysteme und Energiemanagement<\/p>\n<\/li>\n<li data-start=\"709\" data-end=\"752\">\n<p data-start=\"711\" data-end=\"752\">Installation, Inbetriebnahme, Pr\u00fcfung und Abgleich<\/p>\n<\/li>\n<li data-start=\"753\" data-end=\"815\">\n<p data-start=\"755\" data-end=\"815\">Regelm\u00e4\u00dfige Wartung, Fehlererkennung und Leistungsoptimierung<\/p>\n<\/li>\n<\/ul>\n<h2 data-start=\"817\" data-end=\"840\">Systemkomponenten<\/h2>\n<ul data-start=\"841\" data-end=\"1264\">\n<li data-start=\"841\" data-end=\"932\">\n<p data-start=\"843\" data-end=\"932\"><strong data-start=\"843\" data-end=\"867\">K\u00fchlger\u00e4te:<\/strong> Kompressoren, Verdampfer, Kondensatoren, Expansionsventile<\/p>\n<\/li>\n<li data-start=\"933\" data-end=\"1025\">\n<p data-start=\"935\" data-end=\"1025\"><strong data-start=\"935\" data-end=\"967\">Rohre und Formst\u00fccke:<\/strong> K\u00e4ltemittelleitungen mit entsprechenden Materialien und Isolierungen<\/p>\n<\/li>\n<li data-start=\"1026\" data-end=\"1090\">\n<p data-start=\"1028\" data-end=\"1090\"><strong data-start=\"1028\" data-end=\"1056\">Luftverteilungssysteme:<\/strong> Kan\u00e4le, Bel\u00fcftungs\u00f6ffnungen, Diffusoren<\/p>\n<\/li>\n<li data-start=\"1091\" data-end=\"1164\">\n<p data-start=\"1093\" data-end=\"1164\"><strong data-start=\"1093\" data-end=\"1115\">Steuerger\u00e4te:<\/strong> Thermostate, Sensoren, automatische Regler<\/p>\n<\/li>\n<li data-start=\"1165\" data-end=\"1264\">\n<p data-start=\"1167\" data-end=\"1264\"><strong data-start=\"1167\" data-end=\"1201\">Elemente der Energieeffizienz:<\/strong> Invertergesteuerte Kompressoren, W\u00e4rmer\u00fcckgewinnungssysteme<\/p>\n<\/li>\n<\/ul>\n<h2 data-start=\"1266\" data-end=\"1287\">Designprinzipien<\/h2>\n<ul data-start=\"1288\" data-end=\"1548\">\n<li data-start=\"1288\" data-end=\"1333\">\n<p data-start=\"1290\" data-end=\"1333\">Auswahl der richtigen Ausr\u00fcstung f\u00fcr die K\u00fchllast<\/p>\n<\/li>\n<li data-start=\"1334\" data-end=\"1397\">\n<p data-start=\"1336\" data-end=\"1397\">Druckverluste minimieren und Durchfluss optimieren<\/p>\n<\/li>\n<li data-start=\"1398\" data-end=\"1450\">\n<p data-start=\"1400\" data-end=\"1450\">Energieeffizienz und Einhaltung von Umweltstandards<\/p>\n<\/li>\n<li data-start=\"1451\" data-end=\"1503\">\n<p data-start=\"1453\" data-end=\"1503\">Akustischer Komfort und \u00e4sthetisches Design werden ber\u00fccksichtigt<\/p>\n<\/li>\n<li data-start=\"1504\" data-end=\"1548\">\n<p data-start=\"1506\" data-end=\"1548\">Sicherheit und Wartungsfreundlichkeit stehen im Vordergrund<\/p>\n<\/li>\n<\/ul>\n<h2 data-start=\"1550\" data-end=\"1589\">Energieeffizienz und -optimierung<\/h2>\n<ul data-start=\"1590\" data-end=\"1822\">\n<li data-start=\"1590\" data-end=\"1658\">\n<p data-start=\"1592\" data-end=\"1658\">Hocheffiziente Wechselrichtertechnologie und intelligente Steuerungssysteme<\/p>\n<\/li>\n<li data-start=\"1659\" data-end=\"1712\">\n<p data-start=\"1661\" data-end=\"1712\">L\u00f6sungen zur W\u00e4rmer\u00fcckgewinnung und Energier\u00fcckgewinnung<\/p>\n<\/li>\n<li data-start=\"1713\" data-end=\"1759\">\n<p data-start=\"1715\" data-end=\"1759\">Leistungs\u00fcberwachung und automatische Optimierung<\/p>\n<\/li>\n<li data-start=\"1760\" data-end=\"1822\">\n<p data-start=\"1762\" data-end=\"1822\">Optimaler Betrieb der Anlage durch regelm\u00e4\u00dfige Wartung und Filterung<\/p>\n<\/li>\n<\/ul>\n<h2 data-start=\"1824\" data-end=\"1850\">Sicherheit und Compliance<\/h2>\n<ul data-start=\"1851\" data-end=\"2056\">\n<li data-start=\"1851\" data-end=\"1913\">\n<p data-start=\"1853\" data-end=\"1913\">Verwendung von K\u00e4ltemittelgasen im Einklang mit der Umwelt und der menschlichen Gesundheit<\/p>\n<\/li>\n<li data-start=\"1914\" data-end=\"1953\">\n<p data-start=\"1916\" data-end=\"1953\">Einhaltung der Normen f\u00fcr Drucksysteme<\/p>\n<\/li>\n<li data-start=\"1954\" data-end=\"2004\">\n<p data-start=\"1956\" data-end=\"2004\">Notfallma\u00dfnahmen und Mitarbeiterschulung<\/p>\n<\/li>\n<li data-start=\"2005\" data-end=\"2056\">\n<p data-start=\"2007\" data-end=\"2056\">Integration von Brand- und Rauchschutzsystemen<\/p>\n<\/li>\n<\/ul>\n<h2 data-start=\"2058\" data-end=\"2091\">Montage, Pr\u00fcfung und Inbetriebnahme<\/h2>\n<ul data-start=\"2092\" data-end=\"2271\">\n<li data-start=\"2092\" data-end=\"2133\">\n<p data-start=\"2094\" data-end=\"2133\">Professionelle Montage und Qualit\u00e4tskontrolle<\/p>\n<\/li>\n<li data-start=\"2134\" data-end=\"2181\">\n<p data-start=\"2136\" data-end=\"2181\">Druck-, Dichtheits- und Leistungstests<\/p>\n<\/li>\n<li data-start=\"2182\" data-end=\"2225\">\n<p data-start=\"2184\" data-end=\"2225\">Systemabgleich und Funktionspr\u00fcfung<\/p>\n<\/li>\n<li data-start=\"2226\" data-end=\"2271\">\n<p data-start=\"2228\" data-end=\"2271\">Benutzerschulung und technische Dokumentation<\/p>\n<\/li>\n<\/ul>\n<h2 data-start=\"2273\" data-end=\"2308\">Wartung und Lebenszyklusmanagement<\/h2>\n<ul data-start=\"2309\" data-end=\"2484\">\n<li data-start=\"2309\" data-end=\"2344\">\n<p data-start=\"2311\" data-end=\"2344\">Regelm\u00e4\u00dfige Wartung und St\u00f6rungsvorbeugung<\/p>\n<\/li>\n<li data-start=\"2345\" data-end=\"2385\">\n<p data-start=\"2347\" data-end=\"2385\">Ersatzteilversorgung und schnelle Reaktion<\/p>\n<\/li>\n<li data-start=\"2386\" data-end=\"2436\">\n<p data-start=\"2388\" data-end=\"2436\">Leistungsanalyse und Verbesserungsvorschl\u00e4ge<\/p>\n<\/li>\n<li data-start=\"2437\" data-end=\"2484\">\n<p data-start=\"2439\" data-end=\"2484\">L\u00f6sungen zur Systemmodernisierung und -erneuerung<\/p>\n<\/li>\n<\/ul>\n<h2 data-start=\"2486\" data-end=\"2515\">Projektablauf \u2013 Schritt f\u00fcr Schritt<\/h2>\n<ol data-start=\"2516\" data-end=\"2733\">\n<li data-start=\"2516\" data-end=\"2545\">\n<p data-start=\"2519\" data-end=\"2545\">Bedarfsanalyse und -ermittlung<\/p>\n<\/li>\n<li data-start=\"2546\" data-end=\"2571\">\n<p data-start=\"2549\" data-end=\"2571\">Vorentwurf und Vorschlag<\/p>\n<\/li>\n<li data-start=\"2572\" data-end=\"2614\">\n<p data-start=\"2575\" data-end=\"2614\">Detaillierte Konstruktion und Materialauswahl<\/p>\n<\/li>\n<li data-start=\"2615\" data-end=\"2641\">\n<p data-start=\"2618\" data-end=\"2641\">Montage und Integration<\/p>\n<\/li>\n<li data-start=\"2642\" data-end=\"2678\">\n<p data-start=\"2645\" data-end=\"2678\">Pr\u00fcfung, Abgleich und Inbetriebnahme<\/p>\n<\/li>\n<li data-start=\"2679\" data-end=\"2702\">\n<p data-start=\"2682\" data-end=\"2702\">Lieferung und Schulung<\/p>\n<\/li>\n<li data-start=\"2703\" data-end=\"2733\">\n<p data-start=\"2706\" data-end=\"2733\">Regelm\u00e4\u00dfige Wartung und Support<\/p>\n<\/li>\n<\/ol>\n<h2 data-start=\"2735\" data-end=\"2754\">Warum Inntech?<\/h2>\n<p data-start=\"2755\" data-end=\"2826\">Inntech mit seinem technischen Know-how, seiner hochwertigen Verarbeitung und seiner Kundenzufriedenheit:<\/p>\n<ul data-start=\"2827\" data-end=\"3031\">\n<li data-start=\"2827\" data-end=\"2907\">\n<p data-start=\"2829\" data-end=\"2907\">Bietet energieeffiziente und zuverl\u00e4ssige K\u00fchlsysteme, die Ihren Anforderungen entsprechen<\/p>\n<\/li>\n<li data-start=\"2908\" data-end=\"2959\">\n<p data-start=\"2910\" data-end=\"2959\">Sorgt f\u00fcr Transparenz und Koordination w\u00e4hrend des gesamten Projektprozesses<\/p>\n<\/li>\n<li data-start=\"2960\" data-end=\"3031\">\n<p data-start=\"2962\" data-end=\"3031\">Wir stehen Ihnen mit Wartungs- und technischen Supportleistungen nach der Lieferung zur Verf\u00fcgung.<\/p>\n<\/li>\n<\/ul>\n<\/div><\/div><\/div><\/div><\/div><\/div><\/div><\/section>","protected":false},"excerpt":{"rendered":"So\u011futma Tesisat\u0131 So\u011futma tesisat\u0131, yap\u0131lar\u0131n, end\u00fcstriyel tesislerin ve proses alanlar\u0131n\u0131n s\u0131cakl\u0131k kontrol\u00fcn\u00fc sa\u011flayarak \u00fcr\u00fcn kalitesi, konfor ve verimlili\u011fi art\u0131ran hayati bir mekanik sistemdir. Inntech olarak, sekt\u00f6rel ihtiya\u00e7lara uygun, enerji verimlili\u011fi y\u00fcksek ve g\u00fcvenilir so\u011futma \u00e7\u00f6z\u00fcmleri tasarlay\u0131p uyguluyoruz. Hizmet Kapsam\u0131 \u0130htiya\u00e7 analizi ve y\u00fck hesaplamalar\u0131 Merkezi ve lokal so\u011futma sistemleri tasar\u0131m\u0131 (chiller, VRF\/VRV, rooftop, split klima)...","protected":false},"author":1,"featured_media":402,"parent":239,"menu_order":0,"comment_status":"closed","ping_status":"closed","template":"","meta":{"footnotes":""},"class_list":["post-417","page","type-page","status-publish","has-post-thumbnail","hentry"],"yoast_head":"<!-- This site is optimized with the Yoast SEO plugin v27.5 - https:\/\/yoast.com\/product\/yoast-seo-wordpress\/ -->\n<title>So\u011futma Tesisat\u0131 - Inntech M\u00fchendislik<\/title>\n<meta name=\"robots\" content=\"index, follow, max-snippet:-1, max-image-preview:large, max-video-preview:-1\" \/>\n<link rel=\"canonical\" href=\"https:\/\/www.inntech.com.tr\/de\/mekanik\/sogutma-tesisati\/\" \/>\n<meta property=\"og:locale\" content=\"de_DE\" \/>\n<meta property=\"og:type\" content=\"article\" \/>\n<meta property=\"og:title\" content=\"So\u011futma Tesisat\u0131 - Inntech M\u00fchendislik\" \/>\n<meta property=\"og:url\" content=\"https:\/\/www.inntech.com.tr\/de\/mekanik\/sogutma-tesisati\/\" \/>\n<meta property=\"og:site_name\" content=\"Inntech M\u00fchendislik\" \/>\n<meta property=\"article:modified_time\" content=\"2025-08-12T07:14:17+00:00\" \/>\n<meta property=\"og:image\" content=\"https:\/\/www.inntech.com.tr\/wp-content\/uploads\/2025\/08\/sogutma-tesisati.jpg\" \/>\n\t<meta property=\"og:image:width\" content=\"1000\" \/>\n\t<meta property=\"og:image:height\" content=\"1100\" \/>\n\t<meta property=\"og:image:type\" content=\"image\/jpeg\" \/>\n<meta name=\"twitter:card\" content=\"summary_large_image\" \/>\n<meta name=\"twitter:label1\" content=\"Gesch\u00e4tzte Lesezeit\" \/>\n\t<meta name=\"twitter:data1\" content=\"3\u00a0Minuten\" \/>\n<script type=\"application\/ld+json\" class=\"yoast-schema-graph\">{\"@context\":\"https:\\\/\\\/schema.org\",\"@graph\":[{\"@type\":\"WebPage\",\"@id\":\"https:\\\/\\\/www.inntech.com.tr\\\/mekanik\\\/sogutma-tesisati\\\/\",\"url\":\"https:\\\/\\\/www.inntech.com.tr\\\/mekanik\\\/sogutma-tesisati\\\/\",\"name\":\"So\u011futma Tesisat\u0131 - Inntech M\u00fchendislik\",\"isPartOf\":{\"@id\":\"https:\\\/\\\/www.inntech.com.tr\\\/#website\"},\"primaryImageOfPage\":{\"@id\":\"https:\\\/\\\/www.inntech.com.tr\\\/mekanik\\\/sogutma-tesisati\\\/#primaryimage\"},\"image\":{\"@id\":\"https:\\\/\\\/www.inntech.com.tr\\\/mekanik\\\/sogutma-tesisati\\\/#primaryimage\"},\"thumbnailUrl\":\"https:\\\/\\\/www.inntech.com.tr\\\/wp-content\\\/uploads\\\/2025\\\/08\\\/sogutma-tesisati.jpg\",\"datePublished\":\"2025-08-12T06:24:40+00:00\",\"dateModified\":\"2025-08-12T07:14:17+00:00\",\"breadcrumb\":{\"@id\":\"https:\\\/\\\/www.inntech.com.tr\\\/mekanik\\\/sogutma-tesisati\\\/#breadcrumb\"},\"inLanguage\":\"de\",\"potentialAction\":[{\"@type\":\"ReadAction\",\"target\":[\"https:\\\/\\\/www.inntech.com.tr\\\/mekanik\\\/sogutma-tesisati\\\/\"]}]},{\"@type\":\"ImageObject\",\"inLanguage\":\"de\",\"@id\":\"https:\\\/\\\/www.inntech.com.tr\\\/mekanik\\\/sogutma-tesisati\\\/#primaryimage\",\"url\":\"https:\\\/\\\/www.inntech.com.tr\\\/wp-content\\\/uploads\\\/2025\\\/08\\\/sogutma-tesisati.jpg\",\"contentUrl\":\"https:\\\/\\\/www.inntech.com.tr\\\/wp-content\\\/uploads\\\/2025\\\/08\\\/sogutma-tesisati.jpg\",\"width\":1000,\"height\":1100},{\"@type\":\"BreadcrumbList\",\"@id\":\"https:\\\/\\\/www.inntech.com.tr\\\/mekanik\\\/sogutma-tesisati\\\/#breadcrumb\",\"itemListElement\":[{\"@type\":\"ListItem\",\"position\":1,\"name\":\"Anasayfa\",\"item\":\"https:\\\/\\\/www.inntech.com.tr\\\/\"},{\"@type\":\"ListItem\",\"position\":2,\"name\":\"Mekanik Tesisat\",\"item\":\"https:\\\/\\\/www.inntech.com.tr\\\/mekanik\\\/\"},{\"@type\":\"ListItem\",\"position\":3,\"name\":\"So\u011futma Tesisat\u0131\"}]},{\"@type\":\"WebSite\",\"@id\":\"https:\\\/\\\/www.inntech.com.tr\\\/#website\",\"url\":\"https:\\\/\\\/www.inntech.com.tr\\\/\",\"name\":\"Inntech M\u00fchendislik\",\"description\":\"\",\"potentialAction\":[{\"@type\":\"SearchAction\",\"target\":{\"@type\":\"EntryPoint\",\"urlTemplate\":\"https:\\\/\\\/www.inntech.com.tr\\\/?s={search_term_string}\"},\"query-input\":{\"@type\":\"PropertyValueSpecification\",\"valueRequired\":true,\"valueName\":\"search_term_string\"}}],\"inLanguage\":\"de\"}]}<\/script>\n<!-- \/ Yoast SEO plugin. -->","yoast_head_json":{"title":"So\u011futma Tesisat\u0131 - Inntech M\u00fchendislik","robots":{"index":"index","follow":"follow","max-snippet":"max-snippet:-1","max-image-preview":"max-image-preview:large","max-video-preview":"max-video-preview:-1"},"canonical":"https:\/\/www.inntech.com.tr\/de\/mekanik\/sogutma-tesisati\/","og_locale":"de_DE","og_type":"article","og_title":"So\u011futma Tesisat\u0131 - Inntech M\u00fchendislik","og_url":"https:\/\/www.inntech.com.tr\/de\/mekanik\/sogutma-tesisati\/","og_site_name":"Inntech M\u00fchendislik","article_modified_time":"2025-08-12T07:14:17+00:00","og_image":[{"width":1000,"height":1100,"url":"https:\/\/www.inntech.com.tr\/wp-content\/uploads\/2025\/08\/sogutma-tesisati.jpg","type":"image\/jpeg"}],"twitter_card":"summary_large_image","twitter_misc":{"Gesch\u00e4tzte Lesezeit":"3\u00a0Minuten"},"schema":{"@context":"https:\/\/schema.org","@graph":[{"@type":"WebPage","@id":"https:\/\/www.inntech.com.tr\/mekanik\/sogutma-tesisati\/","url":"https:\/\/www.inntech.com.tr\/mekanik\/sogutma-tesisati\/","name":"So\u011futma Tesisat\u0131 - Inntech M\u00fchendislik","isPartOf":{"@id":"https:\/\/www.inntech.com.tr\/#website"},"primaryImageOfPage":{"@id":"https:\/\/www.inntech.com.tr\/mekanik\/sogutma-tesisati\/#primaryimage"},"image":{"@id":"https:\/\/www.inntech.com.tr\/mekanik\/sogutma-tesisati\/#primaryimage"},"thumbnailUrl":"https:\/\/www.inntech.com.tr\/wp-content\/uploads\/2025\/08\/sogutma-tesisati.jpg","datePublished":"2025-08-12T06:24:40+00:00","dateModified":"2025-08-12T07:14:17+00:00","breadcrumb":{"@id":"https:\/\/www.inntech.com.tr\/mekanik\/sogutma-tesisati\/#breadcrumb"},"inLanguage":"de","potentialAction":[{"@type":"ReadAction","target":["https:\/\/www.inntech.com.tr\/mekanik\/sogutma-tesisati\/"]}]},{"@type":"ImageObject","inLanguage":"de","@id":"https:\/\/www.inntech.com.tr\/mekanik\/sogutma-tesisati\/#primaryimage","url":"https:\/\/www.inntech.com.tr\/wp-content\/uploads\/2025\/08\/sogutma-tesisati.jpg","contentUrl":"https:\/\/www.inntech.com.tr\/wp-content\/uploads\/2025\/08\/sogutma-tesisati.jpg","width":1000,"height":1100},{"@type":"BreadcrumbList","@id":"https:\/\/www.inntech.com.tr\/mekanik\/sogutma-tesisati\/#breadcrumb","itemListElement":[{"@type":"ListItem","position":1,"name":"Anasayfa","item":"https:\/\/www.inntech.com.tr\/"},{"@type":"ListItem","position":2,"name":"Mekanik Tesisat","item":"https:\/\/www.inntech.com.tr\/mekanik\/"},{"@type":"ListItem","position":3,"name":"So\u011futma Tesisat\u0131"}]},{"@type":"WebSite","@id":"https:\/\/www.inntech.com.tr\/#website","url":"https:\/\/www.inntech.com.tr\/","name":"Inntech M\u00fchendislik","description":"","potentialAction":[{"@type":"SearchAction","target":{"@type":"EntryPoint","urlTemplate":"https:\/\/www.inntech.com.tr\/?s={search_term_string}"},"query-input":{"@type":"PropertyValueSpecification","valueRequired":true,"valueName":"search_term_string"}}],"inLanguage":"de"}]}},"_links":{"self":[{"href":"https:\/\/www.inntech.com.tr\/de\/wp-json\/wp\/v2\/pages\/417","targetHints":{"allow":["GET"]}}],"collection":[{"href":"https:\/\/www.inntech.com.tr\/de\/wp-json\/wp\/v2\/pages"}],"about":[{"href":"https:\/\/www.inntech.com.tr\/de\/wp-json\/wp\/v2\/types\/page"}],"author":[{"embeddable":true,"href":"https:\/\/www.inntech.com.tr\/de\/wp-json\/wp\/v2\/users\/1"}],"replies":[{"embeddable":true,"href":"https:\/\/www.inntech.com.tr\/de\/wp-json\/wp\/v2\/comments?post=417"}],"version-history":[{"count":2,"href":"https:\/\/www.inntech.com.tr\/de\/wp-json\/wp\/v2\/pages\/417\/revisions"}],"predecessor-version":[{"id":451,"href":"https:\/\/www.inntech.com.tr\/de\/wp-json\/wp\/v2\/pages\/417\/revisions\/451"}],"up":[{"embeddable":true,"href":"https:\/\/www.inntech.com.tr\/de\/wp-json\/wp\/v2\/pages\/239"}],"wp:featuredmedia":[{"embeddable":true,"href":"https:\/\/www.inntech.com.tr\/de\/wp-json\/wp\/v2\/media\/402"}],"wp:attachment":[{"href":"https:\/\/www.inntech.com.tr\/de\/wp-json\/wp\/v2\/media?parent=417"}],"curies":[{"name":"wp","href":"https:\/\/api.w.org\/{rel}","templated":true}]}}