{"id":419,"date":"2025-08-12T09:25:12","date_gmt":"2025-08-12T06:25:12","guid":{"rendered":"https:\/\/www.beta2.lf.com.tr\/?page_id=419"},"modified":"2025-08-12T10:23:25","modified_gmt":"2025-08-12T07:23:25","slug":"su-aritma-ve-yumusatma-tesisati","status":"publish","type":"page","link":"https:\/\/www.inntech.com.tr\/de\/mekanik\/su-aritma-ve-yumusatma-tesisati\/","title":{"rendered":"Wasseraufbereitungs- und Enth\u00e4rtungsanlagen"},"content":{"rendered":"<section class=\"l-section wpb_row height_medium\"><div class=\"l-section-h i-cf\"><div class=\"g-cols vc_row via_flex valign_top type_default stacking_default\"><div class=\"vc_col-sm-12 wpb_column vc_column_container\"><div class=\"vc_column-inner\"><div class=\"wpb_wrapper\"><div class=\"wpb_text_column\"><div class=\"wpb_wrapper\"><h2 data-start=\"45\" data-end=\"369\"><strong>Wasseraufbereitungs- und Enth\u00e4rtungsanlagen<\/strong><\/h2>\n<p data-start=\"45\" data-end=\"369\">Wasseraufbereitungs- und Enth\u00e4rtungsanlagen sind wichtige mechanische Infrastrukturen, die die Wasserqualit\u00e4t in Geb\u00e4uden und Industrieanlagen optimieren, die menschliche Gesundheit sch\u00fctzen und gleichzeitig den effizienten und langlebigen Betrieb mechanischer Systeme gew\u00e4hrleisten. Inntech bietet umweltfreundliche und wirtschaftliche Wasseraufbereitungsl\u00f6sungen, die auf Ihre Bed\u00fcrfnisse zugeschnitten sind.<\/p>\n<h2 data-start=\"371\" data-end=\"390\">Leistungsumfang<\/h2>\n<ul data-start=\"391\" data-end=\"875\">\n<li data-start=\"391\" data-end=\"438\">\n<p data-start=\"393\" data-end=\"438\">Wasserqualit\u00e4tsanalyse und Bedarfsermittlung<\/p>\n<\/li>\n<li data-start=\"439\" data-end=\"509\">\n<p data-start=\"441\" data-end=\"509\">Planung von Trinkwasser-, Brauchwasser- und Prozesswasseraufbereitungssystemen<\/p>\n<\/li>\n<li data-start=\"510\" data-end=\"572\">\n<p data-start=\"512\" data-end=\"572\">Planung von Wasserenth\u00e4rtungs- und Aufh\u00e4rtungsanlagen<\/p>\n<\/li>\n<li data-start=\"573\" data-end=\"680\">\n<p data-start=\"575\" data-end=\"680\">Integration von Filtrations-, Desinfektions-, Umkehrosmose-, UV-Behandlungs-, Aktivkohle- und Ionenaustauschsystemen<\/p>\n<\/li>\n<li data-start=\"681\" data-end=\"731\">\n<p data-start=\"683\" data-end=\"731\">Installation automatischer Steuerungs- und \u00dcberwachungssysteme<\/p>\n<\/li>\n<li data-start=\"732\" data-end=\"779\">\n<p data-start=\"734\" data-end=\"779\">Installation, Inbetriebnahme und Leistungstests<\/p>\n<\/li>\n<li data-start=\"780\" data-end=\"837\">\n<p data-start=\"782\" data-end=\"837\">Regelm\u00e4\u00dfige Wartung, Filterwechsel und Fehlererkennung<\/p>\n<\/li>\n<li data-start=\"838\" data-end=\"875\">\n<p data-start=\"840\" data-end=\"875\">Abwasser- und Recyclingl\u00f6sungen<\/p>\n<\/li>\n<\/ul>\n<h2 data-start=\"877\" data-end=\"900\">Systemkomponenten<\/h2>\n<ul data-start=\"901\" data-end=\"1403\">\n<li data-start=\"901\" data-end=\"1003\">\n<p data-start=\"903\" data-end=\"1003\"><strong data-start=\"903\" data-end=\"928\">Filteranlagen:<\/strong> Sandfilter-, Aktivkohlefilter-, Mikro- und Ultrafiltrationsanlagen<\/p>\n<\/li>\n<li data-start=\"1004\" data-end=\"1081\">\n<p data-start=\"1006\" data-end=\"1081\"><strong data-start=\"1006\" data-end=\"1030\">Enth\u00e4rtungsger\u00e4te:<\/strong> Wasserh\u00e4rteentfernung mit Ionenaustauscherharzen<\/p>\n<\/li>\n<li data-start=\"1082\" data-end=\"1160\">\n<p data-start=\"1084\" data-end=\"1160\"><strong data-start=\"1084\" data-end=\"1113\">Desinfektionssysteme:<\/strong> UV-Lampen, Chlorierungs- und Ozonisierungseinheiten<\/p>\n<\/li>\n<li data-start=\"1161\" data-end=\"1240\">\n<p data-start=\"1163\" data-end=\"1240\"><strong data-start=\"1163\" data-end=\"1189\">Umkehrosmoseanlagen:<\/strong> Membranfilter f\u00fcr eine hochwertige Wasserversorgung<\/p>\n<\/li>\n<li data-start=\"1241\" data-end=\"1333\">\n<p data-start=\"1243\" data-end=\"1333\"><strong data-start=\"1243\" data-end=\"1278\">Bedienfelder und Sensoren:<\/strong> Automatisierung f\u00fcr Wasserqualit\u00e4ts-, Durchfluss- und Druckmessungen<\/p>\n<\/li>\n<li data-start=\"1334\" data-end=\"1403\">\n<p data-start=\"1336\" data-end=\"1403\"><strong data-start=\"1336\" data-end=\"1360\">Lagerung und Vertrieb:<\/strong> Tanks und Verteilungsleitungen f\u00fcr gereinigtes Wasser<\/p>\n<\/li>\n<\/ul>\n<h2 data-start=\"1405\" data-end=\"1426\">Designprinzipien<\/h2>\n<ul data-start=\"1427\" data-end=\"1714\">\n<li data-start=\"1427\" data-end=\"1487\">\n<p data-start=\"1429\" data-end=\"1487\">Systemauswahl und -dimensionierung basierend auf Wasseranalyseberichten<\/p>\n<\/li>\n<li data-start=\"1488\" data-end=\"1551\">\n<p data-start=\"1490\" data-end=\"1551\">Kombination von Reinigungstechnologien passend zum Verwendungszweck<\/p>\n<\/li>\n<li data-start=\"1552\" data-end=\"1618\">\n<p data-start=\"1554\" data-end=\"1618\">Energieeffizienz und Minimierung der Betriebskosten<\/p>\n<\/li>\n<li data-start=\"1619\" data-end=\"1668\">\n<p data-start=\"1621\" data-end=\"1668\">Benutzerfreundlichkeit und geringer Wartungsaufwand<\/p>\n<\/li>\n<li data-start=\"1669\" data-end=\"1714\">\n<p data-start=\"1671\" data-end=\"1714\">Vollst\u00e4ndige Einhaltung gesetzlicher Vorschriften und Gesundheitsstandards<\/p>\n<\/li>\n<\/ul>\n<h2 data-start=\"1716\" data-end=\"1745\">Energie- und Wassereffizienz<\/h2>\n<ul data-start=\"1746\" data-end=\"1976\">\n<li data-start=\"1746\" data-end=\"1822\">\n<p data-start=\"1748\" data-end=\"1822\">Wasser- und Chemikalieneinsparungen durch automatische Regenerations- und Kontrollsysteme<\/p>\n<\/li>\n<li data-start=\"1823\" data-end=\"1875\">\n<p data-start=\"1825\" data-end=\"1875\">Recyclingsysteme und Abwasserminimierung<\/p>\n<\/li>\n<li data-start=\"1876\" data-end=\"1920\">\n<p data-start=\"1878\" data-end=\"1920\">Energieeffiziente Pumpen und Ger\u00e4te<\/p>\n<\/li>\n<li data-start=\"1921\" data-end=\"1976\">\n<p data-start=\"1923\" data-end=\"1976\">Aufrechterhaltung der Systemeffizienz durch regelm\u00e4\u00dfige Wartung<\/p>\n<\/li>\n<\/ul>\n<h2 data-start=\"1978\" data-end=\"2004\">Sicherheit und Compliance<\/h2>\n<ul data-start=\"2005\" data-end=\"2200\">\n<li data-start=\"2005\" data-end=\"2057\">\n<p data-start=\"2007\" data-end=\"2057\">Einhaltung der Vorschriften des Gesundheitsministeriums und der einschl\u00e4gigen Standards<\/p>\n<\/li>\n<li data-start=\"2058\" data-end=\"2122\">\n<p data-start=\"2060\" data-end=\"2122\">Sicherheitsvorkehrungen und Personalschulung im Umgang mit Chemikalien<\/p>\n<\/li>\n<li data-start=\"2123\" data-end=\"2167\">\n<p data-start=\"2125\" data-end=\"2167\">Abfallmanagement und Umweltschutzma\u00dfnahmen<\/p>\n<\/li>\n<li data-start=\"2168\" data-end=\"2200\">\n<p data-start=\"2170\" data-end=\"2200\">Notfallpl\u00e4ne<\/p>\n<\/li>\n<\/ul>\n<h2 data-start=\"2202\" data-end=\"2235\">Montage, Pr\u00fcfung und Inbetriebnahme<\/h2>\n<ul data-start=\"2236\" data-end=\"2394\">\n<li data-start=\"2236\" data-end=\"2284\">\n<p data-start=\"2238\" data-end=\"2284\">Professionelle Installation vor Ort und hochwertige Verarbeitung<\/p>\n<\/li>\n<li data-start=\"2285\" data-end=\"2348\">\n<p data-start=\"2287\" data-end=\"2348\">Leistungspr\u00fcfung, Wasserqualit\u00e4tsmessungen und Zertifizierung<\/p>\n<\/li>\n<li data-start=\"2349\" data-end=\"2394\">\n<p data-start=\"2351\" data-end=\"2394\">Benutzerschulung und technische Dokumentation<\/p>\n<\/li>\n<\/ul>\n<h2 data-start=\"2396\" data-end=\"2431\">Wartung und Lebenszyklusmanagement<\/h2>\n<ul data-start=\"2432\" data-end=\"2596\">\n<li data-start=\"2432\" data-end=\"2473\">\n<p data-start=\"2434\" data-end=\"2473\">Regelm\u00e4\u00dfige Filterung und Harzwechsel<\/p>\n<\/li>\n<li data-start=\"2474\" data-end=\"2509\">\n<p data-start=\"2476\" data-end=\"2509\">Fehlererkennung und schnelles Eingreifen<\/p>\n<\/li>\n<li data-start=\"2510\" data-end=\"2549\">\n<p data-start=\"2512\" data-end=\"2549\">Ersatzteilversorgung und Lagerverwaltung<\/p>\n<\/li>\n<li data-start=\"2550\" data-end=\"2596\">\n<p data-start=\"2552\" data-end=\"2596\">Leistungs\u00fcberwachung und Verbesserungsvorschl\u00e4ge<\/p>\n<\/li>\n<\/ul>\n<h2 data-start=\"2598\" data-end=\"2627\">Projektablauf \u2013 Schritt f\u00fcr Schritt<\/h2>\n<ol data-start=\"2628\" data-end=\"2854\">\n<li data-start=\"2628\" data-end=\"2673\">\n<p data-start=\"2631\" data-end=\"2673\">Wasserqualit\u00e4tsanalyse und Bedarfsermittlung<\/p>\n<\/li>\n<li data-start=\"2674\" data-end=\"2709\">\n<p data-start=\"2677\" data-end=\"2709\">Vorentwurf und Angebotserstellung<\/p>\n<\/li>\n<li data-start=\"2710\" data-end=\"2751\">\n<p data-start=\"2713\" data-end=\"2751\">Detailliertes Engineering und Systemauswahl<\/p>\n<\/li>\n<li data-start=\"2752\" data-end=\"2778\">\n<p data-start=\"2755\" data-end=\"2778\">Montage und Integration<\/p>\n<\/li>\n<li data-start=\"2779\" data-end=\"2823\">\n<p data-start=\"2782\" data-end=\"2823\">Pr\u00fcfung, Inbetriebnahme und Anwenderschulung<\/p>\n<\/li>\n<li data-start=\"2824\" data-end=\"2854\">\n<p data-start=\"2827\" data-end=\"2854\">Regelm\u00e4\u00dfige Wartung und Support<\/p>\n<\/li>\n<\/ol>\n<h2 data-start=\"2856\" data-end=\"2875\">Warum Inntech?<\/h2>\n<p data-start=\"2876\" data-end=\"2928\">Inntech mit seinen Experten und seiner technologischen Infrastruktur:<\/p>\n<ul data-start=\"2929\" data-end=\"3126\">\n<li data-start=\"2929\" data-end=\"2997\">\n<p data-start=\"2931\" data-end=\"2997\">Bietet Ihnen spezielle, hochwertige und wirtschaftliche L\u00f6sungen zur Wasseraufbereitung.<\/p>\n<\/li>\n<li data-start=\"2998\" data-end=\"3048\">\n<p data-start=\"3000\" data-end=\"3048\">Entspricht vollst\u00e4ndig den Gesundheits- und Umweltstandards<\/p>\n<\/li>\n<li data-start=\"3049\" data-end=\"3126\">\n<p data-start=\"3051\" data-end=\"3126\">Wir stehen Ihnen mit Nachsorge, Betreuung und Notfalldiensten zur Verf\u00fcgung.<\/p>\n<\/li>\n<\/ul>\n<\/div><\/div><\/div><\/div><\/div><\/div><\/div><\/section>","protected":false},"excerpt":{"rendered":"Su Ar\u0131tma ve Yumu\u015fatma Tesisat\u0131 Su ar\u0131tma ve yumu\u015fatma tesisatlar\u0131, yap\u0131lar\u0131n ve end\u00fcstriyel tesislerin su kalitesini optimize ederek hem insan sa\u011fl\u0131\u011f\u0131n\u0131 koruyan hem de mekanik sistemlerin verimli ve uzun \u00f6m\u00fcrl\u00fc \u00e7al\u0131\u015fmas\u0131n\u0131 sa\u011flayan kritik mekanik altyap\u0131lard\u0131r. Inntech olarak, ihtiya\u00e7lar\u0131n\u0131za uygun, \u00e7evre dostu ve ekonomik su ar\u0131tma \u00e7\u00f6z\u00fcmleri sunuyoruz. Hizmet Kapsam\u0131 Su kalitesi analizleri ve ihtiya\u00e7 belirleme...","protected":false},"author":1,"featured_media":403,"parent":239,"menu_order":0,"comment_status":"closed","ping_status":"closed","template":"","meta":{"footnotes":""},"class_list":["post-419","page","type-page","status-publish","has-post-thumbnail","hentry"],"yoast_head":"<!-- This site is optimized with the Yoast SEO plugin v27.5 - https:\/\/yoast.com\/product\/yoast-seo-wordpress\/ -->\n<title>Su Ar\u0131tma ve Yumu\u015fatma Tesisat\u0131 - Inntech M\u00fchendislik<\/title>\n<meta name=\"robots\" content=\"index, follow, max-snippet:-1, max-image-preview:large, max-video-preview:-1\" \/>\n<link rel=\"canonical\" href=\"https:\/\/www.inntech.com.tr\/de\/mekanik\/su-aritma-ve-yumusatma-tesisati\/\" \/>\n<meta property=\"og:locale\" content=\"de_DE\" \/>\n<meta property=\"og:type\" content=\"article\" \/>\n<meta property=\"og:title\" content=\"Su Ar\u0131tma ve Yumu\u015fatma Tesisat\u0131 - Inntech M\u00fchendislik\" \/>\n<meta property=\"og:url\" content=\"https:\/\/www.inntech.com.tr\/de\/mekanik\/su-aritma-ve-yumusatma-tesisati\/\" \/>\n<meta property=\"og:site_name\" content=\"Inntech M\u00fchendislik\" \/>\n<meta property=\"article:modified_time\" content=\"2025-08-12T07:23:25+00:00\" \/>\n<meta property=\"og:image\" content=\"https:\/\/www.inntech.com.tr\/wp-content\/uploads\/2025\/08\/su-aritma-ve-yumusatma-tesisati.jpg\" \/>\n\t<meta property=\"og:image:width\" content=\"1000\" \/>\n\t<meta property=\"og:image:height\" content=\"1100\" \/>\n\t<meta property=\"og:image:type\" content=\"image\/jpeg\" \/>\n<meta name=\"twitter:card\" content=\"summary_large_image\" \/>\n<meta name=\"twitter:label1\" content=\"Gesch\u00e4tzte Lesezeit\" \/>\n\t<meta name=\"twitter:data1\" content=\"3\u00a0Minuten\" \/>\n<script type=\"application\/ld+json\" class=\"yoast-schema-graph\">{\"@context\":\"https:\\\/\\\/schema.org\",\"@graph\":[{\"@type\":\"WebPage\",\"@id\":\"https:\\\/\\\/www.inntech.com.tr\\\/mekanik\\\/su-aritma-ve-yumusatma-tesisati\\\/\",\"url\":\"https:\\\/\\\/www.inntech.com.tr\\\/mekanik\\\/su-aritma-ve-yumusatma-tesisati\\\/\",\"name\":\"Su Ar\u0131tma ve Yumu\u015fatma Tesisat\u0131 - Inntech M\u00fchendislik\",\"isPartOf\":{\"@id\":\"https:\\\/\\\/www.inntech.com.tr\\\/#website\"},\"primaryImageOfPage\":{\"@id\":\"https:\\\/\\\/www.inntech.com.tr\\\/mekanik\\\/su-aritma-ve-yumusatma-tesisati\\\/#primaryimage\"},\"image\":{\"@id\":\"https:\\\/\\\/www.inntech.com.tr\\\/mekanik\\\/su-aritma-ve-yumusatma-tesisati\\\/#primaryimage\"},\"thumbnailUrl\":\"https:\\\/\\\/www.inntech.com.tr\\\/wp-content\\\/uploads\\\/2025\\\/08\\\/su-aritma-ve-yumusatma-tesisati.jpg\",\"datePublished\":\"2025-08-12T06:25:12+00:00\",\"dateModified\":\"2025-08-12T07:23:25+00:00\",\"breadcrumb\":{\"@id\":\"https:\\\/\\\/www.inntech.com.tr\\\/mekanik\\\/su-aritma-ve-yumusatma-tesisati\\\/#breadcrumb\"},\"inLanguage\":\"de\",\"potentialAction\":[{\"@type\":\"ReadAction\",\"target\":[\"https:\\\/\\\/www.inntech.com.tr\\\/mekanik\\\/su-aritma-ve-yumusatma-tesisati\\\/\"]}]},{\"@type\":\"ImageObject\",\"inLanguage\":\"de\",\"@id\":\"https:\\\/\\\/www.inntech.com.tr\\\/mekanik\\\/su-aritma-ve-yumusatma-tesisati\\\/#primaryimage\",\"url\":\"https:\\\/\\\/www.inntech.com.tr\\\/wp-content\\\/uploads\\\/2025\\\/08\\\/su-aritma-ve-yumusatma-tesisati.jpg\",\"contentUrl\":\"https:\\\/\\\/www.inntech.com.tr\\\/wp-content\\\/uploads\\\/2025\\\/08\\\/su-aritma-ve-yumusatma-tesisati.jpg\",\"width\":1000,\"height\":1100},{\"@type\":\"BreadcrumbList\",\"@id\":\"https:\\\/\\\/www.inntech.com.tr\\\/mekanik\\\/su-aritma-ve-yumusatma-tesisati\\\/#breadcrumb\",\"itemListElement\":[{\"@type\":\"ListItem\",\"position\":1,\"name\":\"Anasayfa\",\"item\":\"https:\\\/\\\/www.inntech.com.tr\\\/\"},{\"@type\":\"ListItem\",\"position\":2,\"name\":\"Mekanik Tesisat\",\"item\":\"https:\\\/\\\/www.inntech.com.tr\\\/mekanik\\\/\"},{\"@type\":\"ListItem\",\"position\":3,\"name\":\"Su Ar\u0131tma ve Yumu\u015fatma Tesisat\u0131\"}]},{\"@type\":\"WebSite\",\"@id\":\"https:\\\/\\\/www.inntech.com.tr\\\/#website\",\"url\":\"https:\\\/\\\/www.inntech.com.tr\\\/\",\"name\":\"Inntech M\u00fchendislik\",\"description\":\"\",\"potentialAction\":[{\"@type\":\"SearchAction\",\"target\":{\"@type\":\"EntryPoint\",\"urlTemplate\":\"https:\\\/\\\/www.inntech.com.tr\\\/?s={search_term_string}\"},\"query-input\":{\"@type\":\"PropertyValueSpecification\",\"valueRequired\":true,\"valueName\":\"search_term_string\"}}],\"inLanguage\":\"de\"}]}<\/script>\n<!-- \/ Yoast SEO plugin. -->","yoast_head_json":{"title":"Su Ar\u0131tma ve Yumu\u015fatma Tesisat\u0131 - Inntech M\u00fchendislik","robots":{"index":"index","follow":"follow","max-snippet":"max-snippet:-1","max-image-preview":"max-image-preview:large","max-video-preview":"max-video-preview:-1"},"canonical":"https:\/\/www.inntech.com.tr\/de\/mekanik\/su-aritma-ve-yumusatma-tesisati\/","og_locale":"de_DE","og_type":"article","og_title":"Su Ar\u0131tma ve Yumu\u015fatma Tesisat\u0131 - Inntech M\u00fchendislik","og_url":"https:\/\/www.inntech.com.tr\/de\/mekanik\/su-aritma-ve-yumusatma-tesisati\/","og_site_name":"Inntech M\u00fchendislik","article_modified_time":"2025-08-12T07:23:25+00:00","og_image":[{"width":1000,"height":1100,"url":"https:\/\/www.inntech.com.tr\/wp-content\/uploads\/2025\/08\/su-aritma-ve-yumusatma-tesisati.jpg","type":"image\/jpeg"}],"twitter_card":"summary_large_image","twitter_misc":{"Gesch\u00e4tzte Lesezeit":"3\u00a0Minuten"},"schema":{"@context":"https:\/\/schema.org","@graph":[{"@type":"WebPage","@id":"https:\/\/www.inntech.com.tr\/mekanik\/su-aritma-ve-yumusatma-tesisati\/","url":"https:\/\/www.inntech.com.tr\/mekanik\/su-aritma-ve-yumusatma-tesisati\/","name":"Su Ar\u0131tma ve Yumu\u015fatma Tesisat\u0131 - Inntech M\u00fchendislik","isPartOf":{"@id":"https:\/\/www.inntech.com.tr\/#website"},"primaryImageOfPage":{"@id":"https:\/\/www.inntech.com.tr\/mekanik\/su-aritma-ve-yumusatma-tesisati\/#primaryimage"},"image":{"@id":"https:\/\/www.inntech.com.tr\/mekanik\/su-aritma-ve-yumusatma-tesisati\/#primaryimage"},"thumbnailUrl":"https:\/\/www.inntech.com.tr\/wp-content\/uploads\/2025\/08\/su-aritma-ve-yumusatma-tesisati.jpg","datePublished":"2025-08-12T06:25:12+00:00","dateModified":"2025-08-12T07:23:25+00:00","breadcrumb":{"@id":"https:\/\/www.inntech.com.tr\/mekanik\/su-aritma-ve-yumusatma-tesisati\/#breadcrumb"},"inLanguage":"de","potentialAction":[{"@type":"ReadAction","target":["https:\/\/www.inntech.com.tr\/mekanik\/su-aritma-ve-yumusatma-tesisati\/"]}]},{"@type":"ImageObject","inLanguage":"de","@id":"https:\/\/www.inntech.com.tr\/mekanik\/su-aritma-ve-yumusatma-tesisati\/#primaryimage","url":"https:\/\/www.inntech.com.tr\/wp-content\/uploads\/2025\/08\/su-aritma-ve-yumusatma-tesisati.jpg","contentUrl":"https:\/\/www.inntech.com.tr\/wp-content\/uploads\/2025\/08\/su-aritma-ve-yumusatma-tesisati.jpg","width":1000,"height":1100},{"@type":"BreadcrumbList","@id":"https:\/\/www.inntech.com.tr\/mekanik\/su-aritma-ve-yumusatma-tesisati\/#breadcrumb","itemListElement":[{"@type":"ListItem","position":1,"name":"Anasayfa","item":"https:\/\/www.inntech.com.tr\/"},{"@type":"ListItem","position":2,"name":"Mekanik Tesisat","item":"https:\/\/www.inntech.com.tr\/mekanik\/"},{"@type":"ListItem","position":3,"name":"Su Ar\u0131tma ve Yumu\u015fatma Tesisat\u0131"}]},{"@type":"WebSite","@id":"https:\/\/www.inntech.com.tr\/#website","url":"https:\/\/www.inntech.com.tr\/","name":"Inntech M\u00fchendislik","description":"","potentialAction":[{"@type":"SearchAction","target":{"@type":"EntryPoint","urlTemplate":"https:\/\/www.inntech.com.tr\/?s={search_term_string}"},"query-input":{"@type":"PropertyValueSpecification","valueRequired":true,"valueName":"search_term_string"}}],"inLanguage":"de"}]}},"_links":{"self":[{"href":"https:\/\/www.inntech.com.tr\/de\/wp-json\/wp\/v2\/pages\/419","targetHints":{"allow":["GET"]}}],"collection":[{"href":"https:\/\/www.inntech.com.tr\/de\/wp-json\/wp\/v2\/pages"}],"about":[{"href":"https:\/\/www.inntech.com.tr\/de\/wp-json\/wp\/v2\/types\/page"}],"author":[{"embeddable":true,"href":"https:\/\/www.inntech.com.tr\/de\/wp-json\/wp\/v2\/users\/1"}],"replies":[{"embeddable":true,"href":"https:\/\/www.inntech.com.tr\/de\/wp-json\/wp\/v2\/comments?post=419"}],"version-history":[{"count":3,"href":"https:\/\/www.inntech.com.tr\/de\/wp-json\/wp\/v2\/pages\/419\/revisions"}],"predecessor-version":[{"id":453,"href":"https:\/\/www.inntech.com.tr\/de\/wp-json\/wp\/v2\/pages\/419\/revisions\/453"}],"up":[{"embeddable":true,"href":"https:\/\/www.inntech.com.tr\/de\/wp-json\/wp\/v2\/pages\/239"}],"wp:featuredmedia":[{"embeddable":true,"href":"https:\/\/www.inntech.com.tr\/de\/wp-json\/wp\/v2\/media\/403"}],"wp:attachment":[{"href":"https:\/\/www.inntech.com.tr\/de\/wp-json\/wp\/v2\/media?parent=419"}],"curies":[{"name":"wp","href":"https:\/\/api.w.org\/{rel}","templated":true}]}}