{"id":471,"date":"2025-08-12T10:32:43","date_gmt":"2025-08-12T07:32:43","guid":{"rendered":"https:\/\/www.beta2.lf.com.tr\/?page_id=471"},"modified":"2025-08-12T10:32:43","modified_gmt":"2025-08-12T07:32:43","slug":"su-kopuk-monitorleri","status":"publish","type":"page","link":"https:\/\/www.inntech.com.tr\/de\/yangin-tesisati\/su-kopuk-monitorleri\/","title":{"rendered":"Wasserschaummonitore"},"content":{"rendered":"<section class=\"l-section wpb_row height_medium\"><div class=\"l-section-h i-cf\"><div class=\"g-cols vc_row via_flex valign_top type_default stacking_default\"><div class=\"vc_col-sm-12 wpb_column vc_column_container\"><div class=\"vc_column-inner\"><div class=\"wpb_wrapper\"><div class=\"wpb_text_column\"><div class=\"wpb_wrapper\"><h2 data-start=\"34\" data-end=\"393\"><strong>Wasserschaummonitore<\/strong><\/h2>\n<p data-start=\"34\" data-end=\"393\">Wasserschaummonitore sind wichtige Brandschutzausr\u00fcstungen und bieten effektive und leistungsstarke L\u00f6schl\u00f6sungen f\u00fcr Br\u00e4nde, die in gro\u00dfen Bereichen, insbesondere in Industrieanlagen, auftreten k\u00f6nnen. Inntech bietet umfassende Dienstleistungen f\u00fcr die Entwicklung, Lieferung, Installation und Wartung leistungsstarker, zuverl\u00e4ssiger und konformer Wasserschaummonitore.<\/p>\n<h2 data-start=\"395\" data-end=\"414\">Leistungsumfang<\/h2>\n<ul data-start=\"415\" data-end=\"942\">\n<li data-start=\"415\" data-end=\"493\">\n<p data-start=\"417\" data-end=\"493\">Brandrisikoanalyse und Auswahl geeigneter Monitore f\u00fcr die Anforderungen des zu sch\u00fctzenden Bereichs<\/p>\n<\/li>\n<li data-start=\"494\" data-end=\"573\">\n<p data-start=\"496\" data-end=\"573\">Technisches Design gem\u00e4\u00df NFPA, EN, TSE und anderen internationalen Standards<\/p>\n<\/li>\n<li data-start=\"574\" data-end=\"660\">\n<p data-start=\"576\" data-end=\"660\">Projektierung von station\u00e4ren, mobilen und ferngesteuerten Wasserschaum\u00fcberwachungssystemen<\/p>\n<\/li>\n<li data-start=\"661\" data-end=\"727\">\n<p data-start=\"663\" data-end=\"727\">Integration von Hochleistungspumpen und Schaumdosiersystemen<\/p>\n<\/li>\n<li data-start=\"728\" data-end=\"782\">\n<p data-start=\"730\" data-end=\"782\">Installation von Rohrleitungen, Montage- und Steuerungssystemen<\/p>\n<\/li>\n<li data-start=\"783\" data-end=\"840\">\n<p data-start=\"785\" data-end=\"840\">Systemtests, Leistungsmessungen und Inbetriebnahme<\/p>\n<\/li>\n<li data-start=\"841\" data-end=\"901\">\n<p data-start=\"843\" data-end=\"901\">Regelm\u00e4\u00dfige Wartung, Kalibrierung und Leistungsoptimierung<\/p>\n<\/li>\n<li data-start=\"902\" data-end=\"942\">\n<p data-start=\"904\" data-end=\"942\">Bedienerschulung und \u00dcbungsunterst\u00fctzung<\/p>\n<\/li>\n<\/ul>\n<h2 data-start=\"944\" data-end=\"967\">Systemkomponenten<\/h2>\n<ul data-start=\"968\" data-end=\"1488\">\n<li data-start=\"968\" data-end=\"1058\">\n<p data-start=\"970\" data-end=\"1058\"><strong data-start=\"970\" data-end=\"995\">Wasserschaummonitore:<\/strong> Fest installierte oder tragbare Modelle mit manueller oder automatischer Steuerung<\/p>\n<\/li>\n<li data-start=\"1059\" data-end=\"1130\">\n<p data-start=\"1061\" data-end=\"1130\"><strong data-start=\"1061\" data-end=\"1080\">Pumpengruppen:<\/strong> Pumpensysteme f\u00fcr hohen Durchfluss und Druck<\/p>\n<\/li>\n<li data-start=\"1131\" data-end=\"1223\">\n<p data-start=\"1133\" data-end=\"1223\"><strong data-start=\"1133\" data-end=\"1165\">Schaumdosierger\u00e4te:<\/strong> Schaummittel-Mischsysteme mit den richtigen Proportionen<\/p>\n<\/li>\n<li data-start=\"1224\" data-end=\"1306\">\n<p data-start=\"1226\" data-end=\"1306\"><strong data-start=\"1226\" data-end=\"1262\">Rohrleitungen und Armaturen:<\/strong> Langlebige und druckfeste Materialien<\/p>\n<\/li>\n<li data-start=\"1307\" data-end=\"1399\">\n<p data-start=\"1309\" data-end=\"1399\"><strong data-start=\"1309\" data-end=\"1353\">Bedienfelder und Steuerungssysteme:<\/strong> Elektronische oder hydraulische Steuerungssysteme<\/p>\n<\/li>\n<li data-start=\"1400\" data-end=\"1488\">\n<p data-start=\"1402\" data-end=\"1488\"><strong data-start=\"1402\" data-end=\"1432\">Alarm- und Warnsysteme:<\/strong> Integrierte Alarme f\u00fcr schnelle Reaktion im Brandfall<\/p>\n<\/li>\n<\/ul>\n<h2 data-start=\"1490\" data-end=\"1511\">Designprinzipien<\/h2>\n<ul data-start=\"1512\" data-end=\"1895\">\n<li data-start=\"1512\" data-end=\"1606\">\n<p data-start=\"1514\" data-end=\"1606\">Monitorauswahl entsprechend der Gr\u00f6\u00dfe des zu sch\u00fctzenden Bereichs, dem Brandrisiko und den L\u00f6schanforderungen<\/p>\n<\/li>\n<li data-start=\"1607\" data-end=\"1703\">\n<p data-start=\"1609\" data-end=\"1703\">Richtige Platzierung und Ausrichtung f\u00fcr maximale Effizienz der Wasser- und Schaumverteilung<\/p>\n<\/li>\n<li data-start=\"1704\" data-end=\"1783\">\n<p data-start=\"1706\" data-end=\"1783\">Verwendung hochwertiger Materialien und Ger\u00e4te f\u00fcr Haltbarkeit und lange Lebensdauer<\/p>\n<\/li>\n<li data-start=\"1784\" data-end=\"1858\">\n<p data-start=\"1786\" data-end=\"1858\">Ergonomische Steuerungssysteme f\u00fcr einfache Bedienung und schnelles Eingreifen<\/p>\n<\/li>\n<li data-start=\"1859\" data-end=\"1895\">\n<p data-start=\"1861\" data-end=\"1895\">Vollst\u00e4ndige Einhaltung von Gesetzen und Normen<\/p>\n<\/li>\n<\/ul>\n<h2 data-start=\"1897\" data-end=\"1924\">Leistung und Sicherheit<\/h2>\n<ul data-start=\"1925\" data-end=\"2172\">\n<li data-start=\"1925\" data-end=\"1987\">\n<p data-start=\"1927\" data-end=\"1987\">Schnelle und effektive L\u00f6schleistung in gro\u00dfen Bereichen<\/p>\n<\/li>\n<li data-start=\"1988\" data-end=\"2061\">\n<p data-start=\"1990\" data-end=\"2061\">Schaum verhindert die Verdunstung, indem er die Oberfl\u00e4che brennbarer Fl\u00fcssigkeiten bedeckt.<\/p>\n<\/li>\n<li data-start=\"2062\" data-end=\"2121\">\n<p data-start=\"2064\" data-end=\"2121\">Die Bedeutung regelm\u00e4\u00dfiger Tests und Wartungen f\u00fcr die Systemzuverl\u00e4ssigkeit<\/p>\n<\/li>\n<li data-start=\"2122\" data-end=\"2172\">\n<p data-start=\"2124\" data-end=\"2172\">Bedienungs- und Sicherheitsschulung f\u00fcr das Personal<\/p>\n<\/li>\n<\/ul>\n<h2 data-start=\"2174\" data-end=\"2207\">Montage, Pr\u00fcfung und Inbetriebnahme<\/h2>\n<ul data-start=\"2208\" data-end=\"2449\">\n<li data-start=\"2208\" data-end=\"2273\">\n<p data-start=\"2210\" data-end=\"2273\">Normgerechte Montage und Installation durch Fachteams<\/p>\n<\/li>\n<li data-start=\"2274\" data-end=\"2339\">\n<p data-start=\"2276\" data-end=\"2339\">Komplette Durchf\u00fchrung von Druck-, Durchfluss- und Dichtheitspr\u00fcfungen<\/p>\n<\/li>\n<li data-start=\"2340\" data-end=\"2400\">\n<p data-start=\"2342\" data-end=\"2400\">Leistungs\u00fcberpr\u00fcfung und Kontrolle der Systemfunktionen<\/p>\n<\/li>\n<li data-start=\"2401\" data-end=\"2449\">\n<p data-start=\"2403\" data-end=\"2449\">Benutzerschulung und technische Dokumentation<\/p>\n<\/li>\n<\/ul>\n<h2 data-start=\"2451\" data-end=\"2484\">Wartung und regelm\u00e4\u00dfige Kontrollen<\/h2>\n<ul data-start=\"2485\" data-end=\"2653\">\n<li data-start=\"2485\" data-end=\"2528\">\n<p data-start=\"2487\" data-end=\"2528\">Regelm\u00e4\u00dfige Wartungs- und Kalibrierungsdienste<\/p>\n<\/li>\n<li data-start=\"2529\" data-end=\"2569\">\n<p data-start=\"2531\" data-end=\"2569\">Schaummittel\u00fcberwachung und -erneuerung<\/p>\n<\/li>\n<li data-start=\"2570\" data-end=\"2605\">\n<p data-start=\"2572\" data-end=\"2605\">Fehlererkennung und schnelles Eingreifen<\/p>\n<\/li>\n<li data-start=\"2606\" data-end=\"2653\">\n<p data-start=\"2608\" data-end=\"2653\">Ersatzteilversorgung und Systemupdates<\/p>\n<\/li>\n<\/ul>\n<h2 data-start=\"2655\" data-end=\"2684\">Projektablauf \u2013 Schritt f\u00fcr Schritt<\/h2>\n<ol data-start=\"2685\" data-end=\"2934\">\n<li data-start=\"2685\" data-end=\"2729\">\n<p data-start=\"2688\" data-end=\"2729\">Standortbesichtigung und Risikobewertung<\/p>\n<\/li>\n<li data-start=\"2730\" data-end=\"2767\">\n<p data-start=\"2733\" data-end=\"2767\">Systemdesign und Angebotspr\u00e4sentation<\/p>\n<\/li>\n<li data-start=\"2768\" data-end=\"2814\">\n<p data-start=\"2771\" data-end=\"2814\">Materialauswahl und technische Studien<\/p>\n<\/li>\n<li data-start=\"2815\" data-end=\"2841\">\n<p data-start=\"2818\" data-end=\"2841\">Montage und Integration<\/p>\n<\/li>\n<li data-start=\"2842\" data-end=\"2867\">\n<p data-start=\"2845\" data-end=\"2867\">Pr\u00fcfung und Inbetriebnahme<\/p>\n<\/li>\n<li data-start=\"2868\" data-end=\"2896\">\n<p data-start=\"2871\" data-end=\"2896\">Schulung und Dokumentation<\/p>\n<\/li>\n<li data-start=\"2897\" data-end=\"2934\">\n<p data-start=\"2900\" data-end=\"2934\">Regelm\u00e4\u00dfige Wartung und technischer Support<\/p>\n<\/li>\n<\/ol>\n<h2 data-start=\"2936\" data-end=\"2955\">Warum Inntech?<\/h2>\n<p data-start=\"2956\" data-end=\"3036\">Inntech mit seiner Branchenerfahrung, seiner hochwertigen Verarbeitung und seinem kundenorientierten Ansatz:<\/p>\n<ul data-start=\"3037\" data-end=\"3243\">\n<li data-start=\"3037\" data-end=\"3119\">\n<p data-start=\"3039\" data-end=\"3119\">Bietet effektive und zuverl\u00e4ssige Wasser- und Schaum\u00fcberwachungssysteme, die speziell auf Ihre Brandrisiken zugeschnitten sind.<\/p>\n<\/li>\n<li data-start=\"3120\" data-end=\"3184\">\n<p data-start=\"3122\" data-end=\"3184\">Realisiert Projekte, die vollst\u00e4ndig den internationalen Standards entsprechen<\/p>\n<\/li>\n<li data-start=\"3185\" data-end=\"3243\">\n<p data-start=\"3187\" data-end=\"3243\">Wir stehen Ihnen auch nach der Lieferung mit Wartung und technischem Support zur Seite.<\/p>\n<\/li>\n<\/ul>\n<\/div><\/div><\/div><\/div><\/div><\/div><\/div><\/section>","protected":false},"excerpt":{"rendered":"Su K\u00f6p\u00fck Monit\u00f6rleri Su k\u00f6p\u00fck monit\u00f6rleri, geni\u015f alanlarda ve \u00f6zellikle end\u00fcstriyel tesislerde meydana gelebilecek yang\u0131nlara kar\u015f\u0131 etkili ve g\u00fc\u00e7l\u00fc s\u00f6nd\u00fcrme \u00e7\u00f6z\u00fcmleri sunan kritik yang\u0131n g\u00fcvenli\u011fi ekipmanlar\u0131d\u0131r. Inntech olarak, y\u00fcksek performansl\u0131, g\u00fcvenilir ve standartlara tam uyumlu su k\u00f6p\u00fck monit\u00f6rlerinin tasar\u0131m\u0131, temini, montaj\u0131 ve bak\u0131m\u0131nda kapsaml\u0131 hizmetler sa\u011fl\u0131yoruz. Hizmet Kapsam\u0131 Yang\u0131n risk analizi ve korunacak alan\u0131n ihtiya\u00e7lar\u0131na...","protected":false},"author":1,"featured_media":459,"parent":254,"menu_order":0,"comment_status":"closed","ping_status":"closed","template":"","meta":{"footnotes":""},"class_list":["post-471","page","type-page","status-publish","has-post-thumbnail","hentry"],"yoast_head":"<!-- This site is optimized with the Yoast SEO plugin v27.3 - https:\/\/yoast.com\/product\/yoast-seo-wordpress\/ -->\n<title>Su K\u00f6p\u00fck Monit\u00f6rleri - Inntech M\u00fchendislik<\/title>\n<meta name=\"robots\" content=\"index, follow, max-snippet:-1, max-image-preview:large, max-video-preview:-1\" \/>\n<link rel=\"canonical\" href=\"https:\/\/www.inntech.com.tr\/de\/yangin-tesisati\/su-kopuk-monitorleri\/\" \/>\n<meta property=\"og:locale\" content=\"de_DE\" \/>\n<meta property=\"og:type\" content=\"article\" \/>\n<meta property=\"og:title\" content=\"Su K\u00f6p\u00fck Monit\u00f6rleri - Inntech M\u00fchendislik\" \/>\n<meta property=\"og:url\" content=\"https:\/\/www.inntech.com.tr\/de\/yangin-tesisati\/su-kopuk-monitorleri\/\" \/>\n<meta property=\"og:site_name\" content=\"Inntech M\u00fchendislik\" \/>\n<meta property=\"og:image\" content=\"https:\/\/www.inntech.com.tr\/wp-content\/uploads\/2025\/08\/su-kopuk-monitorler.jpg\" \/>\n\t<meta property=\"og:image:width\" content=\"1000\" \/>\n\t<meta property=\"og:image:height\" content=\"1100\" \/>\n\t<meta property=\"og:image:type\" content=\"image\/jpeg\" \/>\n<meta name=\"twitter:card\" content=\"summary_large_image\" \/>\n<meta name=\"twitter:label1\" content=\"Gesch\u00e4tzte Lesezeit\" \/>\n\t<meta name=\"twitter:data1\" content=\"3\u00a0Minuten\" \/>\n<script type=\"application\/ld+json\" class=\"yoast-schema-graph\">{\"@context\":\"https:\\\/\\\/schema.org\",\"@graph\":[{\"@type\":\"WebPage\",\"@id\":\"https:\\\/\\\/www.inntech.com.tr\\\/yangin-tesisati\\\/su-kopuk-monitorleri\\\/\",\"url\":\"https:\\\/\\\/www.inntech.com.tr\\\/yangin-tesisati\\\/su-kopuk-monitorleri\\\/\",\"name\":\"Su K\u00f6p\u00fck Monit\u00f6rleri - Inntech M\u00fchendislik\",\"isPartOf\":{\"@id\":\"https:\\\/\\\/www.inntech.com.tr\\\/#website\"},\"primaryImageOfPage\":{\"@id\":\"https:\\\/\\\/www.inntech.com.tr\\\/yangin-tesisati\\\/su-kopuk-monitorleri\\\/#primaryimage\"},\"image\":{\"@id\":\"https:\\\/\\\/www.inntech.com.tr\\\/yangin-tesisati\\\/su-kopuk-monitorleri\\\/#primaryimage\"},\"thumbnailUrl\":\"https:\\\/\\\/www.inntech.com.tr\\\/wp-content\\\/uploads\\\/2025\\\/08\\\/su-kopuk-monitorler.jpg\",\"datePublished\":\"2025-08-12T07:32:43+00:00\",\"breadcrumb\":{\"@id\":\"https:\\\/\\\/www.inntech.com.tr\\\/yangin-tesisati\\\/su-kopuk-monitorleri\\\/#breadcrumb\"},\"inLanguage\":\"de\",\"potentialAction\":[{\"@type\":\"ReadAction\",\"target\":[\"https:\\\/\\\/www.inntech.com.tr\\\/yangin-tesisati\\\/su-kopuk-monitorleri\\\/\"]}]},{\"@type\":\"ImageObject\",\"inLanguage\":\"de\",\"@id\":\"https:\\\/\\\/www.inntech.com.tr\\\/yangin-tesisati\\\/su-kopuk-monitorleri\\\/#primaryimage\",\"url\":\"https:\\\/\\\/www.inntech.com.tr\\\/wp-content\\\/uploads\\\/2025\\\/08\\\/su-kopuk-monitorler.jpg\",\"contentUrl\":\"https:\\\/\\\/www.inntech.com.tr\\\/wp-content\\\/uploads\\\/2025\\\/08\\\/su-kopuk-monitorler.jpg\",\"width\":1000,\"height\":1100},{\"@type\":\"BreadcrumbList\",\"@id\":\"https:\\\/\\\/www.inntech.com.tr\\\/yangin-tesisati\\\/su-kopuk-monitorleri\\\/#breadcrumb\",\"itemListElement\":[{\"@type\":\"ListItem\",\"position\":1,\"name\":\"Anasayfa\",\"item\":\"https:\\\/\\\/www.inntech.com.tr\\\/\"},{\"@type\":\"ListItem\",\"position\":2,\"name\":\"Yang\u0131n Tesisat\u0131\",\"item\":\"https:\\\/\\\/www.inntech.com.tr\\\/yangin-tesisati\\\/\"},{\"@type\":\"ListItem\",\"position\":3,\"name\":\"Su K\u00f6p\u00fck Monit\u00f6rleri\"}]},{\"@type\":\"WebSite\",\"@id\":\"https:\\\/\\\/www.inntech.com.tr\\\/#website\",\"url\":\"https:\\\/\\\/www.inntech.com.tr\\\/\",\"name\":\"Inntech M\u00fchendislik\",\"description\":\"\",\"potentialAction\":[{\"@type\":\"SearchAction\",\"target\":{\"@type\":\"EntryPoint\",\"urlTemplate\":\"https:\\\/\\\/www.inntech.com.tr\\\/?s={search_term_string}\"},\"query-input\":{\"@type\":\"PropertyValueSpecification\",\"valueRequired\":true,\"valueName\":\"search_term_string\"}}],\"inLanguage\":\"de\"}]}<\/script>\n<!-- \/ Yoast SEO plugin. -->","yoast_head_json":{"title":"Su K\u00f6p\u00fck Monit\u00f6rleri - Inntech M\u00fchendislik","robots":{"index":"index","follow":"follow","max-snippet":"max-snippet:-1","max-image-preview":"max-image-preview:large","max-video-preview":"max-video-preview:-1"},"canonical":"https:\/\/www.inntech.com.tr\/de\/yangin-tesisati\/su-kopuk-monitorleri\/","og_locale":"de_DE","og_type":"article","og_title":"Su K\u00f6p\u00fck Monit\u00f6rleri - Inntech M\u00fchendislik","og_url":"https:\/\/www.inntech.com.tr\/de\/yangin-tesisati\/su-kopuk-monitorleri\/","og_site_name":"Inntech M\u00fchendislik","og_image":[{"width":1000,"height":1100,"url":"https:\/\/www.inntech.com.tr\/wp-content\/uploads\/2025\/08\/su-kopuk-monitorler.jpg","type":"image\/jpeg"}],"twitter_card":"summary_large_image","twitter_misc":{"Gesch\u00e4tzte Lesezeit":"3\u00a0Minuten"},"schema":{"@context":"https:\/\/schema.org","@graph":[{"@type":"WebPage","@id":"https:\/\/www.inntech.com.tr\/yangin-tesisati\/su-kopuk-monitorleri\/","url":"https:\/\/www.inntech.com.tr\/yangin-tesisati\/su-kopuk-monitorleri\/","name":"Su K\u00f6p\u00fck Monit\u00f6rleri - Inntech M\u00fchendislik","isPartOf":{"@id":"https:\/\/www.inntech.com.tr\/#website"},"primaryImageOfPage":{"@id":"https:\/\/www.inntech.com.tr\/yangin-tesisati\/su-kopuk-monitorleri\/#primaryimage"},"image":{"@id":"https:\/\/www.inntech.com.tr\/yangin-tesisati\/su-kopuk-monitorleri\/#primaryimage"},"thumbnailUrl":"https:\/\/www.inntech.com.tr\/wp-content\/uploads\/2025\/08\/su-kopuk-monitorler.jpg","datePublished":"2025-08-12T07:32:43+00:00","breadcrumb":{"@id":"https:\/\/www.inntech.com.tr\/yangin-tesisati\/su-kopuk-monitorleri\/#breadcrumb"},"inLanguage":"de","potentialAction":[{"@type":"ReadAction","target":["https:\/\/www.inntech.com.tr\/yangin-tesisati\/su-kopuk-monitorleri\/"]}]},{"@type":"ImageObject","inLanguage":"de","@id":"https:\/\/www.inntech.com.tr\/yangin-tesisati\/su-kopuk-monitorleri\/#primaryimage","url":"https:\/\/www.inntech.com.tr\/wp-content\/uploads\/2025\/08\/su-kopuk-monitorler.jpg","contentUrl":"https:\/\/www.inntech.com.tr\/wp-content\/uploads\/2025\/08\/su-kopuk-monitorler.jpg","width":1000,"height":1100},{"@type":"BreadcrumbList","@id":"https:\/\/www.inntech.com.tr\/yangin-tesisati\/su-kopuk-monitorleri\/#breadcrumb","itemListElement":[{"@type":"ListItem","position":1,"name":"Anasayfa","item":"https:\/\/www.inntech.com.tr\/"},{"@type":"ListItem","position":2,"name":"Yang\u0131n Tesisat\u0131","item":"https:\/\/www.inntech.com.tr\/yangin-tesisati\/"},{"@type":"ListItem","position":3,"name":"Su K\u00f6p\u00fck Monit\u00f6rleri"}]},{"@type":"WebSite","@id":"https:\/\/www.inntech.com.tr\/#website","url":"https:\/\/www.inntech.com.tr\/","name":"Inntech M\u00fchendislik","description":"","potentialAction":[{"@type":"SearchAction","target":{"@type":"EntryPoint","urlTemplate":"https:\/\/www.inntech.com.tr\/?s={search_term_string}"},"query-input":{"@type":"PropertyValueSpecification","valueRequired":true,"valueName":"search_term_string"}}],"inLanguage":"de"}]}},"_links":{"self":[{"href":"https:\/\/www.inntech.com.tr\/de\/wp-json\/wp\/v2\/pages\/471","targetHints":{"allow":["GET"]}}],"collection":[{"href":"https:\/\/www.inntech.com.tr\/de\/wp-json\/wp\/v2\/pages"}],"about":[{"href":"https:\/\/www.inntech.com.tr\/de\/wp-json\/wp\/v2\/types\/page"}],"author":[{"embeddable":true,"href":"https:\/\/www.inntech.com.tr\/de\/wp-json\/wp\/v2\/users\/1"}],"replies":[{"embeddable":true,"href":"https:\/\/www.inntech.com.tr\/de\/wp-json\/wp\/v2\/comments?post=471"}],"version-history":[{"count":1,"href":"https:\/\/www.inntech.com.tr\/de\/wp-json\/wp\/v2\/pages\/471\/revisions"}],"predecessor-version":[{"id":472,"href":"https:\/\/www.inntech.com.tr\/de\/wp-json\/wp\/v2\/pages\/471\/revisions\/472"}],"up":[{"embeddable":true,"href":"https:\/\/www.inntech.com.tr\/de\/wp-json\/wp\/v2\/pages\/254"}],"wp:featuredmedia":[{"embeddable":true,"href":"https:\/\/www.inntech.com.tr\/de\/wp-json\/wp\/v2\/media\/459"}],"wp:attachment":[{"href":"https:\/\/www.inntech.com.tr\/de\/wp-json\/wp\/v2\/media?parent=471"}],"curies":[{"name":"wp","href":"https:\/\/api.w.org\/{rel}","templated":true}]}}