{"id":473,"date":"2025-08-12T10:35:02","date_gmt":"2025-08-12T07:35:02","guid":{"rendered":"https:\/\/www.beta2.lf.com.tr\/?page_id=473"},"modified":"2025-09-16T17:08:18","modified_gmt":"2025-09-16T14:08:18","slug":"tank-sondurme-sistemleri","status":"publish","type":"page","link":"https:\/\/www.inntech.com.tr\/de\/yangin-tesisati\/tank-sondurme-sistemleri\/","title":{"rendered":"Tankl\u00f6schanlagen"},"content":{"rendered":"<section class=\"l-section wpb_row height_medium\"><div class=\"l-section-h i-cf\"><div class=\"g-cols vc_row via_flex valign_top type_default stacking_default\"><div class=\"vc_col-sm-12 wpb_column vc_column_container\"><div class=\"vc_column-inner\"><div class=\"wpb_wrapper\"><div class=\"wpb_text_column\"><div class=\"wpb_wrapper\"><h2 data-start=\"40\" data-end=\"397\"><strong>Tankl\u00f6schanlagen<\/strong><\/h2>\n<p data-start=\"40\" data-end=\"397\">Tankbasierte Feuerl\u00f6schsysteme sind effektive Brandbek\u00e4mpfungstechnologien, die schnelle Reaktion und hohe Leistung im Brandschutz bieten und insbesondere in kritischen Bereichen und gro\u00dfen Anlagen eingesetzt werden. Inntech bietet branchenspezifische, hochwertige und zuverl\u00e4ssige Dienstleistungen f\u00fcr die Planung, Installation, Inbetriebnahme und Wartung von tankbasierten Feuerl\u00f6schsystemen.<\/p>\n<h2 data-start=\"399\" data-end=\"418\">Leistungsumfang<\/h2>\n<ul data-start=\"419\" data-end=\"1010\">\n<li data-start=\"419\" data-end=\"511\">\n<p data-start=\"421\" data-end=\"511\">Risikoanalyse und Ermittlung einer f\u00fcr die Anforderungen des Schutzbereichs geeigneten Tankl\u00f6schanlage<\/p>\n<\/li>\n<li data-start=\"512\" data-end=\"596\">\n<p data-start=\"514\" data-end=\"596\">Technisches Design gem\u00e4\u00df internationalen und lokalen Brandschutznormen<\/p>\n<\/li>\n<li data-start=\"597\" data-end=\"684\">\n<p data-start=\"599\" data-end=\"684\">Auslegung von Tankl\u00f6schanlagen auf Wasser-, Schaum-, Gas- oder Chemikalienbasis<\/p>\n<\/li>\n<li data-start=\"685\" data-end=\"769\">\n<p data-start=\"687\" data-end=\"769\">Auswahl von Lagertanks, Pumpensystemen, Rohrleitungen und Dosierger\u00e4ten<\/p>\n<\/li>\n<li data-start=\"770\" data-end=\"826\">\n<p data-start=\"772\" data-end=\"826\">Integration automatischer und manueller Ausl\u00f6sesysteme<\/p>\n<\/li>\n<li data-start=\"827\" data-end=\"893\">\n<p data-start=\"829\" data-end=\"893\">Studien zu Montage, Pr\u00fcfung, Inbetriebnahme und Leistungs\u00fcberpr\u00fcfung<\/p>\n<\/li>\n<li data-start=\"894\" data-end=\"969\">\n<p data-start=\"896\" data-end=\"969\">Regelm\u00e4\u00dfige Wartung, Bef\u00fcllung, Dichtheitspr\u00fcfung und Revisionsdienste<\/p>\n<\/li>\n<li data-start=\"970\" data-end=\"1010\">\n<p data-start=\"972\" data-end=\"1010\">Personalschulung und \u00dcbungsunterst\u00fctzung<\/p>\n<\/li>\n<\/ul>\n<h2 data-start=\"1012\" data-end=\"1035\">Systemkomponenten<\/h2>\n<ul data-start=\"1036\" data-end=\"1681\">\n<li data-start=\"1036\" data-end=\"1137\">\n<p data-start=\"1038\" data-end=\"1137\"><strong data-start=\"1038\" data-end=\"1060\">Lagertanks:<\/strong> Feuerl\u00f6schmittelbeh\u00e4lter mit ausreichendem Fassungsverm\u00f6gen und Haltbarkeit<\/p>\n<\/li>\n<li data-start=\"1138\" data-end=\"1253\">\n<p data-start=\"1140\" data-end=\"1253\"><strong data-start=\"1140\" data-end=\"1174\">Pumpen- und Dosiersysteme:<\/strong> Ausr\u00fcstung, die die Verteilung des L\u00f6schmittels mit dem richtigen Druck und in den richtigen Mengen gew\u00e4hrleistet.<\/p>\n<\/li>\n<li data-start=\"1254\" data-end=\"1373\">\n<p data-start=\"1256\" data-end=\"1373\"><strong data-start=\"1256\" data-end=\"1282\">Rohrleitungen und Ventile:<\/strong> Zuverl\u00e4ssige Verbindungen, die eine schnelle Lieferung des Feuerl\u00f6schmittels an den Zielort gew\u00e4hrleisten<\/p>\n<\/li>\n<li data-start=\"1374\" data-end=\"1479\">\n<p data-start=\"1376\" data-end=\"1479\"><strong data-start=\"1376\" data-end=\"1398\">Bedienfelder:<\/strong> Elektronische Einheiten zur Verwaltung der Systemautomatisierung sowie von Alarm- und \u00dcberwachungsfunktionen<\/p>\n<\/li>\n<li data-start=\"1480\" data-end=\"1593\">\n<p data-start=\"1482\" data-end=\"1593\"><strong data-start=\"1482\" data-end=\"1519\">Detektions- und Ausl\u00f6sesysteme:<\/strong> Brandfr\u00fcherkennungsmelder und automatische Ausl\u00f6semechanismen<\/p>\n<\/li>\n<li data-start=\"1594\" data-end=\"1681\">\n<p data-start=\"1596\" data-end=\"1681\"><strong data-start=\"1596\" data-end=\"1630\">Alarm- und Sicherheitsausr\u00fcstung:<\/strong> Erh\u00f6hte Sicherheit durch akustische und visuelle Warnungen<\/p>\n<\/li>\n<\/ul>\n<h2 data-start=\"1683\" data-end=\"1704\">Designprinzipien<\/h2>\n<ul data-start=\"1705\" data-end=\"2157\">\n<li data-start=\"1705\" data-end=\"1805\">\n<p data-start=\"1707\" data-end=\"1805\">Bestimmung der Systemkapazit\u00e4t entsprechend der Gr\u00f6\u00dfe des Schutzbereichs, des Brandrisikos und des Verwendungszwecks.<\/p>\n<\/li>\n<li data-start=\"1806\" data-end=\"1907\">\n<p data-start=\"1808\" data-end=\"1907\">Planung des Standorts und der Installation von Lagertanks, um optimalen Brandschutz zu gew\u00e4hrleisten<\/p>\n<\/li>\n<li data-start=\"1908\" data-end=\"2008\">\n<p data-start=\"1910\" data-end=\"2008\">Auslegung der Rohrleitungen und Dosiersysteme zur Gew\u00e4hrleistung einer schnellen und effektiven Verteilung des L\u00f6schmittels<\/p>\n<\/li>\n<li data-start=\"2009\" data-end=\"2107\">\n<p data-start=\"2011\" data-end=\"2107\">Das System ist modular und zug\u00e4nglich, was eine einfache Wartung und schnelle Eingriffe erm\u00f6glicht.<\/p>\n<\/li>\n<li data-start=\"2108\" data-end=\"2157\">\n<p data-start=\"2110\" data-end=\"2157\">Gew\u00e4hrleistung der vollst\u00e4ndigen Einhaltung von Gesetzen und Standards<\/p>\n<\/li>\n<\/ul>\n<h2 data-start=\"2159\" data-end=\"2186\">Leistung und Sicherheit<\/h2>\n<ul data-start=\"2187\" data-end=\"2496\">\n<li data-start=\"2187\" data-end=\"2251\">\n<p data-start=\"2189\" data-end=\"2251\">Minimierung von Verlusten an Menschenleben und Eigentum durch schnelle Reaktion auf Br\u00e4nde<\/p>\n<\/li>\n<li data-start=\"2252\" data-end=\"2345\">\n<p data-start=\"2254\" data-end=\"2345\">Hohe Leistung bei Langlebigkeit der Lagertanks und Eignung des L\u00f6schmittels<\/p>\n<\/li>\n<li data-start=\"2346\" data-end=\"2417\">\n<p data-start=\"2348\" data-end=\"2417\">Kontinuierliche Aufrechterhaltung der Systemzuverl\u00e4ssigkeit durch regelm\u00e4\u00dfige Tests und Wartungen<\/p>\n<\/li>\n<li data-start=\"2418\" data-end=\"2496\">\n<p data-start=\"2420\" data-end=\"2496\">Einf\u00fchrung von Benutzerschulungen und Notfallverfahren f\u00fcr das Personal<\/p>\n<\/li>\n<\/ul>\n<h2 data-start=\"2498\" data-end=\"2531\">Montage, Pr\u00fcfung und Inbetriebnahme<\/h2>\n<ul data-start=\"2532\" data-end=\"2782\">\n<li data-start=\"2532\" data-end=\"2582\">\n<p data-start=\"2534\" data-end=\"2582\">Professionelle Montage- und Qualit\u00e4tskontrollprozesse<\/p>\n<\/li>\n<li data-start=\"2583\" data-end=\"2653\">\n<p data-start=\"2585\" data-end=\"2653\">Sorgf\u00e4ltige Druck-, Dichtheits- und Funktionspr\u00fcfungen<\/p>\n<\/li>\n<li data-start=\"2654\" data-end=\"2715\">\n<p data-start=\"2656\" data-end=\"2715\">Sicherstellung der Systemintegration und Leistungs\u00fcberpr\u00fcfung<\/p>\n<\/li>\n<li data-start=\"2716\" data-end=\"2782\">\n<p data-start=\"2718\" data-end=\"2782\">Komplette Bereitstellung von Benutzerschulungen und technischer Dokumentation<\/p>\n<\/li>\n<\/ul>\n<h2 data-start=\"2784\" data-end=\"2817\">Wartung und regelm\u00e4\u00dfige Kontrollen<\/h2>\n<ul data-start=\"2818\" data-end=\"3023\">\n<li data-start=\"2818\" data-end=\"2865\">\n<p data-start=\"2820\" data-end=\"2865\">Regelm\u00e4\u00dfige Wartungs-, Bef\u00fcll- und Erneuerungsservices<\/p>\n<\/li>\n<li data-start=\"2866\" data-end=\"2920\">\n<p data-start=\"2868\" data-end=\"2920\">Leistungs\u00fcberwachung, Fehlererkennung und schnelles Eingreifen<\/p>\n<\/li>\n<li data-start=\"2921\" data-end=\"2968\">\n<p data-start=\"2923\" data-end=\"2968\">Ersatzteilversorgung und Systemupdates<\/p>\n<\/li>\n<li data-start=\"2969\" data-end=\"3023\">\n<p data-start=\"2971\" data-end=\"3023\">Revisionsdienste gem\u00e4\u00df Gesetzes\u00e4nderungen<\/p>\n<\/li>\n<\/ul>\n<h2 data-start=\"3025\" data-end=\"3054\">Projektablauf \u2013 Schritt f\u00fcr Schritt<\/h2>\n<ol data-start=\"3055\" data-end=\"3326\">\n<li data-start=\"3055\" data-end=\"3094\">\n<p data-start=\"3058\" data-end=\"3094\">Schutzbedarfsanalyse<\/p>\n<\/li>\n<li data-start=\"3095\" data-end=\"3138\">\n<p data-start=\"3098\" data-end=\"3138\">Systemdesign und Angebotserstellung<\/p>\n<\/li>\n<li data-start=\"3139\" data-end=\"3181\">\n<p data-start=\"3142\" data-end=\"3181\">Detaillierte Konstruktion und Materialauswahl<\/p>\n<\/li>\n<li data-start=\"3182\" data-end=\"3216\">\n<p data-start=\"3185\" data-end=\"3216\">Montage und Systemintegration<\/p>\n<\/li>\n<li data-start=\"3217\" data-end=\"3259\">\n<p data-start=\"3220\" data-end=\"3259\">Pr\u00fcfung, Inbetriebnahme und Benutzerfreigabe<\/p>\n<\/li>\n<li data-start=\"3260\" data-end=\"3288\">\n<p data-start=\"3263\" data-end=\"3288\">Schulung und Dokumentation<\/p>\n<\/li>\n<li data-start=\"3289\" data-end=\"3326\">\n<p data-start=\"3292\" data-end=\"3326\">Regelm\u00e4\u00dfige Wartung und technischer Support<\/p>\n<\/li>\n<\/ol>\n<h2 data-start=\"3328\" data-end=\"3347\">Warum Inntech?<\/h2>\n<p data-start=\"3348\" data-end=\"3457\">Inntech mit seiner Erfahrung im Brandschutz, der Verwendung hochwertiger Materialien und einem kundenorientierten Ansatz:<\/p>\n<ul data-start=\"3458\" data-end=\"3666\">\n<li data-start=\"3458\" data-end=\"3548\">\n<p data-start=\"3460\" data-end=\"3548\">Vervollst\u00e4ndigt Ihre Projekte mit zuverl\u00e4ssigen, leistungsstarken und standardkonformen L\u00f6sungen.<\/p>\n<\/li>\n<li data-start=\"3549\" data-end=\"3605\">\n<p data-start=\"3551\" data-end=\"3605\">Sorgt f\u00fcr transparente Kommunikation und Koordination w\u00e4hrend des gesamten Prozesses<\/p>\n<\/li>\n<li data-start=\"3606\" data-end=\"3666\">\n<p data-start=\"3608\" data-end=\"3666\">Auch nach der Auslieferung sind wir mit Wartung und technischem Support f\u00fcr Sie da.<\/p>\n<\/li>\n<\/ul>\n<\/div><\/div><\/div><\/div><\/div><\/div><\/div><\/section>","protected":false},"excerpt":{"rendered":"Tank S\u00f6nd\u00fcrme Sistemleri Tankl\u0131 s\u00f6nd\u00fcrme sistemleri, yang\u0131n g\u00fcvenli\u011fi \u00e7\u00f6z\u00fcmlerinde h\u0131zl\u0131 m\u00fcdahale ve y\u00fcksek performans sunan, \u00f6zellikle kritik alanlarda ve b\u00fcy\u00fck tesislerde tercih edilen etkili yang\u0131n s\u00f6nd\u00fcrme teknolojileridir. Inntech olarak, tankl\u0131 s\u00f6nd\u00fcrme sistemlerinin tasar\u0131m\u0131, kurulumu, devreye al\u0131nmas\u0131 ve bak\u0131m\u0131nda sekt\u00f6re \u00f6zel, kaliteli ve g\u00fcvenilir hizmetler sunmaktay\u0131z. Hizmet Kapsam\u0131 Risk analizi ve koruma alan\u0131n\u0131n ihtiya\u00e7lar\u0131na uygun tankl\u0131...","protected":false},"author":1,"featured_media":460,"parent":254,"menu_order":0,"comment_status":"closed","ping_status":"closed","template":"","meta":{"footnotes":""},"class_list":["post-473","page","type-page","status-publish","has-post-thumbnail","hentry"],"yoast_head":"<!-- This site is optimized with the Yoast SEO plugin v27.3 - https:\/\/yoast.com\/product\/yoast-seo-wordpress\/ -->\n<title>Tank S\u00f6nd\u00fcrme Sistemleri - Inntech M\u00fchendislik<\/title>\n<meta name=\"robots\" content=\"index, follow, max-snippet:-1, max-image-preview:large, max-video-preview:-1\" \/>\n<link rel=\"canonical\" href=\"https:\/\/www.inntech.com.tr\/de\/yangin-tesisati\/tank-sondurme-sistemleri\/\" \/>\n<meta property=\"og:locale\" content=\"de_DE\" \/>\n<meta property=\"og:type\" content=\"article\" \/>\n<meta property=\"og:title\" content=\"Tank S\u00f6nd\u00fcrme Sistemleri - Inntech M\u00fchendislik\" \/>\n<meta property=\"og:url\" content=\"https:\/\/www.inntech.com.tr\/de\/yangin-tesisati\/tank-sondurme-sistemleri\/\" \/>\n<meta property=\"og:site_name\" content=\"Inntech M\u00fchendislik\" \/>\n<meta property=\"article:modified_time\" content=\"2025-09-16T14:08:18+00:00\" \/>\n<meta property=\"og:image\" content=\"https:\/\/www.inntech.com.tr\/wp-content\/uploads\/2025\/08\/tankli-sondurme-sistemleri.jpg\" \/>\n\t<meta property=\"og:image:width\" content=\"1000\" \/>\n\t<meta property=\"og:image:height\" content=\"1100\" \/>\n\t<meta property=\"og:image:type\" content=\"image\/jpeg\" \/>\n<meta name=\"twitter:card\" content=\"summary_large_image\" \/>\n<meta name=\"twitter:label1\" content=\"Gesch\u00e4tzte Lesezeit\" \/>\n\t<meta name=\"twitter:data1\" content=\"3\u00a0Minuten\" \/>\n<script type=\"application\/ld+json\" class=\"yoast-schema-graph\">{\"@context\":\"https:\\\/\\\/schema.org\",\"@graph\":[{\"@type\":\"WebPage\",\"@id\":\"https:\\\/\\\/www.inntech.com.tr\\\/yangin-tesisati\\\/tank-sondurme-sistemleri\\\/\",\"url\":\"https:\\\/\\\/www.inntech.com.tr\\\/yangin-tesisati\\\/tank-sondurme-sistemleri\\\/\",\"name\":\"Tank S\u00f6nd\u00fcrme Sistemleri - Inntech M\u00fchendislik\",\"isPartOf\":{\"@id\":\"https:\\\/\\\/www.inntech.com.tr\\\/#website\"},\"primaryImageOfPage\":{\"@id\":\"https:\\\/\\\/www.inntech.com.tr\\\/yangin-tesisati\\\/tank-sondurme-sistemleri\\\/#primaryimage\"},\"image\":{\"@id\":\"https:\\\/\\\/www.inntech.com.tr\\\/yangin-tesisati\\\/tank-sondurme-sistemleri\\\/#primaryimage\"},\"thumbnailUrl\":\"https:\\\/\\\/www.inntech.com.tr\\\/wp-content\\\/uploads\\\/2025\\\/08\\\/tankli-sondurme-sistemleri.jpg\",\"datePublished\":\"2025-08-12T07:35:02+00:00\",\"dateModified\":\"2025-09-16T14:08:18+00:00\",\"breadcrumb\":{\"@id\":\"https:\\\/\\\/www.inntech.com.tr\\\/yangin-tesisati\\\/tank-sondurme-sistemleri\\\/#breadcrumb\"},\"inLanguage\":\"de\",\"potentialAction\":[{\"@type\":\"ReadAction\",\"target\":[\"https:\\\/\\\/www.inntech.com.tr\\\/yangin-tesisati\\\/tank-sondurme-sistemleri\\\/\"]}]},{\"@type\":\"ImageObject\",\"inLanguage\":\"de\",\"@id\":\"https:\\\/\\\/www.inntech.com.tr\\\/yangin-tesisati\\\/tank-sondurme-sistemleri\\\/#primaryimage\",\"url\":\"https:\\\/\\\/www.inntech.com.tr\\\/wp-content\\\/uploads\\\/2025\\\/08\\\/tankli-sondurme-sistemleri.jpg\",\"contentUrl\":\"https:\\\/\\\/www.inntech.com.tr\\\/wp-content\\\/uploads\\\/2025\\\/08\\\/tankli-sondurme-sistemleri.jpg\",\"width\":1000,\"height\":1100},{\"@type\":\"BreadcrumbList\",\"@id\":\"https:\\\/\\\/www.inntech.com.tr\\\/yangin-tesisati\\\/tank-sondurme-sistemleri\\\/#breadcrumb\",\"itemListElement\":[{\"@type\":\"ListItem\",\"position\":1,\"name\":\"Anasayfa\",\"item\":\"https:\\\/\\\/www.inntech.com.tr\\\/\"},{\"@type\":\"ListItem\",\"position\":2,\"name\":\"Yang\u0131n Tesisat\u0131\",\"item\":\"https:\\\/\\\/www.inntech.com.tr\\\/yangin-tesisati\\\/\"},{\"@type\":\"ListItem\",\"position\":3,\"name\":\"Tank S\u00f6nd\u00fcrme Sistemleri\"}]},{\"@type\":\"WebSite\",\"@id\":\"https:\\\/\\\/www.inntech.com.tr\\\/#website\",\"url\":\"https:\\\/\\\/www.inntech.com.tr\\\/\",\"name\":\"Inntech M\u00fchendislik\",\"description\":\"\",\"potentialAction\":[{\"@type\":\"SearchAction\",\"target\":{\"@type\":\"EntryPoint\",\"urlTemplate\":\"https:\\\/\\\/www.inntech.com.tr\\\/?s={search_term_string}\"},\"query-input\":{\"@type\":\"PropertyValueSpecification\",\"valueRequired\":true,\"valueName\":\"search_term_string\"}}],\"inLanguage\":\"de\"}]}<\/script>\n<!-- \/ Yoast SEO plugin. -->","yoast_head_json":{"title":"Tank S\u00f6nd\u00fcrme Sistemleri - Inntech M\u00fchendislik","robots":{"index":"index","follow":"follow","max-snippet":"max-snippet:-1","max-image-preview":"max-image-preview:large","max-video-preview":"max-video-preview:-1"},"canonical":"https:\/\/www.inntech.com.tr\/de\/yangin-tesisati\/tank-sondurme-sistemleri\/","og_locale":"de_DE","og_type":"article","og_title":"Tank S\u00f6nd\u00fcrme Sistemleri - Inntech M\u00fchendislik","og_url":"https:\/\/www.inntech.com.tr\/de\/yangin-tesisati\/tank-sondurme-sistemleri\/","og_site_name":"Inntech M\u00fchendislik","article_modified_time":"2025-09-16T14:08:18+00:00","og_image":[{"width":1000,"height":1100,"url":"https:\/\/www.inntech.com.tr\/wp-content\/uploads\/2025\/08\/tankli-sondurme-sistemleri.jpg","type":"image\/jpeg"}],"twitter_card":"summary_large_image","twitter_misc":{"Gesch\u00e4tzte Lesezeit":"3\u00a0Minuten"},"schema":{"@context":"https:\/\/schema.org","@graph":[{"@type":"WebPage","@id":"https:\/\/www.inntech.com.tr\/yangin-tesisati\/tank-sondurme-sistemleri\/","url":"https:\/\/www.inntech.com.tr\/yangin-tesisati\/tank-sondurme-sistemleri\/","name":"Tank S\u00f6nd\u00fcrme Sistemleri - Inntech M\u00fchendislik","isPartOf":{"@id":"https:\/\/www.inntech.com.tr\/#website"},"primaryImageOfPage":{"@id":"https:\/\/www.inntech.com.tr\/yangin-tesisati\/tank-sondurme-sistemleri\/#primaryimage"},"image":{"@id":"https:\/\/www.inntech.com.tr\/yangin-tesisati\/tank-sondurme-sistemleri\/#primaryimage"},"thumbnailUrl":"https:\/\/www.inntech.com.tr\/wp-content\/uploads\/2025\/08\/tankli-sondurme-sistemleri.jpg","datePublished":"2025-08-12T07:35:02+00:00","dateModified":"2025-09-16T14:08:18+00:00","breadcrumb":{"@id":"https:\/\/www.inntech.com.tr\/yangin-tesisati\/tank-sondurme-sistemleri\/#breadcrumb"},"inLanguage":"de","potentialAction":[{"@type":"ReadAction","target":["https:\/\/www.inntech.com.tr\/yangin-tesisati\/tank-sondurme-sistemleri\/"]}]},{"@type":"ImageObject","inLanguage":"de","@id":"https:\/\/www.inntech.com.tr\/yangin-tesisati\/tank-sondurme-sistemleri\/#primaryimage","url":"https:\/\/www.inntech.com.tr\/wp-content\/uploads\/2025\/08\/tankli-sondurme-sistemleri.jpg","contentUrl":"https:\/\/www.inntech.com.tr\/wp-content\/uploads\/2025\/08\/tankli-sondurme-sistemleri.jpg","width":1000,"height":1100},{"@type":"BreadcrumbList","@id":"https:\/\/www.inntech.com.tr\/yangin-tesisati\/tank-sondurme-sistemleri\/#breadcrumb","itemListElement":[{"@type":"ListItem","position":1,"name":"Anasayfa","item":"https:\/\/www.inntech.com.tr\/"},{"@type":"ListItem","position":2,"name":"Yang\u0131n Tesisat\u0131","item":"https:\/\/www.inntech.com.tr\/yangin-tesisati\/"},{"@type":"ListItem","position":3,"name":"Tank S\u00f6nd\u00fcrme Sistemleri"}]},{"@type":"WebSite","@id":"https:\/\/www.inntech.com.tr\/#website","url":"https:\/\/www.inntech.com.tr\/","name":"Inntech M\u00fchendislik","description":"","potentialAction":[{"@type":"SearchAction","target":{"@type":"EntryPoint","urlTemplate":"https:\/\/www.inntech.com.tr\/?s={search_term_string}"},"query-input":{"@type":"PropertyValueSpecification","valueRequired":true,"valueName":"search_term_string"}}],"inLanguage":"de"}]}},"_links":{"self":[{"href":"https:\/\/www.inntech.com.tr\/de\/wp-json\/wp\/v2\/pages\/473","targetHints":{"allow":["GET"]}}],"collection":[{"href":"https:\/\/www.inntech.com.tr\/de\/wp-json\/wp\/v2\/pages"}],"about":[{"href":"https:\/\/www.inntech.com.tr\/de\/wp-json\/wp\/v2\/types\/page"}],"author":[{"embeddable":true,"href":"https:\/\/www.inntech.com.tr\/de\/wp-json\/wp\/v2\/users\/1"}],"replies":[{"embeddable":true,"href":"https:\/\/www.inntech.com.tr\/de\/wp-json\/wp\/v2\/comments?post=473"}],"version-history":[{"count":2,"href":"https:\/\/www.inntech.com.tr\/de\/wp-json\/wp\/v2\/pages\/473\/revisions"}],"predecessor-version":[{"id":1181,"href":"https:\/\/www.inntech.com.tr\/de\/wp-json\/wp\/v2\/pages\/473\/revisions\/1181"}],"up":[{"embeddable":true,"href":"https:\/\/www.inntech.com.tr\/de\/wp-json\/wp\/v2\/pages\/254"}],"wp:featuredmedia":[{"embeddable":true,"href":"https:\/\/www.inntech.com.tr\/de\/wp-json\/wp\/v2\/media\/460"}],"wp:attachment":[{"href":"https:\/\/www.inntech.com.tr\/de\/wp-json\/wp\/v2\/media?parent=473"}],"curies":[{"name":"wp","href":"https:\/\/api.w.org\/{rel}","templated":true}]}}