{"id":481,"date":"2025-08-12T10:43:27","date_gmt":"2025-08-12T07:43:27","guid":{"rendered":"https:\/\/www.beta2.lf.com.tr\/?page_id=481"},"modified":"2025-08-12T10:43:27","modified_gmt":"2025-08-12T07:43:27","slug":"yangin-pompa-sistemi","status":"publish","type":"page","link":"https:\/\/www.inntech.com.tr\/de\/yangin-tesisati\/yangin-pompa-sistemi\/","title":{"rendered":"Feuerl\u00f6schpumpensystem"},"content":{"rendered":"<section class=\"l-section wpb_row height_medium\"><div class=\"l-section-h i-cf\"><div class=\"g-cols vc_row via_flex valign_top type_default stacking_default\"><div class=\"vc_col-sm-12 wpb_column vc_column_container\"><div class=\"vc_column-inner\"><div class=\"wpb_wrapper\"><div class=\"wpb_text_column\"><div class=\"wpb_wrapper\"><h2 data-start=\"37\" data-end=\"385\"><strong>Feuerl\u00f6schpumpensystem<\/strong><\/h2>\n<p data-start=\"37\" data-end=\"385\">Feuerl\u00f6schpumpensysteme spielen eine entscheidende Rolle bei der Brandbek\u00e4mpfung, indem sie im Brandfall ausreichenden und kontinuierlichen Wasserdruck f\u00fcr die Feuerl\u00f6schsysteme von Geb\u00e4uden und Anlagen bereitstellen. Inntech bietet Expertenl\u00f6sungen f\u00fcr die Planung, Installation, Inbetriebnahme und Wartung leistungsstarker, zuverl\u00e4ssiger und konformer Feuerl\u00f6schpumpensysteme.<\/p>\n<h2 data-start=\"387\" data-end=\"406\">Leistungsumfang<\/h2>\n<ul data-start=\"407\" data-end=\"1053\">\n<li data-start=\"407\" data-end=\"488\">\n<p data-start=\"409\" data-end=\"488\">Brandrisikoanalyse und Bestimmung eines f\u00fcr die Anforderungen der Anlage geeigneten Pumpensystems<\/p>\n<\/li>\n<li data-start=\"489\" data-end=\"577\">\n<p data-start=\"491\" data-end=\"577\">Technisches Design gem\u00e4\u00df NFPA 20, TS EN 12845 und relevanten lokalen\/ausl\u00e4ndischen Normen<\/p>\n<\/li>\n<li data-start=\"578\" data-end=\"639\">\n<p data-start=\"580\" data-end=\"639\">Auslegung von Zentral- und Hilfspumpensystemen<\/p>\n<\/li>\n<li data-start=\"640\" data-end=\"728\">\n<p data-start=\"642\" data-end=\"728\">Auswahl und Integration von Elektro-, Diesel- und Hybrid-Feuerl\u00f6schpumpen<\/p>\n<\/li>\n<li data-start=\"729\" data-end=\"794\">\n<p data-start=\"731\" data-end=\"794\">Pumpenraumplanung, Installation von Rohrleitungs- und Ventilsystemen<\/p>\n<\/li>\n<li data-start=\"795\" data-end=\"870\">\n<p data-start=\"797\" data-end=\"870\">Installation und Systemintegration von automatischen und manuellen Bedienfeldern<\/p>\n<\/li>\n<li data-start=\"871\" data-end=\"936\">\n<p data-start=\"873\" data-end=\"936\">Montage, Druck- und Leistungspr\u00fcfungen, Inbetriebnahmeprozesse<\/p>\n<\/li>\n<li data-start=\"937\" data-end=\"1005\">\n<p data-start=\"939\" data-end=\"1005\">Regelm\u00e4\u00dfige Wartung, Fehlererkennung, Pumpenrevision und technischer Support<\/p>\n<\/li>\n<li data-start=\"1006\" data-end=\"1053\">\n<p data-start=\"1008\" data-end=\"1053\">Bedienerschulung und Nutzungsdokumentation<\/p>\n<\/li>\n<\/ul>\n<h2 data-start=\"1055\" data-end=\"1078\">Systemkomponenten<\/h2>\n<ul data-start=\"1079\" data-end=\"1551\">\n<li data-start=\"1079\" data-end=\"1172\">\n<p data-start=\"1081\" data-end=\"1172\"><strong data-start=\"1081\" data-end=\"1102\">Feuerl\u00f6schpumpen:<\/strong> Elektro- und Dieselmotorpumpen f\u00fcr hohen Durchfluss und Druck<\/p>\n<\/li>\n<li data-start=\"1173\" data-end=\"1262\">\n<p data-start=\"1175\" data-end=\"1262\"><strong data-start=\"1175\" data-end=\"1197\">Bedienfelder:<\/strong> Automatische und manuelle Betriebsarten, Alarm- und \u00dcberwachungssysteme<\/p>\n<\/li>\n<li data-start=\"1263\" data-end=\"1345\">\n<p data-start=\"1265\" data-end=\"1345\"><strong data-start=\"1265\" data-end=\"1293\">Rohrleitungen und Ventile:<\/strong> Zuverl\u00e4ssige Verbindungen an Pumpenausl\u00e4ssen und -einl\u00e4ssen<\/p>\n<\/li>\n<li data-start=\"1346\" data-end=\"1452\">\n<p data-start=\"1348\" data-end=\"1452\"><strong data-start=\"1348\" data-end=\"1372\">Zusatzausr\u00fcstung:<\/strong> Druckbeh\u00e4lter, Motorschutzeinrichtungen, Schalld\u00e4mpfer und Schwingungsd\u00e4mpfer<\/p>\n<\/li>\n<li data-start=\"1453\" data-end=\"1551\">\n<p data-start=\"1455\" data-end=\"1551\"><strong data-start=\"1455\" data-end=\"1493\">Brandmelde- und \u00dcberwachungssysteme:<\/strong> Systeme, die den Status und die Leistung der Pumpe kontinuierlich \u00fcberwachen<\/p>\n<\/li>\n<\/ul>\n<h2 data-start=\"1553\" data-end=\"1574\">Designprinzipien<\/h2>\n<ul data-start=\"1575\" data-end=\"1979\">\n<li data-start=\"1575\" data-end=\"1680\">\n<p data-start=\"1577\" data-end=\"1680\">Auswahl der Pumpen entsprechend dem Wasserbedarf der Anlage, der Brandrisikoklasse und der Kapazit\u00e4t des Feuerl\u00f6schsystems.<\/p>\n<\/li>\n<li data-start=\"1681\" data-end=\"1777\">\n<p data-start=\"1683\" data-end=\"1777\">Sicherstellung von Zug\u00e4nglichkeit, Bel\u00fcftung und Sicherheitsstandards bei der Gestaltung von Pumpenr\u00e4umen<\/p>\n<\/li>\n<li data-start=\"1778\" data-end=\"1856\">\n<p data-start=\"1780\" data-end=\"1856\">Systemredundanz und unterbrechungsfreier Betrieb garantieren Ausf\u00e4lle<\/p>\n<\/li>\n<li data-start=\"1857\" data-end=\"1929\">\n<p data-start=\"1859\" data-end=\"1929\">Ber\u00fccksichtigung von Energieeffizienz und Umweltfaktoren<\/p>\n<\/li>\n<li data-start=\"1930\" data-end=\"1979\">\n<p data-start=\"1932\" data-end=\"1979\">Gew\u00e4hrleistung der vollst\u00e4ndigen Einhaltung von Gesetzen und Standards<\/p>\n<\/li>\n<\/ul>\n<h2 data-start=\"1981\" data-end=\"2008\">Leistung und Sicherheit<\/h2>\n<ul data-start=\"2009\" data-end=\"2274\">\n<li data-start=\"2009\" data-end=\"2075\">\n<p data-start=\"2011\" data-end=\"2075\">Bereitstellung von ausreichend Wasserdruck im Brandfall mit hoher Leistung<\/p>\n<\/li>\n<li data-start=\"2076\" data-end=\"2142\">\n<p data-start=\"2078\" data-end=\"2142\">Kontinuierliche Systemzuverl\u00e4ssigkeit durch regelm\u00e4\u00dfige Wartung und Pr\u00fcfung<\/p>\n<\/li>\n<li data-start=\"2143\" data-end=\"2209\">\n<p data-start=\"2145\" data-end=\"2209\">Automatische Aktivierung und Fern\u00fcberwachung im Notfall<\/p>\n<\/li>\n<li data-start=\"2210\" data-end=\"2274\">\n<p data-start=\"2212\" data-end=\"2274\">Schulungsunterst\u00fctzung f\u00fcr den sicheren und effektiven Einsatz von Bedienelementen<\/p>\n<\/li>\n<\/ul>\n<h2 data-start=\"2276\" data-end=\"2309\">Montage, Pr\u00fcfung und Inbetriebnahme<\/h2>\n<ul data-start=\"2310\" data-end=\"2575\">\n<li data-start=\"2310\" data-end=\"2379\">\n<p data-start=\"2312\" data-end=\"2379\">Normgerechte Montage und Installation durch erfahrene Teams<\/p>\n<\/li>\n<li data-start=\"2380\" data-end=\"2443\">\n<p data-start=\"2382\" data-end=\"2443\">Druckpr\u00fcfung, Leistungsmessung und Dichtheitspr\u00fcfung<\/p>\n<\/li>\n<li data-start=\"2444\" data-end=\"2520\">\n<p data-start=\"2446\" data-end=\"2520\">Vollst\u00e4ndige Systemintegration und Funktionstests<\/p>\n<\/li>\n<li data-start=\"2521\" data-end=\"2575\">\n<p data-start=\"2523\" data-end=\"2575\">Anwenderschulungen und umfassende technische Dokumentation<\/p>\n<\/li>\n<\/ul>\n<h2 data-start=\"2577\" data-end=\"2610\">Wartung und regelm\u00e4\u00dfige Kontrollen<\/h2>\n<ul data-start=\"2611\" data-end=\"2821\">\n<li data-start=\"2611\" data-end=\"2653\">\n<p data-start=\"2613\" data-end=\"2653\">Regelm\u00e4\u00dfige Wartung und Kalibrierung<\/p>\n<\/li>\n<li data-start=\"2654\" data-end=\"2710\">\n<p data-start=\"2656\" data-end=\"2710\">St\u00f6rungssuche, Pumpenrevision und Ersatzteilversorgung<\/p>\n<\/li>\n<li data-start=\"2711\" data-end=\"2759\">\n<p data-start=\"2713\" data-end=\"2759\">Leistungs\u00fcberwachungs- und Verbesserungsstudien<\/p>\n<\/li>\n<li data-start=\"2760\" data-end=\"2821\">\n<p data-start=\"2762\" data-end=\"2821\">Aktualisierungen, die mit \u00c4nderungen der Gesetzgebung und Normen kompatibel sind<\/p>\n<\/li>\n<\/ul>\n<h2 data-start=\"2823\" data-end=\"2852\">Projektablauf \u2013 Schritt f\u00fcr Schritt<\/h2>\n<ol data-start=\"2853\" data-end=\"3133\">\n<li data-start=\"2853\" data-end=\"2887\">\n<p data-start=\"2856\" data-end=\"2887\">Anlagen- und Brandrisikoanalyse<\/p>\n<\/li>\n<li data-start=\"2888\" data-end=\"2932\">\n<p data-start=\"2891\" data-end=\"2932\">Pumpensystemdesign und Angebotspr\u00e4sentation<\/p>\n<\/li>\n<li data-start=\"2933\" data-end=\"2987\">\n<p data-start=\"2936\" data-end=\"2987\">Detaillierte technische Studien und Materialauswahl<\/p>\n<\/li>\n<li data-start=\"2988\" data-end=\"3022\">\n<p data-start=\"2991\" data-end=\"3022\">Montage und Systemintegration<\/p>\n<\/li>\n<li data-start=\"3023\" data-end=\"3066\">\n<p data-start=\"3026\" data-end=\"3066\">Test, Inbetriebnahme und Benutzerakzeptanz<\/p>\n<\/li>\n<li data-start=\"3067\" data-end=\"3095\">\n<p data-start=\"3070\" data-end=\"3095\">Schulung und Dokumentation<\/p>\n<\/li>\n<li data-start=\"3096\" data-end=\"3133\">\n<p data-start=\"3099\" data-end=\"3133\">Regelm\u00e4\u00dfige Wartung und technischer Support<\/p>\n<\/li>\n<\/ol>\n<h2 data-start=\"3135\" data-end=\"3154\">Warum Inntech?<\/h2>\n<p data-start=\"3155\" data-end=\"3276\">Inntech bietet mit seinem technischen Fachpersonal f\u00fcr Feuerl\u00f6schpumpensysteme, der Auswahl hochwertiger Ger\u00e4te und einem kundenorientierten Serviceansatz folgende Leistungen:<\/p>\n<ul data-start=\"3277\" data-end=\"3476\">\n<li data-start=\"3277\" data-end=\"3354\">\n<p data-start=\"3279\" data-end=\"3354\">Wir bieten Ihnen spezielle, leistungsstarke und zuverl\u00e4ssige Feuerl\u00f6schpumpensysteme<\/p>\n<\/li>\n<li data-start=\"3355\" data-end=\"3407\">\n<p data-start=\"3357\" data-end=\"3407\">Sorgt f\u00fcr Transparenz und Koordination w\u00e4hrend des gesamten Projektprozesses<\/p>\n<\/li>\n<li data-start=\"3408\" data-end=\"3476\">\n<p data-start=\"3410\" data-end=\"3476\">Wartung und technischer Support nach der Lieferung begleiten Sie in jeder Phase.<\/p>\n<\/li>\n<\/ul>\n<\/div><\/div><\/div><\/div><\/div><\/div><\/div><\/section>","protected":false},"excerpt":{"rendered":"Yang\u0131n Pompa Sistemi Yang\u0131n pompa sistemleri, yang\u0131n an\u0131nda bina ve tesislerin yang\u0131n s\u00f6nd\u00fcrme sistemlerine yeterli ve s\u00fcrekli su bas\u0131nc\u0131 sa\u011flayarak yang\u0131nla m\u00fccadelede kritik bir rol oynar. Inntech olarak, y\u00fcksek performansl\u0131, g\u00fcvenilir ve standartlara tam uyumlu yang\u0131n pompa sistemlerinin tasar\u0131m\u0131, kurulumu, devreye al\u0131nmas\u0131 ve bak\u0131m\u0131nda uzman \u00e7\u00f6z\u00fcmler sunmaktay\u0131z. Hizmet Kapsam\u0131 Yang\u0131n risk analizi ve tesisin ihtiya\u00e7lar\u0131na...","protected":false},"author":1,"featured_media":464,"parent":254,"menu_order":0,"comment_status":"closed","ping_status":"closed","template":"","meta":{"footnotes":""},"class_list":["post-481","page","type-page","status-publish","has-post-thumbnail","hentry"],"yoast_head":"<!-- This site is optimized with the Yoast SEO plugin v27.5 - https:\/\/yoast.com\/product\/yoast-seo-wordpress\/ -->\n<title>Yang\u0131n Pompa Sistemi - Inntech M\u00fchendislik<\/title>\n<meta name=\"robots\" content=\"index, follow, max-snippet:-1, max-image-preview:large, max-video-preview:-1\" \/>\n<link rel=\"canonical\" href=\"https:\/\/www.inntech.com.tr\/de\/yangin-tesisati\/yangin-pompa-sistemi\/\" \/>\n<meta property=\"og:locale\" content=\"de_DE\" \/>\n<meta property=\"og:type\" content=\"article\" \/>\n<meta property=\"og:title\" content=\"Yang\u0131n Pompa Sistemi - Inntech M\u00fchendislik\" \/>\n<meta property=\"og:url\" content=\"https:\/\/www.inntech.com.tr\/de\/yangin-tesisati\/yangin-pompa-sistemi\/\" \/>\n<meta property=\"og:site_name\" content=\"Inntech M\u00fchendislik\" \/>\n<meta property=\"og:image\" content=\"https:\/\/www.inntech.com.tr\/wp-content\/uploads\/2025\/08\/yangin-pompa-sistemi.jpg\" \/>\n\t<meta property=\"og:image:width\" content=\"1000\" \/>\n\t<meta property=\"og:image:height\" content=\"1100\" \/>\n\t<meta property=\"og:image:type\" content=\"image\/jpeg\" \/>\n<meta name=\"twitter:card\" content=\"summary_large_image\" \/>\n<meta name=\"twitter:label1\" content=\"Gesch\u00e4tzte Lesezeit\" \/>\n\t<meta name=\"twitter:data1\" content=\"3\u00a0Minuten\" \/>\n<script type=\"application\/ld+json\" class=\"yoast-schema-graph\">{\"@context\":\"https:\\\/\\\/schema.org\",\"@graph\":[{\"@type\":\"WebPage\",\"@id\":\"https:\\\/\\\/www.inntech.com.tr\\\/yangin-tesisati\\\/yangin-pompa-sistemi\\\/\",\"url\":\"https:\\\/\\\/www.inntech.com.tr\\\/yangin-tesisati\\\/yangin-pompa-sistemi\\\/\",\"name\":\"Yang\u0131n Pompa Sistemi - Inntech M\u00fchendislik\",\"isPartOf\":{\"@id\":\"https:\\\/\\\/www.inntech.com.tr\\\/#website\"},\"primaryImageOfPage\":{\"@id\":\"https:\\\/\\\/www.inntech.com.tr\\\/yangin-tesisati\\\/yangin-pompa-sistemi\\\/#primaryimage\"},\"image\":{\"@id\":\"https:\\\/\\\/www.inntech.com.tr\\\/yangin-tesisati\\\/yangin-pompa-sistemi\\\/#primaryimage\"},\"thumbnailUrl\":\"https:\\\/\\\/www.inntech.com.tr\\\/wp-content\\\/uploads\\\/2025\\\/08\\\/yangin-pompa-sistemi.jpg\",\"datePublished\":\"2025-08-12T07:43:27+00:00\",\"breadcrumb\":{\"@id\":\"https:\\\/\\\/www.inntech.com.tr\\\/yangin-tesisati\\\/yangin-pompa-sistemi\\\/#breadcrumb\"},\"inLanguage\":\"de\",\"potentialAction\":[{\"@type\":\"ReadAction\",\"target\":[\"https:\\\/\\\/www.inntech.com.tr\\\/yangin-tesisati\\\/yangin-pompa-sistemi\\\/\"]}]},{\"@type\":\"ImageObject\",\"inLanguage\":\"de\",\"@id\":\"https:\\\/\\\/www.inntech.com.tr\\\/yangin-tesisati\\\/yangin-pompa-sistemi\\\/#primaryimage\",\"url\":\"https:\\\/\\\/www.inntech.com.tr\\\/wp-content\\\/uploads\\\/2025\\\/08\\\/yangin-pompa-sistemi.jpg\",\"contentUrl\":\"https:\\\/\\\/www.inntech.com.tr\\\/wp-content\\\/uploads\\\/2025\\\/08\\\/yangin-pompa-sistemi.jpg\",\"width\":1000,\"height\":1100},{\"@type\":\"BreadcrumbList\",\"@id\":\"https:\\\/\\\/www.inntech.com.tr\\\/yangin-tesisati\\\/yangin-pompa-sistemi\\\/#breadcrumb\",\"itemListElement\":[{\"@type\":\"ListItem\",\"position\":1,\"name\":\"Anasayfa\",\"item\":\"https:\\\/\\\/www.inntech.com.tr\\\/\"},{\"@type\":\"ListItem\",\"position\":2,\"name\":\"Yang\u0131n Tesisat\u0131\",\"item\":\"https:\\\/\\\/www.inntech.com.tr\\\/yangin-tesisati\\\/\"},{\"@type\":\"ListItem\",\"position\":3,\"name\":\"Yang\u0131n Pompa Sistemi\"}]},{\"@type\":\"WebSite\",\"@id\":\"https:\\\/\\\/www.inntech.com.tr\\\/#website\",\"url\":\"https:\\\/\\\/www.inntech.com.tr\\\/\",\"name\":\"Inntech M\u00fchendislik\",\"description\":\"\",\"potentialAction\":[{\"@type\":\"SearchAction\",\"target\":{\"@type\":\"EntryPoint\",\"urlTemplate\":\"https:\\\/\\\/www.inntech.com.tr\\\/?s={search_term_string}\"},\"query-input\":{\"@type\":\"PropertyValueSpecification\",\"valueRequired\":true,\"valueName\":\"search_term_string\"}}],\"inLanguage\":\"de\"}]}<\/script>\n<!-- \/ Yoast SEO plugin. -->","yoast_head_json":{"title":"Yang\u0131n Pompa Sistemi - Inntech M\u00fchendislik","robots":{"index":"index","follow":"follow","max-snippet":"max-snippet:-1","max-image-preview":"max-image-preview:large","max-video-preview":"max-video-preview:-1"},"canonical":"https:\/\/www.inntech.com.tr\/de\/yangin-tesisati\/yangin-pompa-sistemi\/","og_locale":"de_DE","og_type":"article","og_title":"Yang\u0131n Pompa Sistemi - Inntech M\u00fchendislik","og_url":"https:\/\/www.inntech.com.tr\/de\/yangin-tesisati\/yangin-pompa-sistemi\/","og_site_name":"Inntech M\u00fchendislik","og_image":[{"width":1000,"height":1100,"url":"https:\/\/www.inntech.com.tr\/wp-content\/uploads\/2025\/08\/yangin-pompa-sistemi.jpg","type":"image\/jpeg"}],"twitter_card":"summary_large_image","twitter_misc":{"Gesch\u00e4tzte Lesezeit":"3\u00a0Minuten"},"schema":{"@context":"https:\/\/schema.org","@graph":[{"@type":"WebPage","@id":"https:\/\/www.inntech.com.tr\/yangin-tesisati\/yangin-pompa-sistemi\/","url":"https:\/\/www.inntech.com.tr\/yangin-tesisati\/yangin-pompa-sistemi\/","name":"Yang\u0131n Pompa Sistemi - Inntech M\u00fchendislik","isPartOf":{"@id":"https:\/\/www.inntech.com.tr\/#website"},"primaryImageOfPage":{"@id":"https:\/\/www.inntech.com.tr\/yangin-tesisati\/yangin-pompa-sistemi\/#primaryimage"},"image":{"@id":"https:\/\/www.inntech.com.tr\/yangin-tesisati\/yangin-pompa-sistemi\/#primaryimage"},"thumbnailUrl":"https:\/\/www.inntech.com.tr\/wp-content\/uploads\/2025\/08\/yangin-pompa-sistemi.jpg","datePublished":"2025-08-12T07:43:27+00:00","breadcrumb":{"@id":"https:\/\/www.inntech.com.tr\/yangin-tesisati\/yangin-pompa-sistemi\/#breadcrumb"},"inLanguage":"de","potentialAction":[{"@type":"ReadAction","target":["https:\/\/www.inntech.com.tr\/yangin-tesisati\/yangin-pompa-sistemi\/"]}]},{"@type":"ImageObject","inLanguage":"de","@id":"https:\/\/www.inntech.com.tr\/yangin-tesisati\/yangin-pompa-sistemi\/#primaryimage","url":"https:\/\/www.inntech.com.tr\/wp-content\/uploads\/2025\/08\/yangin-pompa-sistemi.jpg","contentUrl":"https:\/\/www.inntech.com.tr\/wp-content\/uploads\/2025\/08\/yangin-pompa-sistemi.jpg","width":1000,"height":1100},{"@type":"BreadcrumbList","@id":"https:\/\/www.inntech.com.tr\/yangin-tesisati\/yangin-pompa-sistemi\/#breadcrumb","itemListElement":[{"@type":"ListItem","position":1,"name":"Anasayfa","item":"https:\/\/www.inntech.com.tr\/"},{"@type":"ListItem","position":2,"name":"Yang\u0131n Tesisat\u0131","item":"https:\/\/www.inntech.com.tr\/yangin-tesisati\/"},{"@type":"ListItem","position":3,"name":"Yang\u0131n Pompa Sistemi"}]},{"@type":"WebSite","@id":"https:\/\/www.inntech.com.tr\/#website","url":"https:\/\/www.inntech.com.tr\/","name":"Inntech M\u00fchendislik","description":"","potentialAction":[{"@type":"SearchAction","target":{"@type":"EntryPoint","urlTemplate":"https:\/\/www.inntech.com.tr\/?s={search_term_string}"},"query-input":{"@type":"PropertyValueSpecification","valueRequired":true,"valueName":"search_term_string"}}],"inLanguage":"de"}]}},"_links":{"self":[{"href":"https:\/\/www.inntech.com.tr\/de\/wp-json\/wp\/v2\/pages\/481","targetHints":{"allow":["GET"]}}],"collection":[{"href":"https:\/\/www.inntech.com.tr\/de\/wp-json\/wp\/v2\/pages"}],"about":[{"href":"https:\/\/www.inntech.com.tr\/de\/wp-json\/wp\/v2\/types\/page"}],"author":[{"embeddable":true,"href":"https:\/\/www.inntech.com.tr\/de\/wp-json\/wp\/v2\/users\/1"}],"replies":[{"embeddable":true,"href":"https:\/\/www.inntech.com.tr\/de\/wp-json\/wp\/v2\/comments?post=481"}],"version-history":[{"count":1,"href":"https:\/\/www.inntech.com.tr\/de\/wp-json\/wp\/v2\/pages\/481\/revisions"}],"predecessor-version":[{"id":482,"href":"https:\/\/www.inntech.com.tr\/de\/wp-json\/wp\/v2\/pages\/481\/revisions\/482"}],"up":[{"embeddable":true,"href":"https:\/\/www.inntech.com.tr\/de\/wp-json\/wp\/v2\/pages\/254"}],"wp:featuredmedia":[{"embeddable":true,"href":"https:\/\/www.inntech.com.tr\/de\/wp-json\/wp\/v2\/media\/464"}],"wp:attachment":[{"href":"https:\/\/www.inntech.com.tr\/de\/wp-json\/wp\/v2\/media?parent=481"}],"curies":[{"name":"wp","href":"https:\/\/api.w.org\/{rel}","templated":true}]}}