{"id":504,"date":"2025-08-13T09:57:01","date_gmt":"2025-08-13T06:57:01","guid":{"rendered":"https:\/\/www.beta2.lf.com.tr\/?page_id=504"},"modified":"2025-08-13T09:57:01","modified_gmt":"2025-08-13T06:57:01","slug":"insan-kaynaklari","status":"publish","type":"page","link":"https:\/\/www.inntech.com.tr\/de\/insan-kaynaklari\/","title":{"rendered":"Personalwesen"},"content":{"rendered":"<section class=\"l-section wpb_row height_auto width_full\"><div class=\"l-section-h i-cf\"><div class=\"g-cols vc_row via_flex valign_top type_default stacking_default\"><div class=\"vc_col-sm-12 wpb_column vc_column_container\"><div class=\"vc_column-inner\"><div class=\"wpb_wrapper\"><div class=\"w-image align_center\"><div class=\"w-image-h\"><img decoding=\"async\" width=\"2500\" height=\"600\" src=\"https:\/\/www.inntech.com.tr\/wp-content\/uploads\/2025\/08\/Insan-Kaynaklari.jpg\" class=\"attachment-full size-full\" alt=\"\" loading=\"lazy\" srcset=\"https:\/\/www.inntech.com.tr\/wp-content\/uploads\/2025\/08\/Insan-Kaynaklari.jpg 2500w, https:\/\/www.inntech.com.tr\/wp-content\/uploads\/2025\/08\/Insan-Kaynaklari-300x72.jpg 300w, https:\/\/www.inntech.com.tr\/wp-content\/uploads\/2025\/08\/Insan-Kaynaklari-1024x246.jpg 1024w, https:\/\/www.inntech.com.tr\/wp-content\/uploads\/2025\/08\/Insan-Kaynaklari-100x24.jpg 100w\" sizes=\"auto, (max-width: 2500px) 100vw, 2500px\" \/><\/div><\/div><\/div><\/div><\/div><\/div><\/div><\/section><section class=\"l-section wpb_row us_custom_c5ac9e41 height_medium width_full\"><div class=\"l-section-h i-cf\"><div class=\"g-cols vc_row via_flex valign_top type_default stacking_default\"><div class=\"vc_col-sm-12 wpb_column vc_column_container\"><div class=\"vc_column-inner\"><div class=\"wpb_wrapper\"><div class=\"wpb_text_column\"><div class=\"wpb_wrapper\"><h2 data-start=\"226\" data-end=\"260\">Gelece\u011fi Birlikte \u0130n\u015fa Edelim<\/h2>\n<p data-start=\"261\" data-end=\"538\">Inntech olarak, sadece projeler de\u011fil, ayn\u0131 zamanda g\u00fc\u00e7l\u00fc ve s\u00fcrd\u00fcr\u00fclebilir kariyerler in\u015fa ediyoruz. Biliyoruz ki ba\u015far\u0131m\u0131z\u0131n temelinde; bilgi, deneyim ve yetkinli\u011fini s\u00fcrekli geli\u015ftiren, de\u011ferlerine sahip \u00e7\u0131kan ve gelece\u011fi \u015fekillendirmek i\u00e7in birlikte \u00e7al\u0131\u015fan bir ekip var.<\/p>\n<p data-start=\"540\" data-end=\"816\">Her g\u00fcn yeni teknolojiler, daha verimli sistemler ve g\u00fcvenli \u00e7\u00f6z\u00fcmler geli\u015ftirirken, bu yolculu\u011fun en \u00f6nemli par\u00e7as\u0131 \u00e7al\u0131\u015fanlar\u0131m\u0131zd\u0131r. Bizimle \u00e7al\u0131\u015fmak; teknik bilgi birikimini sahada hayata ge\u00e7irmek, yarat\u0131c\u0131 fikirlerini projelere d\u00f6n\u00fc\u015ft\u00fcrmek ve birlikte b\u00fcy\u00fcmek demektir.<\/p>\n<h2 data-start=\"823\" data-end=\"846\">\u00c7al\u0131\u015fma K\u00fclt\u00fcr\u00fcm\u00fcz<\/h2>\n<ul data-start=\"847\" data-end=\"1286\">\n<li data-start=\"847\" data-end=\"932\">\n<p data-start=\"849\" data-end=\"932\"><strong data-start=\"849\" data-end=\"873\">\u0130novasyon Odakl\u0131l\u0131k:<\/strong> S\u00fcrekli geli\u015fime ve yenilik\u00e7i \u00e7\u00f6z\u00fcmlere de\u011fer veriyoruz.<\/p>\n<\/li>\n<li data-start=\"933\" data-end=\"999\">\n<p data-start=\"935\" data-end=\"999\"><strong data-start=\"935\" data-end=\"949\">Ekip Ruhu:<\/strong> Ba\u015far\u0131y\u0131 birlikte elde eder, birlikte kutlar\u0131z.<\/p>\n<\/li>\n<li data-start=\"1000\" data-end=\"1077\">\n<p data-start=\"1002\" data-end=\"1077\"><strong data-start=\"1002\" data-end=\"1022\">\u015eeffaf \u0130leti\u015fim:<\/strong> A\u00e7\u0131k, d\u00fcr\u00fcst ve sayg\u0131l\u0131 bir ileti\u015fim ortam\u0131 sunar\u0131z.<\/p>\n<\/li>\n<li data-start=\"1078\" data-end=\"1187\">\n<p data-start=\"1080\" data-end=\"1187\"><strong data-start=\"1080\" data-end=\"1100\">S\u00fcrekli \u00d6\u011frenme:<\/strong> E\u011fitim, mentorluk ve geli\u015fim programlar\u0131yla \u00e7al\u0131\u015fanlar\u0131m\u0131z\u0131n kariyerini destekleriz.<\/p>\n<\/li>\n<li data-start=\"1188\" data-end=\"1286\">\n<p data-start=\"1190\" data-end=\"1286\"><strong data-start=\"1190\" data-end=\"1217\">G\u00fcvenlik ve Sorumluluk:<\/strong> \u0130\u015f g\u00fcvenli\u011fi ve kalite standartlar\u0131n\u0131 en y\u00fcksek d\u00fczeyde uygular\u0131z.<\/p>\n<\/li>\n<\/ul>\n<h2 data-start=\"1293\" data-end=\"1330\">Neden Inntech\u2019te \u00c7al\u0131\u015fmal\u0131s\u0131n\u0131z?<\/h2>\n<ul data-start=\"1331\" data-end=\"1618\">\n<li data-start=\"1331\" data-end=\"1378\">\n<p data-start=\"1333\" data-end=\"1378\">Sekt\u00f6rde \u00f6nc\u00fc projelerde g\u00f6rev alma f\u0131rsat\u0131<\/p>\n<\/li>\n<li data-start=\"1379\" data-end=\"1438\">\n<p data-start=\"1381\" data-end=\"1438\">Kendi alan\u0131nda uzman bir ekiple birlikte \u00e7al\u0131\u015fma imk\u00e2n\u0131<\/p>\n<\/li>\n<li data-start=\"1439\" data-end=\"1507\">\n<p data-start=\"1441\" data-end=\"1507\">Kariyer geli\u015fiminizi destekleyen e\u011fitim ve sertifika programlar\u0131<\/p>\n<\/li>\n<li data-start=\"1508\" data-end=\"1567\">\n<p data-start=\"1510\" data-end=\"1567\">Adil, \u015feffaf ve performans odakl\u0131 de\u011ferlendirme sistemi<\/p>\n<\/li>\n<li data-start=\"1568\" data-end=\"1618\">\n<p data-start=\"1570\" data-end=\"1618\">G\u00fc\u00e7l\u00fc kurumsal de\u011ferler ve g\u00fcvenilir i\u015f ortam\u0131<\/p>\n<\/li>\n<\/ul>\n<\/div><\/div><div class=\"w-separator size_small\"><\/div><div class=\"w-hwrapper valign_top align_none\" style=\"--hwrapper-gap:1.5rem\"><div class=\"w-btn-wrapper align_none\"><a class=\"w-btn us-btn-style_4\" href=\"https:\/\/www.linkedin.com\/company\/i\u0307nntech-m\u00fchendislik\/?originalSubdomain=tr\"><span class=\"w-btn-label\">LinkedIn<\/span><\/a><\/div><div class=\"w-btn-wrapper align_none\"><a class=\"w-btn us-btn-style_5\" href=\"https:\/\/www.kariyer.net\/firma-profil\/inntech-muhendislik-mimarlik-insaat-sanayi-ve-tica-160732-85438\"><span class=\"w-btn-label\">Kariyer.net<\/span><\/a><\/div><\/div><\/div><\/div><\/div><\/div><\/div><\/section>","protected":false},"excerpt":{"rendered":"Gelece\u011fi Birlikte \u0130n\u015fa Edelim Inntech olarak, sadece projeler de\u011fil, ayn\u0131 zamanda g\u00fc\u00e7l\u00fc ve s\u00fcrd\u00fcr\u00fclebilir kariyerler in\u015fa ediyoruz. Biliyoruz ki ba\u015far\u0131m\u0131z\u0131n temelinde; bilgi, deneyim ve yetkinli\u011fini s\u00fcrekli geli\u015ftiren, de\u011ferlerine sahip \u00e7\u0131kan ve gelece\u011fi \u015fekillendirmek i\u00e7in birlikte \u00e7al\u0131\u015fan bir ekip var. Her g\u00fcn yeni teknolojiler, daha verimli sistemler ve g\u00fcvenli \u00e7\u00f6z\u00fcmler geli\u015ftirirken, bu yolculu\u011fun en \u00f6nemli par\u00e7as\u0131...","protected":false},"author":1,"featured_media":0,"parent":0,"menu_order":0,"comment_status":"closed","ping_status":"closed","template":"","meta":{"footnotes":""},"class_list":["post-504","page","type-page","status-publish","hentry"],"yoast_head":"<!-- This site is optimized with the Yoast SEO plugin v27.3 - https:\/\/yoast.com\/product\/yoast-seo-wordpress\/ -->\n<title>\u0130nsan Kaynaklar\u0131 - Inntech M\u00fchendislik<\/title>\n<meta name=\"robots\" content=\"index, follow, max-snippet:-1, max-image-preview:large, max-video-preview:-1\" \/>\n<link rel=\"canonical\" href=\"https:\/\/www.inntech.com.tr\/de\/insan-kaynaklari\/\" \/>\n<meta property=\"og:locale\" content=\"de_DE\" \/>\n<meta property=\"og:type\" content=\"article\" \/>\n<meta property=\"og:title\" content=\"\u0130nsan Kaynaklar\u0131 - Inntech M\u00fchendislik\" \/>\n<meta property=\"og:url\" content=\"https:\/\/www.inntech.com.tr\/de\/insan-kaynaklari\/\" \/>\n<meta property=\"og:site_name\" content=\"Inntech M\u00fchendislik\" \/>\n<meta name=\"twitter:card\" content=\"summary_large_image\" \/>\n<meta name=\"twitter:label1\" content=\"Gesch\u00e4tzte Lesezeit\" \/>\n\t<meta name=\"twitter:data1\" content=\"2\u00a0Minuten\" \/>\n<script type=\"application\/ld+json\" class=\"yoast-schema-graph\">{\"@context\":\"https:\\\/\\\/schema.org\",\"@graph\":[{\"@type\":\"WebPage\",\"@id\":\"https:\\\/\\\/www.inntech.com.tr\\\/insan-kaynaklari\\\/\",\"url\":\"https:\\\/\\\/www.inntech.com.tr\\\/insan-kaynaklari\\\/\",\"name\":\"\u0130nsan Kaynaklar\u0131 - Inntech M\u00fchendislik\",\"isPartOf\":{\"@id\":\"https:\\\/\\\/www.inntech.com.tr\\\/#website\"},\"datePublished\":\"2025-08-13T06:57:01+00:00\",\"breadcrumb\":{\"@id\":\"https:\\\/\\\/www.inntech.com.tr\\\/insan-kaynaklari\\\/#breadcrumb\"},\"inLanguage\":\"de\",\"potentialAction\":[{\"@type\":\"ReadAction\",\"target\":[\"https:\\\/\\\/www.inntech.com.tr\\\/insan-kaynaklari\\\/\"]}]},{\"@type\":\"BreadcrumbList\",\"@id\":\"https:\\\/\\\/www.inntech.com.tr\\\/insan-kaynaklari\\\/#breadcrumb\",\"itemListElement\":[{\"@type\":\"ListItem\",\"position\":1,\"name\":\"Anasayfa\",\"item\":\"https:\\\/\\\/www.inntech.com.tr\\\/\"},{\"@type\":\"ListItem\",\"position\":2,\"name\":\"\u0130nsan Kaynaklar\u0131\"}]},{\"@type\":\"WebSite\",\"@id\":\"https:\\\/\\\/www.inntech.com.tr\\\/#website\",\"url\":\"https:\\\/\\\/www.inntech.com.tr\\\/\",\"name\":\"Inntech M\u00fchendislik\",\"description\":\"\",\"potentialAction\":[{\"@type\":\"SearchAction\",\"target\":{\"@type\":\"EntryPoint\",\"urlTemplate\":\"https:\\\/\\\/www.inntech.com.tr\\\/?s={search_term_string}\"},\"query-input\":{\"@type\":\"PropertyValueSpecification\",\"valueRequired\":true,\"valueName\":\"search_term_string\"}}],\"inLanguage\":\"de\"}]}<\/script>\n<!-- \/ Yoast SEO plugin. -->","yoast_head_json":{"title":"\u0130nsan Kaynaklar\u0131 - Inntech M\u00fchendislik","robots":{"index":"index","follow":"follow","max-snippet":"max-snippet:-1","max-image-preview":"max-image-preview:large","max-video-preview":"max-video-preview:-1"},"canonical":"https:\/\/www.inntech.com.tr\/de\/insan-kaynaklari\/","og_locale":"de_DE","og_type":"article","og_title":"\u0130nsan Kaynaklar\u0131 - Inntech M\u00fchendislik","og_url":"https:\/\/www.inntech.com.tr\/de\/insan-kaynaklari\/","og_site_name":"Inntech M\u00fchendislik","twitter_card":"summary_large_image","twitter_misc":{"Gesch\u00e4tzte Lesezeit":"2\u00a0Minuten"},"schema":{"@context":"https:\/\/schema.org","@graph":[{"@type":"WebPage","@id":"https:\/\/www.inntech.com.tr\/insan-kaynaklari\/","url":"https:\/\/www.inntech.com.tr\/insan-kaynaklari\/","name":"\u0130nsan Kaynaklar\u0131 - Inntech M\u00fchendislik","isPartOf":{"@id":"https:\/\/www.inntech.com.tr\/#website"},"datePublished":"2025-08-13T06:57:01+00:00","breadcrumb":{"@id":"https:\/\/www.inntech.com.tr\/insan-kaynaklari\/#breadcrumb"},"inLanguage":"de","potentialAction":[{"@type":"ReadAction","target":["https:\/\/www.inntech.com.tr\/insan-kaynaklari\/"]}]},{"@type":"BreadcrumbList","@id":"https:\/\/www.inntech.com.tr\/insan-kaynaklari\/#breadcrumb","itemListElement":[{"@type":"ListItem","position":1,"name":"Anasayfa","item":"https:\/\/www.inntech.com.tr\/"},{"@type":"ListItem","position":2,"name":"\u0130nsan Kaynaklar\u0131"}]},{"@type":"WebSite","@id":"https:\/\/www.inntech.com.tr\/#website","url":"https:\/\/www.inntech.com.tr\/","name":"Inntech M\u00fchendislik","description":"","potentialAction":[{"@type":"SearchAction","target":{"@type":"EntryPoint","urlTemplate":"https:\/\/www.inntech.com.tr\/?s={search_term_string}"},"query-input":{"@type":"PropertyValueSpecification","valueRequired":true,"valueName":"search_term_string"}}],"inLanguage":"de"}]}},"_links":{"self":[{"href":"https:\/\/www.inntech.com.tr\/de\/wp-json\/wp\/v2\/pages\/504","targetHints":{"allow":["GET"]}}],"collection":[{"href":"https:\/\/www.inntech.com.tr\/de\/wp-json\/wp\/v2\/pages"}],"about":[{"href":"https:\/\/www.inntech.com.tr\/de\/wp-json\/wp\/v2\/types\/page"}],"author":[{"embeddable":true,"href":"https:\/\/www.inntech.com.tr\/de\/wp-json\/wp\/v2\/users\/1"}],"replies":[{"embeddable":true,"href":"https:\/\/www.inntech.com.tr\/de\/wp-json\/wp\/v2\/comments?post=504"}],"version-history":[{"count":1,"href":"https:\/\/www.inntech.com.tr\/de\/wp-json\/wp\/v2\/pages\/504\/revisions"}],"predecessor-version":[{"id":505,"href":"https:\/\/www.inntech.com.tr\/de\/wp-json\/wp\/v2\/pages\/504\/revisions\/505"}],"wp:attachment":[{"href":"https:\/\/www.inntech.com.tr\/de\/wp-json\/wp\/v2\/media?parent=504"}],"curies":[{"name":"wp","href":"https:\/\/api.w.org\/{rel}","templated":true}]}}