{"id":512,"date":"2025-08-13T14:59:19","date_gmt":"2025-08-13T11:59:19","guid":{"rendered":"https:\/\/www.beta2.lf.com.tr\/?page_id=512"},"modified":"2025-09-25T09:32:41","modified_gmt":"2025-09-25T06:32:41","slug":"devam-eden-projeler","status":"publish","type":"page","link":"https:\/\/www.inntech.com.tr\/de\/devam-eden-projeler\/","title":{"rendered":"Laufende Projekte"},"content":{"rendered":"<section class=\"l-section wpb_row us_custom_64c38ea8 height_medium width_full\"><div class=\"l-section-overlay\" style=\"background:#f5f5f5\"><\/div><div class=\"l-section-h i-cf\"><div class=\"g-cols vc_row via_flex valign_top type_default stacking_default\"><div class=\"vc_col-sm-12 wpb_column vc_column_container\"><div class=\"vc_column-inner\"><div class=\"wpb_wrapper\"><div class=\"w-separator us_custom_a22b9064 has_text_color size_medium with_line width_default thick_1 style_solid color_border align_center with_text with_content\"><div class=\"w-separator-h\"><h3 class=\"w-separator-text\"><span>DEVAM EDEN PROJELER\u0130M\u0130Z<\/span><\/h3><\/div><\/div><div class=\"w-separator size_small\"><\/div><div class=\"w-grid type_grid layout_145 cols_3\" id=\"us_grid_1\" style=\"--columns:3;--gap:0.5rem;\" data-filterable=\"true\"><style>@media (max-width:1024px){#us_grid_1{--columns:2!important}}@media (max-width:600px){#us_grid_1{--columns:1!important}}.layout_145 .w-grid-item-h{background:#ffffff}.layout_145 .usg_post_title_1{color:#19185e!important;font-size:1.6rem!important;font-weight:700!important;padding-left:1rem!important;padding-bottom:1rem!important}.layout_145 .usg_post_taxonomy_1{color:#a6a6a6!important;font-size:1.1rem!important;text-transform:capitalize!important;padding-left:1rem!important}.layout_145 .usg_post_image_2{margin-bottom:1rem!important}.layout_145 .usg_vwrapper_1{padding-bottom:1rem!important;border-left-width:1.5px!important;border-color:#a81e1e!important;border-left-style:solid!important}<\/style><div class=\"w-grid-list\">\t<article class=\"w-grid-item size_1x1 post-1331 us_portfolio type-us_portfolio status-publish has-post-thumbnail hentry us_portfolio_category-devam-eden-projeler\" data-id=\"1331\">\r\n\t\t<div class=\"w-grid-item-h\">\r\n\t\t\t\t\t\t<div class=\"w-vwrapper usg_vwrapper_1 align_none valign_middle\" style=\"--vwrapper-gap:0rem\"><div class=\"w-post-elm post_image usg_post_image_2 has_ratio\"><a href=\"https:\/\/www.inntech.com.tr\/de\/portfolio\/konya-migros-depo\/\" aria-label=\"Konya Migros Depo\"><div class=\"w-post-slider-trigger\" style=\"width:14.29%; left:0%;\"><\/div><img loading=\"lazy\" decoding=\"async\" width=\"1024\" height=\"460\" src=\"https:\/\/www.inntech.com.tr\/wp-content\/uploads\/2025\/10\/CEKOK-KONYA-ANA-GORSEL-1024x460.jpeg\" class=\"attachment-large size-large\" alt=\"\" \/><div class=\"w-post-slider-trigger\" style=\"width:14.29%; left:14.29%;\"><\/div><img loading=\"lazy\" decoding=\"async\" width=\"768\" height=\"1024\" src=\"https:\/\/www.inntech.com.tr\/wp-content\/uploads\/2025\/10\/WhatsApp-Image-2025-05-30-at-14.12.02-2-1-768x1024.jpeg\" class=\"attachment-large size-large\" alt=\"\" \/><div class=\"w-post-slider-trigger\" style=\"width:14.29%; left:28.58%;\"><\/div><img loading=\"lazy\" decoding=\"async\" width=\"768\" height=\"1024\" src=\"https:\/\/www.inntech.com.tr\/wp-content\/uploads\/2025\/10\/WhatsApp-Image-2025-05-30-at-14.12.03-2-768x1024.jpeg\" class=\"attachment-large size-large\" alt=\"\" \/><div class=\"w-post-slider-trigger\" style=\"width:14.29%; left:42.87%;\"><\/div><img loading=\"lazy\" decoding=\"async\" width=\"1024\" height=\"768\" src=\"https:\/\/www.inntech.com.tr\/wp-content\/uploads\/2025\/10\/WhatsApp-Image-2025-05-30-at-14.12.03-3-1-1024x768.jpeg\" class=\"attachment-large size-large\" alt=\"\" \/><div class=\"w-post-slider-trigger\" style=\"width:14.29%; left:57.16%;\"><\/div><img loading=\"lazy\" decoding=\"async\" width=\"768\" height=\"1024\" src=\"https:\/\/www.inntech.com.tr\/wp-content\/uploads\/2025\/10\/WhatsApp-Image-2025-05-30-at-14.12.03-6-1-768x1024.jpeg\" class=\"attachment-large size-large\" alt=\"\" \/><div class=\"w-post-slider-trigger\" style=\"width:14.29%; left:71.45%;\"><\/div><img loading=\"lazy\" decoding=\"async\" width=\"768\" height=\"1024\" src=\"https:\/\/www.inntech.com.tr\/wp-content\/uploads\/2025\/10\/WhatsApp-Image-2025-05-30-at-14.12.03-8-1-768x1024.jpeg\" class=\"attachment-large size-large\" alt=\"\" \/><div class=\"w-post-slider-trigger\" style=\"width:14.29%; left:85.74%;\"><\/div><img loading=\"lazy\" decoding=\"async\" width=\"1024\" height=\"768\" src=\"https:\/\/www.inntech.com.tr\/wp-content\/uploads\/2025\/10\/WhatsApp-Image-2025-05-30-at-14.12.03-10-1-1024x768.jpeg\" class=\"attachment-large size-large\" alt=\"\" \/><\/a><div style=\"padding-bottom:66.6667%\"><\/div><\/div><div class=\"w-post-elm post_taxonomy usg_post_taxonomy_1 has_text_color style_simple color_link_inherit\"><a class=\"term-12 term-devam-eden-projeler\" href=\"https:\/\/www.inntech.com.tr\/de\/portfolio_category\/devam-eden-projeler\/\">Devam Eden Projeler<\/a><\/div><h2 class=\"w-post-elm post_title usg_post_title_1 has_text_color entry-title color_link_inherit\"><a href=\"https:\/\/www.inntech.com.tr\/de\/portfolio\/konya-migros-depo\/\">Konya Migros Depo<\/a><\/h2><\/div>\t\t<\/div>\r\n\t\t\t<\/article>\r\n\t<article class=\"w-grid-item size_1x1 post-1317 us_portfolio type-us_portfolio status-publish has-post-thumbnail hentry us_portfolio_category-devam-eden-projeler\" data-id=\"1317\">\r\n\t\t<div class=\"w-grid-item-h\">\r\n\t\t\t\t\t\t<div class=\"w-vwrapper usg_vwrapper_1 align_none valign_middle\" style=\"--vwrapper-gap:0rem\"><div class=\"w-post-elm post_image usg_post_image_2 has_ratio\"><a href=\"https:\/\/www.inntech.com.tr\/de\/portfolio\/dekor-rulo-fabrikasi\/\" aria-label=\"Dekor Rulo Fabrikas\u0131\"><div class=\"w-post-slider-trigger\" style=\"width:16.67%; left:0%;\"><\/div><img loading=\"lazy\" decoding=\"async\" width=\"1024\" height=\"436\" src=\"https:\/\/www.inntech.com.tr\/wp-content\/uploads\/2025\/09\/unnamed-1024x436.jpg\" class=\"attachment-large size-large\" alt=\"\" \/><div class=\"w-post-slider-trigger\" style=\"width:16.67%; left:16.67%;\"><\/div><img loading=\"lazy\" decoding=\"async\" width=\"1024\" height=\"471\" src=\"https:\/\/www.inntech.com.tr\/wp-content\/uploads\/2025\/09\/WhatsApp-Image-2025-09-24-at-15.04.35-2-1024x471.jpeg\" class=\"attachment-large size-large\" alt=\"\" \/><div class=\"w-post-slider-trigger\" style=\"width:16.67%; left:33.34%;\"><\/div><img loading=\"lazy\" decoding=\"async\" width=\"1024\" height=\"471\" src=\"https:\/\/www.inntech.com.tr\/wp-content\/uploads\/2025\/09\/WhatsApp-Image-2025-09-24-at-15.04.35-3-1024x471.jpeg\" class=\"attachment-large size-large\" alt=\"\" \/><div class=\"w-post-slider-trigger\" style=\"width:16.67%; left:50.01%;\"><\/div><img loading=\"lazy\" decoding=\"async\" width=\"471\" height=\"1024\" src=\"https:\/\/www.inntech.com.tr\/wp-content\/uploads\/2025\/09\/WhatsApp-Image-2025-09-24-at-15.04.35-471x1024.jpeg\" class=\"attachment-large size-large\" alt=\"\" \/><div class=\"w-post-slider-trigger\" style=\"width:16.67%; left:66.68%;\"><\/div><img loading=\"lazy\" decoding=\"async\" width=\"1024\" height=\"436\" src=\"https:\/\/www.inntech.com.tr\/wp-content\/uploads\/2025\/09\/unnamed-1024x436.jpg\" class=\"attachment-large size-large\" alt=\"\" \/><div class=\"w-post-slider-trigger\" style=\"width:16.67%; left:83.35%;\"><\/div><img loading=\"lazy\" decoding=\"async\" width=\"1024\" height=\"471\" src=\"https:\/\/www.inntech.com.tr\/wp-content\/uploads\/2025\/09\/WhatsApp-Image-2025-09-24-at-15.04.35-1-1024x471.jpeg\" class=\"attachment-large size-large\" alt=\"\" \/><\/a><div style=\"padding-bottom:66.6667%\"><\/div><\/div><div class=\"w-post-elm post_taxonomy usg_post_taxonomy_1 has_text_color style_simple color_link_inherit\"><a class=\"term-12 term-devam-eden-projeler\" href=\"https:\/\/www.inntech.com.tr\/de\/portfolio_category\/devam-eden-projeler\/\">Devam Eden Projeler<\/a><\/div><h2 class=\"w-post-elm post_title usg_post_title_1 has_text_color entry-title color_link_inherit\"><a href=\"https:\/\/www.inntech.com.tr\/de\/portfolio\/dekor-rulo-fabrikasi\/\">Dekor Rulo Fabrikas\u0131<\/a><\/h2><\/div>\t\t<\/div>\r\n\t\t\t<\/article>\r\n\t<article class=\"w-grid-item size_1x1 post-1310 us_portfolio type-us_portfolio status-publish has-post-thumbnail hentry us_portfolio_category-devam-eden-projeler\" data-id=\"1310\">\r\n\t\t<div class=\"w-grid-item-h\">\r\n\t\t\t\t\t\t<div class=\"w-vwrapper usg_vwrapper_1 align_none valign_middle\" style=\"--vwrapper-gap:0rem\"><div class=\"w-post-elm post_image usg_post_image_2 has_ratio\"><a href=\"https:\/\/www.inntech.com.tr\/de\/portfolio\/sen-pilic-lojistik-merkezi\/\" aria-label=\"\u015een Pili\u00e7 Lojistik Merkezi\"><div class=\"w-post-slider-trigger\" style=\"width:20%; left:0%;\"><\/div><img loading=\"lazy\" decoding=\"async\" width=\"1024\" height=\"576\" src=\"https:\/\/www.inntech.com.tr\/wp-content\/uploads\/2025\/09\/gursen-ana-gorsel.jpg\" class=\"attachment-large size-large\" alt=\"\" \/><div class=\"w-post-slider-trigger\" style=\"width:20%; left:20%;\"><\/div><img loading=\"lazy\" decoding=\"async\" width=\"1024\" height=\"544\" src=\"https:\/\/www.inntech.com.tr\/wp-content\/uploads\/2025\/09\/WhatsApp-Image-2025-09-24-at-16.25.01-3-1024x544.jpeg\" class=\"attachment-large size-large\" alt=\"\" \/><div class=\"w-post-slider-trigger\" style=\"width:20%; left:40%;\"><\/div><img loading=\"lazy\" decoding=\"async\" width=\"1024\" height=\"544\" src=\"https:\/\/www.inntech.com.tr\/wp-content\/uploads\/2025\/09\/WhatsApp-Image-2025-09-24-at-16.25.01-4-1024x544.jpeg\" class=\"attachment-large size-large\" alt=\"\" \/><div class=\"w-post-slider-trigger\" style=\"width:20%; left:60%;\"><\/div><img loading=\"lazy\" decoding=\"async\" width=\"1024\" height=\"858\" src=\"https:\/\/www.inntech.com.tr\/wp-content\/uploads\/2025\/09\/WhatsApp-Image-2025-09-24-at-16.25.01-6-1024x858.jpeg\" class=\"attachment-large size-large\" alt=\"\" \/><div class=\"w-post-slider-trigger\" style=\"width:20%; left:80%;\"><\/div><img loading=\"lazy\" decoding=\"async\" width=\"1024\" height=\"544\" src=\"https:\/\/www.inntech.com.tr\/wp-content\/uploads\/2025\/09\/WhatsApp-Image-2025-09-24-at-16.25.01-5-1024x544.jpeg\" class=\"attachment-large size-large\" alt=\"\" \/><\/a><div style=\"padding-bottom:66.6667%\"><\/div><\/div><div class=\"w-post-elm post_taxonomy usg_post_taxonomy_1 has_text_color style_simple color_link_inherit\"><a class=\"term-12 term-devam-eden-projeler\" href=\"https:\/\/www.inntech.com.tr\/de\/portfolio_category\/devam-eden-projeler\/\">Devam Eden Projeler<\/a><\/div><h2 class=\"w-post-elm post_title usg_post_title_1 has_text_color entry-title color_link_inherit\"><a href=\"https:\/\/www.inntech.com.tr\/de\/portfolio\/sen-pilic-lojistik-merkezi\/\">\u015een Pili\u00e7 Lojistik Merkezi<\/a><\/h2><\/div>\t\t<\/div>\r\n\t\t\t<\/article>\r\n\t<article class=\"w-grid-item size_1x1 post-1307 us_portfolio type-us_portfolio status-publish has-post-thumbnail hentry us_portfolio_category-devam-eden-projeler\" data-id=\"1307\">\r\n\t\t<div class=\"w-grid-item-h\">\r\n\t\t\t\t\t\t<div class=\"w-vwrapper usg_vwrapper_1 align_none valign_middle\" style=\"--vwrapper-gap:0rem\"><div class=\"w-post-elm post_image usg_post_image_2 has_ratio\"><a href=\"https:\/\/www.inntech.com.tr\/de\/portfolio\/omba-tekstil-fabrikasi\/\" aria-label=\"Omba Tekstil Fabrikas\u0131\"><div class=\"w-post-slider-trigger\" style=\"width:50%; left:0%;\"><\/div><img loading=\"lazy\" decoding=\"async\" width=\"1024\" height=\"858\" src=\"https:\/\/www.inntech.com.tr\/wp-content\/uploads\/2025\/09\/OMBA-1024x858.jpeg\" class=\"attachment-large size-large\" alt=\"\" \/><div class=\"w-post-slider-trigger\" style=\"width:50%; left:50%;\"><\/div><img loading=\"lazy\" decoding=\"async\" width=\"1024\" height=\"682\" src=\"https:\/\/www.inntech.com.tr\/wp-content\/uploads\/2025\/09\/IMG_2932-1024x682.jpg\" class=\"attachment-large size-large\" alt=\"\" \/><\/a><div style=\"padding-bottom:66.6667%\"><\/div><\/div><div class=\"w-post-elm post_taxonomy usg_post_taxonomy_1 has_text_color style_simple color_link_inherit\"><a class=\"term-12 term-devam-eden-projeler\" href=\"https:\/\/www.inntech.com.tr\/de\/portfolio_category\/devam-eden-projeler\/\">Devam Eden Projeler<\/a><\/div><h2 class=\"w-post-elm post_title usg_post_title_1 has_text_color entry-title color_link_inherit\"><a href=\"https:\/\/www.inntech.com.tr\/de\/portfolio\/omba-tekstil-fabrikasi\/\">Omba Tekstil Fabrikas\u0131<\/a><\/h2><\/div>\t\t<\/div>\r\n\t\t\t<\/article>\r\n\t<article class=\"w-grid-item size_1x1 post-1292 us_portfolio type-us_portfolio status-publish has-post-thumbnail hentry us_portfolio_category-devam-eden-projeler\" data-id=\"1292\">\r\n\t\t<div class=\"w-grid-item-h\">\r\n\t\t\t\t\t\t<div class=\"w-vwrapper usg_vwrapper_1 align_none valign_middle\" style=\"--vwrapper-gap:0rem\"><div class=\"w-post-elm post_image usg_post_image_2 has_ratio\"><a href=\"https:\/\/www.inntech.com.tr\/de\/portfolio\/saes-fabrika\/\" aria-label=\"Saes Fabrikas\u0131\"><div class=\"w-post-slider-trigger\" style=\"width:20%; left:0%;\"><\/div><img loading=\"lazy\" decoding=\"async\" width=\"1024\" height=\"576\" src=\"https:\/\/www.inntech.com.tr\/wp-content\/uploads\/2025\/09\/SAES-ANA-GORSEL-1024x576.jpeg\" class=\"attachment-large size-large\" alt=\"\" \/><div class=\"w-post-slider-trigger\" style=\"width:20%; left:20%;\"><\/div><img loading=\"lazy\" decoding=\"async\" width=\"1024\" height=\"682\" src=\"https:\/\/www.inntech.com.tr\/wp-content\/uploads\/2025\/09\/IMG_2932-1024x682.jpg\" class=\"attachment-large size-large\" alt=\"\" \/><div class=\"w-post-slider-trigger\" style=\"width:20%; left:40%;\"><\/div><img loading=\"lazy\" decoding=\"async\" width=\"1024\" height=\"682\" src=\"https:\/\/www.inntech.com.tr\/wp-content\/uploads\/2025\/09\/IMG_2950-1024x682.jpg\" class=\"attachment-large size-large\" alt=\"\" \/><div class=\"w-post-slider-trigger\" style=\"width:20%; left:60%;\"><\/div><img loading=\"lazy\" decoding=\"async\" width=\"1024\" height=\"683\" src=\"https:\/\/www.inntech.com.tr\/wp-content\/uploads\/2025\/09\/IMG_2952-1024x683.jpg\" class=\"attachment-large size-large\" alt=\"\" \/><div class=\"w-post-slider-trigger\" style=\"width:20%; left:80%;\"><\/div><img loading=\"lazy\" decoding=\"async\" width=\"1024\" height=\"682\" src=\"https:\/\/www.inntech.com.tr\/wp-content\/uploads\/2025\/09\/saes-ana-goruntu-1-1024x682.jpg\" class=\"attachment-large size-large\" alt=\"\" \/><\/a><div style=\"padding-bottom:66.6667%\"><\/div><\/div><div class=\"w-post-elm post_taxonomy usg_post_taxonomy_1 has_text_color style_simple color_link_inherit\"><a class=\"term-12 term-devam-eden-projeler\" href=\"https:\/\/www.inntech.com.tr\/de\/portfolio_category\/devam-eden-projeler\/\">Devam Eden Projeler<\/a><\/div><h2 class=\"w-post-elm post_title usg_post_title_1 has_text_color entry-title color_link_inherit\"><a href=\"https:\/\/www.inntech.com.tr\/de\/portfolio\/saes-fabrika\/\">Saes Fabrikas\u0131<\/a><\/h2><\/div>\t\t<\/div>\r\n\t\t\t<\/article>\r\n\t<article class=\"w-grid-item size_1x1 post-1278 us_portfolio type-us_portfolio status-publish has-post-thumbnail hentry us_portfolio_category-devam-eden-projeler\" data-id=\"1278\">\r\n\t\t<div class=\"w-grid-item-h\">\r\n\t\t\t\t\t\t<div class=\"w-vwrapper usg_vwrapper_1 align_none valign_middle\" style=\"--vwrapper-gap:0rem\"><div class=\"w-post-elm post_image usg_post_image_2 has_ratio\"><a href=\"https:\/\/www.inntech.com.tr\/de\/portfolio\/migros-depo-paketleme-tesisi\/\" aria-label=\"Migros Depo &#038; Paketleme Tesisi\"><div class=\"w-post-slider-trigger\" style=\"width:25%; left:0%;\"><\/div><img loading=\"lazy\" decoding=\"async\" width=\"1024\" height=\"768\" src=\"https:\/\/www.inntech.com.tr\/wp-content\/uploads\/2025\/09\/MIGROS-ANA-GORSEL-2-1024x768.jpeg\" class=\"attachment-large size-large\" alt=\"\" \/><div class=\"w-post-slider-trigger\" style=\"width:25%; left:25%;\"><\/div><img loading=\"lazy\" decoding=\"async\" width=\"1024\" height=\"683\" src=\"https:\/\/www.inntech.com.tr\/wp-content\/uploads\/2025\/09\/cekok-4_inntech-1024x683.webp\" class=\"attachment-large size-large\" alt=\"\" \/><div class=\"w-post-slider-trigger\" style=\"width:25%; left:50%;\"><\/div><img loading=\"lazy\" decoding=\"async\" width=\"1024\" height=\"683\" src=\"https:\/\/www.inntech.com.tr\/wp-content\/uploads\/2025\/09\/cekok-2_inntech-1024x683.webp\" class=\"attachment-large size-large\" alt=\"\" \/><div class=\"w-post-slider-trigger\" style=\"width:25%; left:75%;\"><\/div><img loading=\"lazy\" decoding=\"async\" width=\"1024\" height=\"683\" src=\"https:\/\/www.inntech.com.tr\/wp-content\/uploads\/2025\/09\/cekok-1_inntech-1024x683.webp\" class=\"attachment-large size-large\" alt=\"\" \/><\/a><div style=\"padding-bottom:66.6667%\"><\/div><\/div><div class=\"w-post-elm post_taxonomy usg_post_taxonomy_1 has_text_color style_simple color_link_inherit\"><a class=\"term-12 term-devam-eden-projeler\" href=\"https:\/\/www.inntech.com.tr\/de\/portfolio_category\/devam-eden-projeler\/\">Devam Eden Projeler<\/a><\/div><h2 class=\"w-post-elm post_title usg_post_title_1 has_text_color entry-title color_link_inherit\"><a href=\"https:\/\/www.inntech.com.tr\/de\/portfolio\/migros-depo-paketleme-tesisi\/\">Migros Depo &#038; Paketleme Tesisi<\/a><\/h2><\/div>\t\t<\/div>\r\n\t\t\t<\/article>\r\n<\/div><div class=\"w-grid-preloader\">\t<div class=\"g-preloader type_1\">\r\n\t\t<div><\/div>\r\n\t<\/div>\r\n\t<\/div>\t<div class=\"w-grid-json hidden\" onclick='return {&quot;action&quot;:&quot;us_ajax_grid&quot;,&quot;infinite_scroll&quot;:0,&quot;max_num_pages&quot;:1,&quot;pagination&quot;:&quot;none&quot;,&quot;template_vars&quot;:{&quot;columns&quot;:&quot;3&quot;,&quot;exclude_items&quot;:&quot;none&quot;,&quot;img_size&quot;:&quot;default&quot;,&quot;ignore_items_size&quot;:0,&quot;items_layout&quot;:&quot;145&quot;,&quot;items_offset&quot;:&quot;1&quot;,&quot;load_animation&quot;:&quot;none&quot;,&quot;overriding_link&quot;:&quot;%7B%22url%22%3A%22%22%7D&quot;,&quot;post_id&quot;:0,&quot;query_args&quot;:{&quot;post_type&quot;:[&quot;us_portfolio&quot;],&quot;tax_query&quot;:[{&quot;taxonomy&quot;:&quot;us_portfolio_category&quot;,&quot;field&quot;:&quot;slug&quot;,&quot;terms&quot;:[&quot;devam-eden-projeler&quot;]}],&quot;post_status&quot;:[&quot;publish&quot;],&quot;posts_per_page&quot;:&quot;50&quot;},&quot;orderby_query_args&quot;:{&quot;orderby&quot;:{&quot;date&quot;:&quot;DESC&quot;}},&quot;type&quot;:&quot;grid&quot;,&quot;us_grid_post_type&quot;:&quot;us_portfolio&quot;,&quot;us_grid_ajax_index&quot;:1,&quot;us_grid_filter_query_string&quot;:null,&quot;us_grid_index&quot;:1,&quot;page_args&quot;:[]}}'><\/div>\r\n\t<\/div><\/div><\/div><\/div><\/div><\/div><\/section>\n","protected":false},"excerpt":{"rendered":"Lokasyon Antalya Mekanik Uygulama End\u00fcstriyel Bina Niteli\u011fi Depo \/ Fabrika Proje \u0130\u00e7eri\u011fi Yat\u0131r\u0131mc\u0131 Firma \u00c7ekok Kapal\u0131 Alan m\u00b2 52.000.000 Tamamlanma Tarihi 2024 K\u00f6p\u00fckl\u00fc S\u00f6nd\u00fcrme SistemleriTankl\u0131 S\u00f6nd\u00fcrme SistemleriDo\u011falgaz Tesisat\u0131Su Ar\u0131tma ve Yumu\u015fatma Tesisat\u0131Zay\u0131f Ak\u0131m Sistemleri\u0130klimlendirme Tesisat\u0131Orta Gerilim SistemleriSifonik SistemAl\u00e7ak Gerilim SistemleriYang\u0131n Sprinkler SistemYang\u0131n \u00d6nleme SistemleriHavaland\u0131rma SistemleriGazl\u0131 S\u00f6nd\u00fcrme SistemleriYang\u0131n Alg\u0131lama SistemiS\u0131hhi Tesisat SistemleriIs\u0131tma SistemleriSo\u011futma SistemleriYang\u0131n Dolap SistemiBas\u0131n\u00e7l\u0131...","protected":false},"author":1,"featured_media":0,"parent":0,"menu_order":0,"comment_status":"closed","ping_status":"closed","template":"","meta":{"footnotes":""},"class_list":["post-512","page","type-page","status-publish","hentry"],"yoast_head":"<!-- This site is optimized with the Yoast SEO plugin v27.3 - https:\/\/yoast.com\/product\/yoast-seo-wordpress\/ -->\n<title>Devam Eden Projeler - Inntech M\u00fchendislik<\/title>\n<meta name=\"robots\" content=\"index, follow, max-snippet:-1, max-image-preview:large, max-video-preview:-1\" \/>\n<link rel=\"canonical\" href=\"https:\/\/www.inntech.com.tr\/de\/devam-eden-projeler\/\" \/>\n<meta property=\"og:locale\" content=\"de_DE\" \/>\n<meta property=\"og:type\" content=\"article\" \/>\n<meta property=\"og:title\" content=\"Devam Eden Projeler - Inntech M\u00fchendislik\" \/>\n<meta property=\"og:url\" content=\"https:\/\/www.inntech.com.tr\/de\/devam-eden-projeler\/\" \/>\n<meta property=\"og:site_name\" content=\"Inntech M\u00fchendislik\" \/>\n<meta property=\"article:modified_time\" content=\"2025-09-25T06:32:41+00:00\" \/>\n<meta name=\"twitter:card\" content=\"summary_large_image\" \/>\n<meta name=\"twitter:label1\" content=\"Gesch\u00e4tzte Lesezeit\" \/>\n\t<meta name=\"twitter:data1\" content=\"1\u00a0Minute\" \/>\n<script type=\"application\/ld+json\" class=\"yoast-schema-graph\">{\"@context\":\"https:\\\/\\\/schema.org\",\"@graph\":[{\"@type\":\"WebPage\",\"@id\":\"https:\\\/\\\/www.inntech.com.tr\\\/devam-eden-projeler\\\/\",\"url\":\"https:\\\/\\\/www.inntech.com.tr\\\/devam-eden-projeler\\\/\",\"name\":\"Devam Eden Projeler - Inntech M\u00fchendislik\",\"isPartOf\":{\"@id\":\"https:\\\/\\\/www.inntech.com.tr\\\/#website\"},\"datePublished\":\"2025-08-13T11:59:19+00:00\",\"dateModified\":\"2025-09-25T06:32:41+00:00\",\"breadcrumb\":{\"@id\":\"https:\\\/\\\/www.inntech.com.tr\\\/devam-eden-projeler\\\/#breadcrumb\"},\"inLanguage\":\"de\",\"potentialAction\":[{\"@type\":\"ReadAction\",\"target\":[\"https:\\\/\\\/www.inntech.com.tr\\\/devam-eden-projeler\\\/\"]}]},{\"@type\":\"BreadcrumbList\",\"@id\":\"https:\\\/\\\/www.inntech.com.tr\\\/devam-eden-projeler\\\/#breadcrumb\",\"itemListElement\":[{\"@type\":\"ListItem\",\"position\":1,\"name\":\"Anasayfa\",\"item\":\"https:\\\/\\\/www.inntech.com.tr\\\/\"},{\"@type\":\"ListItem\",\"position\":2,\"name\":\"Devam Eden Projeler\"}]},{\"@type\":\"WebSite\",\"@id\":\"https:\\\/\\\/www.inntech.com.tr\\\/#website\",\"url\":\"https:\\\/\\\/www.inntech.com.tr\\\/\",\"name\":\"Inntech M\u00fchendislik\",\"description\":\"\",\"potentialAction\":[{\"@type\":\"SearchAction\",\"target\":{\"@type\":\"EntryPoint\",\"urlTemplate\":\"https:\\\/\\\/www.inntech.com.tr\\\/?s={search_term_string}\"},\"query-input\":{\"@type\":\"PropertyValueSpecification\",\"valueRequired\":true,\"valueName\":\"search_term_string\"}}],\"inLanguage\":\"de\"}]}<\/script>\n<!-- \/ Yoast SEO plugin. -->","yoast_head_json":{"title":"Devam Eden Projeler - Inntech M\u00fchendislik","robots":{"index":"index","follow":"follow","max-snippet":"max-snippet:-1","max-image-preview":"max-image-preview:large","max-video-preview":"max-video-preview:-1"},"canonical":"https:\/\/www.inntech.com.tr\/de\/devam-eden-projeler\/","og_locale":"de_DE","og_type":"article","og_title":"Devam Eden Projeler - Inntech M\u00fchendislik","og_url":"https:\/\/www.inntech.com.tr\/de\/devam-eden-projeler\/","og_site_name":"Inntech M\u00fchendislik","article_modified_time":"2025-09-25T06:32:41+00:00","twitter_card":"summary_large_image","twitter_misc":{"Gesch\u00e4tzte Lesezeit":"1\u00a0Minute"},"schema":{"@context":"https:\/\/schema.org","@graph":[{"@type":"WebPage","@id":"https:\/\/www.inntech.com.tr\/devam-eden-projeler\/","url":"https:\/\/www.inntech.com.tr\/devam-eden-projeler\/","name":"Devam Eden Projeler - Inntech M\u00fchendislik","isPartOf":{"@id":"https:\/\/www.inntech.com.tr\/#website"},"datePublished":"2025-08-13T11:59:19+00:00","dateModified":"2025-09-25T06:32:41+00:00","breadcrumb":{"@id":"https:\/\/www.inntech.com.tr\/devam-eden-projeler\/#breadcrumb"},"inLanguage":"de","potentialAction":[{"@type":"ReadAction","target":["https:\/\/www.inntech.com.tr\/devam-eden-projeler\/"]}]},{"@type":"BreadcrumbList","@id":"https:\/\/www.inntech.com.tr\/devam-eden-projeler\/#breadcrumb","itemListElement":[{"@type":"ListItem","position":1,"name":"Anasayfa","item":"https:\/\/www.inntech.com.tr\/"},{"@type":"ListItem","position":2,"name":"Devam Eden Projeler"}]},{"@type":"WebSite","@id":"https:\/\/www.inntech.com.tr\/#website","url":"https:\/\/www.inntech.com.tr\/","name":"Inntech M\u00fchendislik","description":"","potentialAction":[{"@type":"SearchAction","target":{"@type":"EntryPoint","urlTemplate":"https:\/\/www.inntech.com.tr\/?s={search_term_string}"},"query-input":{"@type":"PropertyValueSpecification","valueRequired":true,"valueName":"search_term_string"}}],"inLanguage":"de"}]}},"_links":{"self":[{"href":"https:\/\/www.inntech.com.tr\/de\/wp-json\/wp\/v2\/pages\/512","targetHints":{"allow":["GET"]}}],"collection":[{"href":"https:\/\/www.inntech.com.tr\/de\/wp-json\/wp\/v2\/pages"}],"about":[{"href":"https:\/\/www.inntech.com.tr\/de\/wp-json\/wp\/v2\/types\/page"}],"author":[{"embeddable":true,"href":"https:\/\/www.inntech.com.tr\/de\/wp-json\/wp\/v2\/users\/1"}],"replies":[{"embeddable":true,"href":"https:\/\/www.inntech.com.tr\/de\/wp-json\/wp\/v2\/comments?post=512"}],"version-history":[{"count":6,"href":"https:\/\/www.inntech.com.tr\/de\/wp-json\/wp\/v2\/pages\/512\/revisions"}],"predecessor-version":[{"id":1284,"href":"https:\/\/www.inntech.com.tr\/de\/wp-json\/wp\/v2\/pages\/512\/revisions\/1284"}],"wp:attachment":[{"href":"https:\/\/www.inntech.com.tr\/de\/wp-json\/wp\/v2\/media?parent=512"}],"curies":[{"name":"wp","href":"https:\/\/api.w.org\/{rel}","templated":true}]}}