{"id":862,"date":"2025-09-03T16:39:35","date_gmt":"2025-09-03T13:39:35","guid":{"rendered":"https:\/\/www.beta2.lf.com.tr\/?page_id=862"},"modified":"2025-09-03T16:39:35","modified_gmt":"2025-09-03T13:39:35","slug":"sifonik-sistem","status":"publish","type":"page","link":"https:\/\/www.inntech.com.tr\/de\/mekanik\/sifonik-sistem\/","title":{"rendered":"Siphonsystem"},"content":{"rendered":"<section class=\"l-section wpb_row height_medium\"><div class=\"l-section-h i-cf\"><div class=\"g-cols vc_row via_flex valign_top type_default stacking_default\"><div class=\"vc_col-sm-12 wpb_column vc_column_container\"><div class=\"vc_column-inner\"><div class=\"wpb_wrapper\"><div class=\"wpb_text_column\"><div class=\"wpb_wrapper\"><p data-start=\"33\" data-end=\"483\">Regenwasserableitung ist ein entscheidendes Element moderner Bauprojekte, sowohl f\u00fcr die Geb\u00e4udesicherheit als auch f\u00fcr die Nachhaltigkeit. Sie bietet wesentlich effizientere L\u00f6sungen als herk\u00f6mmliche Methoden. <strong data-start=\"218\" data-end=\"239\">Siphonsysteme<\/strong>erm\u00f6glicht eine schnelle, sichere und wirtschaftliche Ableitung von Regenwasser von gro\u00dfen Dachfl\u00e4chen. Wir bei Inntech bieten professionelle technische L\u00f6sungen f\u00fcr die Planung, Installation und Wartung von Siphonsystemen, die internationalen Standards entsprechen.<\/p>\n<h2 data-start=\"490\" data-end=\"516\">Was ist ein Siphonsystem?<\/h2>\n<p data-start=\"517\" data-end=\"840\">Das Siphonsystem ist ein System, das auf der Dachfl\u00e4che angesammeltes Regenwasser in die Rohrleitung leitet. <strong data-start=\"585\" data-end=\"617\">Volldurchfluss (Siphoneffekt)<\/strong> Es handelt sich um eine innovative Entw\u00e4sserungsmethode, die eine Hochgeschwindigkeitsentw\u00e4sserung erm\u00f6glicht, ohne dass ein kleinerer Rohrdurchmesser oder ein kleineres Gef\u00e4lle erforderlich ist. Dies f\u00fchrt zu weniger Material, weniger Platzverlust und einem effizienteren Wassermanagement.<\/p>\n<h2 data-start=\"847\" data-end=\"869\">Unser Leistungsumfang<\/h2>\n<ul data-start=\"870\" data-end=\"1272\">\n<li data-start=\"870\" data-end=\"923\">\n<p data-start=\"872\" data-end=\"923\">Den Projektanforderungen entsprechendes Siphonsystemdesign<\/p>\n<\/li>\n<li data-start=\"924\" data-end=\"997\">\n<p data-start=\"926\" data-end=\"997\">Technische Berechnungen basierend auf der Analyse der Dachfl\u00e4che und des Niederschlagsregimes<\/p>\n<\/li>\n<li data-start=\"998\" data-end=\"1048\">\n<p data-start=\"1000\" data-end=\"1048\">Auswahl der Ausr\u00fcstung nach internationalen Standards<\/p>\n<\/li>\n<li data-start=\"1049\" data-end=\"1117\">\n<p data-start=\"1051\" data-end=\"1117\">Planung von Rohrleitungen, Regenwasserabfl\u00fcssen und Entnahmestellen<\/p>\n<\/li>\n<li data-start=\"1118\" data-end=\"1166\">\n<p data-start=\"1120\" data-end=\"1166\">Professionelle Installations- und Inbetriebnahmeprozesse<\/p>\n<\/li>\n<li data-start=\"1167\" data-end=\"1228\">\n<p data-start=\"1169\" data-end=\"1228\">Regelm\u00e4\u00dfige Wartung, Leistungstests und Systemoptimierung<\/p>\n<\/li>\n<li data-start=\"1229\" data-end=\"1272\">\n<p data-start=\"1231\" data-end=\"1272\">Anwenderschulungen und technische Beratung<\/p>\n<\/li>\n<\/ul>\n<h2 data-start=\"1279\" data-end=\"1302\">Systemkomponenten<\/h2>\n<ul data-start=\"1303\" data-end=\"1797\">\n<li data-start=\"1303\" data-end=\"1398\">\n<p data-start=\"1305\" data-end=\"1398\"><strong data-start=\"1305\" data-end=\"1331\">Spezielle Siphon-Einl\u00e4sse:<\/strong> Es sorgt daf\u00fcr, dass das Wasser auf dem Dach kontrolliert in die Rohrleitung eingeleitet wird.<\/p>\n<\/li>\n<li data-start=\"1399\" data-end=\"1487\">\n<p data-start=\"1401\" data-end=\"1487\"><strong data-start=\"1401\" data-end=\"1428\">Horizontale und vertikale Rohre:<\/strong> Es kann mit oder ohne geringem Gef\u00e4lle verlegt werden und ben\u00f6tigt nur minimalen Platz.<\/p>\n<\/li>\n<li data-start=\"1488\" data-end=\"1583\">\n<p data-start=\"1490\" data-end=\"1583\"><strong data-start=\"1490\" data-end=\"1513\">Tr\u00e4gersysteme:<\/strong> Spezialschellen und Aufh\u00e4nger zur sicheren Befestigung von Rohren<\/p>\n<\/li>\n<li data-start=\"1584\" data-end=\"1689\">\n<p data-start=\"1586\" data-end=\"1689\"><strong data-start=\"1586\" data-end=\"1608\">Evakuierungspunkte:<\/strong> Leitet Regenwasser sicher in die Kanalisation oder auf die M\u00fclldeponie.<\/p>\n<\/li>\n<li data-start=\"1690\" data-end=\"1797\">\n<p data-start=\"1692\" data-end=\"1797\"><strong data-start=\"1692\" data-end=\"1738\">Integration von Wasserspeicherung und -wiederverwendung:<\/strong> Es erm\u00f6glicht die Wiederverwendung von gesammeltem Regenwasser.<\/p>\n<\/li>\n<\/ul>\n<h2 data-start=\"1804\" data-end=\"1820\">Vorteile<\/h2>\n<ul data-start=\"1821\" data-end=\"2337\">\n<li data-start=\"1821\" data-end=\"1897\">\n<p data-start=\"1823\" data-end=\"1897\"><strong data-start=\"1823\" data-end=\"1845\">Materialeinsparungen:<\/strong> Geringerer Rohrdurchmesser und weniger Fallrohr erforderlich<\/p>\n<\/li>\n<li data-start=\"1898\" data-end=\"1994\">\n<p data-start=\"1900\" data-end=\"1994\"><strong data-start=\"1900\" data-end=\"1921\">Platzeffizienz:<\/strong> Horizontale Rohre k\u00f6nnen ohne Gef\u00e4lle verlegt werden, Deckenfl\u00e4chen werden effizient genutzt.<\/p>\n<\/li>\n<li data-start=\"1995\" data-end=\"2074\">\n<p data-start=\"1997\" data-end=\"2074\"><strong data-start=\"1997\" data-end=\"2015\">Schnelle Evakuierung:<\/strong> Sichere Entladung auch bei pl\u00f6tzlichen Regenf\u00e4llen durch hohe Durchflussmenge<\/p>\n<\/li>\n<li data-start=\"2075\" data-end=\"2162\">\n<p data-start=\"2077\" data-end=\"2162\"><strong data-start=\"2077\" data-end=\"2104\">\u00c4sthetische und architektonische Harmonie:<\/strong> Kompatibilit\u00e4t mit moderner Architektur durch weniger sichtbare Rohrleitungen<\/p>\n<\/li>\n<li data-start=\"2163\" data-end=\"2247\">\n<p data-start=\"2165\" data-end=\"2247\"><strong data-start=\"2165\" data-end=\"2187\">Nachhaltigkeit:<\/strong> Erm\u00f6glicht die Speicherung und Wiederverwendung von Regenwasser<\/p>\n<\/li>\n<li data-start=\"2248\" data-end=\"2337\">\n<p data-start=\"2250\" data-end=\"2337\"><strong data-start=\"2250\" data-end=\"2271\">Kostenvorteil:<\/strong> Wirtschaftliche L\u00f6sungen mit weniger Material, Arbeitsaufwand und Installationszeit<\/p>\n<\/li>\n<\/ul>\n<h2 data-start=\"2344\" data-end=\"2366\">Anwendungsbereiche<\/h2>\n<ul data-start=\"2367\" data-end=\"2548\">\n<li data-start=\"2367\" data-end=\"2400\">\n<p data-start=\"2369\" data-end=\"2400\">Einkaufszentren und Handelszentren<\/p>\n<\/li>\n<li data-start=\"2401\" data-end=\"2439\">\n<p data-start=\"2403\" data-end=\"2439\">Industrieanlagen und Fabriken<\/p>\n<\/li>\n<li data-start=\"2440\" data-end=\"2472\">\n<p data-start=\"2442\" data-end=\"2472\">Sporthallen und Stadien<\/p>\n<\/li>\n<li data-start=\"2473\" data-end=\"2497\">\n<p data-start=\"2475\" data-end=\"2497\">Lagerhallen und Hangars<\/p>\n<\/li>\n<li data-start=\"2498\" data-end=\"2521\">\n<p data-start=\"2500\" data-end=\"2521\">Gro\u00dfe B\u00fcrogeb\u00e4ude<\/p>\n<\/li>\n<li data-start=\"2522\" data-end=\"2548\">\n<p data-start=\"2524\" data-end=\"2548\">Moderne Wohnprojekte<\/p>\n<\/li>\n<\/ul>\n<h2 data-start=\"2555\" data-end=\"2582\">Installation und Inbetriebnahme<\/h2>\n<ul data-start=\"2583\" data-end=\"2802\">\n<li data-start=\"2583\" data-end=\"2616\">\n<p data-start=\"2585\" data-end=\"2616\">Feldforschung und Bedarfsanalyse<\/p>\n<\/li>\n<li data-start=\"2617\" data-end=\"2672\">\n<p data-start=\"2619\" data-end=\"2672\">Korrekte Systemauslegung mit technischen Berechnungen<\/p>\n<\/li>\n<li data-start=\"2673\" data-end=\"2722\">\n<p data-start=\"2675\" data-end=\"2722\">Normgerechte Installation mit erfahrenen Teams<\/p>\n<\/li>\n<li data-start=\"2723\" data-end=\"2762\">\n<p data-start=\"2725\" data-end=\"2762\">Dichtheits- und Leistungstests<\/p>\n<\/li>\n<li data-start=\"2763\" data-end=\"2802\">\n<p data-start=\"2765\" data-end=\"2802\">Benutzerschulung und Bereitstellungsprozess<\/p>\n<\/li>\n<\/ul>\n<h2 data-start=\"2809\" data-end=\"2843\">Wartung und regelm\u00e4\u00dfige Kontrollen<\/h2>\n<ul data-start=\"2844\" data-end=\"3066\">\n<li data-start=\"2844\" data-end=\"2888\">\n<p data-start=\"2846\" data-end=\"2888\">Reinigung und Kontrolle von Druckstr\u00f6mungseinl\u00e4ufen<\/p>\n<\/li>\n<li data-start=\"2889\" data-end=\"2950\">\n<p data-start=\"2891\" data-end=\"2950\">Regelm\u00e4\u00dfige \u00dcberpr\u00fcfung der Rohrleitung und der Anschlussger\u00e4te<\/p>\n<\/li>\n<li data-start=\"2951\" data-end=\"3010\">\n<p data-start=\"2953\" data-end=\"3010\">Leistungsmessung und Berichterstattung zur Systemeffizienz<\/p>\n<\/li>\n<li data-start=\"3011\" data-end=\"3066\">\n<p data-start=\"3013\" data-end=\"3066\">Schnelles Eingreifen und Austausch von Teilen bei Bedarf<\/p>\n<\/li>\n<\/ul>\n<h2 data-start=\"3073\" data-end=\"3092\">Warum Inntech?<\/h2>\n<p data-start=\"3093\" data-end=\"3182\">Inntech bietet mit seinen erfahrenen Ingenieuren und seinem innovativen Ansatz f\u00fcr Siphon-Systeml\u00f6sungen:<\/p>\n<ul data-start=\"3183\" data-end=\"3420\">\n<li data-start=\"3183\" data-end=\"3247\">\n<p data-start=\"3185\" data-end=\"3247\">Richtet langlebige Systeme ein, die internationalen Standards entsprechen.<\/p>\n<\/li>\n<li data-start=\"3248\" data-end=\"3296\">\n<p data-start=\"3250\" data-end=\"3296\">F\u00fchrt projektspezifische technische Berechnungen durch<\/p>\n<\/li>\n<li data-start=\"3297\" data-end=\"3358\">\n<p data-start=\"3299\" data-end=\"3358\">Erm\u00f6glicht Einsparungen bei den Investitions- und Betriebskosten<\/p>\n<\/li>\n<li data-start=\"3359\" data-end=\"3420\">\n<p data-start=\"3361\" data-end=\"3420\">Bietet Vertrauen durch Wartungs- und Supportdienste nach der Lieferung<\/p>\n<\/li>\n<\/ul>\n<p data-start=\"3427\" data-end=\"3635\"><strong data-start=\"3427\" data-end=\"3463\">Inntech Siphon-Systeml\u00f6sungen<\/strong> Mit uns k\u00f6nnen Sie die Regenwasserableitung in Ihren Projekten effizient, sicher und nachhaltig gestalten. Kontaktieren Sie uns f\u00fcr detaillierte Informationen und ein Angebot.<\/p>\n<\/div><\/div><\/div><\/div><\/div><\/div><\/div><\/section>","protected":false},"excerpt":{"rendered":"Modern yap\u0131 projelerinde ya\u011fmur suyu tahliyesi, hem bina g\u00fcvenli\u011fi hem de s\u00fcrd\u00fcr\u00fclebilirlik a\u00e7\u0131s\u0131ndan kritik bir unsurdur. Geleneksel y\u00f6ntemlere k\u0131yasla \u00e7ok daha verimli \u00e7\u00f6z\u00fcmler sunan sifonik sistemler, b\u00fcy\u00fck \u00e7at\u0131 y\u00fczeylerinden ya\u011fmur suyunu h\u0131zl\u0131, g\u00fcvenli ve ekonomik \u015fekilde tahliye etmeyi sa\u011flar. Inntech olarak, uluslararas\u0131 standartlara uygun sifonik sistemlerin tasar\u0131m\u0131, montaj\u0131 ve bak\u0131m\u0131nda profesyonel m\u00fchendislik \u00e7\u00f6z\u00fcmleri sunuyoruz. Sifonik...","protected":false},"author":1,"featured_media":731,"parent":239,"menu_order":0,"comment_status":"closed","ping_status":"closed","template":"","meta":{"footnotes":""},"class_list":["post-862","page","type-page","status-publish","has-post-thumbnail","hentry"],"yoast_head":"<!-- This site is optimized with the Yoast SEO plugin v27.5 - https:\/\/yoast.com\/product\/yoast-seo-wordpress\/ -->\n<title>Sifonik Sistem - Inntech M\u00fchendislik<\/title>\n<meta name=\"robots\" content=\"index, follow, max-snippet:-1, max-image-preview:large, max-video-preview:-1\" \/>\n<link rel=\"canonical\" href=\"https:\/\/www.inntech.com.tr\/de\/mekanik\/sifonik-sistem\/\" \/>\n<meta property=\"og:locale\" content=\"de_DE\" \/>\n<meta property=\"og:type\" content=\"article\" \/>\n<meta property=\"og:title\" content=\"Sifonik Sistem - Inntech M\u00fchendislik\" \/>\n<meta property=\"og:url\" content=\"https:\/\/www.inntech.com.tr\/de\/mekanik\/sifonik-sistem\/\" \/>\n<meta property=\"og:site_name\" content=\"Inntech M\u00fchendislik\" \/>\n<meta property=\"og:image\" content=\"https:\/\/www.inntech.com.tr\/wp-content\/uploads\/2025\/08\/Sifonlama-sistemi_inntech.webp\" \/>\n\t<meta property=\"og:image:width\" content=\"2000\" \/>\n\t<meta property=\"og:image:height\" content=\"850\" \/>\n\t<meta property=\"og:image:type\" content=\"image\/webp\" \/>\n<meta name=\"twitter:card\" content=\"summary_large_image\" \/>\n<meta name=\"twitter:label1\" content=\"Gesch\u00e4tzte Lesezeit\" \/>\n\t<meta name=\"twitter:data1\" content=\"3\u00a0Minuten\" \/>\n<script type=\"application\/ld+json\" class=\"yoast-schema-graph\">{\"@context\":\"https:\\\/\\\/schema.org\",\"@graph\":[{\"@type\":\"WebPage\",\"@id\":\"https:\\\/\\\/www.inntech.com.tr\\\/mekanik\\\/sifonik-sistem\\\/\",\"url\":\"https:\\\/\\\/www.inntech.com.tr\\\/mekanik\\\/sifonik-sistem\\\/\",\"name\":\"Sifonik Sistem - Inntech M\u00fchendislik\",\"isPartOf\":{\"@id\":\"https:\\\/\\\/www.inntech.com.tr\\\/#website\"},\"primaryImageOfPage\":{\"@id\":\"https:\\\/\\\/www.inntech.com.tr\\\/mekanik\\\/sifonik-sistem\\\/#primaryimage\"},\"image\":{\"@id\":\"https:\\\/\\\/www.inntech.com.tr\\\/mekanik\\\/sifonik-sistem\\\/#primaryimage\"},\"thumbnailUrl\":\"https:\\\/\\\/www.inntech.com.tr\\\/wp-content\\\/uploads\\\/2025\\\/08\\\/Sifonlama-sistemi_inntech.webp\",\"datePublished\":\"2025-09-03T13:39:35+00:00\",\"breadcrumb\":{\"@id\":\"https:\\\/\\\/www.inntech.com.tr\\\/mekanik\\\/sifonik-sistem\\\/#breadcrumb\"},\"inLanguage\":\"de\",\"potentialAction\":[{\"@type\":\"ReadAction\",\"target\":[\"https:\\\/\\\/www.inntech.com.tr\\\/mekanik\\\/sifonik-sistem\\\/\"]}]},{\"@type\":\"ImageObject\",\"inLanguage\":\"de\",\"@id\":\"https:\\\/\\\/www.inntech.com.tr\\\/mekanik\\\/sifonik-sistem\\\/#primaryimage\",\"url\":\"https:\\\/\\\/www.inntech.com.tr\\\/wp-content\\\/uploads\\\/2025\\\/08\\\/Sifonlama-sistemi_inntech.webp\",\"contentUrl\":\"https:\\\/\\\/www.inntech.com.tr\\\/wp-content\\\/uploads\\\/2025\\\/08\\\/Sifonlama-sistemi_inntech.webp\",\"width\":2000,\"height\":850},{\"@type\":\"BreadcrumbList\",\"@id\":\"https:\\\/\\\/www.inntech.com.tr\\\/mekanik\\\/sifonik-sistem\\\/#breadcrumb\",\"itemListElement\":[{\"@type\":\"ListItem\",\"position\":1,\"name\":\"Anasayfa\",\"item\":\"https:\\\/\\\/www.inntech.com.tr\\\/\"},{\"@type\":\"ListItem\",\"position\":2,\"name\":\"Mekanik Tesisat\",\"item\":\"https:\\\/\\\/www.inntech.com.tr\\\/mekanik\\\/\"},{\"@type\":\"ListItem\",\"position\":3,\"name\":\"Sifonik Sistem\"}]},{\"@type\":\"WebSite\",\"@id\":\"https:\\\/\\\/www.inntech.com.tr\\\/#website\",\"url\":\"https:\\\/\\\/www.inntech.com.tr\\\/\",\"name\":\"Inntech M\u00fchendislik\",\"description\":\"\",\"potentialAction\":[{\"@type\":\"SearchAction\",\"target\":{\"@type\":\"EntryPoint\",\"urlTemplate\":\"https:\\\/\\\/www.inntech.com.tr\\\/?s={search_term_string}\"},\"query-input\":{\"@type\":\"PropertyValueSpecification\",\"valueRequired\":true,\"valueName\":\"search_term_string\"}}],\"inLanguage\":\"de\"}]}<\/script>\n<!-- \/ Yoast SEO plugin. -->","yoast_head_json":{"title":"Sifonik Sistem - Inntech M\u00fchendislik","robots":{"index":"index","follow":"follow","max-snippet":"max-snippet:-1","max-image-preview":"max-image-preview:large","max-video-preview":"max-video-preview:-1"},"canonical":"https:\/\/www.inntech.com.tr\/de\/mekanik\/sifonik-sistem\/","og_locale":"de_DE","og_type":"article","og_title":"Sifonik Sistem - Inntech M\u00fchendislik","og_url":"https:\/\/www.inntech.com.tr\/de\/mekanik\/sifonik-sistem\/","og_site_name":"Inntech M\u00fchendislik","og_image":[{"width":2000,"height":850,"url":"https:\/\/www.inntech.com.tr\/wp-content\/uploads\/2025\/08\/Sifonlama-sistemi_inntech.webp","type":"image\/webp"}],"twitter_card":"summary_large_image","twitter_misc":{"Gesch\u00e4tzte Lesezeit":"3\u00a0Minuten"},"schema":{"@context":"https:\/\/schema.org","@graph":[{"@type":"WebPage","@id":"https:\/\/www.inntech.com.tr\/mekanik\/sifonik-sistem\/","url":"https:\/\/www.inntech.com.tr\/mekanik\/sifonik-sistem\/","name":"Sifonik Sistem - Inntech M\u00fchendislik","isPartOf":{"@id":"https:\/\/www.inntech.com.tr\/#website"},"primaryImageOfPage":{"@id":"https:\/\/www.inntech.com.tr\/mekanik\/sifonik-sistem\/#primaryimage"},"image":{"@id":"https:\/\/www.inntech.com.tr\/mekanik\/sifonik-sistem\/#primaryimage"},"thumbnailUrl":"https:\/\/www.inntech.com.tr\/wp-content\/uploads\/2025\/08\/Sifonlama-sistemi_inntech.webp","datePublished":"2025-09-03T13:39:35+00:00","breadcrumb":{"@id":"https:\/\/www.inntech.com.tr\/mekanik\/sifonik-sistem\/#breadcrumb"},"inLanguage":"de","potentialAction":[{"@type":"ReadAction","target":["https:\/\/www.inntech.com.tr\/mekanik\/sifonik-sistem\/"]}]},{"@type":"ImageObject","inLanguage":"de","@id":"https:\/\/www.inntech.com.tr\/mekanik\/sifonik-sistem\/#primaryimage","url":"https:\/\/www.inntech.com.tr\/wp-content\/uploads\/2025\/08\/Sifonlama-sistemi_inntech.webp","contentUrl":"https:\/\/www.inntech.com.tr\/wp-content\/uploads\/2025\/08\/Sifonlama-sistemi_inntech.webp","width":2000,"height":850},{"@type":"BreadcrumbList","@id":"https:\/\/www.inntech.com.tr\/mekanik\/sifonik-sistem\/#breadcrumb","itemListElement":[{"@type":"ListItem","position":1,"name":"Anasayfa","item":"https:\/\/www.inntech.com.tr\/"},{"@type":"ListItem","position":2,"name":"Mekanik Tesisat","item":"https:\/\/www.inntech.com.tr\/mekanik\/"},{"@type":"ListItem","position":3,"name":"Sifonik Sistem"}]},{"@type":"WebSite","@id":"https:\/\/www.inntech.com.tr\/#website","url":"https:\/\/www.inntech.com.tr\/","name":"Inntech M\u00fchendislik","description":"","potentialAction":[{"@type":"SearchAction","target":{"@type":"EntryPoint","urlTemplate":"https:\/\/www.inntech.com.tr\/?s={search_term_string}"},"query-input":{"@type":"PropertyValueSpecification","valueRequired":true,"valueName":"search_term_string"}}],"inLanguage":"de"}]}},"_links":{"self":[{"href":"https:\/\/www.inntech.com.tr\/de\/wp-json\/wp\/v2\/pages\/862","targetHints":{"allow":["GET"]}}],"collection":[{"href":"https:\/\/www.inntech.com.tr\/de\/wp-json\/wp\/v2\/pages"}],"about":[{"href":"https:\/\/www.inntech.com.tr\/de\/wp-json\/wp\/v2\/types\/page"}],"author":[{"embeddable":true,"href":"https:\/\/www.inntech.com.tr\/de\/wp-json\/wp\/v2\/users\/1"}],"replies":[{"embeddable":true,"href":"https:\/\/www.inntech.com.tr\/de\/wp-json\/wp\/v2\/comments?post=862"}],"version-history":[{"count":1,"href":"https:\/\/www.inntech.com.tr\/de\/wp-json\/wp\/v2\/pages\/862\/revisions"}],"predecessor-version":[{"id":863,"href":"https:\/\/www.inntech.com.tr\/de\/wp-json\/wp\/v2\/pages\/862\/revisions\/863"}],"up":[{"embeddable":true,"href":"https:\/\/www.inntech.com.tr\/de\/wp-json\/wp\/v2\/pages\/239"}],"wp:featuredmedia":[{"embeddable":true,"href":"https:\/\/www.inntech.com.tr\/de\/wp-json\/wp\/v2\/media\/731"}],"wp:attachment":[{"href":"https:\/\/www.inntech.com.tr\/de\/wp-json\/wp\/v2\/media?parent=862"}],"curies":[{"name":"wp","href":"https:\/\/api.w.org\/{rel}","templated":true}]}}