{"id":411,"date":"2025-08-12T09:22:47","date_gmt":"2025-08-12T06:22:47","guid":{"rendered":"https:\/\/www.beta2.lf.com.tr\/?page_id=411"},"modified":"2025-08-12T10:09:08","modified_gmt":"2025-08-12T07:09:08","slug":"iklimlendirme-tesisati","status":"publish","type":"page","link":"https:\/\/www.inntech.com.tr\/en\/mekanik\/iklimlendirme-tesisati\/","title":{"rendered":"Air Conditioning Installation"},"content":{"rendered":"<section class=\"l-section wpb_row height_medium\"><div class=\"l-section-h i-cf\"><div class=\"g-cols vc_row via_flex valign_top type_default stacking_default\"><div class=\"vc_col-sm-12 wpb_column vc_column_container\"><div class=\"vc_column-inner\"><div class=\"wpb_wrapper\"><div class=\"wpb_text_column\"><div class=\"wpb_wrapper\"><h2 data-start=\"36\" data-end=\"415\"><strong>Air Conditioning Installation<\/strong><\/h2>\n<p data-start=\"36\" data-end=\"415\">Air conditioning is a vital mechanical system that directly impacts comfort and health by maintaining the desired temperature, humidity, and air quality of indoor spaces. At Inntech, we offer comprehensive services in the design, installation, and maintenance of energy-efficient and environmentally friendly air conditioning systems tailored to your needs, using modern technology and engineering solutions.<\/p>\n<h2 data-start=\"417\" data-end=\"436\">Scope of Service<\/h2>\n<ul data-start=\"437\" data-end=\"1067\">\n<li data-start=\"437\" data-end=\"505\">\n<p data-start=\"439\" data-end=\"505\">Needs analysis and determination of indoor comfort parameters<\/p>\n<\/li>\n<li data-start=\"506\" data-end=\"595\">\n<p data-start=\"508\" data-end=\"595\">Preliminary project and detailed engineering design (load calculations, air flow rates, humidity control)<\/p>\n<\/li>\n<li data-start=\"596\" data-end=\"694\">\n<p data-start=\"598\" data-end=\"694\">Central and local air conditioning systems design (VRF\/VRV, split air conditioner, rooftop, chiller systems)<\/p>\n<\/li>\n<li data-start=\"695\" data-end=\"748\">\n<p data-start=\"697\" data-end=\"748\">Air distribution systems and ducting engineering<\/p>\n<\/li>\n<li data-start=\"749\" data-end=\"804\">\n<p data-start=\"751\" data-end=\"804\">Dehumidification, humidity control and air filtration solutions<\/p>\n<\/li>\n<li data-start=\"805\" data-end=\"873\">\n<p data-start=\"807\" data-end=\"873\">Cooling towers, fan coil units and heat pump integration<\/p>\n<\/li>\n<li data-start=\"874\" data-end=\"942\">\n<p data-start=\"876\" data-end=\"942\">BMS\/SCADA integration, sensor-based control and remote monitoring<\/p>\n<\/li>\n<li data-start=\"943\" data-end=\"997\">\n<p data-start=\"945\" data-end=\"997\">Assembly, balancing, testing and commissioning services<\/p>\n<\/li>\n<li data-start=\"998\" data-end=\"1067\">\n<p data-start=\"1000\" data-end=\"1067\">Periodic maintenance, fault detection and energy performance optimization<\/p>\n<\/li>\n<\/ul>\n<h2 data-start=\"1069\" data-end=\"1092\">System Components<\/h2>\n<ul data-start=\"1093\" data-end=\"1599\">\n<li data-start=\"1093\" data-end=\"1179\">\n<p data-start=\"1095\" data-end=\"1179\"><strong data-start=\"1095\" data-end=\"1117\">Cooling units:<\/strong> Chiller, rooftop, VRF\/VRV systems, split air conditioners<\/p>\n<\/li>\n<li data-start=\"1180\" data-end=\"1257\">\n<p data-start=\"1182\" data-end=\"1257\"><strong data-start=\"1182\" data-end=\"1210\">Air distribution elements:<\/strong> Ducts, diffusers, grilles and dampers<\/p>\n<\/li>\n<li data-start=\"1258\" data-end=\"1340\">\n<p data-start=\"1260\" data-end=\"1340\"><strong data-start=\"1260\" data-end=\"1287\">Humidity control systems:<\/strong> Dehumidifiers, hygrostats and humidity sensors<\/p>\n<\/li>\n<li data-start=\"1341\" data-end=\"1419\">\n<p data-start=\"1343\" data-end=\"1419\"><strong data-start=\"1343\" data-end=\"1369\">Filtration systems:<\/strong> Particle, activated carbon and HEPA filter solutions<\/p>\n<\/li>\n<li data-start=\"1420\" data-end=\"1516\">\n<p data-start=\"1422\" data-end=\"1516\"><strong data-start=\"1422\" data-end=\"1454\">Heat recovery systems:<\/strong> Energy-saving heat exchangers and recuperators<\/p>\n<\/li>\n<li data-start=\"1517\" data-end=\"1599\">\n<p data-start=\"1519\" data-end=\"1599\"><strong data-start=\"1519\" data-end=\"1544\">Control and automation:<\/strong> Thermostats, sensors and central control panels<\/p>\n<\/li>\n<\/ul>\n<h2 data-start=\"1601\" data-end=\"1639\">Design Principles and Dimensioning<\/h2>\n<ul data-start=\"1640\" data-end=\"2052\">\n<li data-start=\"1640\" data-end=\"1768\">\n<p data-start=\"1642\" data-end=\"1768\">Determining the correct temperature and humidity parameters, taking into account the purpose of use of the spaces and user comfort.<\/p>\n<\/li>\n<li data-start=\"1769\" data-end=\"1843\">\n<p data-start=\"1771\" data-end=\"1843\">Precise calculation of heat load, cooling load and air change rates<\/p>\n<\/li>\n<li data-start=\"1844\" data-end=\"1930\">\n<p data-start=\"1846\" data-end=\"1930\">Selection of equipment in accordance with energy efficiency and environmental sustainability criteria<\/p>\n<\/li>\n<li data-start=\"1931\" data-end=\"1990\">\n<p data-start=\"1933\" data-end=\"1990\">Acoustic comfort, airflow distribution and design aesthetics<\/p>\n<\/li>\n<li data-start=\"1991\" data-end=\"2052\">\n<p data-start=\"1993\" data-end=\"2052\">Compliance with legislation and meticulous implementation of standards<\/p>\n<\/li>\n<\/ul>\n<h2 data-start=\"2054\" data-end=\"2093\">Energy Efficiency and Optimization<\/h2>\n<ul data-start=\"2094\" data-end=\"2364\">\n<li data-start=\"2094\" data-end=\"2153\">\n<p data-start=\"2096\" data-end=\"2153\">Use of high efficiency inverter controlled systems<\/p>\n<\/li>\n<li data-start=\"2154\" data-end=\"2219\">\n<p data-start=\"2156\" data-end=\"2219\">Saving energy with heat recovery applications<\/p>\n<\/li>\n<li data-start=\"2220\" data-end=\"2284\">\n<p data-start=\"2222\" data-end=\"2284\">Demand-based control systems and sensor-based automation<\/p>\n<\/li>\n<li data-start=\"2285\" data-end=\"2364\">\n<p data-start=\"2287\" data-end=\"2364\">Minimizing energy consumption with regular maintenance and performance monitoring<\/p>\n<\/li>\n<\/ul>\n<h2 data-start=\"2366\" data-end=\"2392\">Security and Compliance<\/h2>\n<ul data-start=\"2393\" data-end=\"2682\">\n<li data-start=\"2393\" data-end=\"2460\">\n<p data-start=\"2395\" data-end=\"2460\">Materials and applications complying with international and local standards<\/p>\n<\/li>\n<li data-start=\"2461\" data-end=\"2561\">\n<p data-start=\"2463\" data-end=\"2561\">Gas emissions, safe use of refrigerants and minimizing environmental impacts<\/p>\n<\/li>\n<li data-start=\"2562\" data-end=\"2623\">\n<p data-start=\"2564\" data-end=\"2623\">Integration of fire safety and smoke control systems<\/p>\n<\/li>\n<li data-start=\"2624\" data-end=\"2682\">\n<p data-start=\"2626\" data-end=\"2682\">Training programs for users and operating personnel<\/p>\n<\/li>\n<\/ul>\n<h2 data-start=\"2684\" data-end=\"2717\">Assembly, Testing and Commissioning<\/h2>\n<ul data-start=\"2718\" data-end=\"2947\">\n<li data-start=\"2718\" data-end=\"2784\">\n<p data-start=\"2720\" data-end=\"2784\">Professional field installation, material and workmanship quality control<\/p>\n<\/li>\n<li data-start=\"2785\" data-end=\"2840\">\n<p data-start=\"2787\" data-end=\"2840\">System balancing, air flow measurements and settings<\/p>\n<\/li>\n<li data-start=\"2841\" data-end=\"2893\">\n<p data-start=\"2843\" data-end=\"2893\">Performance tests and user acceptance processes<\/p>\n<\/li>\n<li data-start=\"2894\" data-end=\"2947\">\n<p data-start=\"2896\" data-end=\"2947\">Detailed technical documentation and training services<\/p>\n<\/li>\n<\/ul>\n<h2 data-start=\"2949\" data-end=\"2984\">Maintenance &amp; Lifecycle Management<\/h2>\n<ul data-start=\"2985\" data-end=\"3215\">\n<li data-start=\"2985\" data-end=\"3061\">\n<p data-start=\"2987\" data-end=\"3061\">Sustainability of system performance with periodic maintenance programs<\/p>\n<\/li>\n<li data-start=\"3062\" data-end=\"3117\">\n<p data-start=\"3064\" data-end=\"3117\">Rapid fault detection, intervention and spare parts supply<\/p>\n<\/li>\n<li data-start=\"3118\" data-end=\"3168\">\n<p data-start=\"3120\" data-end=\"3168\">Performance analysis and improvement suggestions<\/p>\n<\/li>\n<li data-start=\"3169\" data-end=\"3215\">\n<p data-start=\"3171\" data-end=\"3215\">Modernization and system renewal solutions<\/p>\n<\/li>\n<\/ul>\n<h2 data-start=\"3217\" data-end=\"3242\">Sectoral Applications<\/h2>\n<p data-start=\"3243\" data-end=\"3327\">Inntech offers special air conditioning solutions according to the needs of different sectors:<\/p>\n<ul data-start=\"3328\" data-end=\"3487\">\n<li data-start=\"3328\" data-end=\"3355\">\n<p data-start=\"3330\" data-end=\"3355\">Commercial and office buildings<\/p>\n<\/li>\n<li data-start=\"3356\" data-end=\"3394\">\n<p data-start=\"3358\" data-end=\"3394\">Healthcare facilities and laboratories<\/p>\n<\/li>\n<li data-start=\"3395\" data-end=\"3426\">\n<p data-start=\"3397\" data-end=\"3426\">Industrial process areas<\/p>\n<\/li>\n<li data-start=\"3427\" data-end=\"3446\">\n<p data-start=\"3429\" data-end=\"3446\">Data centers<\/p>\n<\/li>\n<li data-start=\"3447\" data-end=\"3467\">\n<p data-start=\"3449\" data-end=\"3467\">Educational institutions<\/p>\n<\/li>\n<li data-start=\"3468\" data-end=\"3487\">\n<p data-start=\"3470\" data-end=\"3487\">Housing projects<\/p>\n<\/li>\n<\/ul>\n<h2 data-start=\"3489\" data-end=\"3518\">Project Process \u2014 Step by Step<\/h2>\n<ol data-start=\"3519\" data-end=\"3781\">\n<li data-start=\"3519\" data-end=\"3548\">\n<p data-start=\"3522\" data-end=\"3548\">Needs analysis and discovery<\/p>\n<\/li>\n<li data-start=\"3549\" data-end=\"3584\">\n<p data-start=\"3552\" data-end=\"3584\">Preliminary design and proposal preparation<\/p>\n<\/li>\n<li data-start=\"3585\" data-end=\"3627\">\n<p data-start=\"3588\" data-end=\"3627\">Detailed engineering and equipment selection<\/p>\n<\/li>\n<li data-start=\"3628\" data-end=\"3663\">\n<p data-start=\"3631\" data-end=\"3663\">Material supply and field installation<\/p>\n<\/li>\n<li data-start=\"3664\" data-end=\"3700\">\n<p data-start=\"3667\" data-end=\"3700\">Testing, balancing and commissioning<\/p>\n<\/li>\n<li data-start=\"3701\" data-end=\"3739\">\n<p data-start=\"3704\" data-end=\"3739\">Delivery, training and documentation<\/p>\n<\/li>\n<li data-start=\"3740\" data-end=\"3781\">\n<p data-start=\"3743\" data-end=\"3781\">Periodic maintenance and performance monitoring<\/p>\n<\/li>\n<\/ol>\n<h2 data-start=\"3783\" data-end=\"3802\">Why Inntech?<\/h2>\n<p data-start=\"3803\" data-end=\"3898\">Inntech prioritizes technical expertise, quality and customer satisfaction with its service approach:<\/p>\n<ul data-start=\"3899\" data-end=\"4112\">\n<li data-start=\"3899\" data-end=\"3988\">\n<p data-start=\"3901\" data-end=\"3988\">Offers energy efficient and sustainable air conditioning solutions tailored to your needs.<\/p>\n<\/li>\n<li data-start=\"3989\" data-end=\"4041\">\n<p data-start=\"3991\" data-end=\"4041\">Provides transparency and coordination throughout the project process<\/p>\n<\/li>\n<li data-start=\"4042\" data-end=\"4112\">\n<p data-start=\"4044\" data-end=\"4112\">We are at your service with post-delivery maintenance and technical support services.<\/p>\n<\/li>\n<\/ul>\n<\/div><\/div><\/div><\/div><\/div><\/div><\/div><\/section>","protected":false},"excerpt":{"rendered":"\u0130klimlendirme Tesisat\u0131 \u0130klimlendirme tesisat\u0131, i\u00e7 mek\u00e2nlar\u0131n s\u0131cakl\u0131k, nem ve hava kalitesini istenen seviyede tutarak konforu ve sa\u011fl\u0131\u011f\u0131 do\u011frudan etkileyen hayati bir mekanik sistemdir. Inntech olarak, modern teknoloji ve m\u00fchendislik \u00e7\u00f6z\u00fcmleriyle ihtiyac\u0131n\u0131za uygun, enerji verimlili\u011fi y\u00fcksek ve \u00e7evre dostu iklimlendirme sistemlerinin tasar\u0131m, kurulum ve bak\u0131m s\u00fcre\u00e7lerinde kapsaml\u0131 hizmet sunuyoruz. Hizmet Kapsam\u0131 \u0130htiya\u00e7 analizi ve i\u00e7 ortam...","protected":false},"author":1,"featured_media":398,"parent":239,"menu_order":0,"comment_status":"closed","ping_status":"closed","template":"","meta":{"footnotes":""},"class_list":["post-411","page","type-page","status-publish","has-post-thumbnail","hentry"],"yoast_head":"<!-- This site is optimized with the Yoast SEO plugin v27.5 - https:\/\/yoast.com\/product\/yoast-seo-wordpress\/ -->\n<title>\u0130klimlendirme Tesisat\u0131 - Inntech M\u00fchendislik<\/title>\n<meta name=\"robots\" content=\"index, follow, max-snippet:-1, max-image-preview:large, max-video-preview:-1\" \/>\n<link rel=\"canonical\" href=\"https:\/\/www.inntech.com.tr\/en\/mekanik\/iklimlendirme-tesisati\/\" \/>\n<meta property=\"og:locale\" content=\"en_US\" \/>\n<meta property=\"og:type\" content=\"article\" \/>\n<meta property=\"og:title\" content=\"\u0130klimlendirme Tesisat\u0131 - Inntech M\u00fchendislik\" \/>\n<meta property=\"og:url\" content=\"https:\/\/www.inntech.com.tr\/en\/mekanik\/iklimlendirme-tesisati\/\" \/>\n<meta property=\"og:site_name\" content=\"Inntech M\u00fchendislik\" \/>\n<meta property=\"article:modified_time\" content=\"2025-08-12T07:09:08+00:00\" \/>\n<meta property=\"og:image\" content=\"https:\/\/www.inntech.com.tr\/wp-content\/uploads\/2025\/08\/iklimlenidrme-tesisati__.jpg\" \/>\n\t<meta property=\"og:image:width\" content=\"1000\" \/>\n\t<meta property=\"og:image:height\" content=\"1100\" \/>\n\t<meta property=\"og:image:type\" content=\"image\/jpeg\" \/>\n<meta name=\"twitter:card\" content=\"summary_large_image\" \/>\n<meta name=\"twitter:label1\" content=\"Est. reading time\" \/>\n\t<meta name=\"twitter:data1\" content=\"4 minutes\" \/>\n<script type=\"application\/ld+json\" class=\"yoast-schema-graph\">{\"@context\":\"https:\\\/\\\/schema.org\",\"@graph\":[{\"@type\":\"WebPage\",\"@id\":\"https:\\\/\\\/www.inntech.com.tr\\\/mekanik\\\/iklimlendirme-tesisati\\\/\",\"url\":\"https:\\\/\\\/www.inntech.com.tr\\\/mekanik\\\/iklimlendirme-tesisati\\\/\",\"name\":\"\u0130klimlendirme Tesisat\u0131 - Inntech M\u00fchendislik\",\"isPartOf\":{\"@id\":\"https:\\\/\\\/www.inntech.com.tr\\\/#website\"},\"primaryImageOfPage\":{\"@id\":\"https:\\\/\\\/www.inntech.com.tr\\\/mekanik\\\/iklimlendirme-tesisati\\\/#primaryimage\"},\"image\":{\"@id\":\"https:\\\/\\\/www.inntech.com.tr\\\/mekanik\\\/iklimlendirme-tesisati\\\/#primaryimage\"},\"thumbnailUrl\":\"https:\\\/\\\/www.inntech.com.tr\\\/wp-content\\\/uploads\\\/2025\\\/08\\\/iklimlenidrme-tesisati__.jpg\",\"datePublished\":\"2025-08-12T06:22:47+00:00\",\"dateModified\":\"2025-08-12T07:09:08+00:00\",\"breadcrumb\":{\"@id\":\"https:\\\/\\\/www.inntech.com.tr\\\/mekanik\\\/iklimlendirme-tesisati\\\/#breadcrumb\"},\"inLanguage\":\"en-US\",\"potentialAction\":[{\"@type\":\"ReadAction\",\"target\":[\"https:\\\/\\\/www.inntech.com.tr\\\/mekanik\\\/iklimlendirme-tesisati\\\/\"]}]},{\"@type\":\"ImageObject\",\"inLanguage\":\"en-US\",\"@id\":\"https:\\\/\\\/www.inntech.com.tr\\\/mekanik\\\/iklimlendirme-tesisati\\\/#primaryimage\",\"url\":\"https:\\\/\\\/www.inntech.com.tr\\\/wp-content\\\/uploads\\\/2025\\\/08\\\/iklimlenidrme-tesisati__.jpg\",\"contentUrl\":\"https:\\\/\\\/www.inntech.com.tr\\\/wp-content\\\/uploads\\\/2025\\\/08\\\/iklimlenidrme-tesisati__.jpg\",\"width\":1000,\"height\":1100},{\"@type\":\"BreadcrumbList\",\"@id\":\"https:\\\/\\\/www.inntech.com.tr\\\/mekanik\\\/iklimlendirme-tesisati\\\/#breadcrumb\",\"itemListElement\":[{\"@type\":\"ListItem\",\"position\":1,\"name\":\"Anasayfa\",\"item\":\"https:\\\/\\\/www.inntech.com.tr\\\/\"},{\"@type\":\"ListItem\",\"position\":2,\"name\":\"Mekanik Tesisat\",\"item\":\"https:\\\/\\\/www.inntech.com.tr\\\/mekanik\\\/\"},{\"@type\":\"ListItem\",\"position\":3,\"name\":\"\u0130klimlendirme Tesisat\u0131\"}]},{\"@type\":\"WebSite\",\"@id\":\"https:\\\/\\\/www.inntech.com.tr\\\/#website\",\"url\":\"https:\\\/\\\/www.inntech.com.tr\\\/\",\"name\":\"Inntech M\u00fchendislik\",\"description\":\"\",\"potentialAction\":[{\"@type\":\"SearchAction\",\"target\":{\"@type\":\"EntryPoint\",\"urlTemplate\":\"https:\\\/\\\/www.inntech.com.tr\\\/?s={search_term_string}\"},\"query-input\":{\"@type\":\"PropertyValueSpecification\",\"valueRequired\":true,\"valueName\":\"search_term_string\"}}],\"inLanguage\":\"en-US\"}]}<\/script>\n<!-- \/ Yoast SEO plugin. -->","yoast_head_json":{"title":"\u0130klimlendirme Tesisat\u0131 - Inntech M\u00fchendislik","robots":{"index":"index","follow":"follow","max-snippet":"max-snippet:-1","max-image-preview":"max-image-preview:large","max-video-preview":"max-video-preview:-1"},"canonical":"https:\/\/www.inntech.com.tr\/en\/mekanik\/iklimlendirme-tesisati\/","og_locale":"en_US","og_type":"article","og_title":"\u0130klimlendirme Tesisat\u0131 - Inntech M\u00fchendislik","og_url":"https:\/\/www.inntech.com.tr\/en\/mekanik\/iklimlendirme-tesisati\/","og_site_name":"Inntech M\u00fchendislik","article_modified_time":"2025-08-12T07:09:08+00:00","og_image":[{"width":1000,"height":1100,"url":"https:\/\/www.inntech.com.tr\/wp-content\/uploads\/2025\/08\/iklimlenidrme-tesisati__.jpg","type":"image\/jpeg"}],"twitter_card":"summary_large_image","twitter_misc":{"Est. reading time":"4 minutes"},"schema":{"@context":"https:\/\/schema.org","@graph":[{"@type":"WebPage","@id":"https:\/\/www.inntech.com.tr\/mekanik\/iklimlendirme-tesisati\/","url":"https:\/\/www.inntech.com.tr\/mekanik\/iklimlendirme-tesisati\/","name":"\u0130klimlendirme Tesisat\u0131 - Inntech M\u00fchendislik","isPartOf":{"@id":"https:\/\/www.inntech.com.tr\/#website"},"primaryImageOfPage":{"@id":"https:\/\/www.inntech.com.tr\/mekanik\/iklimlendirme-tesisati\/#primaryimage"},"image":{"@id":"https:\/\/www.inntech.com.tr\/mekanik\/iklimlendirme-tesisati\/#primaryimage"},"thumbnailUrl":"https:\/\/www.inntech.com.tr\/wp-content\/uploads\/2025\/08\/iklimlenidrme-tesisati__.jpg","datePublished":"2025-08-12T06:22:47+00:00","dateModified":"2025-08-12T07:09:08+00:00","breadcrumb":{"@id":"https:\/\/www.inntech.com.tr\/mekanik\/iklimlendirme-tesisati\/#breadcrumb"},"inLanguage":"en-US","potentialAction":[{"@type":"ReadAction","target":["https:\/\/www.inntech.com.tr\/mekanik\/iklimlendirme-tesisati\/"]}]},{"@type":"ImageObject","inLanguage":"en-US","@id":"https:\/\/www.inntech.com.tr\/mekanik\/iklimlendirme-tesisati\/#primaryimage","url":"https:\/\/www.inntech.com.tr\/wp-content\/uploads\/2025\/08\/iklimlenidrme-tesisati__.jpg","contentUrl":"https:\/\/www.inntech.com.tr\/wp-content\/uploads\/2025\/08\/iklimlenidrme-tesisati__.jpg","width":1000,"height":1100},{"@type":"BreadcrumbList","@id":"https:\/\/www.inntech.com.tr\/mekanik\/iklimlendirme-tesisati\/#breadcrumb","itemListElement":[{"@type":"ListItem","position":1,"name":"Anasayfa","item":"https:\/\/www.inntech.com.tr\/"},{"@type":"ListItem","position":2,"name":"Mekanik Tesisat","item":"https:\/\/www.inntech.com.tr\/mekanik\/"},{"@type":"ListItem","position":3,"name":"\u0130klimlendirme Tesisat\u0131"}]},{"@type":"WebSite","@id":"https:\/\/www.inntech.com.tr\/#website","url":"https:\/\/www.inntech.com.tr\/","name":"Inntech M\u00fchendislik","description":"","potentialAction":[{"@type":"SearchAction","target":{"@type":"EntryPoint","urlTemplate":"https:\/\/www.inntech.com.tr\/?s={search_term_string}"},"query-input":{"@type":"PropertyValueSpecification","valueRequired":true,"valueName":"search_term_string"}}],"inLanguage":"en-US"}]}},"_links":{"self":[{"href":"https:\/\/www.inntech.com.tr\/en\/wp-json\/wp\/v2\/pages\/411","targetHints":{"allow":["GET"]}}],"collection":[{"href":"https:\/\/www.inntech.com.tr\/en\/wp-json\/wp\/v2\/pages"}],"about":[{"href":"https:\/\/www.inntech.com.tr\/en\/wp-json\/wp\/v2\/types\/page"}],"author":[{"embeddable":true,"href":"https:\/\/www.inntech.com.tr\/en\/wp-json\/wp\/v2\/users\/1"}],"replies":[{"embeddable":true,"href":"https:\/\/www.inntech.com.tr\/en\/wp-json\/wp\/v2\/comments?post=411"}],"version-history":[{"count":2,"href":"https:\/\/www.inntech.com.tr\/en\/wp-json\/wp\/v2\/pages\/411\/revisions"}],"predecessor-version":[{"id":446,"href":"https:\/\/www.inntech.com.tr\/en\/wp-json\/wp\/v2\/pages\/411\/revisions\/446"}],"up":[{"embeddable":true,"href":"https:\/\/www.inntech.com.tr\/en\/wp-json\/wp\/v2\/pages\/239"}],"wp:featuredmedia":[{"embeddable":true,"href":"https:\/\/www.inntech.com.tr\/en\/wp-json\/wp\/v2\/media\/398"}],"wp:attachment":[{"href":"https:\/\/www.inntech.com.tr\/en\/wp-json\/wp\/v2\/media?parent=411"}],"curies":[{"name":"wp","href":"https:\/\/api.w.org\/{rel}","templated":true}]}}