{"id":481,"date":"2025-08-12T10:43:27","date_gmt":"2025-08-12T07:43:27","guid":{"rendered":"https:\/\/www.beta2.lf.com.tr\/?page_id=481"},"modified":"2025-08-12T10:43:27","modified_gmt":"2025-08-12T07:43:27","slug":"yangin-pompa-sistemi","status":"publish","type":"page","link":"https:\/\/www.inntech.com.tr\/en\/yangin-tesisati\/yangin-pompa-sistemi\/","title":{"rendered":"Fire Pump System"},"content":{"rendered":"<section class=\"l-section wpb_row height_medium\"><div class=\"l-section-h i-cf\"><div class=\"g-cols vc_row via_flex valign_top type_default stacking_default\"><div class=\"vc_col-sm-12 wpb_column vc_column_container\"><div class=\"vc_column-inner\"><div class=\"wpb_wrapper\"><div class=\"wpb_text_column\"><div class=\"wpb_wrapper\"><h2 data-start=\"37\" data-end=\"385\"><strong>Fire Pump System<\/strong><\/h2>\n<p data-start=\"37\" data-end=\"385\">Yang\u0131n pompa sistemleri, yang\u0131n an\u0131nda bina ve tesislerin yang\u0131n s\u00f6nd\u00fcrme sistemlerine yeterli ve s\u00fcrekli su bas\u0131nc\u0131 sa\u011flayarak yang\u0131nla m\u00fccadelede kritik bir rol oynar. Inntech olarak, y\u00fcksek performansl\u0131, g\u00fcvenilir ve standartlara tam uyumlu yang\u0131n pompa sistemlerinin tasar\u0131m\u0131, kurulumu, devreye al\u0131nmas\u0131 ve bak\u0131m\u0131nda uzman \u00e7\u00f6z\u00fcmler sunmaktay\u0131z.<\/p>\n<h2 data-start=\"387\" data-end=\"406\">Scope of Service<\/h2>\n<ul data-start=\"407\" data-end=\"1053\">\n<li data-start=\"407\" data-end=\"488\">\n<p data-start=\"409\" data-end=\"488\">Yang\u0131n risk analizi ve tesisin ihtiya\u00e7lar\u0131na uygun pompa sistemi belirlenmesi<\/p>\n<\/li>\n<li data-start=\"489\" data-end=\"577\">\n<p data-start=\"491\" data-end=\"577\">NFPA 20, TS EN 12845 ve ilgili yerel\/yabanc\u0131 standartlara uygun m\u00fchendislik tasar\u0131m\u0131<\/p>\n<\/li>\n<li data-start=\"578\" data-end=\"639\">\n<p data-start=\"580\" data-end=\"639\">Merkezi ve yard\u0131mc\u0131 pompa sistemlerinin projelendirilmesi<\/p>\n<\/li>\n<li data-start=\"640\" data-end=\"728\">\n<p data-start=\"642\" data-end=\"728\">Elektrik motorlu, dizel motorlu ve hibrit yang\u0131n pompalar\u0131n\u0131n se\u00e7imi ve entegrasyonu<\/p>\n<\/li>\n<li data-start=\"729\" data-end=\"794\">\n<p data-start=\"731\" data-end=\"794\">Pompa odas\u0131 tasar\u0131m\u0131, borulama ve vana sistemlerinin kurulumu<\/p>\n<\/li>\n<li data-start=\"795\" data-end=\"870\">\n<p data-start=\"797\" data-end=\"870\">Otomatik ve manuel kontrol panellerinin kurulumu ve sistem entegrasyonu<\/p>\n<\/li>\n<li data-start=\"871\" data-end=\"936\">\n<p data-start=\"873\" data-end=\"936\">Montaj, bas\u0131n\u00e7 ve performans testleri, devreye alma s\u00fcre\u00e7leri<\/p>\n<\/li>\n<li data-start=\"937\" data-end=\"1005\">\n<p data-start=\"939\" data-end=\"1005\">Periyodik bak\u0131m, ar\u0131za tespiti, pompa revizyonu ve teknik destek<\/p>\n<\/li>\n<li data-start=\"1006\" data-end=\"1053\">\n<p data-start=\"1008\" data-end=\"1053\">Operat\u00f6r e\u011fitimi ve kullan\u0131m dok\u00fcmantasyonu<\/p>\n<\/li>\n<\/ul>\n<h2 data-start=\"1055\" data-end=\"1078\">System Components<\/h2>\n<ul data-start=\"1079\" data-end=\"1551\">\n<li data-start=\"1079\" data-end=\"1172\">\n<p data-start=\"1081\" data-end=\"1172\"><strong data-start=\"1081\" data-end=\"1102\">Yang\u0131n Pompalar\u0131:<\/strong> Y\u00fcksek debi ve bas\u0131n\u00e7 sa\u011flayan elektrikli ve dizel motorlu pompalar<\/p>\n<\/li>\n<li data-start=\"1173\" data-end=\"1262\">\n<p data-start=\"1175\" data-end=\"1262\"><strong data-start=\"1175\" data-end=\"1197\">Control Panels:<\/strong> Otomatik ve manuel \u00e7al\u0131\u015fma modlar\u0131, alarm ve izleme sistemleri<\/p>\n<\/li>\n<li data-start=\"1263\" data-end=\"1345\">\n<p data-start=\"1265\" data-end=\"1345\"><strong data-start=\"1265\" data-end=\"1293\">Boru Hatlar\u0131 ve Vanalar:<\/strong> Pompa \u00e7\u0131k\u0131\u015f ve giri\u015flerinde g\u00fcvenilir ba\u011flant\u0131lar<\/p>\n<\/li>\n<li data-start=\"1346\" data-end=\"1452\">\n<p data-start=\"1348\" data-end=\"1452\"><strong data-start=\"1348\" data-end=\"1372\">Yard\u0131mc\u0131 Ekipmanlar:<\/strong> Bas\u0131n\u00e7 tanklar\u0131, motor koruma cihazlar\u0131, susturucular ve titre\u015fim \u00f6nleyiciler<\/p>\n<\/li>\n<li data-start=\"1453\" data-end=\"1551\">\n<p data-start=\"1455\" data-end=\"1551\"><strong data-start=\"1455\" data-end=\"1493\">Yang\u0131n Alarm ve \u0130zleme Sistemleri:<\/strong> Pompa durumu ve performans\u0131n\u0131 s\u00fcrekli izleyen sistemler<\/p>\n<\/li>\n<\/ul>\n<h2 data-start=\"1553\" data-end=\"1574\">Design Principles<\/h2>\n<ul data-start=\"1575\" data-end=\"1979\">\n<li data-start=\"1575\" data-end=\"1680\">\n<p data-start=\"1577\" data-end=\"1680\">Tesisin su ihtiyac\u0131, yang\u0131n risk s\u0131n\u0131f\u0131 ve yang\u0131n s\u00f6nd\u00fcrme sistemleri kapasitesine uygun pompa se\u00e7imi<\/p>\n<\/li>\n<li data-start=\"1681\" data-end=\"1777\">\n<p data-start=\"1683\" data-end=\"1777\">Pompa odas\u0131 tasar\u0131m\u0131nda eri\u015filebilirlik, havaland\u0131rma ve g\u00fcvenlik standartlar\u0131n\u0131n sa\u011flanmas\u0131<\/p>\n<\/li>\n<li data-start=\"1778\" data-end=\"1856\">\n<p data-start=\"1780\" data-end=\"1856\">Sistem yedeklili\u011fi ve ar\u0131za durumlar\u0131na kar\u015f\u0131 kesintisiz \u00e7al\u0131\u015fma garantisi<\/p>\n<\/li>\n<li data-start=\"1857\" data-end=\"1929\">\n<p data-start=\"1859\" data-end=\"1929\">Enerji verimlili\u011fi ve \u00e7evresel fakt\u00f6rlerin g\u00f6z \u00f6n\u00fcnde bulundurulmas\u0131<\/p>\n<\/li>\n<li data-start=\"1930\" data-end=\"1979\">\n<p data-start=\"1932\" data-end=\"1979\">Ensuring full compliance with legislation and standards<\/p>\n<\/li>\n<\/ul>\n<h2 data-start=\"1981\" data-end=\"2008\">Performance and Security<\/h2>\n<ul data-start=\"2009\" data-end=\"2274\">\n<li data-start=\"2009\" data-end=\"2075\">\n<p data-start=\"2011\" data-end=\"2075\">Y\u00fcksek performans ile yang\u0131n an\u0131nda yeterli su bas\u0131nc\u0131 sa\u011flama<\/p>\n<\/li>\n<li data-start=\"2076\" data-end=\"2142\">\n<p data-start=\"2078\" data-end=\"2142\">D\u00fczenli bak\u0131m ve testlerle sistem g\u00fcvenilirli\u011finin s\u00fcreklili\u011fi<\/p>\n<\/li>\n<li data-start=\"2143\" data-end=\"2209\">\n<p data-start=\"2145\" data-end=\"2209\">Acil durumlarda otomatik devreye alma ve uzaktan izleme imkan\u0131<\/p>\n<\/li>\n<li data-start=\"2210\" data-end=\"2274\">\n<p data-start=\"2212\" data-end=\"2274\">Operat\u00f6rlerin g\u00fcvenli ve etkin kullan\u0131m\u0131 i\u00e7in e\u011fitim deste\u011fi<\/p>\n<\/li>\n<\/ul>\n<h2 data-start=\"2276\" data-end=\"2309\">Assembly, Testing and Commissioning<\/h2>\n<ul data-start=\"2310\" data-end=\"2575\">\n<li data-start=\"2310\" data-end=\"2379\">\n<p data-start=\"2312\" data-end=\"2379\">Deneyimli ekipler taraf\u0131ndan standartlara uygun montaj ve kurulum<\/p>\n<\/li>\n<li data-start=\"2380\" data-end=\"2443\">\n<p data-start=\"2382\" data-end=\"2443\">Bas\u0131n\u00e7 testi, performans \u00f6l\u00e7\u00fcm\u00fc ve s\u0131zd\u0131rmazl\u0131k kontrolleri<\/p>\n<\/li>\n<li data-start=\"2444\" data-end=\"2520\">\n<p data-start=\"2446\" data-end=\"2520\">Sistem entegrasyonu ve fonksiyonel testlerin eksiksiz ger\u00e7ekle\u015ftirilmesi<\/p>\n<\/li>\n<li data-start=\"2521\" data-end=\"2575\">\n<p data-start=\"2523\" data-end=\"2575\">Kullan\u0131c\u0131 e\u011fitimi ve kapsaml\u0131 teknik dok\u00fcmantasyon<\/p>\n<\/li>\n<\/ul>\n<h2 data-start=\"2577\" data-end=\"2610\">Maintenance &amp; Periodic Checks<\/h2>\n<ul data-start=\"2611\" data-end=\"2821\">\n<li data-start=\"2611\" data-end=\"2653\">\n<p data-start=\"2613\" data-end=\"2653\">D\u00fczenli periyodik bak\u0131m ve kalibrasyon<\/p>\n<\/li>\n<li data-start=\"2654\" data-end=\"2710\">\n<p data-start=\"2656\" data-end=\"2710\">Ar\u0131za tespiti, pompa revizyonu ve yedek par\u00e7a temini<\/p>\n<\/li>\n<li data-start=\"2711\" data-end=\"2759\">\n<p data-start=\"2713\" data-end=\"2759\">Performans izleme ve iyile\u015ftirme \u00e7al\u0131\u015fmalar\u0131<\/p>\n<\/li>\n<li data-start=\"2760\" data-end=\"2821\">\n<p data-start=\"2762\" data-end=\"2821\">Mevzuat ve standart de\u011fi\u015fikliklerine uyumlu g\u00fcncellemeler<\/p>\n<\/li>\n<\/ul>\n<h2 data-start=\"2823\" data-end=\"2852\">Project Process \u2014 Step by Step<\/h2>\n<ol data-start=\"2853\" data-end=\"3133\">\n<li data-start=\"2853\" data-end=\"2887\">\n<p data-start=\"2856\" data-end=\"2887\">Tesis ve yang\u0131n riski analizi<\/p>\n<\/li>\n<li data-start=\"2888\" data-end=\"2932\">\n<p data-start=\"2891\" data-end=\"2932\">Pompa sistemi tasar\u0131m\u0131 ve teklif sunumu<\/p>\n<\/li>\n<li data-start=\"2933\" data-end=\"2987\">\n<p data-start=\"2936\" data-end=\"2987\">Detayl\u0131 m\u00fchendislik \u00e7al\u0131\u015fmalar\u0131 ve malzeme se\u00e7imi<\/p>\n<\/li>\n<li data-start=\"2988\" data-end=\"3022\">\n<p data-start=\"2991\" data-end=\"3022\">Assembly and system integration<\/p>\n<\/li>\n<li data-start=\"3023\" data-end=\"3066\">\n<p data-start=\"3026\" data-end=\"3066\">Testing, commissioning and user acceptance<\/p>\n<\/li>\n<li data-start=\"3067\" data-end=\"3095\">\n<p data-start=\"3070\" data-end=\"3095\">Training and documentation<\/p>\n<\/li>\n<li data-start=\"3096\" data-end=\"3133\">\n<p data-start=\"3099\" data-end=\"3133\">Periodic maintenance and technical support<\/p>\n<\/li>\n<\/ol>\n<h2 data-start=\"3135\" data-end=\"3154\">Why Inntech?<\/h2>\n<p data-start=\"3155\" data-end=\"3276\">Inntech; yang\u0131n pompa sistemlerinde uzman teknik kadrosu, kaliteli ekipman se\u00e7imi ve m\u00fc\u015fteri odakl\u0131 hizmet anlay\u0131\u015f\u0131yla:<\/p>\n<ul data-start=\"3277\" data-end=\"3476\">\n<li data-start=\"3277\" data-end=\"3354\">\n<p data-start=\"3279\" data-end=\"3354\">Size \u00f6zel, y\u00fcksek performansl\u0131 ve g\u00fcvenilir yang\u0131n pompa sistemleri sunar<\/p>\n<\/li>\n<li data-start=\"3355\" data-end=\"3407\">\n<p data-start=\"3357\" data-end=\"3407\">Provides transparency and coordination throughout the project process<\/p>\n<\/li>\n<li data-start=\"3408\" data-end=\"3476\">\n<p data-start=\"3410\" data-end=\"3476\">Post-delivery maintenance and technical support are with you at every stage.<\/p>\n<\/li>\n<\/ul>\n<\/div><\/div><\/div><\/div><\/div><\/div><\/div><\/section>","protected":false},"excerpt":{"rendered":"Yang\u0131n Pompa Sistemi Yang\u0131n pompa sistemleri, yang\u0131n an\u0131nda bina ve tesislerin yang\u0131n s\u00f6nd\u00fcrme sistemlerine yeterli ve s\u00fcrekli su bas\u0131nc\u0131 sa\u011flayarak yang\u0131nla m\u00fccadelede kritik bir rol oynar. Inntech olarak, y\u00fcksek performansl\u0131, g\u00fcvenilir ve standartlara tam uyumlu yang\u0131n pompa sistemlerinin tasar\u0131m\u0131, kurulumu, devreye al\u0131nmas\u0131 ve bak\u0131m\u0131nda uzman \u00e7\u00f6z\u00fcmler sunmaktay\u0131z. Hizmet Kapsam\u0131 Yang\u0131n risk analizi ve tesisin ihtiya\u00e7lar\u0131na...","protected":false},"author":1,"featured_media":464,"parent":254,"menu_order":0,"comment_status":"closed","ping_status":"closed","template":"","meta":{"footnotes":""},"class_list":["post-481","page","type-page","status-publish","has-post-thumbnail","hentry"],"yoast_head":"<!-- This site is optimized with the Yoast SEO plugin v27.5 - https:\/\/yoast.com\/product\/yoast-seo-wordpress\/ -->\n<title>Yang\u0131n Pompa Sistemi - Inntech M\u00fchendislik<\/title>\n<meta name=\"robots\" content=\"index, follow, max-snippet:-1, max-image-preview:large, max-video-preview:-1\" \/>\n<link rel=\"canonical\" href=\"https:\/\/www.inntech.com.tr\/en\/yangin-tesisati\/yangin-pompa-sistemi\/\" \/>\n<meta property=\"og:locale\" content=\"en_US\" \/>\n<meta property=\"og:type\" content=\"article\" \/>\n<meta property=\"og:title\" content=\"Yang\u0131n Pompa Sistemi - Inntech M\u00fchendislik\" \/>\n<meta property=\"og:url\" content=\"https:\/\/www.inntech.com.tr\/en\/yangin-tesisati\/yangin-pompa-sistemi\/\" \/>\n<meta property=\"og:site_name\" content=\"Inntech M\u00fchendislik\" \/>\n<meta property=\"og:image\" content=\"https:\/\/www.inntech.com.tr\/wp-content\/uploads\/2025\/08\/yangin-pompa-sistemi.jpg\" \/>\n\t<meta property=\"og:image:width\" content=\"1000\" \/>\n\t<meta property=\"og:image:height\" content=\"1100\" \/>\n\t<meta property=\"og:image:type\" content=\"image\/jpeg\" \/>\n<meta name=\"twitter:card\" content=\"summary_large_image\" \/>\n<meta name=\"twitter:label1\" content=\"Est. reading time\" \/>\n\t<meta name=\"twitter:data1\" content=\"3 minutes\" \/>\n<script type=\"application\/ld+json\" class=\"yoast-schema-graph\">{\"@context\":\"https:\\\/\\\/schema.org\",\"@graph\":[{\"@type\":\"WebPage\",\"@id\":\"https:\\\/\\\/www.inntech.com.tr\\\/yangin-tesisati\\\/yangin-pompa-sistemi\\\/\",\"url\":\"https:\\\/\\\/www.inntech.com.tr\\\/yangin-tesisati\\\/yangin-pompa-sistemi\\\/\",\"name\":\"Yang\u0131n Pompa Sistemi - Inntech M\u00fchendislik\",\"isPartOf\":{\"@id\":\"https:\\\/\\\/www.inntech.com.tr\\\/#website\"},\"primaryImageOfPage\":{\"@id\":\"https:\\\/\\\/www.inntech.com.tr\\\/yangin-tesisati\\\/yangin-pompa-sistemi\\\/#primaryimage\"},\"image\":{\"@id\":\"https:\\\/\\\/www.inntech.com.tr\\\/yangin-tesisati\\\/yangin-pompa-sistemi\\\/#primaryimage\"},\"thumbnailUrl\":\"https:\\\/\\\/www.inntech.com.tr\\\/wp-content\\\/uploads\\\/2025\\\/08\\\/yangin-pompa-sistemi.jpg\",\"datePublished\":\"2025-08-12T07:43:27+00:00\",\"breadcrumb\":{\"@id\":\"https:\\\/\\\/www.inntech.com.tr\\\/yangin-tesisati\\\/yangin-pompa-sistemi\\\/#breadcrumb\"},\"inLanguage\":\"en-US\",\"potentialAction\":[{\"@type\":\"ReadAction\",\"target\":[\"https:\\\/\\\/www.inntech.com.tr\\\/yangin-tesisati\\\/yangin-pompa-sistemi\\\/\"]}]},{\"@type\":\"ImageObject\",\"inLanguage\":\"en-US\",\"@id\":\"https:\\\/\\\/www.inntech.com.tr\\\/yangin-tesisati\\\/yangin-pompa-sistemi\\\/#primaryimage\",\"url\":\"https:\\\/\\\/www.inntech.com.tr\\\/wp-content\\\/uploads\\\/2025\\\/08\\\/yangin-pompa-sistemi.jpg\",\"contentUrl\":\"https:\\\/\\\/www.inntech.com.tr\\\/wp-content\\\/uploads\\\/2025\\\/08\\\/yangin-pompa-sistemi.jpg\",\"width\":1000,\"height\":1100},{\"@type\":\"BreadcrumbList\",\"@id\":\"https:\\\/\\\/www.inntech.com.tr\\\/yangin-tesisati\\\/yangin-pompa-sistemi\\\/#breadcrumb\",\"itemListElement\":[{\"@type\":\"ListItem\",\"position\":1,\"name\":\"Anasayfa\",\"item\":\"https:\\\/\\\/www.inntech.com.tr\\\/\"},{\"@type\":\"ListItem\",\"position\":2,\"name\":\"Yang\u0131n Tesisat\u0131\",\"item\":\"https:\\\/\\\/www.inntech.com.tr\\\/yangin-tesisati\\\/\"},{\"@type\":\"ListItem\",\"position\":3,\"name\":\"Yang\u0131n Pompa Sistemi\"}]},{\"@type\":\"WebSite\",\"@id\":\"https:\\\/\\\/www.inntech.com.tr\\\/#website\",\"url\":\"https:\\\/\\\/www.inntech.com.tr\\\/\",\"name\":\"Inntech M\u00fchendislik\",\"description\":\"\",\"potentialAction\":[{\"@type\":\"SearchAction\",\"target\":{\"@type\":\"EntryPoint\",\"urlTemplate\":\"https:\\\/\\\/www.inntech.com.tr\\\/?s={search_term_string}\"},\"query-input\":{\"@type\":\"PropertyValueSpecification\",\"valueRequired\":true,\"valueName\":\"search_term_string\"}}],\"inLanguage\":\"en-US\"}]}<\/script>\n<!-- \/ Yoast SEO plugin. -->","yoast_head_json":{"title":"Yang\u0131n Pompa Sistemi - Inntech M\u00fchendislik","robots":{"index":"index","follow":"follow","max-snippet":"max-snippet:-1","max-image-preview":"max-image-preview:large","max-video-preview":"max-video-preview:-1"},"canonical":"https:\/\/www.inntech.com.tr\/en\/yangin-tesisati\/yangin-pompa-sistemi\/","og_locale":"en_US","og_type":"article","og_title":"Yang\u0131n Pompa Sistemi - Inntech M\u00fchendislik","og_url":"https:\/\/www.inntech.com.tr\/en\/yangin-tesisati\/yangin-pompa-sistemi\/","og_site_name":"Inntech M\u00fchendislik","og_image":[{"width":1000,"height":1100,"url":"https:\/\/www.inntech.com.tr\/wp-content\/uploads\/2025\/08\/yangin-pompa-sistemi.jpg","type":"image\/jpeg"}],"twitter_card":"summary_large_image","twitter_misc":{"Est. reading time":"3 minutes"},"schema":{"@context":"https:\/\/schema.org","@graph":[{"@type":"WebPage","@id":"https:\/\/www.inntech.com.tr\/yangin-tesisati\/yangin-pompa-sistemi\/","url":"https:\/\/www.inntech.com.tr\/yangin-tesisati\/yangin-pompa-sistemi\/","name":"Yang\u0131n Pompa Sistemi - Inntech M\u00fchendislik","isPartOf":{"@id":"https:\/\/www.inntech.com.tr\/#website"},"primaryImageOfPage":{"@id":"https:\/\/www.inntech.com.tr\/yangin-tesisati\/yangin-pompa-sistemi\/#primaryimage"},"image":{"@id":"https:\/\/www.inntech.com.tr\/yangin-tesisati\/yangin-pompa-sistemi\/#primaryimage"},"thumbnailUrl":"https:\/\/www.inntech.com.tr\/wp-content\/uploads\/2025\/08\/yangin-pompa-sistemi.jpg","datePublished":"2025-08-12T07:43:27+00:00","breadcrumb":{"@id":"https:\/\/www.inntech.com.tr\/yangin-tesisati\/yangin-pompa-sistemi\/#breadcrumb"},"inLanguage":"en-US","potentialAction":[{"@type":"ReadAction","target":["https:\/\/www.inntech.com.tr\/yangin-tesisati\/yangin-pompa-sistemi\/"]}]},{"@type":"ImageObject","inLanguage":"en-US","@id":"https:\/\/www.inntech.com.tr\/yangin-tesisati\/yangin-pompa-sistemi\/#primaryimage","url":"https:\/\/www.inntech.com.tr\/wp-content\/uploads\/2025\/08\/yangin-pompa-sistemi.jpg","contentUrl":"https:\/\/www.inntech.com.tr\/wp-content\/uploads\/2025\/08\/yangin-pompa-sistemi.jpg","width":1000,"height":1100},{"@type":"BreadcrumbList","@id":"https:\/\/www.inntech.com.tr\/yangin-tesisati\/yangin-pompa-sistemi\/#breadcrumb","itemListElement":[{"@type":"ListItem","position":1,"name":"Anasayfa","item":"https:\/\/www.inntech.com.tr\/"},{"@type":"ListItem","position":2,"name":"Yang\u0131n Tesisat\u0131","item":"https:\/\/www.inntech.com.tr\/yangin-tesisati\/"},{"@type":"ListItem","position":3,"name":"Yang\u0131n Pompa Sistemi"}]},{"@type":"WebSite","@id":"https:\/\/www.inntech.com.tr\/#website","url":"https:\/\/www.inntech.com.tr\/","name":"Inntech M\u00fchendislik","description":"","potentialAction":[{"@type":"SearchAction","target":{"@type":"EntryPoint","urlTemplate":"https:\/\/www.inntech.com.tr\/?s={search_term_string}"},"query-input":{"@type":"PropertyValueSpecification","valueRequired":true,"valueName":"search_term_string"}}],"inLanguage":"en-US"}]}},"_links":{"self":[{"href":"https:\/\/www.inntech.com.tr\/en\/wp-json\/wp\/v2\/pages\/481","targetHints":{"allow":["GET"]}}],"collection":[{"href":"https:\/\/www.inntech.com.tr\/en\/wp-json\/wp\/v2\/pages"}],"about":[{"href":"https:\/\/www.inntech.com.tr\/en\/wp-json\/wp\/v2\/types\/page"}],"author":[{"embeddable":true,"href":"https:\/\/www.inntech.com.tr\/en\/wp-json\/wp\/v2\/users\/1"}],"replies":[{"embeddable":true,"href":"https:\/\/www.inntech.com.tr\/en\/wp-json\/wp\/v2\/comments?post=481"}],"version-history":[{"count":1,"href":"https:\/\/www.inntech.com.tr\/en\/wp-json\/wp\/v2\/pages\/481\/revisions"}],"predecessor-version":[{"id":482,"href":"https:\/\/www.inntech.com.tr\/en\/wp-json\/wp\/v2\/pages\/481\/revisions\/482"}],"up":[{"embeddable":true,"href":"https:\/\/www.inntech.com.tr\/en\/wp-json\/wp\/v2\/pages\/254"}],"wp:featuredmedia":[{"embeddable":true,"href":"https:\/\/www.inntech.com.tr\/en\/wp-json\/wp\/v2\/media\/464"}],"wp:attachment":[{"href":"https:\/\/www.inntech.com.tr\/en\/wp-json\/wp\/v2\/media?parent=481"}],"curies":[{"name":"wp","href":"https:\/\/api.w.org\/{rel}","templated":true}]}}