{"id":862,"date":"2025-09-03T16:39:35","date_gmt":"2025-09-03T13:39:35","guid":{"rendered":"https:\/\/www.beta2.lf.com.tr\/?page_id=862"},"modified":"2025-09-03T16:39:35","modified_gmt":"2025-09-03T13:39:35","slug":"sifonik-sistem","status":"publish","type":"page","link":"https:\/\/www.inntech.com.tr\/en\/mekanik\/sifonik-sistem\/","title":{"rendered":"Siphonic System"},"content":{"rendered":"<section class=\"l-section wpb_row height_medium\"><div class=\"l-section-h i-cf\"><div class=\"g-cols vc_row via_flex valign_top type_default stacking_default\"><div class=\"vc_col-sm-12 wpb_column vc_column_container\"><div class=\"vc_column-inner\"><div class=\"wpb_wrapper\"><div class=\"wpb_text_column\"><div class=\"wpb_wrapper\"><p data-start=\"33\" data-end=\"483\">Modern yap\u0131 projelerinde ya\u011fmur suyu tahliyesi, hem bina g\u00fcvenli\u011fi hem de s\u00fcrd\u00fcr\u00fclebilirlik a\u00e7\u0131s\u0131ndan kritik bir unsurdur. Geleneksel y\u00f6ntemlere k\u0131yasla \u00e7ok daha verimli \u00e7\u00f6z\u00fcmler sunan <strong data-start=\"218\" data-end=\"239\">sifonik sistemler<\/strong>, b\u00fcy\u00fck \u00e7at\u0131 y\u00fczeylerinden ya\u011fmur suyunu h\u0131zl\u0131, g\u00fcvenli ve ekonomik \u015fekilde tahliye etmeyi sa\u011flar. Inntech olarak, uluslararas\u0131 standartlara uygun sifonik sistemlerin tasar\u0131m\u0131, montaj\u0131 ve bak\u0131m\u0131nda profesyonel m\u00fchendislik \u00e7\u00f6z\u00fcmleri sunuyoruz.<\/p>\n<h2 data-start=\"490\" data-end=\"516\">Sifonik Sistem Nedir?<\/h2>\n<p data-start=\"517\" data-end=\"840\">Sifonik sistem, \u00e7at\u0131 y\u00fczeyinde biriken ya\u011fmur suyunun boru hatt\u0131nda <strong data-start=\"585\" data-end=\"617\">tam dolu ak\u0131\u015f (sifon etkisi)<\/strong> olu\u015fturularak, daha az boru \u00e7ap\u0131 ve e\u011fime ihtiya\u00e7 duymadan y\u00fcksek h\u0131zla tahliye edilmesini sa\u011flayan yenilik\u00e7i bir tahliye y\u00f6ntemidir. Bu sayede; daha az malzeme, daha az yer kayb\u0131 ve daha verimli su y\u00f6netimi elde edilir.<\/p>\n<h2 data-start=\"847\" data-end=\"869\">Our Scope of Service<\/h2>\n<ul data-start=\"870\" data-end=\"1272\">\n<li data-start=\"870\" data-end=\"923\">\n<p data-start=\"872\" data-end=\"923\">Proje ihtiya\u00e7lar\u0131na uygun sifonik sistem tasar\u0131m\u0131<\/p>\n<\/li>\n<li data-start=\"924\" data-end=\"997\">\n<p data-start=\"926\" data-end=\"997\">\u00c7at\u0131 alan\u0131 ve ya\u011f\u0131\u015f rejimi analizine dayal\u0131 m\u00fchendislik hesaplamalar\u0131<\/p>\n<\/li>\n<li data-start=\"998\" data-end=\"1048\">\n<p data-start=\"1000\" data-end=\"1048\">Uluslararas\u0131 standartlara uygun ekipman se\u00e7imi<\/p>\n<\/li>\n<li data-start=\"1049\" data-end=\"1117\">\n<p data-start=\"1051\" data-end=\"1117\">Borulama, ya\u011fmur suyu ini\u015fleri ve \u00e7\u0131k\u0131\u015f noktalar\u0131n\u0131n planlanmas\u0131<\/p>\n<\/li>\n<li data-start=\"1118\" data-end=\"1166\">\n<p data-start=\"1120\" data-end=\"1166\">Profesyonel montaj ve devreye alma s\u00fcre\u00e7leri<\/p>\n<\/li>\n<li data-start=\"1167\" data-end=\"1228\">\n<p data-start=\"1169\" data-end=\"1228\">Periyodik bak\u0131m, performans testi ve sistem optimizasyonu<\/p>\n<\/li>\n<li data-start=\"1229\" data-end=\"1272\">\n<p data-start=\"1231\" data-end=\"1272\">Kullan\u0131c\u0131 e\u011fitimi ve teknik dan\u0131\u015fmanl\u0131k<\/p>\n<\/li>\n<\/ul>\n<h2 data-start=\"1279\" data-end=\"1302\">System Components<\/h2>\n<ul data-start=\"1303\" data-end=\"1797\">\n<li data-start=\"1303\" data-end=\"1398\">\n<p data-start=\"1305\" data-end=\"1398\"><strong data-start=\"1305\" data-end=\"1331\">\u00d6zel Sifonik Giri\u015fler:<\/strong> \u00c7at\u0131daki suyun kontroll\u00fc \u015fekilde boru hatt\u0131na al\u0131nmas\u0131n\u0131 sa\u011flar.<\/p>\n<\/li>\n<li data-start=\"1399\" data-end=\"1487\">\n<p data-start=\"1401\" data-end=\"1487\"><strong data-start=\"1401\" data-end=\"1428\">Yatay ve D\u00fc\u015fey Borular:<\/strong> D\u00fc\u015f\u00fck e\u011fim veya e\u011fimsiz d\u00f6\u015fenebilir, minimum yer kaplar.<\/p>\n<\/li>\n<li data-start=\"1488\" data-end=\"1583\">\n<p data-start=\"1490\" data-end=\"1583\"><strong data-start=\"1490\" data-end=\"1513\">Ta\u015f\u0131y\u0131c\u0131 Sistemler:<\/strong> Borular\u0131n g\u00fcvenli sabitlenmesi i\u00e7in \u00f6zel kelep\u00e7e ve ask\u0131 aparatlar\u0131<\/p>\n<\/li>\n<li data-start=\"1584\" data-end=\"1689\">\n<p data-start=\"1586\" data-end=\"1689\"><strong data-start=\"1586\" data-end=\"1608\">Tahliye Noktalar\u0131:<\/strong> Ya\u011fmur suyunu g\u00fcvenli \u015fekilde kanalizasyona veya depolama alan\u0131na y\u00f6nlendirir.<\/p>\n<\/li>\n<li data-start=\"1690\" data-end=\"1797\">\n<p data-start=\"1692\" data-end=\"1797\"><strong data-start=\"1692\" data-end=\"1738\">Su Depolama ve Geri Kullan\u0131m Entegrasyonu:<\/strong> Toplanan ya\u011fmur suyunun yeniden kullan\u0131m\u0131na imkan tan\u0131r.<\/p>\n<\/li>\n<\/ul>\n<h2 data-start=\"1804\" data-end=\"1820\">Advantages<\/h2>\n<ul data-start=\"1821\" data-end=\"2337\">\n<li data-start=\"1821\" data-end=\"1897\">\n<p data-start=\"1823\" data-end=\"1897\"><strong data-start=\"1823\" data-end=\"1845\">Malzeme Tasarrufu:<\/strong> Daha az boru \u00e7ap\u0131 ve daha az ini\u015f borusu ihtiyac\u0131<\/p>\n<\/li>\n<li data-start=\"1898\" data-end=\"1994\">\n<p data-start=\"1900\" data-end=\"1994\"><strong data-start=\"1900\" data-end=\"1921\">Alan Verimlili\u011fi:<\/strong> Yatay borular e\u011fimsiz d\u00f6\u015fenebilir, tavan bo\u015fluklar\u0131 verimli kullan\u0131l\u0131r<\/p>\n<\/li>\n<li data-start=\"1995\" data-end=\"2074\">\n<p data-start=\"1997\" data-end=\"2074\"><strong data-start=\"1997\" data-end=\"2015\">H\u0131zl\u0131 Tahliye:<\/strong> Y\u00fcksek ak\u0131\u015f h\u0131z\u0131 ile ani ya\u011f\u0131\u015flarda bile g\u00fcvenli tahliye<\/p>\n<\/li>\n<li data-start=\"2075\" data-end=\"2162\">\n<p data-start=\"2077\" data-end=\"2162\"><strong data-start=\"2077\" data-end=\"2104\">Estetik ve Mimari Uyum:<\/strong> Daha az g\u00f6r\u00fcn\u00fcr boru hatt\u0131 ile modern mimariye uygunluk<\/p>\n<\/li>\n<li data-start=\"2163\" data-end=\"2247\">\n<p data-start=\"2165\" data-end=\"2247\"><strong data-start=\"2165\" data-end=\"2187\">Sustainability:<\/strong> Ya\u011fmur suyunun depolanarak geri kullan\u0131m\u0131na olanak sa\u011flar<\/p>\n<\/li>\n<li data-start=\"2248\" data-end=\"2337\">\n<p data-start=\"2250\" data-end=\"2337\"><strong data-start=\"2250\" data-end=\"2271\">Maliyet Avantaj\u0131:<\/strong> Daha az malzeme, i\u015f\u00e7ilik ve montaj s\u00fcresi ile ekonomik \u00e7\u00f6z\u00fcmler<\/p>\n<\/li>\n<\/ul>\n<h2 data-start=\"2344\" data-end=\"2366\">Application Areas<\/h2>\n<ul data-start=\"2367\" data-end=\"2548\">\n<li data-start=\"2367\" data-end=\"2400\">\n<p data-start=\"2369\" data-end=\"2400\">AVM\u2019ler ve ticaret merkezleri<\/p>\n<\/li>\n<li data-start=\"2401\" data-end=\"2439\">\n<p data-start=\"2403\" data-end=\"2439\">Industrial facilities and factories<\/p>\n<\/li>\n<li data-start=\"2440\" data-end=\"2472\">\n<p data-start=\"2442\" data-end=\"2472\">Spor salonlar\u0131 ve stadyumlar<\/p>\n<\/li>\n<li data-start=\"2473\" data-end=\"2497\">\n<p data-start=\"2475\" data-end=\"2497\">Depolar ve hangarlar<\/p>\n<\/li>\n<li data-start=\"2498\" data-end=\"2521\">\n<p data-start=\"2500\" data-end=\"2521\">B\u00fcy\u00fck ofis binalar\u0131<\/p>\n<\/li>\n<li data-start=\"2522\" data-end=\"2548\">\n<p data-start=\"2524\" data-end=\"2548\">Modern konut projeleri<\/p>\n<\/li>\n<\/ul>\n<h2 data-start=\"2555\" data-end=\"2582\">Installation and Commissioning<\/h2>\n<ul data-start=\"2583\" data-end=\"2802\">\n<li data-start=\"2583\" data-end=\"2616\">\n<p data-start=\"2585\" data-end=\"2616\">Saha ke\u015ffi ve ihtiya\u00e7 analizi<\/p>\n<\/li>\n<li data-start=\"2617\" data-end=\"2672\">\n<p data-start=\"2619\" data-end=\"2672\">M\u00fchendislik hesaplamalar\u0131 ile do\u011fru sistem tasar\u0131m\u0131<\/p>\n<\/li>\n<li data-start=\"2673\" data-end=\"2722\">\n<p data-start=\"2675\" data-end=\"2722\">Deneyimli ekiplerle standartlara uygun montaj<\/p>\n<\/li>\n<li data-start=\"2723\" data-end=\"2762\">\n<p data-start=\"2725\" data-end=\"2762\">S\u0131zd\u0131rmazl\u0131k ve performans testleri<\/p>\n<\/li>\n<li data-start=\"2763\" data-end=\"2802\">\n<p data-start=\"2765\" data-end=\"2802\">Kullan\u0131c\u0131ya e\u011fitim ve teslim s\u00fcreci<\/p>\n<\/li>\n<\/ul>\n<h2 data-start=\"2809\" data-end=\"2843\">Bak\u0131m ve Periyodik Kontroller<\/h2>\n<ul data-start=\"2844\" data-end=\"3066\">\n<li data-start=\"2844\" data-end=\"2888\">\n<p data-start=\"2846\" data-end=\"2888\">Sifonik giri\u015flerin temizli\u011fi ve kontrol\u00fc<\/p>\n<\/li>\n<li data-start=\"2889\" data-end=\"2950\">\n<p data-start=\"2891\" data-end=\"2950\">Boru hatt\u0131 ve ba\u011flant\u0131 ekipmanlar\u0131n\u0131n d\u00fczenli incelenmesi<\/p>\n<\/li>\n<li data-start=\"2951\" data-end=\"3010\">\n<p data-start=\"2953\" data-end=\"3010\">Performans \u00f6l\u00e7\u00fcm\u00fc ve sistem verimlili\u011finin raporlanmas\u0131<\/p>\n<\/li>\n<li data-start=\"3011\" data-end=\"3066\">\n<p data-start=\"3013\" data-end=\"3066\">Gerekli durumlarda h\u0131zl\u0131 m\u00fcdahale ve par\u00e7a de\u011fi\u015fimi<\/p>\n<\/li>\n<\/ul>\n<h2 data-start=\"3073\" data-end=\"3092\">Why Inntech?<\/h2>\n<p data-start=\"3093\" data-end=\"3182\">Inntech, sifonik sistem \u00e7\u00f6z\u00fcmlerinde uzman m\u00fchendis kadrosu ve yenilik\u00e7i yakla\u015f\u0131m\u0131 ile:<\/p>\n<ul data-start=\"3183\" data-end=\"3420\">\n<li data-start=\"3183\" data-end=\"3247\">\n<p data-start=\"3185\" data-end=\"3247\">Uluslararas\u0131 standartlara uygun, uzun \u00f6m\u00fcrl\u00fc sistemler kurar<\/p>\n<\/li>\n<li data-start=\"3248\" data-end=\"3296\">\n<p data-start=\"3250\" data-end=\"3296\">Projeye \u00f6zel m\u00fchendislik hesaplamalar\u0131 yapar<\/p>\n<\/li>\n<li data-start=\"3297\" data-end=\"3358\">\n<p data-start=\"3299\" data-end=\"3358\">Hem yat\u0131r\u0131m hem de i\u015fletme maliyetlerinde tasarruf sa\u011flar<\/p>\n<\/li>\n<li data-start=\"3359\" data-end=\"3420\">\n<p data-start=\"3361\" data-end=\"3420\">Teslim sonras\u0131 bak\u0131m ve destek hizmetleri ile g\u00fcven verir<\/p>\n<\/li>\n<\/ul>\n<p data-start=\"3427\" data-end=\"3635\"><strong data-start=\"3427\" data-end=\"3463\">Inntech sifonik sistem \u00e7\u00f6z\u00fcmleri<\/strong> ile projelerinizde ya\u011fmur suyu tahliyesini en verimli, g\u00fcvenli ve s\u00fcrd\u00fcr\u00fclebilir \u015fekilde y\u00f6netebilirsiniz. Detayl\u0131 bilgi ve teklif i\u00e7in bizimle ileti\u015fime ge\u00e7ebilirsiniz.<\/p>\n<\/div><\/div><\/div><\/div><\/div><\/div><\/div><\/section>","protected":false},"excerpt":{"rendered":"Modern yap\u0131 projelerinde ya\u011fmur suyu tahliyesi, hem bina g\u00fcvenli\u011fi hem de s\u00fcrd\u00fcr\u00fclebilirlik a\u00e7\u0131s\u0131ndan kritik bir unsurdur. Geleneksel y\u00f6ntemlere k\u0131yasla \u00e7ok daha verimli \u00e7\u00f6z\u00fcmler sunan sifonik sistemler, b\u00fcy\u00fck \u00e7at\u0131 y\u00fczeylerinden ya\u011fmur suyunu h\u0131zl\u0131, g\u00fcvenli ve ekonomik \u015fekilde tahliye etmeyi sa\u011flar. Inntech olarak, uluslararas\u0131 standartlara uygun sifonik sistemlerin tasar\u0131m\u0131, montaj\u0131 ve bak\u0131m\u0131nda profesyonel m\u00fchendislik \u00e7\u00f6z\u00fcmleri sunuyoruz. Sifonik...","protected":false},"author":1,"featured_media":731,"parent":239,"menu_order":0,"comment_status":"closed","ping_status":"closed","template":"","meta":{"footnotes":""},"class_list":["post-862","page","type-page","status-publish","has-post-thumbnail","hentry"],"yoast_head":"<!-- This site is optimized with the Yoast SEO plugin v27.5 - https:\/\/yoast.com\/product\/yoast-seo-wordpress\/ -->\n<title>Sifonik Sistem - Inntech M\u00fchendislik<\/title>\n<meta name=\"robots\" content=\"index, follow, max-snippet:-1, max-image-preview:large, max-video-preview:-1\" \/>\n<link rel=\"canonical\" href=\"https:\/\/www.inntech.com.tr\/en\/mekanik\/sifonik-sistem\/\" \/>\n<meta property=\"og:locale\" content=\"en_US\" \/>\n<meta property=\"og:type\" content=\"article\" \/>\n<meta property=\"og:title\" content=\"Sifonik Sistem - Inntech M\u00fchendislik\" \/>\n<meta property=\"og:url\" content=\"https:\/\/www.inntech.com.tr\/en\/mekanik\/sifonik-sistem\/\" \/>\n<meta property=\"og:site_name\" content=\"Inntech M\u00fchendislik\" \/>\n<meta property=\"og:image\" content=\"https:\/\/www.inntech.com.tr\/wp-content\/uploads\/2025\/08\/Sifonlama-sistemi_inntech.webp\" \/>\n\t<meta property=\"og:image:width\" content=\"2000\" \/>\n\t<meta property=\"og:image:height\" content=\"850\" \/>\n\t<meta property=\"og:image:type\" content=\"image\/webp\" \/>\n<meta name=\"twitter:card\" content=\"summary_large_image\" \/>\n<meta name=\"twitter:label1\" content=\"Est. reading time\" \/>\n\t<meta name=\"twitter:data1\" content=\"3 minutes\" \/>\n<script type=\"application\/ld+json\" class=\"yoast-schema-graph\">{\"@context\":\"https:\\\/\\\/schema.org\",\"@graph\":[{\"@type\":\"WebPage\",\"@id\":\"https:\\\/\\\/www.inntech.com.tr\\\/mekanik\\\/sifonik-sistem\\\/\",\"url\":\"https:\\\/\\\/www.inntech.com.tr\\\/mekanik\\\/sifonik-sistem\\\/\",\"name\":\"Sifonik Sistem - Inntech M\u00fchendislik\",\"isPartOf\":{\"@id\":\"https:\\\/\\\/www.inntech.com.tr\\\/#website\"},\"primaryImageOfPage\":{\"@id\":\"https:\\\/\\\/www.inntech.com.tr\\\/mekanik\\\/sifonik-sistem\\\/#primaryimage\"},\"image\":{\"@id\":\"https:\\\/\\\/www.inntech.com.tr\\\/mekanik\\\/sifonik-sistem\\\/#primaryimage\"},\"thumbnailUrl\":\"https:\\\/\\\/www.inntech.com.tr\\\/wp-content\\\/uploads\\\/2025\\\/08\\\/Sifonlama-sistemi_inntech.webp\",\"datePublished\":\"2025-09-03T13:39:35+00:00\",\"breadcrumb\":{\"@id\":\"https:\\\/\\\/www.inntech.com.tr\\\/mekanik\\\/sifonik-sistem\\\/#breadcrumb\"},\"inLanguage\":\"en-US\",\"potentialAction\":[{\"@type\":\"ReadAction\",\"target\":[\"https:\\\/\\\/www.inntech.com.tr\\\/mekanik\\\/sifonik-sistem\\\/\"]}]},{\"@type\":\"ImageObject\",\"inLanguage\":\"en-US\",\"@id\":\"https:\\\/\\\/www.inntech.com.tr\\\/mekanik\\\/sifonik-sistem\\\/#primaryimage\",\"url\":\"https:\\\/\\\/www.inntech.com.tr\\\/wp-content\\\/uploads\\\/2025\\\/08\\\/Sifonlama-sistemi_inntech.webp\",\"contentUrl\":\"https:\\\/\\\/www.inntech.com.tr\\\/wp-content\\\/uploads\\\/2025\\\/08\\\/Sifonlama-sistemi_inntech.webp\",\"width\":2000,\"height\":850},{\"@type\":\"BreadcrumbList\",\"@id\":\"https:\\\/\\\/www.inntech.com.tr\\\/mekanik\\\/sifonik-sistem\\\/#breadcrumb\",\"itemListElement\":[{\"@type\":\"ListItem\",\"position\":1,\"name\":\"Anasayfa\",\"item\":\"https:\\\/\\\/www.inntech.com.tr\\\/\"},{\"@type\":\"ListItem\",\"position\":2,\"name\":\"Mekanik Tesisat\",\"item\":\"https:\\\/\\\/www.inntech.com.tr\\\/mekanik\\\/\"},{\"@type\":\"ListItem\",\"position\":3,\"name\":\"Sifonik Sistem\"}]},{\"@type\":\"WebSite\",\"@id\":\"https:\\\/\\\/www.inntech.com.tr\\\/#website\",\"url\":\"https:\\\/\\\/www.inntech.com.tr\\\/\",\"name\":\"Inntech M\u00fchendislik\",\"description\":\"\",\"potentialAction\":[{\"@type\":\"SearchAction\",\"target\":{\"@type\":\"EntryPoint\",\"urlTemplate\":\"https:\\\/\\\/www.inntech.com.tr\\\/?s={search_term_string}\"},\"query-input\":{\"@type\":\"PropertyValueSpecification\",\"valueRequired\":true,\"valueName\":\"search_term_string\"}}],\"inLanguage\":\"en-US\"}]}<\/script>\n<!-- \/ Yoast SEO plugin. -->","yoast_head_json":{"title":"Sifonik Sistem - Inntech M\u00fchendislik","robots":{"index":"index","follow":"follow","max-snippet":"max-snippet:-1","max-image-preview":"max-image-preview:large","max-video-preview":"max-video-preview:-1"},"canonical":"https:\/\/www.inntech.com.tr\/en\/mekanik\/sifonik-sistem\/","og_locale":"en_US","og_type":"article","og_title":"Sifonik Sistem - Inntech M\u00fchendislik","og_url":"https:\/\/www.inntech.com.tr\/en\/mekanik\/sifonik-sistem\/","og_site_name":"Inntech M\u00fchendislik","og_image":[{"width":2000,"height":850,"url":"https:\/\/www.inntech.com.tr\/wp-content\/uploads\/2025\/08\/Sifonlama-sistemi_inntech.webp","type":"image\/webp"}],"twitter_card":"summary_large_image","twitter_misc":{"Est. reading time":"3 minutes"},"schema":{"@context":"https:\/\/schema.org","@graph":[{"@type":"WebPage","@id":"https:\/\/www.inntech.com.tr\/mekanik\/sifonik-sistem\/","url":"https:\/\/www.inntech.com.tr\/mekanik\/sifonik-sistem\/","name":"Sifonik Sistem - Inntech M\u00fchendislik","isPartOf":{"@id":"https:\/\/www.inntech.com.tr\/#website"},"primaryImageOfPage":{"@id":"https:\/\/www.inntech.com.tr\/mekanik\/sifonik-sistem\/#primaryimage"},"image":{"@id":"https:\/\/www.inntech.com.tr\/mekanik\/sifonik-sistem\/#primaryimage"},"thumbnailUrl":"https:\/\/www.inntech.com.tr\/wp-content\/uploads\/2025\/08\/Sifonlama-sistemi_inntech.webp","datePublished":"2025-09-03T13:39:35+00:00","breadcrumb":{"@id":"https:\/\/www.inntech.com.tr\/mekanik\/sifonik-sistem\/#breadcrumb"},"inLanguage":"en-US","potentialAction":[{"@type":"ReadAction","target":["https:\/\/www.inntech.com.tr\/mekanik\/sifonik-sistem\/"]}]},{"@type":"ImageObject","inLanguage":"en-US","@id":"https:\/\/www.inntech.com.tr\/mekanik\/sifonik-sistem\/#primaryimage","url":"https:\/\/www.inntech.com.tr\/wp-content\/uploads\/2025\/08\/Sifonlama-sistemi_inntech.webp","contentUrl":"https:\/\/www.inntech.com.tr\/wp-content\/uploads\/2025\/08\/Sifonlama-sistemi_inntech.webp","width":2000,"height":850},{"@type":"BreadcrumbList","@id":"https:\/\/www.inntech.com.tr\/mekanik\/sifonik-sistem\/#breadcrumb","itemListElement":[{"@type":"ListItem","position":1,"name":"Anasayfa","item":"https:\/\/www.inntech.com.tr\/"},{"@type":"ListItem","position":2,"name":"Mekanik Tesisat","item":"https:\/\/www.inntech.com.tr\/mekanik\/"},{"@type":"ListItem","position":3,"name":"Sifonik Sistem"}]},{"@type":"WebSite","@id":"https:\/\/www.inntech.com.tr\/#website","url":"https:\/\/www.inntech.com.tr\/","name":"Inntech M\u00fchendislik","description":"","potentialAction":[{"@type":"SearchAction","target":{"@type":"EntryPoint","urlTemplate":"https:\/\/www.inntech.com.tr\/?s={search_term_string}"},"query-input":{"@type":"PropertyValueSpecification","valueRequired":true,"valueName":"search_term_string"}}],"inLanguage":"en-US"}]}},"_links":{"self":[{"href":"https:\/\/www.inntech.com.tr\/en\/wp-json\/wp\/v2\/pages\/862","targetHints":{"allow":["GET"]}}],"collection":[{"href":"https:\/\/www.inntech.com.tr\/en\/wp-json\/wp\/v2\/pages"}],"about":[{"href":"https:\/\/www.inntech.com.tr\/en\/wp-json\/wp\/v2\/types\/page"}],"author":[{"embeddable":true,"href":"https:\/\/www.inntech.com.tr\/en\/wp-json\/wp\/v2\/users\/1"}],"replies":[{"embeddable":true,"href":"https:\/\/www.inntech.com.tr\/en\/wp-json\/wp\/v2\/comments?post=862"}],"version-history":[{"count":1,"href":"https:\/\/www.inntech.com.tr\/en\/wp-json\/wp\/v2\/pages\/862\/revisions"}],"predecessor-version":[{"id":863,"href":"https:\/\/www.inntech.com.tr\/en\/wp-json\/wp\/v2\/pages\/862\/revisions\/863"}],"up":[{"embeddable":true,"href":"https:\/\/www.inntech.com.tr\/en\/wp-json\/wp\/v2\/pages\/239"}],"wp:featuredmedia":[{"embeddable":true,"href":"https:\/\/www.inntech.com.tr\/en\/wp-json\/wp\/v2\/media\/731"}],"wp:attachment":[{"href":"https:\/\/www.inntech.com.tr\/en\/wp-json\/wp\/v2\/media?parent=862"}],"curies":[{"name":"wp","href":"https:\/\/api.w.org\/{rel}","templated":true}]}}